{"id":2113,"date":"2011-01-24T16:56:36","date_gmt":"2011-01-24T16:56:36","guid":{"rendered":""},"modified":"2016-08-09T20:36:11","modified_gmt":"2016-08-09T20:36:11","slug":"rights-hiring-hall-private","status":"publish","type":"page","link":"https:\/\/www.nrtw.org\/es\/rights-hiring-hall-private\/","title":{"rendered":"\u00bfCu\u00e1les son mis derechos si tengo que obtener trabajo a trav\u00e9s de un centro sindical de contrataci\u00f3n?"},"content":{"rendered":"<p><a href=\"\/rights-hiring-hall-private\">[In English]<\/a><\/p>\n<p>\nSi tiene que usar un centro sindical de contrataci\u00f3n para conseguir un trabajo con un empleador, es probable que este empleador tenga un convenio \u00abexclusivo\u00bb de centro de contrataci\u00f3n con el sindicato. Un arreglo \u00abexclusivo\u00bb de centro de contrataci\u00f3n significa que el empleador ha convenido en contratar \u00fanicamente a los empleados recomendados por el centro sindical de contrataci\u00f3n.\n<\/p>\n<p>\nA usted no se le puede obligar a afiliarse a un sindicato para obtener un trabajo a trav\u00e9s de un centro de contrataci\u00f3n exclusivo. Seg\u00fan la Ley Nacional de Relaciones del Trabajo, los empleados tienen el derecho legal a no ser miembros de un sindicato. M\u00e1s a\u00fan, un centro sindical de contrataci\u00f3n exclusivo no puede discriminar contra los empleados debido a no estar afiliados al sindicato, y debe aplicar las mismas normas no discriminatorias por igual a los miembros y a los no miembros del sindicato que buscan trabajo a trav\u00e9s del centro de contrataci\u00f3n. No obstante, los sindicatos discriminan algunas veces contra los que no son miembros en la operaci\u00f3n de los centros de contrataci\u00f3n, y si esa discriminaci\u00f3n ha sido contra usted, <a href=\"\/es\/free-legal-aid\">cont\u00e1ctenos<\/a> para solicitar ayuda jur\u00eddica.\n<\/p>\n<p>\nSi quienes no son miembros pueden ser forzados a pagar dinero a un sindicato para obtener trabajo a trav\u00e9s de un centro de contrataci\u00f3n exclusivo depende si usted se encuentra en un estado con Derecho al Trabajo. Si no est\u00e1 seguro si se encuentra en un estado con Derecho al Trabajo, haga <a href=\"\/es\/right-to-work-states\">clic aqu\u00ed<\/a>.\n<\/p>\n<p>\nSi busca trabajo en un estado que no es un estado con Derecho al Trabajo, se le puede obligar a pagar cuotas para obtener empleo a trav\u00e9s de un centro sindical exclusivo aunque no sea miembro. Sin embargo, lo m\u00e1s que se les puede requerir a quienes no son miembros es que paguen una cuota por usar un centro de contrataci\u00f3n exclusivo, que es igual a su participaci\u00f3n de lo que el sindicato pueda comprobar que son sus costos de operar el centro de contrataci\u00f3n. Si obtiene un trabajo a trav\u00e9s de un centro de contrataci\u00f3n exclusivo y no es miembro, es posible que despu\u00e9s de estar treinta d\u00edas en el empleo se le requiera pagar la porci\u00f3n de las cuotas sindicales que se utilizan para la negociaci\u00f3n colectiva, administraci\u00f3n del contrato y ajuste de agravios. Haga <a href=\"\/es\/object-nonbargaining-private\">clic aqu\u00ed<\/a> para obtener mayor informaci\u00f3n acerca de su derecho a pagar cuotas reducidas en un estado con Derecho al Trabajo y c\u00f3mo ejercer ese derecho legal.\n<\/p>\n<p>\nSi se encuentra en un estado con Derecho al Trabajo, la cuesti\u00f3n de si se le puede forzar a pagar cuotas sindicales obligatorias para obtener empleo a trav\u00e9s de un centro sindical de contrataci\u00f3n exclusivo sin ser miembro es un tema controvertido y complicado de la ley. Si no es miembro y se le obliga a pagar cuotas sindicales del centro de contrataci\u00f3n en un estado con Derecho al Trabajo, puede <a href=\"\/es\/free-legal-aid\">ponerse en contacto con nosotros<\/a> si quiere tener m\u00e1s informaci\u00f3n acerca de sus derechos legales y opciones<\/p>\n<hr \/>\n<p>Si desea <b>enterarse m\u00e1s acerca de sus derechos legales<\/b> como empleado en el sector privado, haga clic en la pregunta apropiada de las siguientes:<\/p>\n<ul>\n<li>\n\t<a href=\"\/es\/can-resign-rtw-private\">Si trabajo en un estado con Derecho al Trabajo, \u00bfpuedo renunciar a mi membres\u00eda en el sindicato y suspender que sigan cobr\u00e1ndose cuotas de mi salario?<\/a><\/li>\n<li>\n\t<a href=\"\/es\/required-join-pay-private\">\u00bfMe pueden obligar a hacerme miembro del sindicato o a pagarle cuotas?<\/a><\/li>\n<li>\n\t<a href=\"\/es\/how-resign-private\">\u00bfC\u00f3mo puedo renunciar a mi membres\u00eda en el sindicato?<\/a><\/li>\n<li>\n\t<a href=\"\/es\/object-nonbargaining-private\">\u00bfC\u00f3mo puedo evitar que mis cuotas se usen para actividades pol\u00edticas y otras no relacionadas con la negociaci\u00f3n?<\/a><\/li>\n<li>\n\t<a href=\"\/es\/religious-objection\">\u00bfQu\u00e9 pasa si tengo objeciones religiosas para unirme al sindicato o para apoyarlo econ\u00f3micamente?<\/a> <\/li>\n<li>\n\t<a href=\"\/es\/victim-union-violencei\">\u00bfQu\u00e9 hago si soy v\u00edctima de la violencia sindical?<\/a><\/li>\n<li>\n\t<a href=\"\/es\/work-during-strike-private\">\u00bfQu\u00e9 pasa si quiero trabajar mientras hay una huelga?<\/a><\/li>\n<li>\n\t<a href=\"\/es\/file-charges-private\">Si creo que mis derechos han sido violados por abusos del sindicalismo forzoso, \u00bfpuedo presentar mis propios cargos de pr\u00e1cticas laborales injustas en contra del sindicato o empleador ante la Junta Nacional de Relaciones del Trabajo?<\/a>\n\t<\/li>\n<\/ul>\n<p><\/p>","protected":false},"excerpt":{"rendered":"<p>\nIf you must use a union hiring hall to obtain work with an employer, it is likely that the employer has an &quot;exclusive&quot; hiring hall agreement with the union.  An &quot;exclusive&quot; hiring hall arrangement means that the employer has agreed to hire only employees referred from a union hiring hall.<\/p>\n","protected":false},"author":1,"featured_media":0,"parent":0,"menu_order":0,"comment_status":"open","ping_status":"open","template":"","meta":{"_lmt_disableupdate":"","_lmt_disable":"","footnotes":""},"class_list":["post-2113","page","type-page","status-publish","hentry"],"yoast_head":"<!-- This site is optimized with the Yoast SEO plugin v27.4 - https:\/\/yoast.com\/product\/yoast-seo-wordpress\/ -->\n<title>What are my rights if I must obtain work through a union hiring hall? (Private Sector Employee)\u00bfCu\u00e1les son mis derechos si tengo que obtener trabajo a trav\u00e9s de un centro sindical de contrataci\u00f3n? - National Right to Work Foundation<\/title>\n<meta name=\"robots\" content=\"index, follow, max-snippet:-1, max-image-preview:large, max-video-preview:-1\" \/>\n<link rel=\"canonical\" href=\"https:\/\/www.nrtw.org\/rights-hiring-hall-private\/\" \/>\n<meta property=\"og:locale\" content=\"es_ES\" \/>\n<meta property=\"og:type\" content=\"article\" \/>\n<meta property=\"og:title\" content=\"What are my rights if I must obtain work through a union hiring hall? (Private Sector Employee)\u00bfCu\u00e1les son mis derechos si tengo que obtener trabajo a trav\u00e9s de un centro sindical de contrataci\u00f3n? - National Right to Work Foundation\" \/>\n<meta property=\"og:description\" content=\"If you must use a union hiring hall to obtain work with an employer, it is likely that the employer has an &quot;exclusive&quot; hiring hall agreement with the union. An &quot;exclusive&quot; hiring hall arrangement means that the employer has agreed to hire only employees referred from a union hiring hall.  If you must use a union hiring hall to obtain work with an employer, it is likely that the employer has an &quot;exclusive&quot; hiring hall agreement with the union. An &quot;exclusive&quot; hiring hall arrangement means that the employer has agreed to hire only employees referred from a union hiring hall.\" \/>\n<meta property=\"og:url\" content=\"https:\/\/www.nrtw.org\/rights-hiring-hall-private\/\" \/>\n<meta property=\"og:site_name\" content=\"National Right to Work Foundation\" \/>\n<meta property=\"article:modified_time\" content=\"2016-08-09T20:36:11+00:00\" \/>\n<meta name=\"twitter:card\" content=\"summary_large_image\" \/>\n<meta name=\"twitter:label1\" content=\"Tiempo de lectura\" \/>\n\t<meta name=\"twitter:data1\" content=\"6 minutos\" \/>\n<script type=\"application\/ld+json\" class=\"yoast-schema-graph\">{\"@context\":\"https:\\\/\\\/schema.org\",\"@graph\":[{\"@type\":\"WebPage\",\"@id\":\"https:\\\/\\\/www.nrtw.org\\\/rights-hiring-hall-private\\\/\",\"url\":\"https:\\\/\\\/www.nrtw.org\\\/rights-hiring-hall-private\\\/\",\"name\":\"What are my rights if I must obtain work through a union hiring hall? (Private Sector Employee)\u00bfCu\u00e1les son mis derechos si tengo que obtener trabajo a trav\u00e9s de un centro sindical de contrataci\u00f3n? - National Right to Work Foundation\",\"isPartOf\":{\"@id\":\"https:\\\/\\\/www.nrtw.org\\\/#website\"},\"datePublished\":\"2011-01-24T16:56:36+00:00\",\"dateModified\":\"2016-08-09T20:36:11+00:00\",\"inLanguage\":\"es\",\"potentialAction\":[{\"@type\":\"ReadAction\",\"target\":[\"https:\\\/\\\/www.nrtw.org\\\/rights-hiring-hall-private\\\/\"]}]},{\"@type\":\"WebSite\",\"@id\":\"https:\\\/\\\/www.nrtw.org\\\/#website\",\"url\":\"https:\\\/\\\/www.nrtw.org\\\/\",\"name\":\"National Right to Work Foundation\",\"description\":\"\",\"potentialAction\":[{\"@type\":\"SearchAction\",\"target\":{\"@type\":\"EntryPoint\",\"urlTemplate\":\"https:\\\/\\\/www.nrtw.org\\\/?s={search_term_string}\"},\"query-input\":{\"@type\":\"PropertyValueSpecification\",\"valueRequired\":true,\"valueName\":\"search_term_string\"}}],\"inLanguage\":\"es\"}]}<\/script>\n<!-- \/ Yoast SEO plugin. -->","yoast_head_json":{"title":"What are my rights if I must obtain work through a union hiring hall? (Private Sector Employee)\u00bfCu\u00e1les son mis derechos si tengo que obtener trabajo a trav\u00e9s de un centro sindical de contrataci\u00f3n? - National Right to Work Foundation","robots":{"index":"index","follow":"follow","max-snippet":"max-snippet:-1","max-image-preview":"max-image-preview:large","max-video-preview":"max-video-preview:-1"},"canonical":"https:\/\/www.nrtw.org\/rights-hiring-hall-private\/","og_locale":"es_ES","og_type":"article","og_title":"What are my rights if I must obtain work through a union hiring hall? (Private Sector Employee)\u00bfCu\u00e1les son mis derechos si tengo que obtener trabajo a trav\u00e9s de un centro sindical de contrataci\u00f3n? - National Right to Work Foundation","og_description":"If you must use a union hiring hall to obtain work with an employer, it is likely that the employer has an &quot;exclusive&quot; hiring hall agreement with the union. An &quot;exclusive&quot; hiring hall arrangement means that the employer has agreed to hire only employees referred from a union hiring hall.  If you must use a union hiring hall to obtain work with an employer, it is likely that the employer has an &quot;exclusive&quot; hiring hall agreement with the union. An &quot;exclusive&quot; hiring hall arrangement means that the employer has agreed to hire only employees referred from a union hiring hall.","og_url":"https:\/\/www.nrtw.org\/rights-hiring-hall-private\/","og_site_name":"National Right to Work Foundation","article_modified_time":"2016-08-09T20:36:11+00:00","twitter_card":"summary_large_image","twitter_misc":{"Tiempo de lectura":"6 minutos"},"schema":{"@context":"https:\/\/schema.org","@graph":[{"@type":"WebPage","@id":"https:\/\/www.nrtw.org\/rights-hiring-hall-private\/","url":"https:\/\/www.nrtw.org\/rights-hiring-hall-private\/","name":"What are my rights if I must obtain work through a union hiring hall? (Private Sector Employee)\u00bfCu\u00e1les son mis derechos si tengo que obtener trabajo a trav\u00e9s de un centro sindical de contrataci\u00f3n? - National Right to Work Foundation","isPartOf":{"@id":"https:\/\/www.nrtw.org\/#website"},"datePublished":"2011-01-24T16:56:36+00:00","dateModified":"2016-08-09T20:36:11+00:00","inLanguage":"es","potentialAction":[{"@type":"ReadAction","target":["https:\/\/www.nrtw.org\/rights-hiring-hall-private\/"]}]},{"@type":"WebSite","@id":"https:\/\/www.nrtw.org\/#website","url":"https:\/\/www.nrtw.org\/","name":"National Right to Work Foundation","description":"","potentialAction":[{"@type":"SearchAction","target":{"@type":"EntryPoint","urlTemplate":"https:\/\/www.nrtw.org\/?s={search_term_string}"},"query-input":{"@type":"PropertyValueSpecification","valueRequired":true,"valueName":"search_term_string"}}],"inLanguage":"es"}]}},"_links":{"self":[{"href":"https:\/\/www.nrtw.org\/es\/wp-json\/wp\/v2\/pages\/2113","targetHints":{"allow":["GET"]}}],"collection":[{"href":"https:\/\/www.nrtw.org\/es\/wp-json\/wp\/v2\/pages"}],"about":[{"href":"https:\/\/www.nrtw.org\/es\/wp-json\/wp\/v2\/types\/page"}],"author":[{"embeddable":true,"href":"https:\/\/www.nrtw.org\/es\/wp-json\/wp\/v2\/users\/1"}],"replies":[{"embeddable":true,"href":"https:\/\/www.nrtw.org\/es\/wp-json\/wp\/v2\/comments?post=2113"}],"version-history":[{"count":11,"href":"https:\/\/www.nrtw.org\/es\/wp-json\/wp\/v2\/pages\/2113\/revisions"}],"predecessor-version":[{"id":7016,"href":"https:\/\/www.nrtw.org\/es\/wp-json\/wp\/v2\/pages\/2113\/revisions\/7016"}],"wp:attachment":[{"href":"https:\/\/www.nrtw.org\/es\/wp-json\/wp\/v2\/media?parent=2113"}],"curies":[{"name":"wp","href":"https:\/\/api.w.org\/{rel}","templated":true}]}}