{"id":2104,"date":"2009-05-07T17:19:53","date_gmt":"2009-05-07T17:19:53","guid":{"rendered":""},"modified":"2016-11-04T20:12:52","modified_gmt":"2016-11-04T20:12:52","slug":"me-pueden-obligar-a-hacerme-miembro-del-sindicato-o-a-pagarle-cuotas-3","status":"publish","type":"page","link":"https:\/\/www.nrtw.org\/es\/me-pueden-obligar-a-hacerme-miembro-del-sindicato-o-a-pagarle-cuotas-3\/","title":{"rendered":"\u00bfMe pueden obligar a hacerme miembro del sindicato o a pagarle cuotas?"},"content":{"rendered":"<p><\/p>\n<p>\n<b>Pregunta:<\/b> <i> \u00bfMe pueden obligar a hacerme miembro del sindicato o a pagarle cuotas?<\/i>\n<\/p>\n<p>\n<b>Respuesta:<\/b> <i>No se le puede obligar a ser miembro del sindicato en ning\u00fan estado.<\/i>\n<\/p>\n<p>\nSi no es miembro, a\u00fan queda amparado por el convenio de negociaci\u00f3n colectiva que se ha acordado entre su empleador y el sindicato, y el sindicato est\u00e1 obligado a representarlo.  Cualquier prestaci\u00f3n que se le otorgue por medio de su empleador seg\u00fan el convenio de negociaci\u00f3n colectiva (por ejemplo, salario, antig\u00fcedad, vacaciones, pensiones, seguro m\u00e9dico) no est\u00e1 afectada por el hecho de que no sea miembro del sindicato. (Si el sindicato ofrece algunas prestaciones &quot;\u00fanicamente para miembros&quot;, es posible que se le excluya de recibir las mismas.)\n<\/p>\n<p>\nSi no es miembro, es posible que no pueda participar en las elecciones ni en las juntas del sindicato, votar en elecciones para la ratificaci\u00f3n de la negociaci\u00f3n colectiva o participar en actividades &quot;internas&quot;del sindicato.  Sin embargo, el sindicato no lo puede disciplinar por cualquier cosa que haga mientras no es miembro del sindicato.\n<\/p>\n<p>\nAlgunos estados han aprobado leyes que requieren o autorizan a los empleadores p\u00fablicos y a los sindicatos a negociar acuerdos, los cuales les exigen a todos los educadores a hacerse miembros del sindicato o a pagar el equivalente de cuotas sindicales como una condici\u00f3n de empleo.\n<\/p>\n<p>\nSin embargo, como resultado de <a href=\"http:\/\/caselaw.findlaw.com\/cgi-bin\/getcase.pl?court=US&amp;vol=431&amp;invol=209\"><i>Abood v. Detroit Board of Education<\/i>, 431 U.S. 209 (1977)<\/a>, una demanda apoyada por la Fundaci\u00f3n, no se les puede requerir a los educadores que paguen m\u00e1s que una cuota sindical (t\u00edpicamente llamada &quot;comisi\u00f3n de agencia&quot;) igual a la que es su parte de lo que el sindicato pueda comprobar que son los gastos para la negociaci\u00f3n colectiva, la administraci\u00f3n del contrato y el ajuste de agravios.\n<\/p>\n<p>\nExcepto en casos extraordinarios, los costos del sindicato para la negociaci\u00f3n colectiva, la administraci\u00f3n del contrato y el ajuste de agravios no equivalen a la cantidad de las cuotas.\n<\/p>\n<p>\nTiene el derecho de objetar y obtener una reducci\u00f3n a sus pagos forzosos para que no incluyan la parte de las cuotas que se usen para prop\u00f3sitos distintos a las negociaciones colectivas y a la administraci\u00f3n del contrato.\n<\/p>\n<p>\nEl empleador y el sindicato deben establecer ciertos procedimientos para salvaguardar su derecho a pagar solamente una cuota limitada al sindicato. Estas salvaguardas incluyen darle:\n<\/p>\n<ul type=\"disc\">\n<li>informaci\u00f3n financiera auditada acerca de c\u00f3mo se calcul\u00f3 la cantidad de la comisi\u00f3n de agencia;<\/li>\n<li>la oportunidad de cuestionar la cantidad de la comisi\u00f3n de agencia ante una persona responsable de tomar decisiones imparcial; y,<\/li>\n<li>el derecho a poner la cantidad cuestionada de la comisi\u00f3n de gesti\u00f3n en una cuenta de reserva para que el sindicato no puede usar su dinero de manera il\u00edcita mientras la decisi\u00f3n sobre la cantidad adecuada de la comisi\u00f3n de gesti\u00f3n est\u00e9 pendiente. <\/li>\n<\/ul>\n<p>\nSu derecho a salvaguardas adecuadas est\u00e1 fundada en <a href=\"http:\/\/caselaw.findlaw.com\/cgi-bin\/getcase.pl?court=US&amp;vol=475&amp;invol=292\"><i>Chicago Teachers Union v. Hudson,<\/i> 475 U.S. 292 (1986)<\/a>, otra demanda apoyada por la Fundaci\u00f3n.\n<\/p>\n<p>\n<b><a title=\"RTWstate\" name=\"RTWstate\"><\/a>Si trabaja en <a href=\"\/es\/estados-con-derecho-al-trabajo\">un estado con Derecho al Trabajo<\/a><\/b>, no solamente tiene el derecho de abstenerse de unirse al sindicato, sino que no se le puede obligar a pagarle nada al sindicato salvo que decida unirse al sindicato.\n<\/p>\n<p>\n<a href=\"\/es\/estados-con-derecho-al-trabajo\">Haga clic aqu\u00ed<\/a> si desea ver una lista de los 25 estados con Derecho al Trabajo.\n<\/p>\n<hr \/>\n<p>\nSi desea <b>enterarse m\u00e1s acerca de sus derechos legales<\/b> como maestro de escuela p\u00fablica o como profesor universitario, haga clic en la pregunta apropiada de las siguientes:\n<\/p>\n<ul type=\"disc\">\n<li>\u00bfMe pueden obligar a hacerme miembro del sindicato o a pagarle cuotas?<\/li>\n<li><a href=\"\/es\/how-can-i-resign-my-union-membership-5\">\u00bfC\u00f3mo puedo renunciar a mi membres\u00eda en el sindicato?<\/a><\/li>\n<li><a href=\"\/es\/how-do-i-cut-off-the-use-of-my-dues-for-politics-and-other-nonbargaining-activities-8\">\u00bfC\u00f3mo puedo evitar que se usen mis cuotas para actividades pol\u00edticas y otras actividades no relacionadas con la negociaci\u00f3n?<\/a> <\/li>\n<li><a href=\"\/es\/gu-para-empleados-sobre-las-cuotas-de-uni-n-y-lo-q\">\u00bfQu\u00e9 pasa si tengo objeciones religiosas para unirme al sindicato o para apoyarlo econ\u00f3micamente?<\/a> <\/li>\n<li><a href=\"\/es\/qu-hago-si-soy-victima-de-la-violencia-por-la-uni\">\u00bfQu\u00e9 hago si soy v\u00edctima de la violencia sindical?<\/a><\/li>\n<li><a href=\"\/es\/qu-pasa-si-quiero-trabajar-mientras-hay-una-huel-0\">\u00bfQu\u00e9 pasa si quiero trabajar mientras hay una huelga?<\/a>\n\t<\/li>\n<\/ul>\n<p><\/p>","protected":false},"excerpt":{"rendered":"<p>\n<b>Pregunta:<\/b> <i> \u00bfMe pueden obligar a hacerme miembro del sindicato o a pagarle cuotas?<\/i>\n<\/p>\n<p>\n<b>Respuesta:<\/b> <i>No se le puede obligar a ser miembro del sindicato en ning\u00fan estado.<\/i>\n<\/p>\n<p>\nSi no es miembro, a\u00fan queda amparado por el convenio de negociaci\u00f3n colectiva que se ha acordado entre su empleador y el sindicato, y el sindicato est\u00e1 obligado a representarlo.  Cualquier prestaci\u00f3n que se le otorgue por medio de su empleador seg\u00fan el convenio de negociaci\u00f3n colectiva (por ejemplo, salario, antig\u00fcedad, vacaciones, pensiones, seguro m\u00e9dico) no est\u00e1 afectada por el hecho de que no sea miembro del sindicato. (Si el sindicato ofrece algunas prestaciones &quot;\u00fanicamente para miembros&quot;, es posible que se le excluya de recibir las mismas.)<\/p>\n","protected":false},"author":2,"featured_media":0,"parent":0,"menu_order":0,"comment_status":"closed","ping_status":"open","template":"","meta":{"_lmt_disableupdate":"","_lmt_disable":"","footnotes":""},"class_list":["post-2104","page","type-page","status-publish","hentry"],"yoast_head":"<!-- This site is optimized with the Yoast SEO plugin v27.6 - https:\/\/yoast.com\/product\/yoast-seo-wordpress\/ -->\n<title>Can I be required to be a union member or pay dues to a union?\u00bfMe pueden obligar a hacerme miembro del sindicato o a pagarle cuotas? - National Right to Work Foundation<\/title>\n<meta name=\"robots\" content=\"index, follow, max-snippet:-1, max-image-preview:large, max-video-preview:-1\" \/>\n<link rel=\"canonical\" href=\"https:\/\/www.nrtw.org\/me-pueden-obligar-a-hacerme-miembro-del-sindicato-o-a-pagarle-cuotas-3\/\" \/>\n<meta property=\"og:locale\" content=\"es_ES\" \/>\n<meta property=\"og:type\" content=\"article\" \/>\n<meta property=\"og:title\" content=\"Can I be required to be a union member or pay dues to a union?\u00bfMe pueden obligar a hacerme miembro del sindicato o a pagarle cuotas? - National Right to Work Foundation\" \/>\n<meta property=\"og:description\" content=\"Pregunta: \u00bfMe pueden obligar a hacerme miembro del sindicato o a pagarle cuotas?   Respuesta: No se le puede obligar a ser miembro del sindicato en ning\u00fan estado.   Si no es miembro, a\u00fan queda amparado por el convenio de negociaci\u00f3n colectiva que se ha acordado entre su empleador y el sindicato, y el sindicato est\u00e1 obligado a representarlo. Cualquier prestaci\u00f3n que se le otorgue por medio de su empleador seg\u00fan el convenio de negociaci\u00f3n colectiva (por ejemplo, salario, antig\u00fcedad, vacaciones, pensiones, seguro m\u00e9dico) no est\u00e1 afectada por el hecho de que no sea miembro del sindicato. (Si el sindicato ofrece algunas prestaciones &quot;\u00fanicamente para miembros&quot;, es posible que se le excluya de recibir las mismas.)  Pregunta: \u00bfMe pueden obligar a hacerme miembro del sindicato o a pagarle cuotas?   Respuesta: No se le puede obligar a ser miembro del sindicato en ning\u00fan estado.   Si no es miembro, a\u00fan queda amparado por el convenio de negociaci\u00f3n colectiva que se ha acordado entre su empleador y el sindicato, y el sindicato est\u00e1 obligado a representarlo. Cualquier prestaci\u00f3n que se le otorgue por medio de su empleador seg\u00fan el convenio de negociaci\u00f3n colectiva (por ejemplo, salario, antig\u00fcedad, vacaciones, pensiones, seguro m\u00e9dico) no est\u00e1 afectada por el hecho de que no sea miembro del sindicato. (Si el sindicato ofrece algunas prestaciones &quot;\u00fanicamente para miembros&quot;, es posible que se le excluya de recibir las mismas.)\" \/>\n<meta property=\"og:url\" content=\"https:\/\/www.nrtw.org\/me-pueden-obligar-a-hacerme-miembro-del-sindicato-o-a-pagarle-cuotas-3\/\" \/>\n<meta property=\"og:site_name\" content=\"National Right to Work Foundation\" \/>\n<meta property=\"article:modified_time\" content=\"2016-11-04T20:12:52+00:00\" \/>\n<meta name=\"twitter:card\" content=\"summary_large_image\" \/>\n<meta name=\"twitter:label1\" content=\"Tiempo de lectura\" \/>\n\t<meta name=\"twitter:data1\" content=\"6 minutos\" \/>\n<script type=\"application\/ld+json\" class=\"yoast-schema-graph\">{\"@context\":\"https:\\\/\\\/schema.org\",\"@graph\":[{\"@type\":\"WebPage\",\"@id\":\"https:\\\/\\\/www.nrtw.org\\\/me-pueden-obligar-a-hacerme-miembro-del-sindicato-o-a-pagarle-cuotas-3\\\/\",\"url\":\"https:\\\/\\\/www.nrtw.org\\\/me-pueden-obligar-a-hacerme-miembro-del-sindicato-o-a-pagarle-cuotas-3\\\/\",\"name\":\"Can I be required to be a union member or pay dues to a union?\u00bfMe pueden obligar a hacerme miembro del sindicato o a pagarle cuotas? - National Right to Work Foundation\",\"isPartOf\":{\"@id\":\"https:\\\/\\\/www.nrtw.org\\\/#website\"},\"datePublished\":\"2009-05-07T17:19:53+00:00\",\"dateModified\":\"2016-11-04T20:12:52+00:00\",\"inLanguage\":\"es\",\"potentialAction\":[{\"@type\":\"ReadAction\",\"target\":[\"https:\\\/\\\/www.nrtw.org\\\/me-pueden-obligar-a-hacerme-miembro-del-sindicato-o-a-pagarle-cuotas-3\\\/\"]}]},{\"@type\":\"WebSite\",\"@id\":\"https:\\\/\\\/www.nrtw.org\\\/#website\",\"url\":\"https:\\\/\\\/www.nrtw.org\\\/\",\"name\":\"National Right to Work Foundation\",\"description\":\"\",\"potentialAction\":[{\"@type\":\"SearchAction\",\"target\":{\"@type\":\"EntryPoint\",\"urlTemplate\":\"https:\\\/\\\/www.nrtw.org\\\/?s={search_term_string}\"},\"query-input\":{\"@type\":\"PropertyValueSpecification\",\"valueRequired\":true,\"valueName\":\"search_term_string\"}}],\"inLanguage\":\"es\"}]}<\/script>\n<!-- \/ Yoast SEO plugin. -->","yoast_head_json":{"title":"Can I be required to be a union member or pay dues to a union?\u00bfMe pueden obligar a hacerme miembro del sindicato o a pagarle cuotas? - National Right to Work Foundation","robots":{"index":"index","follow":"follow","max-snippet":"max-snippet:-1","max-image-preview":"max-image-preview:large","max-video-preview":"max-video-preview:-1"},"canonical":"https:\/\/www.nrtw.org\/me-pueden-obligar-a-hacerme-miembro-del-sindicato-o-a-pagarle-cuotas-3\/","og_locale":"es_ES","og_type":"article","og_title":"Can I be required to be a union member or pay dues to a union?\u00bfMe pueden obligar a hacerme miembro del sindicato o a pagarle cuotas? - National Right to Work Foundation","og_description":"Pregunta: \u00bfMe pueden obligar a hacerme miembro del sindicato o a pagarle cuotas?   Respuesta: No se le puede obligar a ser miembro del sindicato en ning\u00fan estado.   Si no es miembro, a\u00fan queda amparado por el convenio de negociaci\u00f3n colectiva que se ha acordado entre su empleador y el sindicato, y el sindicato est\u00e1 obligado a representarlo. Cualquier prestaci\u00f3n que se le otorgue por medio de su empleador seg\u00fan el convenio de negociaci\u00f3n colectiva (por ejemplo, salario, antig\u00fcedad, vacaciones, pensiones, seguro m\u00e9dico) no est\u00e1 afectada por el hecho de que no sea miembro del sindicato. (Si el sindicato ofrece algunas prestaciones &quot;\u00fanicamente para miembros&quot;, es posible que se le excluya de recibir las mismas.)  Pregunta: \u00bfMe pueden obligar a hacerme miembro del sindicato o a pagarle cuotas?   Respuesta: No se le puede obligar a ser miembro del sindicato en ning\u00fan estado.   Si no es miembro, a\u00fan queda amparado por el convenio de negociaci\u00f3n colectiva que se ha acordado entre su empleador y el sindicato, y el sindicato est\u00e1 obligado a representarlo. Cualquier prestaci\u00f3n que se le otorgue por medio de su empleador seg\u00fan el convenio de negociaci\u00f3n colectiva (por ejemplo, salario, antig\u00fcedad, vacaciones, pensiones, seguro m\u00e9dico) no est\u00e1 afectada por el hecho de que no sea miembro del sindicato. (Si el sindicato ofrece algunas prestaciones &quot;\u00fanicamente para miembros&quot;, es posible que se le excluya de recibir las mismas.)","og_url":"https:\/\/www.nrtw.org\/me-pueden-obligar-a-hacerme-miembro-del-sindicato-o-a-pagarle-cuotas-3\/","og_site_name":"National Right to Work Foundation","article_modified_time":"2016-11-04T20:12:52+00:00","twitter_card":"summary_large_image","twitter_misc":{"Tiempo de lectura":"6 minutos"},"schema":{"@context":"https:\/\/schema.org","@graph":[{"@type":"WebPage","@id":"https:\/\/www.nrtw.org\/me-pueden-obligar-a-hacerme-miembro-del-sindicato-o-a-pagarle-cuotas-3\/","url":"https:\/\/www.nrtw.org\/me-pueden-obligar-a-hacerme-miembro-del-sindicato-o-a-pagarle-cuotas-3\/","name":"Can I be required to be a union member or pay dues to a union?\u00bfMe pueden obligar a hacerme miembro del sindicato o a pagarle cuotas? - National Right to Work Foundation","isPartOf":{"@id":"https:\/\/www.nrtw.org\/#website"},"datePublished":"2009-05-07T17:19:53+00:00","dateModified":"2016-11-04T20:12:52+00:00","inLanguage":"es","potentialAction":[{"@type":"ReadAction","target":["https:\/\/www.nrtw.org\/me-pueden-obligar-a-hacerme-miembro-del-sindicato-o-a-pagarle-cuotas-3\/"]}]},{"@type":"WebSite","@id":"https:\/\/www.nrtw.org\/#website","url":"https:\/\/www.nrtw.org\/","name":"National Right to Work Foundation","description":"","potentialAction":[{"@type":"SearchAction","target":{"@type":"EntryPoint","urlTemplate":"https:\/\/www.nrtw.org\/?s={search_term_string}"},"query-input":{"@type":"PropertyValueSpecification","valueRequired":true,"valueName":"search_term_string"}}],"inLanguage":"es"}]}},"_links":{"self":[{"href":"https:\/\/www.nrtw.org\/es\/wp-json\/wp\/v2\/pages\/2104","targetHints":{"allow":["GET"]}}],"collection":[{"href":"https:\/\/www.nrtw.org\/es\/wp-json\/wp\/v2\/pages"}],"about":[{"href":"https:\/\/www.nrtw.org\/es\/wp-json\/wp\/v2\/types\/page"}],"author":[{"embeddable":true,"href":"https:\/\/www.nrtw.org\/es\/wp-json\/wp\/v2\/users\/2"}],"replies":[{"embeddable":true,"href":"https:\/\/www.nrtw.org\/es\/wp-json\/wp\/v2\/comments?post=2104"}],"version-history":[{"count":4,"href":"https:\/\/www.nrtw.org\/es\/wp-json\/wp\/v2\/pages\/2104\/revisions"}],"predecessor-version":[{"id":5041,"href":"https:\/\/www.nrtw.org\/es\/wp-json\/wp\/v2\/pages\/2104\/revisions\/5041"}],"wp:attachment":[{"href":"https:\/\/www.nrtw.org\/es\/wp-json\/wp\/v2\/media?parent=2104"}],"curies":[{"name":"wp","href":"https:\/\/api.w.org\/{rel}","templated":true}]}}