{"id":2102,"date":"2009-05-07T14:10:03","date_gmt":"2009-05-07T14:10:03","guid":{"rendered":""},"modified":"2016-06-24T18:32:46","modified_gmt":"2016-06-24T18:32:46","slug":"sus-derechos-legales-maestro-de-escuela-pblica-o-profesor-universitario","status":"publish","type":"page","link":"https:\/\/www.nrtw.org\/es\/sus-derechos-legales-maestro-de-escuela-pblica-o-profesor-universitario\/","title":{"rendered":"Sus derechos legales: Maestro de escuela p\u00fablica o profesor universitario"},"content":{"rendered":"<p><\/p>\n<p>\nA continuaci\u00f3n se encuentra una muestra de una carta de renuncia al sindicato. Env\u00ede el original al sindicato, una copia a su empleador y guarde una copia para sus archivos. Deber\u00eda estudiar el acta constitutiva y los estatutos de su sindicato para ver si especifican a qui\u00e9n se le debe enviar la carta de renuncia. Tambi\u00e9n deber\u00eda verificar con el sindicato para ver si tiene una pol\u00edtica concerniente a cu\u00e1ndo y a qui\u00e9n se le deben presentar las objeciones a la cantidad de las cuotas sindicales.\n<\/p>\n<p>\n[<u>CARTA AL SINDICATO:<\/u> <\/p>\n<p>ENV\u00cdE POR CORREO CERTIFICADO, <\/p>\n<p>CON ACUSE DE RECIBO]\n<\/p>\n<p>\n[su direcci\u00f3n]\n<\/p>\n<p>\n[fecha]\n<\/p>\n<p>\n[nombre y direcci\u00f3n del sindicato]<br \/>\n[nombre del funcionario apropiado del sindicato]:\n<\/p>\n<p>\nPor medio de la presente renuncio como miembro del [nombre del sindicato.}  Mi renuncia es con efecto inmediato en el momento que el sindicato o su agente la reciba. Continuar\u00e9 cumpliendo con mi obligaci\u00f3n legal de pagar una cuota de representaci\u00f3n al sindicato seg\u00fan su acuerdo de &quot;seguridad del sindicato&quot; con [nombre del empleador].\n<\/p>\n<p>\nM\u00e1s a\u00fan, me opongo al cobro y al gasto de una cuota para cualquier prop\u00f3sito distinto a lo que es mi parte proporcional de los costos del sindicato para la negociaci\u00f3n colectiva, la administraci\u00f3n del contrato y el ajuste de agravios, tal como es mi derecho constitucional seg\u00fan Abood v. Detroit Board of Education, 431 U.S. 209 (1977).  Conforme a Chicago Teachers Union v. Hudson, 475 U.S. 292 (1986), solicito que se me entreguen mis derechos de procedimiento bajo la Primera Enmienda, incluso: la reducci\u00f3n de mis cuotas a la cantidad que incluya \u00fanicamente los costos constitucionalmente imputables, una notificaci\u00f3n del c\u00e1lculo de esa cantidad verificada por un contador p\u00fablico certificado independiente y una notificaci\u00f3n del procedimiento que han adoptado para conservar mis cuotas en una cuenta de reserva que devenga intereses, y darme la oportunidad de cuestionar el c\u00e1lculo y de que lo revise una persona responsable de tomar decisiones imparcial.\n<\/p>\n<p>\n[Si paga sus cuotas por medio de un descuento por n\u00f3mina, incluya lo siguiente: Por consiguiente, tambi\u00e9n le notifico que \u00fanicamente deseo autorizar la deducci\u00f3n de cuotas de representaci\u00f3n limitadas a esos costos que pueden ser legalmente imputables seg\u00fan la Primera Enmienda a la Constituci\u00f3n de los Estados Unidos. Si para hacer ese cambio se me requiere firmar un nuevo formulario, por favor proporci\u00f3neme el formulario necesario.]\n<\/p>\n<p>\nPor favor responda cuanto antes. Si se siguen cobrando o gastando cuotas sin las salvaguardas de procedimiento requeridas seg\u00fan la Primera Enmienda a la Constituci\u00f3n de los Estados Unidos, se violar\u00e1n mis derechos civiles bajo la  Ley Federal de Derechos Civiles de 1871, 42 U.S. Code \u00a7 1983, y seg\u00fan la Constituci\u00f3n de los Estados Unidos.\n<\/p>\n<p>\nFinalmente, por favor considere esta objeci\u00f3n como permanente y continua en naturaleza.\n<\/p>\n<p>\nAtentamente,\n<\/p>\n<p>\n[nombre]\n<\/p>\n<p>\ncc: [nombre del empleador]\n<\/p>\n<hr \/>\n<p>\n[<u>CARTA AL SINDICATO:<\/u> <\/p>\n<p>ENV\u00cdE POR CORREO CERTIFICADO, <\/p>\n<p>CON ACUSE DE RECIBO]\n<\/p>\n<p>\n[su direcci\u00f3n]<br \/>\n[fecha]\n<\/p>\n<p>\n[nombre y direcci\u00f3n del departamento responsable del descuento de n\u00f3mina]\n<\/p>\n<p>\n[Al empleado apropiado del departamento de administraci\u00f3n de n\u00f3mina]:\n<\/p>\n<p>\nHoy entregu\u00e9 mi renuncia al [nombre del sindicato]. Adjunto una copia de mi carta. Continuar\u00e9 cumpliendo con mi obligaci\u00f3n legal de pagar una cuota de representaci\u00f3n al sindicato seg\u00fan su acuerdo de &quot;taller sindical&quot; o &quot;taller de agencia&quot; con [nombre del empleador].\n<\/p>\n<p>\nM\u00e1s a\u00fan, me opongo al cobro y al gasto de una cuota por parte del sindicato para cualquier prop\u00f3sito distinto a lo que es mi parte proporcional de los costos del sindicato para la negociaci\u00f3n colectiva, la administraci\u00f3n del contrato y el ajuste de agravios, tal como es mi derecho seg\u00fan Abood v. Detroit Board of Education, 431 U.S. 209 (1977).  Conforme a Chicago Teachers Union v. Hudson, 475 U.S. 292 (1986), solicito que se me entreguen mis derechos de procedimiento, incluso los detallados en mi carta al sindicato. Si el sindicato no lo hace, pido que [el nombre del empleador] me los proporcione.\n<\/p>\n<p>\n[Si paga sus cuotas por medio de un descuento por n\u00f3mina, incluya este p\u00e1rrafo: Por consiguiente, tambi\u00e9n le notifico que \u00fanicamente deseo autorizar la deducci\u00f3n de las cuotas de representaci\u00f3n. Si para hacer ese cambio se me requiere firmar un nuevo formulario para la autorizaci\u00f3n de deducci\u00f3n, por favor proporci\u00f3neme el formulario necesario.]\n<\/p>\n<p>\nPor favor conteste mi solicitud sin demora.  Si se siguen cobrando o gastando cuotas sin las salvaguardas de procedimiento requeridas por ley se violar\u00e1n mis derechos seg\u00fan la  Ley Federal de Derechos Civiles de 1871, 42 U.S.C. \u00a7 9 y seg\u00fan la Constituci\u00f3n de los Estados Unidos.\n<\/p>\n<p>\nAtentamente,<br \/>\n[nombre]\n<\/p>\n<hr \/>\n<p>\nSi desea <b>enterarse m\u00e1s acerca de sus derechos legales<\/b> como maestro de escuela p\u00fablica o como profesor universitario, haga clic en la pregunta apropiada de las siguientes:\n<\/p>\n<ul type=\"disc\">\n<li><a href=\"\/es\/node\/3500\">\u00bfMe pueden obligar a hacerme miembro del sindicato o a pagarle cuotas?<\/a><\/li>\n<li><a href=\"\/es\/como-puedo-renunciar-mi-membres-de-uni-n\">\u00bfC\u00f3mo puedo renunciar a mi membres\u00eda en el sindicato?<\/a><\/li>\n<li><a href=\"\/es\/node\/3447\">\u00bfC\u00f3mo puedo evitar que se usen mis cuotas para actividades pol\u00edticas u otras actividades no relacionadas con la negociaci\u00f3n colectiva?<\/a> <\/li>\n<li><a href=\"\/es\/gu-para-empleados-sobre-las-cuotas-de-uni-n-y-lo-q\">\u00bfQu\u00e9 pasa si tengo objeciones religiosas para unirme al sindicato o para apoyarlo econ\u00f3micamente?<\/a> <\/li>\n<li><a href=\"\/es\/qu-hago-si-soy-victima-de-la-violencia-por-la-uni\">\u00bfQu\u00e9 hago si soy v\u00edctima de la violencia sindical?<\/a><\/li>\n<li><a href=\"\/es\/qu-pasa-si-quiero-trabajar-mientras-hay-una-huel-0\">\u00bfQu\u00e9 pasa si quiero trabajar mientras hay una huelga?<\/a>\n\t<\/li>\n<\/ul>\n<p><\/p>","protected":false},"excerpt":{"rendered":"<p>\nA continuaci\u00f3n se encuentra una muestra de una carta de renuncia al sindicato. Env\u00ede el original al sindicato, una copia a su empleador y guarde una copia para sus archivos. Deber\u00eda estudiar el acta constitutiva y los estatutos de su sindicato para ver si especifican a qui\u00e9n se le debe enviar la carta de renuncia. Tambi\u00e9n deber\u00eda verificar con el sindicato para ver si tiene una pol\u00edtica concerniente a cu\u00e1ndo y a qui\u00e9n se le deben presentar las objeciones a la cantidad de las cuotas sindicales.\n<\/p>\n<p>\n[<u>CARTA AL SINDICATO:<\/u> <\/p>\n<p>ENV\u00cdE POR CORREO CERTIFICADO, <\/p>\n<p>CON ACUSE DE RECIBO]\n<\/p>\n<p>\n[su direcci\u00f3n]\n<\/p>\n<p>\n[fecha]\n<\/p>\n<p>\n[nombre y direcci\u00f3n del sindicato]<br \/>\n[nombre del funcionario apropiado del sindicato]:<\/p>\n","protected":false},"author":1,"featured_media":0,"parent":0,"menu_order":0,"comment_status":"open","ping_status":"open","template":"","meta":{"_lmt_disableupdate":"","_lmt_disable":"","footnotes":""},"class_list":["post-2102","page","type-page","status-publish","hentry"],"yoast_head":"<!-- This site is optimized with the Yoast SEO plugin v27.4 - https:\/\/yoast.com\/product\/yoast-seo-wordpress\/ -->\n<title>Your Legal Rights: Public School Teacher or College Professor Sus derechos legales: Maestro de escuela p\u00fablica o profesor universitario - National Right to Work Foundation<\/title>\n<meta name=\"robots\" content=\"index, follow, max-snippet:-1, max-image-preview:large, max-video-preview:-1\" \/>\n<link rel=\"canonical\" href=\"https:\/\/www.nrtw.org\/es\/sus-derechos-legales-maestro-de-escuela-pblica-o-profesor-universitario\/\" \/>\n<meta property=\"og:locale\" content=\"es_ES\" \/>\n<meta property=\"og:type\" content=\"article\" \/>\n<meta property=\"og:title\" content=\"Your Legal Rights: Public School Teacher or College Professor Sus derechos legales: Maestro de escuela p\u00fablica o profesor universitario - National Right to Work Foundation\" \/>\n<meta property=\"og:description\" content=\"A continuaci\u00f3n se encuentra una muestra de una carta de renuncia al sindicato. Env\u00ede el original al sindicato, una copia a su empleador y guarde una copia para sus archivos. Deber\u00eda estudiar el acta constitutiva y los estatutos de su sindicato para ver si especifican a qui\u00e9n se le debe enviar la carta de renuncia. Tambi\u00e9n deber\u00eda verificar con el sindicato para ver si tiene una pol\u00edtica concerniente a cu\u00e1ndo y a qui\u00e9n se le deben presentar las objeciones a la cantidad de las cuotas sindicales.   [CARTA AL SINDICATO:   ENV\u00cdE POR CORREO CERTIFICADO,   CON ACUSE DE RECIBO]   [su direcci\u00f3n]   [fecha]   [nombre y direcci\u00f3n del sindicato] [nombre del funcionario apropiado del sindicato]:  A continuaci\u00f3n se encuentra una muestra de una carta de renuncia al sindicato. Env\u00ede el original al sindicato, una copia a su empleador y guarde una copia para sus archivos. Deber\u00eda estudiar el acta constitutiva y los estatutos de su sindicato para ver si especifican a qui\u00e9n se le debe enviar la carta de renuncia. Tambi\u00e9n deber\u00eda verificar con el sindicato para ver si tiene una pol\u00edtica concerniente a cu\u00e1ndo y a qui\u00e9n se le deben presentar las objeciones a la cantidad de las cuotas sindicales.   [CARTA AL SINDICATO:   ENV\u00cdE POR CORREO CERTIFICADO,   CON ACUSE DE RECIBO]   [su direcci\u00f3n]   [fecha]   [nombre y direcci\u00f3n del sindicato] [nombre del funcionario apropiado del sindicato]:\" \/>\n<meta property=\"og:url\" content=\"https:\/\/www.nrtw.org\/es\/sus-derechos-legales-maestro-de-escuela-pblica-o-profesor-universitario\/\" \/>\n<meta property=\"og:site_name\" content=\"National Right to Work Foundation\" \/>\n<meta property=\"article:modified_time\" content=\"2016-06-24T18:32:46+00:00\" \/>\n<meta name=\"twitter:card\" content=\"summary_large_image\" \/>\n<meta name=\"twitter:label1\" content=\"Tiempo de lectura\" \/>\n\t<meta name=\"twitter:data1\" content=\"8 minutos\" \/>\n<script type=\"application\/ld+json\" class=\"yoast-schema-graph\">{\"@context\":\"https:\\\/\\\/schema.org\",\"@graph\":[{\"@type\":\"WebPage\",\"@id\":\"https:\\\/\\\/www.nrtw.org\\\/es\\\/sus-derechos-legales-maestro-de-escuela-pblica-o-profesor-universitario\\\/\",\"url\":\"https:\\\/\\\/www.nrtw.org\\\/es\\\/sus-derechos-legales-maestro-de-escuela-pblica-o-profesor-universitario\\\/\",\"name\":\"Your Legal Rights: Public School Teacher or College Professor Sus derechos legales: Maestro de escuela p\u00fablica o profesor universitario - National Right to Work Foundation\",\"isPartOf\":{\"@id\":\"https:\\\/\\\/www.nrtw.org\\\/#website\"},\"datePublished\":\"2009-05-07T14:10:03+00:00\",\"dateModified\":\"2016-06-24T18:32:46+00:00\",\"inLanguage\":\"es\",\"potentialAction\":[{\"@type\":\"ReadAction\",\"target\":[\"https:\\\/\\\/www.nrtw.org\\\/es\\\/sus-derechos-legales-maestro-de-escuela-pblica-o-profesor-universitario\\\/\"]}]},{\"@type\":\"WebSite\",\"@id\":\"https:\\\/\\\/www.nrtw.org\\\/#website\",\"url\":\"https:\\\/\\\/www.nrtw.org\\\/\",\"name\":\"National Right to Work Foundation\",\"description\":\"\",\"potentialAction\":[{\"@type\":\"SearchAction\",\"target\":{\"@type\":\"EntryPoint\",\"urlTemplate\":\"https:\\\/\\\/www.nrtw.org\\\/?s={search_term_string}\"},\"query-input\":{\"@type\":\"PropertyValueSpecification\",\"valueRequired\":true,\"valueName\":\"search_term_string\"}}],\"inLanguage\":\"es\"}]}<\/script>\n<!-- \/ Yoast SEO plugin. -->","yoast_head_json":{"title":"Your Legal Rights: Public School Teacher or College Professor Sus derechos legales: Maestro de escuela p\u00fablica o profesor universitario - National Right to Work Foundation","robots":{"index":"index","follow":"follow","max-snippet":"max-snippet:-1","max-image-preview":"max-image-preview:large","max-video-preview":"max-video-preview:-1"},"canonical":"https:\/\/www.nrtw.org\/es\/sus-derechos-legales-maestro-de-escuela-pblica-o-profesor-universitario\/","og_locale":"es_ES","og_type":"article","og_title":"Your Legal Rights: Public School Teacher or College Professor Sus derechos legales: Maestro de escuela p\u00fablica o profesor universitario - National Right to Work Foundation","og_description":"A continuaci\u00f3n se encuentra una muestra de una carta de renuncia al sindicato. Env\u00ede el original al sindicato, una copia a su empleador y guarde una copia para sus archivos. Deber\u00eda estudiar el acta constitutiva y los estatutos de su sindicato para ver si especifican a qui\u00e9n se le debe enviar la carta de renuncia. Tambi\u00e9n deber\u00eda verificar con el sindicato para ver si tiene una pol\u00edtica concerniente a cu\u00e1ndo y a qui\u00e9n se le deben presentar las objeciones a la cantidad de las cuotas sindicales.   [CARTA AL SINDICATO:   ENV\u00cdE POR CORREO CERTIFICADO,   CON ACUSE DE RECIBO]   [su direcci\u00f3n]   [fecha]   [nombre y direcci\u00f3n del sindicato] [nombre del funcionario apropiado del sindicato]:  A continuaci\u00f3n se encuentra una muestra de una carta de renuncia al sindicato. Env\u00ede el original al sindicato, una copia a su empleador y guarde una copia para sus archivos. Deber\u00eda estudiar el acta constitutiva y los estatutos de su sindicato para ver si especifican a qui\u00e9n se le debe enviar la carta de renuncia. Tambi\u00e9n deber\u00eda verificar con el sindicato para ver si tiene una pol\u00edtica concerniente a cu\u00e1ndo y a qui\u00e9n se le deben presentar las objeciones a la cantidad de las cuotas sindicales.   [CARTA AL SINDICATO:   ENV\u00cdE POR CORREO CERTIFICADO,   CON ACUSE DE RECIBO]   [su direcci\u00f3n]   [fecha]   [nombre y direcci\u00f3n del sindicato] [nombre del funcionario apropiado del sindicato]:","og_url":"https:\/\/www.nrtw.org\/es\/sus-derechos-legales-maestro-de-escuela-pblica-o-profesor-universitario\/","og_site_name":"National Right to Work Foundation","article_modified_time":"2016-06-24T18:32:46+00:00","twitter_card":"summary_large_image","twitter_misc":{"Tiempo de lectura":"8 minutos"},"schema":{"@context":"https:\/\/schema.org","@graph":[{"@type":"WebPage","@id":"https:\/\/www.nrtw.org\/es\/sus-derechos-legales-maestro-de-escuela-pblica-o-profesor-universitario\/","url":"https:\/\/www.nrtw.org\/es\/sus-derechos-legales-maestro-de-escuela-pblica-o-profesor-universitario\/","name":"Your Legal Rights: Public School Teacher or College Professor Sus derechos legales: Maestro de escuela p\u00fablica o profesor universitario - National Right to Work Foundation","isPartOf":{"@id":"https:\/\/www.nrtw.org\/#website"},"datePublished":"2009-05-07T14:10:03+00:00","dateModified":"2016-06-24T18:32:46+00:00","inLanguage":"es","potentialAction":[{"@type":"ReadAction","target":["https:\/\/www.nrtw.org\/es\/sus-derechos-legales-maestro-de-escuela-pblica-o-profesor-universitario\/"]}]},{"@type":"WebSite","@id":"https:\/\/www.nrtw.org\/#website","url":"https:\/\/www.nrtw.org\/","name":"National Right to Work Foundation","description":"","potentialAction":[{"@type":"SearchAction","target":{"@type":"EntryPoint","urlTemplate":"https:\/\/www.nrtw.org\/?s={search_term_string}"},"query-input":{"@type":"PropertyValueSpecification","valueRequired":true,"valueName":"search_term_string"}}],"inLanguage":"es"}]}},"_links":{"self":[{"href":"https:\/\/www.nrtw.org\/es\/wp-json\/wp\/v2\/pages\/2102","targetHints":{"allow":["GET"]}}],"collection":[{"href":"https:\/\/www.nrtw.org\/es\/wp-json\/wp\/v2\/pages"}],"about":[{"href":"https:\/\/www.nrtw.org\/es\/wp-json\/wp\/v2\/types\/page"}],"author":[{"embeddable":true,"href":"https:\/\/www.nrtw.org\/es\/wp-json\/wp\/v2\/users\/1"}],"replies":[{"embeddable":true,"href":"https:\/\/www.nrtw.org\/es\/wp-json\/wp\/v2\/comments?post=2102"}],"version-history":[{"count":2,"href":"https:\/\/www.nrtw.org\/es\/wp-json\/wp\/v2\/pages\/2102\/revisions"}],"predecessor-version":[{"id":4128,"href":"https:\/\/www.nrtw.org\/es\/wp-json\/wp\/v2\/pages\/2102\/revisions\/4128"}],"wp:attachment":[{"href":"https:\/\/www.nrtw.org\/es\/wp-json\/wp\/v2\/media?parent=2102"}],"curies":[{"name":"wp","href":"https:\/\/api.w.org\/{rel}","templated":true}]}}