{"id":2100,"date":"2009-05-07T12:26:48","date_gmt":"2009-05-07T12:26:48","guid":{"rendered":""},"modified":"2016-11-03T20:08:12","modified_gmt":"2016-11-03T20:08:12","slug":"qu-pasa-si-quiero-trabajar-mientras-hay-una-huelga-2","status":"publish","type":"page","link":"https:\/\/www.nrtw.org\/es\/qu-pasa-si-quiero-trabajar-mientras-hay-una-huelga-2\/","title":{"rendered":"\u00bfQu\u00e9 pasa si quiero trabajar mientras hay una huelga?"},"content":{"rendered":"<p>\n<b>Pregunta:<\/b> <i> \u00bfQu\u00e9 pasa si quiero trabajar mientras hay una huelga?<\/i>\n<\/p>\n<p>\n<i><\/i><b>Respuesta:<\/b> <i>En muchos estados es ilegal que los maestros de escuelas p\u00fablicas y los profesores universitarios hagan huelga. Si esto aplica a su estado, entonces es posible que tenga que trabajar durante una huelga para evitar posibles sanciones por violar la ley. <\/i>\n<\/p>\n<p><i><\/i><\/p>\n<p>\n<i><\/i>Si quiere trabajar durante una huelga tiene que estar seguro de que no es miembro del sindicato si quiere evitar que le aplique medidas disciplinarias. Muchos tribunales han sostenido que los sindicatos tienen el poder de disciplinar a sus miembros. Esta disciplina puede incluir el imponerle una multa cuantiosa y luego demandarlo en los tribunales para obligarlo a pagar la multa. Si desea evitar consecuencias como esas, no puede seguir siendo miembro del sindicato y cruzar la l\u00ednea de piquete. Sin embargo, si la huelga es ilegal, es probable es que los tribunales dictaminen que el sindicato no puede legalmente multar a los miembros que obedecen la ley y trabajan.\n<\/p>\n<p>\nA continuaci\u00f3n se encuentra una serie de preguntas y respuestas acerca de las huelgas que aplican a casi todos los maestros de escuelas p\u00fablicas y profesores universitarios.\n<\/p>\n<p>\n<b> \u00bfDeber\u00eda trabajar durante una huelga?<\/b> Esa es una decisi\u00f3n personal y no le incumbe a la Fundaci\u00f3n. La ley de su estado determina si usted tiene o no el derecho de hacer huelga. Si el empleador contin\u00faa operando durante la huelga, usted necesita decidir qu\u00e9 es lo que quiere hacer bas\u00e1ndose en sus propias necesidades y en la ley. No deje que nadie lo fuerce hacia un lado u otro.\n<\/p>\n<p>\n<b> \u00bfPuede el sindicato imponerle una multa si trabaja durante la huelga?<\/b> Probablemente, si los maestros de esuelas p\u00fablicas y profesores universitarios pueden hacer huelga legalmente y usted no renuncia a su membres\u00eda antes de regresar al trabajo. Como miembro del sindicato, est\u00e1 sujeto al acta constitutiva y a los estatutos del sindicato, los cuales en la mayor\u00eda de los sindicatos, estipulan que se les puede multar a los miembros que trabajen durante una huelga convocada legalmente. Sin embargo, es probable que los tribunales no hagan  cumplir el acta constitutiva y los estatutos del sindicato si las huelgas de los maestros de escuelas p\u00fablicas y los profesores universitarios son ilegales en su estado.\n<\/p>\n<p>\n<b> \u00bfDeber\u00eda renunciar a su membres\u00eda si trabaja durante la huelga?<\/b> S\u00ed, si las huelgas de los maestros de escuelas p\u00fablicas y profesores universitarios son legales en su estado. Los no miembros no est\u00e1n sujetos al acta constitutiva y los estatutos del sindicato y no pueden ser multados o de alguna otra manera disciplinados por trabajar durante una huelga. Si a\u00fan no cruza la l\u00ednea de piquete y desea evitar que lo multen, no la cruce sino hasta despu\u00e9s de que el sindicato reciba su renuncia. Una vez que el sindicato tenga conocimiento de su renuncia, no puede imponerle legalmente ning\u00fan tipo de medida disciplinaria por cualquier cosa que haga despu\u00e9s de su renuncia. Esto no significa que alguien no tratar\u00eda de formular cargos internos sindicales por conducta posterior a su renuncia.  Significa que si el sindicato trata de multarlo, no tendr\u00e1 \u00e9xito. Si las huelgas de los maestros de escuelas p\u00fablicas y profesores universitarios son ilegales en su estado, probablemente no tiene que renunciar para evitar ser multado por el sindicato por trabajar, pero una renuncia asegurar\u00eda que no se le pueda multar legalmente.\n<\/p>\n<p>\n<b> \u00bfPuede el acta constitutiva del sindicato prohibirle renunciar durante la huelga?<\/b>  No. Una resoluci\u00f3n judicial del Tribunal Supremo en <a href=\"http:\/\/caselaw.findlaw.com\/cgi-bin\/getcase.pl?court=US&amp;vol=431&amp;invol=209\"><i>Abood v. Detroit Board of Education<\/i>, 431 U.S. 209 (1977)<\/a>, una demanda apoyada por la Fundaci\u00f3n, aclara que constitucionalmente no se le puede impedir que renuncie a su sindicato en cualquier momento. Algunos estados, pero no todos, tambi\u00e9n tienen estatutos que les garantizan el derecho a renunciar a los maestros de escuelas p\u00fablicas y profesores universitarios.\n<\/p>\n<p>\n<b> \u00bfQu\u00e9 tal el convenio de negociaci\u00f3n colectiva? \u00bfNo le requiere este ser miembro para conservar su trabajo?<\/b> No. Seg\u00fan<i>Abood<\/i>, no tiene que ser un miembro realmente para conservar su empleo, sin importar lo que diga el convenio de negociaci\u00f3n colectiva entre su empleador y su sindicato. \u00danicamente tiene que pagarle al sindicato la cantidad de las cuotas sindicales o, si le notifica al sindicato que se opone al uso de su dinero para otros prop\u00f3sitos, esa parte de las cuotas que se use para la negociaci\u00f3n colectiva y la administraci\u00f3n del contrato. En los estados con Derecho al Trabajo y en algunos otros estados, cualquier convenio que le requiere unirse al sindicato o pagarle dinero es en contra de la ley. <a href=\"\/es\/estados-con-derecho-al-trabajo\">Haga clic aqu\u00ed<\/a> para ver una lista de los estados con Derecho al Trabajo.\n<\/p>\n<p>\n<b>Si trabaj\u00f3 durante la huelga <i>antes de <\/i>renunciar, \u00bflo protege la renuncia de todas las multas?<\/b> No, en donde las huelgas de los maestros de escuelas p\u00fablicas y los profesores universitarios son legales. En esos estados, el sindicato puede multar a un no miembro por conducta <i>anterior<\/i> a renunciar, pero no por algo hecho despu\u00e9s de que reciba su renuncia. Las multas est\u00e1n basadas usualmente en el n\u00famero de d\u00edas que el miembro trabaja durante la huelga. Por lo general, los tribunales sostienen que una multa no puede ser excesiva. Lo que se considera excesivo est\u00e1 abierto a la interpretaci\u00f3n, pero tendr\u00eda un buen argumento de que las multas son excesivas si exceden la cantidad ganada durante el periodo antes de que haya renunciado. Si las huelgas de los maestros de escuelas p\u00fablicas y profesores universitarios son ilegales en su estado, es probable que se le pueda multar legalmente por trabajar, aun antes de renunciar.\n<\/p>\n<p>\n<b> \u00bfQu\u00e9 derechos perder\u00e1 si usted renuncia?<\/b> No perder\u00e1 ning\u00fan derecho seg\u00fan el convenio de negociaci\u00f3n colectiva, como por ejemplo, su antig\u00fcedad. El sindicato tiene que representarlo de manera justa en los tr\u00e1mites de negociaci\u00f3n y agravios, sea miembro o no. Perder\u00e1 cualquier derecho seg\u00fan el acta constitutiva del sindicato que est\u00e9 \u00fanicamente disponible a los miembros, tal como el de votar en elecciones y podr\u00eda perder el derecho de votar en la ratificaci\u00f3n del convenio de negociaci\u00f3n colectiva. Tambi\u00e9n podr\u00eda perder el derecho de continuar participando en cualquier plan de pensi\u00f3n del sindicato que est\u00e9 basado en la membres\u00eda en el sindicato y no en su servicio a su empleador como una prestaci\u00f3n de empleado.\n<\/p>\n<p>\n<b>Si renuncia, \u00bfpuede volver a hacerse miembro del sindicato despu\u00e9s de que se termine la huelga?<\/b> Esto depende del sindicato y su acta constitutiva y estatutos. La ley no le exige al sindicato que le permita hacerse miembro otra vez. Muchas veces los sindicatos se reh\u00fasan a permitirle a los llamados rompehuelgas a hacerse miembros otra vez. Sabemos de situaciones en donde los sindicatos les han requerido a los rompehuelgas que paguen multas altas para volver a ser miembros. Usted deber\u00eda suponer que si renuncia y cruza la l\u00ednea de piquete, no se le permitir\u00e1 volver a hacerse miembro del sindicato. Sin embargo, si no se vuelve a hacer miembro, el sindicato a\u00fan tiene que seguir represent\u00e1ndolo de manera justa en la negociaci\u00f3n colectiva y la administraci\u00f3n del contrato, y tendr\u00e1 los mismos derechos que los miembros seg\u00fan el convenio de negociaci\u00f3n colectiva.\n<\/p>\n<p>\n<b> \u00bfC\u00f3mo renuncia usted?<\/b> <a href=\"\/es\/acerca-de-sus-derechos-legales-maestro-en-escuel-0\">Haga clic aqu\u00ed<\/a> si desea ver una muestra de una carta de renuncia en el sindicato. Es posible que en alg\u00fan momento tenga que comprobar que su carta de renuncia fue recibida, as\u00ed que deber\u00eda enviarla ya sea por fax y conservar la confirmaci\u00f3n de recibo de la m\u00e1quina de fax, o por correo certificado con acuse de recibo, o presentarla en persona a un funcionario del sindicato con un testigo amigable presente.\n<\/p>\n<p>\n<b> \u00bfQu\u00e9 reglas aplican si el sindicato trata de multarlo?<\/b> Seg\u00fan las normas jur\u00eddicas aplicables generalmente a los procedimientos disciplinarios del sindicato, no se le puede multar o de alguna otra manera disciplinar a menos que se le hayan presentado cargos espec\u00edficos por escrito, se le haya dado el tiempo razonable para preparar su defensa y se le haya concedido una audiencia justa y completa. Dentro de estas limitaciones, las reglas relacionadas a medidas disciplinarias las determinan el acta constitutiva y los estatutos de cada sindicato.\n<\/p>\n<p>\n<b> \u00bfQu\u00e9 deber\u00eda hacer si el sindicato le ha presentado cargos espec\u00edficos, si usted renunci\u00f3 antes de regresar al trabajo?<\/b> Si tiene pruebas claras de que renunci\u00f3 antes de regresar al trabajo, ponga esta prueba  inmediatamente a disposici\u00f3n del sindicato y p\u00eddale que retire los cargos antes de la audiencia. Si el sindicato insiste bajo esas circunstancias, violar\u00e1 la ley y usted deber\u00eda notificar a la Fundaci\u00f3n inmediatamente para recibir asesor\u00eda sobre c\u00f3mo seguir adelante.\n<\/p>\n<p>\n<b> \u00bfQu\u00e9 debe de hacer si el sindicato le ha presentado cargos espec\u00edficos, y usted <i>no <\/i>renunci\u00f3 antes de regresar al trabajo?<\/b> Si regres\u00f3 al trabajo durante la huelga antes de renunciar o trabaj\u00f3 y nunca renunci\u00f3, deber\u00eda asistir y presentar cualquier defensa que pueda tener a la audiencia programada por el sindicato. Deber\u00eda agotar todas las apelaciones que podr\u00edan estar disponibles seg\u00fan el acta constitutiva y los estatutos del sindicato. Las posibles defensas son que las multas propuestas son excesivas o que a usted se le dijo que no pod\u00eda renunciar durante la huelga. Si las huelgas de los maestros de escuelas p\u00fablicas y profesores universitarios son ilegales en su estado, deber\u00eda usar eso como defensa. Deber\u00eda consultar a un abogado con experiencia para determinar cu\u00e1les defensas podr\u00eda tener.\n<\/p>\n<p>\n<b> \u00bfC\u00f3mo puede el sindicato cobrar las multas si lo encuentra culpable de trabajar durante la huelga mientras a\u00fan era miembro? <\/b>El sindicato no puede hacer que lo despidan si se reh\u00fasa a pagar multas. El \u00fanico recurso disponible al sindicato es entablar una demanda por la cantidad de la multa en un tribunal estatal, lo cual puede hacer legalmente si las huelgas de los maestros de escuelas p\u00fablicas y los profesores universitarios son legales en su estado. Ante tal demanda, usted tendr\u00eda el derecho de presentar cualquier defensa que present\u00f3 durante los procedimientos internos del sindicato durante esta demanda, siempre y cuando haya agotado las apelaciones internas del sindicato.\n<\/p>\n<p>\n<b> \u00bfQu\u00e9 deber\u00eda de hacer para protegerse de la violencia y del hostigamiento? <\/b> No importa lo que decida en cuanto a renunciar y trabajar durante la huelga, deber\u00eda pasar tan desapercibido como pueda y tratar de mantener una relaci\u00f3n cordial con sus compa\u00f1eros en los dos lados de la l\u00ednea de piquete. \u00a1Evite a los fan\u00e1ticos! Si regresa a trabajar, mant\u00e9ngase en comunicaci\u00f3n con los dem\u00e1s empleados que est\u00e1n trabajando durante la huelga, ap\u00f3yense mutuamente y compartan informaci\u00f3n. Tambi\u00e9n, si trabaja durante una huelga, deber\u00eda obtener un numero telef\u00f3nico no publicado, mantener un diario con todas las amenazas e incidentes de hostigamiento y violencia relacionados con la huelga (qui\u00e9n, d\u00f3nde, qu\u00e9, cu\u00e1ndo, nombres de los testigos, etc.) y tomar fotos de su propiedad privada, como su casa y carro, para que pueda documentar cualquier da\u00f1o en caso de que se convierta en victima de la violencia sindical. Si empieza a recibir llamadas telef\u00f3nicas de acoso, deber\u00eda pensar en instalar un identificador de llamadas para su tel\u00e9fono en casa. Deber\u00eda informar a su empleador acerca de todas las amenazas e incidencias de acoso o violencia y, si hay amenazas o violencia real, informe a la polic\u00eda. Si es victima de amenazas de violencia o de violencia en s\u00ed, notifique a la Fundaci\u00f3n si desea obtener ayuda.\n<\/p>\n<p>\nSi es victima de la violencia sindical y quisiera solicitar ayuda a los abogados de la Fundaci\u00f3n, <a href=\"\/es\/solicite-ayuda-legal-gratuita\">llene este formulario<\/a>.\n<\/p>\n<hr \/>\n<p>\nSi desea <b>enterarse m\u00e1s acerca de sus derechos legales<\/b> como maestro de escuela p\u00fablica o profesor universitario, haga clic en la pregunta apropiada de las siguientes:\n<\/p>\n<ul>\n<li><a href=\"\/es\/node\/3491\">\u00bfMe pueden obligar a hacerme miembro del sindicato o a pagarle cuotas? <\/a><\/li>\n<li><a href=\"\/es\/c-mo-puedo-renunciar-mi-membres-de-uni-n-1\"> \u00bfC\u00f3mo puedo renunciar a mi membres\u00eda en el sindicato?<\/a><\/li>\n<li><a href=\"\/es\/c-mo-puede-prevenir-el-uso-de-mis-cuotas-para-la-0\">\u00bfC\u00f3mo puedo evitar que se usen mis cuotas para actividades pol\u00edticas y otras actividades no relacionadas con la negociaci\u00f3n?<\/a> <\/li>\n<li><a href=\"\/es\/gu-para-empleados-sobre-las-cuotas-de-uni-n-y-lo-q\">\u00bfQu\u00e9 pasa si tengo objeciones religiosas para unirme al sindicato o para apoyarlo econ\u00f3micamente?<\/a> <\/li>\n<li><a href=\"\/es\/qu-hago-si-soy-victima-de-la-violencia-por-la-uni\">\u00bfQu\u00e9 hago si soy victima de la violencia sindical?<\/a> <\/li>\n<li>\u00bfQu\u00e9 pasa si quiero trabajar mientras hay una huelga?<\/li>\n<\/li>\n<\/ul>\n","protected":false},"excerpt":{"rendered":"<p>\n<b>Pregunta:<\/b> <i> \u00bfQu\u00e9 pasa si quiero trabajar mientras hay una huelga?<\/i>\n<\/p>\n<p>\n<i><\/i><b>Respuesta:<\/b> <i>En muchos estados es ilegal que los maestros de escuelas p\u00fablicas y los profesores universitarios hagan huelga. Si esto aplica a su estado, entonces es posible que tenga que trabajar durante una huelga para evitar posibles sanciones por violar la ley. <\/i><\/p>\n","protected":false},"author":435,"featured_media":0,"parent":0,"menu_order":0,"comment_status":"closed","ping_status":"open","template":"","meta":{"_lmt_disableupdate":"","_lmt_disable":"","footnotes":""},"class_list":["post-2100","page","type-page","status-publish","hentry"],"yoast_head":"<!-- This site is optimized with the Yoast SEO plugin v27.4 - https:\/\/yoast.com\/product\/yoast-seo-wordpress\/ -->\n<title>\u00bfQu\u00e9 pasa si quiero trabajar mientras hay una huelga? - National Right to Work Foundation<\/title>\n<meta name=\"robots\" content=\"index, follow, max-snippet:-1, max-image-preview:large, max-video-preview:-1\" \/>\n<link rel=\"canonical\" href=\"https:\/\/www.nrtw.org\/qu-pasa-si-quiero-trabajar-mientras-hay-una-huelga-2\/\" \/>\n<meta property=\"og:locale\" content=\"es_ES\" \/>\n<meta property=\"og:type\" content=\"article\" \/>\n<meta property=\"og:title\" content=\"\u00bfQu\u00e9 pasa si quiero trabajar mientras hay una huelga? - National Right to Work Foundation\" \/>\n<meta property=\"og:description\" content=\"Pregunta: \u00bfQu\u00e9 pasa si quiero trabajar mientras hay una huelga?   Respuesta: En muchos estados es ilegal que los maestros de escuelas p\u00fablicas y los profesores universitarios hagan huelga. Si esto aplica a su estado, entonces es posible que tenga que trabajar durante una huelga para evitar posibles sanciones por violar la ley.\" \/>\n<meta property=\"og:url\" content=\"https:\/\/www.nrtw.org\/qu-pasa-si-quiero-trabajar-mientras-hay-una-huelga-2\/\" \/>\n<meta property=\"og:site_name\" content=\"National Right to Work Foundation\" \/>\n<meta property=\"article:modified_time\" content=\"2016-11-03T20:08:12+00:00\" \/>\n<meta name=\"twitter:card\" content=\"summary_large_image\" \/>\n<meta name=\"twitter:label1\" content=\"Tiempo de lectura\" \/>\n\t<meta name=\"twitter:data1\" content=\"11 minutos\" \/>\n<script type=\"application\/ld+json\" class=\"yoast-schema-graph\">{\"@context\":\"https:\\\/\\\/schema.org\",\"@graph\":[{\"@type\":\"WebPage\",\"@id\":\"https:\\\/\\\/www.nrtw.org\\\/qu-pasa-si-quiero-trabajar-mientras-hay-una-huelga-2\\\/\",\"url\":\"https:\\\/\\\/www.nrtw.org\\\/qu-pasa-si-quiero-trabajar-mientras-hay-una-huelga-2\\\/\",\"name\":\"\u00bfQu\u00e9 pasa si quiero trabajar mientras hay una huelga? - National Right to Work Foundation\",\"isPartOf\":{\"@id\":\"https:\\\/\\\/www.nrtw.org\\\/#website\"},\"datePublished\":\"2009-05-07T12:26:48+00:00\",\"dateModified\":\"2016-11-03T20:08:12+00:00\",\"inLanguage\":\"es\",\"potentialAction\":[{\"@type\":\"ReadAction\",\"target\":[\"https:\\\/\\\/www.nrtw.org\\\/qu-pasa-si-quiero-trabajar-mientras-hay-una-huelga-2\\\/\"]}]},{\"@type\":\"WebSite\",\"@id\":\"https:\\\/\\\/www.nrtw.org\\\/#website\",\"url\":\"https:\\\/\\\/www.nrtw.org\\\/\",\"name\":\"National Right to Work Foundation\",\"description\":\"\",\"potentialAction\":[{\"@type\":\"SearchAction\",\"target\":{\"@type\":\"EntryPoint\",\"urlTemplate\":\"https:\\\/\\\/www.nrtw.org\\\/?s={search_term_string}\"},\"query-input\":{\"@type\":\"PropertyValueSpecification\",\"valueRequired\":true,\"valueName\":\"search_term_string\"}}],\"inLanguage\":\"es\"}]}<\/script>\n<!-- \/ Yoast SEO plugin. -->","yoast_head_json":{"title":"\u00bfQu\u00e9 pasa si quiero trabajar mientras hay una huelga? - National Right to Work Foundation","robots":{"index":"index","follow":"follow","max-snippet":"max-snippet:-1","max-image-preview":"max-image-preview:large","max-video-preview":"max-video-preview:-1"},"canonical":"https:\/\/www.nrtw.org\/qu-pasa-si-quiero-trabajar-mientras-hay-una-huelga-2\/","og_locale":"es_ES","og_type":"article","og_title":"\u00bfQu\u00e9 pasa si quiero trabajar mientras hay una huelga? - National Right to Work Foundation","og_description":"Pregunta: \u00bfQu\u00e9 pasa si quiero trabajar mientras hay una huelga?   Respuesta: En muchos estados es ilegal que los maestros de escuelas p\u00fablicas y los profesores universitarios hagan huelga. Si esto aplica a su estado, entonces es posible que tenga que trabajar durante una huelga para evitar posibles sanciones por violar la ley.","og_url":"https:\/\/www.nrtw.org\/qu-pasa-si-quiero-trabajar-mientras-hay-una-huelga-2\/","og_site_name":"National Right to Work Foundation","article_modified_time":"2016-11-03T20:08:12+00:00","twitter_card":"summary_large_image","twitter_misc":{"Tiempo de lectura":"11 minutos"},"schema":{"@context":"https:\/\/schema.org","@graph":[{"@type":"WebPage","@id":"https:\/\/www.nrtw.org\/qu-pasa-si-quiero-trabajar-mientras-hay-una-huelga-2\/","url":"https:\/\/www.nrtw.org\/qu-pasa-si-quiero-trabajar-mientras-hay-una-huelga-2\/","name":"\u00bfQu\u00e9 pasa si quiero trabajar mientras hay una huelga? - National Right to Work Foundation","isPartOf":{"@id":"https:\/\/www.nrtw.org\/#website"},"datePublished":"2009-05-07T12:26:48+00:00","dateModified":"2016-11-03T20:08:12+00:00","inLanguage":"es","potentialAction":[{"@type":"ReadAction","target":["https:\/\/www.nrtw.org\/qu-pasa-si-quiero-trabajar-mientras-hay-una-huelga-2\/"]}]},{"@type":"WebSite","@id":"https:\/\/www.nrtw.org\/#website","url":"https:\/\/www.nrtw.org\/","name":"National Right to Work Foundation","description":"","potentialAction":[{"@type":"SearchAction","target":{"@type":"EntryPoint","urlTemplate":"https:\/\/www.nrtw.org\/?s={search_term_string}"},"query-input":{"@type":"PropertyValueSpecification","valueRequired":true,"valueName":"search_term_string"}}],"inLanguage":"es"}]}},"_links":{"self":[{"href":"https:\/\/www.nrtw.org\/es\/wp-json\/wp\/v2\/pages\/2100","targetHints":{"allow":["GET"]}}],"collection":[{"href":"https:\/\/www.nrtw.org\/es\/wp-json\/wp\/v2\/pages"}],"about":[{"href":"https:\/\/www.nrtw.org\/es\/wp-json\/wp\/v2\/types\/page"}],"author":[{"embeddable":true,"href":"https:\/\/www.nrtw.org\/es\/wp-json\/wp\/v2\/users\/435"}],"replies":[{"embeddable":true,"href":"https:\/\/www.nrtw.org\/es\/wp-json\/wp\/v2\/comments?post=2100"}],"version-history":[{"count":1,"href":"https:\/\/www.nrtw.org\/es\/wp-json\/wp\/v2\/pages\/2100\/revisions"}],"predecessor-version":[{"id":7676,"href":"https:\/\/www.nrtw.org\/es\/wp-json\/wp\/v2\/pages\/2100\/revisions\/7676"}],"wp:attachment":[{"href":"https:\/\/www.nrtw.org\/es\/wp-json\/wp\/v2\/media?parent=2100"}],"curies":[{"name":"wp","href":"https:\/\/api.w.org\/{rel}","templated":true}]}}