{"id":2098,"date":"2009-05-07T12:15:19","date_gmt":"2009-05-07T12:15:19","guid":{"rendered":""},"modified":"2016-06-27T19:33:08","modified_gmt":"2016-06-27T19:33:08","slug":"muestra-de-una-carta-de-renuncia-en-el-sindicato","status":"publish","type":"page","link":"https:\/\/www.nrtw.org\/es\/muestra-de-una-carta-de-renuncia-en-el-sindicato\/","title":{"rendered":"Muestra de una carta de renuncia en el sindicato"},"content":{"rendered":"<p>A continuaci\u00f3n se proporciona una muestra de una carta de renuncia.<\/p>\n<p>[<U>CARTA AL SINDICATO:<\/U><BR \/><br \/>\nENV\u00cdE POR CORREO CERTIFICADO, <BR \/><br \/>\nCON ACUSE DE RECIBO]<\/p>\n<p>[su direcci\u00f3n]<\/p>\n<p>[fecha]<\/p>\n<p>[nombre y direcci\u00f3n del sindicato] <\/p>\n<p>[Al funcionario apropiado del sindicato]:<br \/>\nPor medio de la presente renuncio como miembro del [nombre del sindicato.} Mi renuncia es con efecto inmediato. Seguir\u00e9 cumpliendo con mi obligaci\u00f3n legal de pagar una cuota de representaci\u00f3n al sindicato bajo su convenio de &quot;taller sindicalizado&quot; o &quot;taller de agencia&quot; con [nombre del empleador].<\/p>\n<p>M\u00e1s a\u00fan, me opongo al cobro y al gasto por parte del sindicato de una cuota para cualquier prop\u00f3sito distinto a lo que es mi parte proporcional de los costos del sindicato para la negociaci\u00f3n colectiva, la administraci\u00f3n del contrato y el ajuste de agravios, tal como es mi derecho seg\u00fan <a href=\"http:\/\/caselaw.findlaw.com\/cgi-bin\/getcase.pl?court=US&#038;vol=466&#038;invol=435\"><i>Ellis v. BRAC<\/i>, 466 U.S. 435 (1984)<\/a>. Conforme a  <a href=\"http:\/\/caselaw.findlaw.com\/cgi-bin\/getcase.pl?court=US&#038;vol=475&#038;invol=292\"><i>Chicago Teachers Union v. Hudson<\/i>, 475 U.S. 292 (1986)<\/a>, solicito que se me entreguen mis derechos de procedimiento, incluso: la reducci\u00f3n de mis cuotas a la cantidad que incluya \u00fanicamente los costos legalmente imputables, una notificaci\u00f3n del c\u00e1lculo de esa cantidad verificada por un contador p\u00fablico certificado independiente y una notificaci\u00f3n del procedimiento que han adoptado para conservar mis cuotas en una cuenta de reserva que devenga intereses, y darme la oportunidad de cuestionar el c\u00e1lculo y de que lo revise una persona responsable de tomar decisiones imparcial.<BR><\/p>\n<p>[Si paga sus cuotas por medio de un descuento por n\u00f3mina, incluya este p\u00e1rrafo:<br \/>\nPor consiguiente, tambi\u00e9n le notifico que \u00fanicamente deseo autorizar la deducci\u00f3n de cuotas de representaci\u00f3n de mi salario. Si para hacer ese cambio se me requiere firmar un nuevo formulario para la autorizaci\u00f3n de deducci\u00f3n, por favor proporci\u00f3neme el formulario necesario.]<BR><\/p>\n<p>Le agradecer\u00eda contestar mi solicitud sin demora. Si se siguen cobrando o gastando cuotas o cobros sin las salvaguardas de procedimiento requeridas por ley se violar\u00e1n mis derechos seg\u00fan <a href=\"http:\/\/www4.law.cornell.edu\/uscode\/45\/151.shtml\">La Ley de Trabajo en Ferrocarriles<\/a> o la Constituci\u00f3n de los Estados Unidos.<\/p>\n<p>Finalmente, por favor considere esta objeci\u00f3n como permanente y continua en naturaleza.<\/p>\n<p>Atentamente, <br \/>\n[nombre]<\/p>\n<hr \/>\n<p>Si incluye el p\u00e1rrafo sobre la autorizaci\u00f3n para el descuento de n\u00f3mina, tambi\u00e9n deber\u00eda enviarle una copia de esta carta al departamento de n\u00f3minas de su empleador.<\/p>\n<p>*Los Objetores Religiosos no deber\u00edan usar esta carta para renunciar a su membres\u00eda en el sindicato.*<\/p>","protected":false},"excerpt":{"rendered":"<p>A continuaci\u00f3n se proporciona una muestra de una carta de renuncia.<\/p>\n<p>[<U>CARTA AL SINDICATO:<\/U><BR \/><br \/>\nENV\u00cdE POR CORREO CERTIFICADO, <BR \/><br \/>\nCON ACUSE DE RECIBO]<\/p>\n<p>[su direcci\u00f3n]<\/p>\n<p>[fecha]<\/p>\n<p>[nombre y direcci\u00f3n del sindicato] <\/p>\n<p>[Al funcionario apropiado del sindicato]:<br \/>\nPor medio de la presente renuncio como miembro del [nombre del sindicato.} Mi renuncia es con efecto inmediato. Seguir\u00e9 cumpliendo con mi obligaci\u00f3n legal de pagar una cuota de representaci\u00f3n al sindicato bajo su convenio de &quot;taller sindicalizado&quot; o &quot;taller de agencia&quot; con [nombre del empleador].<\/p>\n","protected":false},"author":2,"featured_media":0,"parent":0,"menu_order":0,"comment_status":"open","ping_status":"open","template":"","meta":{"_lmt_disableupdate":"","_lmt_disable":"","footnotes":""},"class_list":["post-2098","page","type-page","status-publish","hentry"],"yoast_head":"<!-- This site is optimized with the Yoast SEO plugin v27.6 - https:\/\/yoast.com\/product\/yoast-seo-wordpress\/ -->\n<title>Same Union Resignation Letter Muestra de una carta de renuncia en el sindicato - National Right to Work Foundation<\/title>\n<meta name=\"robots\" content=\"index, follow, max-snippet:-1, max-image-preview:large, max-video-preview:-1\" \/>\n<link rel=\"canonical\" href=\"https:\/\/www.nrtw.org\/muestra-de-una-carta-de-renuncia-en-el-sindicato\/\" \/>\n<meta property=\"og:locale\" content=\"es_ES\" \/>\n<meta property=\"og:type\" content=\"article\" \/>\n<meta property=\"og:title\" content=\"Same Union Resignation Letter Muestra de una carta de renuncia en el sindicato - National Right to Work Foundation\" \/>\n<meta property=\"og:description\" content=\"A continuaci\u00f3n se proporciona una muestra de una carta de renuncia.  [CARTA AL SINDICATO: ENV\u00cdE POR CORREO CERTIFICADO,  CON ACUSE DE RECIBO]  [su direcci\u00f3n]  [fecha]  [nombre y direcci\u00f3n del sindicato]   [Al funcionario apropiado del sindicato]:  Por medio de la presente renuncio como miembro del [nombre del sindicato.} Mi renuncia es con efecto inmediato. Seguir\u00e9 cumpliendo con mi obligaci\u00f3n legal de pagar una cuota de representaci\u00f3n al sindicato bajo su convenio de &quot;taller sindicalizado&quot; o &quot;taller de agencia&quot; con [nombre del empleador].  A continuaci\u00f3n se proporciona una muestra de una carta de renuncia.  [CARTA AL SINDICATO: ENV\u00cdE POR CORREO CERTIFICADO,  CON ACUSE DE RECIBO]  [su direcci\u00f3n]  [fecha]  [nombre y direcci\u00f3n del sindicato]   [Al funcionario apropiado del sindicato]:  Por medio de la presente renuncio como miembro del [nombre del sindicato.} Mi renuncia es con efecto inmediato. Seguir\u00e9 cumpliendo con mi obligaci\u00f3n legal de pagar una cuota de representaci\u00f3n al sindicato bajo su convenio de &quot;taller sindicalizado&quot; o &quot;taller de agencia&quot; con [nombre del empleador].\" \/>\n<meta property=\"og:url\" content=\"https:\/\/www.nrtw.org\/muestra-de-una-carta-de-renuncia-en-el-sindicato\/\" \/>\n<meta property=\"og:site_name\" content=\"National Right to Work Foundation\" \/>\n<meta property=\"article:modified_time\" content=\"2016-06-27T19:33:08+00:00\" \/>\n<meta name=\"twitter:card\" content=\"summary_large_image\" \/>\n<meta name=\"twitter:label1\" content=\"Tiempo de lectura\" \/>\n\t<meta name=\"twitter:data1\" content=\"4 minutos\" \/>\n<script type=\"application\/ld+json\" class=\"yoast-schema-graph\">{\"@context\":\"https:\\\/\\\/schema.org\",\"@graph\":[{\"@type\":\"WebPage\",\"@id\":\"https:\\\/\\\/www.nrtw.org\\\/muestra-de-una-carta-de-renuncia-en-el-sindicato\\\/\",\"url\":\"https:\\\/\\\/www.nrtw.org\\\/muestra-de-una-carta-de-renuncia-en-el-sindicato\\\/\",\"name\":\"Same Union Resignation Letter Muestra de una carta de renuncia en el sindicato - National Right to Work Foundation\",\"isPartOf\":{\"@id\":\"https:\\\/\\\/www.nrtw.org\\\/#website\"},\"datePublished\":\"2009-05-07T12:15:19+00:00\",\"dateModified\":\"2016-06-27T19:33:08+00:00\",\"inLanguage\":\"es\",\"potentialAction\":[{\"@type\":\"ReadAction\",\"target\":[\"https:\\\/\\\/www.nrtw.org\\\/muestra-de-una-carta-de-renuncia-en-el-sindicato\\\/\"]}]},{\"@type\":\"WebSite\",\"@id\":\"https:\\\/\\\/www.nrtw.org\\\/#website\",\"url\":\"https:\\\/\\\/www.nrtw.org\\\/\",\"name\":\"National Right to Work Foundation\",\"description\":\"\",\"potentialAction\":[{\"@type\":\"SearchAction\",\"target\":{\"@type\":\"EntryPoint\",\"urlTemplate\":\"https:\\\/\\\/www.nrtw.org\\\/?s={search_term_string}\"},\"query-input\":{\"@type\":\"PropertyValueSpecification\",\"valueRequired\":true,\"valueName\":\"search_term_string\"}}],\"inLanguage\":\"es\"}]}<\/script>\n<!-- \/ Yoast SEO plugin. -->","yoast_head_json":{"title":"Same Union Resignation Letter Muestra de una carta de renuncia en el sindicato - National Right to Work Foundation","robots":{"index":"index","follow":"follow","max-snippet":"max-snippet:-1","max-image-preview":"max-image-preview:large","max-video-preview":"max-video-preview:-1"},"canonical":"https:\/\/www.nrtw.org\/muestra-de-una-carta-de-renuncia-en-el-sindicato\/","og_locale":"es_ES","og_type":"article","og_title":"Same Union Resignation Letter Muestra de una carta de renuncia en el sindicato - National Right to Work Foundation","og_description":"A continuaci\u00f3n se proporciona una muestra de una carta de renuncia.  [CARTA AL SINDICATO: ENV\u00cdE POR CORREO CERTIFICADO,  CON ACUSE DE RECIBO]  [su direcci\u00f3n]  [fecha]  [nombre y direcci\u00f3n del sindicato]   [Al funcionario apropiado del sindicato]:  Por medio de la presente renuncio como miembro del [nombre del sindicato.} Mi renuncia es con efecto inmediato. Seguir\u00e9 cumpliendo con mi obligaci\u00f3n legal de pagar una cuota de representaci\u00f3n al sindicato bajo su convenio de &quot;taller sindicalizado&quot; o &quot;taller de agencia&quot; con [nombre del empleador].  A continuaci\u00f3n se proporciona una muestra de una carta de renuncia.  [CARTA AL SINDICATO: ENV\u00cdE POR CORREO CERTIFICADO,  CON ACUSE DE RECIBO]  [su direcci\u00f3n]  [fecha]  [nombre y direcci\u00f3n del sindicato]   [Al funcionario apropiado del sindicato]:  Por medio de la presente renuncio como miembro del [nombre del sindicato.} Mi renuncia es con efecto inmediato. Seguir\u00e9 cumpliendo con mi obligaci\u00f3n legal de pagar una cuota de representaci\u00f3n al sindicato bajo su convenio de &quot;taller sindicalizado&quot; o &quot;taller de agencia&quot; con [nombre del empleador].","og_url":"https:\/\/www.nrtw.org\/muestra-de-una-carta-de-renuncia-en-el-sindicato\/","og_site_name":"National Right to Work Foundation","article_modified_time":"2016-06-27T19:33:08+00:00","twitter_card":"summary_large_image","twitter_misc":{"Tiempo de lectura":"4 minutos"},"schema":{"@context":"https:\/\/schema.org","@graph":[{"@type":"WebPage","@id":"https:\/\/www.nrtw.org\/muestra-de-una-carta-de-renuncia-en-el-sindicato\/","url":"https:\/\/www.nrtw.org\/muestra-de-una-carta-de-renuncia-en-el-sindicato\/","name":"Same Union Resignation Letter Muestra de una carta de renuncia en el sindicato - National Right to Work Foundation","isPartOf":{"@id":"https:\/\/www.nrtw.org\/#website"},"datePublished":"2009-05-07T12:15:19+00:00","dateModified":"2016-06-27T19:33:08+00:00","inLanguage":"es","potentialAction":[{"@type":"ReadAction","target":["https:\/\/www.nrtw.org\/muestra-de-una-carta-de-renuncia-en-el-sindicato\/"]}]},{"@type":"WebSite","@id":"https:\/\/www.nrtw.org\/#website","url":"https:\/\/www.nrtw.org\/","name":"National Right to Work Foundation","description":"","potentialAction":[{"@type":"SearchAction","target":{"@type":"EntryPoint","urlTemplate":"https:\/\/www.nrtw.org\/?s={search_term_string}"},"query-input":{"@type":"PropertyValueSpecification","valueRequired":true,"valueName":"search_term_string"}}],"inLanguage":"es"}]}},"_links":{"self":[{"href":"https:\/\/www.nrtw.org\/es\/wp-json\/wp\/v2\/pages\/2098","targetHints":{"allow":["GET"]}}],"collection":[{"href":"https:\/\/www.nrtw.org\/es\/wp-json\/wp\/v2\/pages"}],"about":[{"href":"https:\/\/www.nrtw.org\/es\/wp-json\/wp\/v2\/types\/page"}],"author":[{"embeddable":true,"href":"https:\/\/www.nrtw.org\/es\/wp-json\/wp\/v2\/users\/2"}],"replies":[{"embeddable":true,"href":"https:\/\/www.nrtw.org\/es\/wp-json\/wp\/v2\/comments?post=2098"}],"version-history":[{"count":2,"href":"https:\/\/www.nrtw.org\/es\/wp-json\/wp\/v2\/pages\/2098\/revisions"}],"predecessor-version":[{"id":4199,"href":"https:\/\/www.nrtw.org\/es\/wp-json\/wp\/v2\/pages\/2098\/revisions\/4199"}],"wp:attachment":[{"href":"https:\/\/www.nrtw.org\/es\/wp-json\/wp\/v2\/media?parent=2098"}],"curies":[{"name":"wp","href":"https:\/\/api.w.org\/{rel}","templated":true}]}}