{"id":2097,"date":"2009-05-07T12:12:45","date_gmt":"2009-05-07T12:12:45","guid":{"rendered":""},"modified":"2016-06-23T17:58:26","modified_gmt":"2016-06-23T17:58:26","slug":"cmo-puedo-renunciar-a-mi-membresa-en-el-sindicato-1","status":"publish","type":"page","link":"https:\/\/www.nrtw.org\/es\/cmo-puedo-renunciar-a-mi-membresa-en-el-sindicato-1\/","title":{"rendered":"\u00bfC\u00f3mo puedo renunciar a mi membres\u00eda en el sindicato?"},"content":{"rendered":"<p><\/p>\n<p>\n<b>Pregunta:<\/b> <i> \u00bfC\u00f3mo puedo renunciar a mi membres\u00eda en el sindicato?<\/i>\n<\/p>\n<p>\n<b>Respuesta:<\/b> <i>En <\/i><a href=\"http:\/\/caselaw.findlaw.com\/cgi-bin\/getcase.pl?court=US&amp;vol=473&amp;invol=95\">Pattern  Makers v. NLRB<\/a><i><a href=\"http:\/\/caselaw.findlaw.com\/cgi-bin\/getcase.pl?court=US&amp;vol=473&amp;invol=95\">, 473 U.S. 95 (1985)<\/a>, el Tribunal Supremo de los Estados Unidos decidi\u00f3 que los miembros del sindicato tienen el derecho de renunciar a sus membres\u00edas en el sindicato en <b>cualquier<\/b> momento.<\/i>\n<\/p>\n<p>\nPor supuesto, la decisi\u00f3n de renunciar es completamente suya. Si el contrato entre su empleador y el sindicato no contiene ninguna disposici\u00f3n que le requiera unirse al sindicato o pagarle cuotas, no tendr\u00eda ninguna obligaci\u00f3n hacia el sindicato despu\u00e9s de su renuncia. Si el contrato no contiene una disposici\u00f3n de ese tipo, entonces como no miembro, tendr\u00eda el derecho de limitar sus cuotas sindicales a su parte de los costos de la negociaci\u00f3n colectiva, administraci\u00f3n del contrato y ajuste de agravios, y tampoco estar\u00eda sujeto a las reglas o medidas disciplinarias del sindicato. Por ejemplo, los que no son miembros no est\u00e1n sujetos a las reglas del sindicato en contra de trabajar durante una huelga. Si es miembro del sindicato y trabaja durante una huelga, el sindicato podr\u00eda imponerle una multa y cobrarla por medio de un tribunal estatal.\n<\/p>\n<p>\nSi renuncia, el sindicato tiene que seguir represent\u00e1ndolo en forma justa y sin discriminaci\u00f3n respecto a todos los asuntos sujetos a la negociaci\u00f3n colectiva y no se le puede negar ninguna prestaci\u00f3n seg\u00fan el contrato laboral con su empleador debido a no ser miembro.\n<\/p>\n<p>\nPor otro lado, no tendr\u00eda el derecho a votar sobre la ratificaci\u00f3n del contrato ni en la elecci\u00f3n de funcionarios del sindicato, y puede haber prestaciones otorgadas seg\u00fan el acta constitutiva del sindicato que no est\u00e9n disponibles a los que no son miembros.  (Sin embargo, a los que no son miembros no se les puede cobrar una parte de los costos de las prestaciones que son para los miembros solamente). Esas prestaciones pueden incluir seguir participando en el plan de jubilaci\u00f3n para miembros solamente. (Su participaci\u00f3n en un plan de pensi\u00f3n financiado por su empleador o financiado conjuntamente con su empleador, que se otorga como una prestaci\u00f3n al empleado, no puede ser afectada negativamente por no ser miembro del sindicato.)\n<\/p>\n<p>\nPuede renunciar simplemente mand\u00e1ndole una carta escrita al sindicato diciendo que quiere renunciar con efecto inmediato. De igual manera, puede hacer valer su derecho a no pagar por las actividades pol\u00edticas del sindicato notificando al sindicato por escrito que se opone al uso de sus cuotas para prop\u00f3sitos distintos a la negociaci\u00f3n colectiva y a la administraci\u00f3n del contrato. El sindicato puede alegar que las renuncias \u00fanicamente se pueden presentar durante un periodo espec\u00edfico. Esto no es cierto porque dichas limitaciones sobre el derecho a renunciar est\u00e1n en contra de la ley de acuerdo a <I>Pattern Makers<\/I>.\n<\/p>\n<p>\nDeber\u00eda verificar el acta constitutiva y los estatutos de su sindicato para ver si tienen alguna disposici\u00f3n que especifique a qui\u00e9n se le debe presentar la renuncia.  Dichos requerimientos se han sostenido en los tribunales y en la Junta Nacional de Relaciones del Trabajo (NLRB por sus siglas en ingl\u00e9s).  Tambi\u00e9n deber\u00eda verificar con el sindicato para ver si tiene una pol\u00edtica concerniente a cu\u00e1ndo y a qui\u00e9n se le deben presentar las objeciones <I>Beck<\/I> (objeciones a la cantidad de las cuotas del sindicato). Para obtener enlaces a pol\u00edticas de objeci\u00f3n al sindicato en el Internet, <a href=\"\/es\/pol-ticas-de-objeci-n-de-la-uni-n\">haga clic aqu\u00ed<\/a>.\n<\/p>\n<p>\nSi ha autorizado el descuento por n\u00f3mina de sus cuotas completas, es posible que tambi\u00e9n tenga que notificarle a su empleador que desea autorizar que se descuente \u00fanicamente la parte de sus cuotas que es legalmente imputable bajo <I>Beck<\/I>. El notificar a su empleador acerca de su cambio a la condici\u00f3n de objetor <I>Beck<\/I> deber\u00eda tomarse como un simple cambio a la cantidad autorizada para el descuento y deber\u00eda ser aceptado por su empleador para implementarse inmediatamente, suponiendo que tambi\u00e9n haya notificado a su sindicato.\n<\/p>\n<p>\nSi decide renunciar y oponerse, guarde copias para sus archivos, tanto de su renuncia como de su carta de objeci\u00f3n. Deber\u00eda mandar ambas por correo certificado con acuse de recibo para que el sindicato no pueda decir que no los recibi\u00f3. Si su sindicato o empleador se reh\u00fasa a aceptar su renuncia u objeci\u00f3n, deber\u00eda comunicarse inmediatamente con la Fundaci\u00f3n si desea ayuda.\n<\/p>\n<p>\nSi su sindicato o empleador no le permite renunciar, usted tendr\u00eda el derecho a presentar un cargo de pr\u00e1cticas il\u00edcitas del trabajo en contra de la(s) parte(s) rehusante(s) ante la oficina regional m\u00e1s cercana de la NLRB. Sin embargo, debe estar consciente que los reclamos concernientes a la conducta  que ocurra mas de seis meses antes de la presentaci\u00f3n  de cargos pueden haber prescrito, as\u00ed es que es importante presentar los reclamos con prontitud.\n<\/p>\n<p>\nAdem\u00e1s de los derechos detallados arriba (en cuanto a las maneras de limitar su afiliaci\u00f3n con el sindicato), tambi\u00e9n deber\u00eda recordar que los empleados del sector privado amparados por la NLRA tienen el derecho de pedir una elecci\u00f3n para la&quot; desautorizaci\u00f3n&quot;, la cual completamente nulifica la cl\u00e1usula de sindicalismo forzoso en el convenio colectivo laboral, y elimina TODOS los requerimientos de cuotas. Para m\u00e1s informaci\u00f3n acerca de esta opci\u00f3n, haga clic <a href=\"\/es\/elecci-n-de-desautorizaci-n\">aqu\u00ed<\/a>.\n<\/p>\n<p>\nEsta informaci\u00f3n no pretende animarlo a renunciar a su sindicato y a oponerse a la cantidad de las cuotas sindicales. La intenci\u00f3n es simplemente explicarle sus derechos legales en este tipo de situaci\u00f3n.\n<\/p>\n<p>\n<a href=\"\/es\/muestra-de-una-carta-de-renuncia-para-los-empleado\" title=\"Muestra de una Carta de Renuncia del sindicato\">Haga clic aqu\u00ed<\/A> si quisiera ver un ejemplo de una carta de renuncia.\n<\/p>\n<hr \/>\n<p>\nSi desea <b>enterarse m\u00e1s acerca de sus derechos legales<\/b> como empleado en el sector privado, haga clic en la pregunta apropiada de las siguientes:\n<\/p>\n<ul>\n<li><a href=\"\/es\/sus-derechos-legales-empleado-en-el-sector-privado\">Si trabajo en un estado con Derecho al Trabajo, \u00bfpuedo renunciar a mi membres\u00eda en el sindicato y suspender el descuento de cuotas de mi salario?<\/a><\/li>\n<li><a href=\"\/es\/node\/3491\">\u00bfMe pueden obligar a hacerme miembro del sindicato o a pagarle cuotas? <\/a><\/li>\n<li> \u00bfC\u00f3mo puedo renunciar a mi membres\u00eda en el sindicato? <\/li>\n<li><a href=\"\/es\/c-mo-puede-prevenir-el-uso-de-mis-cuotas-para-la-0\">\u00bfC\u00f3mo puedo evitar que se usen mis cuotas para actividades pol\u00edticas y otras no incluidas en la negociaci\u00f3n?<\/a> <\/li>\n<li><a href=\"\/es\/gu-para-empleados-sobre-las-cuotas-de-uni-n-y-lo-q\">\u00bfQu\u00e9 pasa si tengo objeciones religiosas para unirme al sindicato o para apoyarlo econ\u00f3micamente?<\/a> <\/li>\n<li><a href=\"\/es\/qu-hago-si-soy-victima-de-la-violencia-por-la-uni\">\u00bfQu\u00e9 hago si soy v\u00edctima de la violencia sindical?<\/a> <\/li>\n<li><a href=\"\/es\/node\/3494\">\u00bfQu\u00e9 pasa si quiero trabajar mientras hay una huelga?<\/a><\/li>\n<li><a href=\"\/es\/sus-derechos-legales-empleado-del-sector-privado\">Si creo que mis derechos han sido violados por abusos del sindicalismo forzoso, \u00bfpuedo presentar mis propios cargos de pr\u00e1cticas il\u00edcitas del trabajo en contra del sindicato o empleador ante la Junta Nacional de Relaciones del Trabajo?<\/a>\n\t<\/li>\n<\/ul>\n<p><\/p>","protected":false},"excerpt":{"rendered":"<p>\n<b>Pregunta:<\/b> <i> \u00bfC\u00f3mo puedo renunciar a mi membres\u00eda en el sindicato?<\/i>\n<\/p>\n<p>\n<b>Respuesta:<\/b> <i>En <\/i><a href=\"http:\/\/caselaw.findlaw.com\/cgi-bin\/getcase.pl?court=US&amp;vol=473&amp;invol=95\">Pattern  Makers v. NLRB<\/a><i><a href=\"http:\/\/caselaw.findlaw.com\/cgi-bin\/getcase.pl?court=US&amp;vol=473&amp;invol=95\">, 473 U.S. 95 (1985)<\/a>, el Tribunal Supremo de los Estados Unidos decidi\u00f3 que los miembros del sindicato tienen el derecho de renunciar a sus membres\u00edas en el sindicato en <b>cualquier<\/b> momento.<\/i><\/p>\n","protected":false},"author":1,"featured_media":0,"parent":0,"menu_order":0,"comment_status":"open","ping_status":"open","template":"","meta":{"_lmt_disableupdate":"","_lmt_disable":"","footnotes":""},"class_list":["post-2097","page","type-page","status-publish","hentry"],"yoast_head":"<!-- This site is optimized with the Yoast SEO plugin v27.4 - https:\/\/yoast.com\/product\/yoast-seo-wordpress\/ -->\n<title>How can I resign my union membership?\u00bfC\u00f3mo puedo renunciar a mi membres\u00eda en el sindicato? - National Right to Work Foundation<\/title>\n<meta name=\"robots\" content=\"index, follow, max-snippet:-1, max-image-preview:large, max-video-preview:-1\" \/>\n<link rel=\"canonical\" href=\"https:\/\/www.nrtw.org\/es\/cmo-puedo-renunciar-a-mi-membresa-en-el-sindicato-1\/\" \/>\n<meta property=\"og:locale\" content=\"es_ES\" \/>\n<meta property=\"og:type\" content=\"article\" \/>\n<meta property=\"og:title\" content=\"How can I resign my union membership?\u00bfC\u00f3mo puedo renunciar a mi membres\u00eda en el sindicato? - National Right to Work Foundation\" \/>\n<meta property=\"og:description\" content=\"Pregunta: \u00bfC\u00f3mo puedo renunciar a mi membres\u00eda en el sindicato?   Respuesta: En Pattern Makers v. NLRB, 473 U.S. 95 (1985), el Tribunal Supremo de los Estados Unidos decidi\u00f3 que los miembros del sindicato tienen el derecho de renunciar a sus membres\u00edas en el sindicato en cualquier momento.  Pregunta: \u00bfC\u00f3mo puedo renunciar a mi membres\u00eda en el sindicato?   Respuesta: En Pattern Makers v. NLRB, 473 U.S. 95 (1985), el Tribunal Supremo de los Estados Unidos decidi\u00f3 que los miembros del sindicato tienen el derecho de renunciar a sus membres\u00edas en el sindicato en cualquier momento.\" \/>\n<meta property=\"og:url\" content=\"https:\/\/www.nrtw.org\/es\/cmo-puedo-renunciar-a-mi-membresa-en-el-sindicato-1\/\" \/>\n<meta property=\"og:site_name\" content=\"National Right to Work Foundation\" \/>\n<meta property=\"article:modified_time\" content=\"2016-06-23T17:58:26+00:00\" \/>\n<meta name=\"twitter:card\" content=\"summary_large_image\" \/>\n<meta name=\"twitter:label1\" content=\"Tiempo de lectura\" \/>\n\t<meta name=\"twitter:data1\" content=\"10 minutos\" \/>\n<script type=\"application\/ld+json\" class=\"yoast-schema-graph\">{\"@context\":\"https:\\\/\\\/schema.org\",\"@graph\":[{\"@type\":\"WebPage\",\"@id\":\"https:\\\/\\\/www.nrtw.org\\\/es\\\/cmo-puedo-renunciar-a-mi-membresa-en-el-sindicato-1\\\/\",\"url\":\"https:\\\/\\\/www.nrtw.org\\\/es\\\/cmo-puedo-renunciar-a-mi-membresa-en-el-sindicato-1\\\/\",\"name\":\"How can I resign my union membership?\u00bfC\u00f3mo puedo renunciar a mi membres\u00eda en el sindicato? - National Right to Work Foundation\",\"isPartOf\":{\"@id\":\"https:\\\/\\\/www.nrtw.org\\\/#website\"},\"datePublished\":\"2009-05-07T12:12:45+00:00\",\"dateModified\":\"2016-06-23T17:58:26+00:00\",\"inLanguage\":\"es\",\"potentialAction\":[{\"@type\":\"ReadAction\",\"target\":[\"https:\\\/\\\/www.nrtw.org\\\/es\\\/cmo-puedo-renunciar-a-mi-membresa-en-el-sindicato-1\\\/\"]}]},{\"@type\":\"WebSite\",\"@id\":\"https:\\\/\\\/www.nrtw.org\\\/#website\",\"url\":\"https:\\\/\\\/www.nrtw.org\\\/\",\"name\":\"National Right to Work Foundation\",\"description\":\"\",\"potentialAction\":[{\"@type\":\"SearchAction\",\"target\":{\"@type\":\"EntryPoint\",\"urlTemplate\":\"https:\\\/\\\/www.nrtw.org\\\/?s={search_term_string}\"},\"query-input\":{\"@type\":\"PropertyValueSpecification\",\"valueRequired\":true,\"valueName\":\"search_term_string\"}}],\"inLanguage\":\"es\"}]}<\/script>\n<!-- \/ Yoast SEO plugin. -->","yoast_head_json":{"title":"How can I resign my union membership?\u00bfC\u00f3mo puedo renunciar a mi membres\u00eda en el sindicato? - National Right to Work Foundation","robots":{"index":"index","follow":"follow","max-snippet":"max-snippet:-1","max-image-preview":"max-image-preview:large","max-video-preview":"max-video-preview:-1"},"canonical":"https:\/\/www.nrtw.org\/es\/cmo-puedo-renunciar-a-mi-membresa-en-el-sindicato-1\/","og_locale":"es_ES","og_type":"article","og_title":"How can I resign my union membership?\u00bfC\u00f3mo puedo renunciar a mi membres\u00eda en el sindicato? - National Right to Work Foundation","og_description":"Pregunta: \u00bfC\u00f3mo puedo renunciar a mi membres\u00eda en el sindicato?   Respuesta: En Pattern Makers v. NLRB, 473 U.S. 95 (1985), el Tribunal Supremo de los Estados Unidos decidi\u00f3 que los miembros del sindicato tienen el derecho de renunciar a sus membres\u00edas en el sindicato en cualquier momento.  Pregunta: \u00bfC\u00f3mo puedo renunciar a mi membres\u00eda en el sindicato?   Respuesta: En Pattern Makers v. NLRB, 473 U.S. 95 (1985), el Tribunal Supremo de los Estados Unidos decidi\u00f3 que los miembros del sindicato tienen el derecho de renunciar a sus membres\u00edas en el sindicato en cualquier momento.","og_url":"https:\/\/www.nrtw.org\/es\/cmo-puedo-renunciar-a-mi-membresa-en-el-sindicato-1\/","og_site_name":"National Right to Work Foundation","article_modified_time":"2016-06-23T17:58:26+00:00","twitter_card":"summary_large_image","twitter_misc":{"Tiempo de lectura":"10 minutos"},"schema":{"@context":"https:\/\/schema.org","@graph":[{"@type":"WebPage","@id":"https:\/\/www.nrtw.org\/es\/cmo-puedo-renunciar-a-mi-membresa-en-el-sindicato-1\/","url":"https:\/\/www.nrtw.org\/es\/cmo-puedo-renunciar-a-mi-membresa-en-el-sindicato-1\/","name":"How can I resign my union membership?\u00bfC\u00f3mo puedo renunciar a mi membres\u00eda en el sindicato? - National Right to Work Foundation","isPartOf":{"@id":"https:\/\/www.nrtw.org\/#website"},"datePublished":"2009-05-07T12:12:45+00:00","dateModified":"2016-06-23T17:58:26+00:00","inLanguage":"es","potentialAction":[{"@type":"ReadAction","target":["https:\/\/www.nrtw.org\/es\/cmo-puedo-renunciar-a-mi-membresa-en-el-sindicato-1\/"]}]},{"@type":"WebSite","@id":"https:\/\/www.nrtw.org\/#website","url":"https:\/\/www.nrtw.org\/","name":"National Right to Work Foundation","description":"","potentialAction":[{"@type":"SearchAction","target":{"@type":"EntryPoint","urlTemplate":"https:\/\/www.nrtw.org\/?s={search_term_string}"},"query-input":{"@type":"PropertyValueSpecification","valueRequired":true,"valueName":"search_term_string"}}],"inLanguage":"es"}]}},"_links":{"self":[{"href":"https:\/\/www.nrtw.org\/es\/wp-json\/wp\/v2\/pages\/2097","targetHints":{"allow":["GET"]}}],"collection":[{"href":"https:\/\/www.nrtw.org\/es\/wp-json\/wp\/v2\/pages"}],"about":[{"href":"https:\/\/www.nrtw.org\/es\/wp-json\/wp\/v2\/types\/page"}],"author":[{"embeddable":true,"href":"https:\/\/www.nrtw.org\/es\/wp-json\/wp\/v2\/users\/1"}],"replies":[{"embeddable":true,"href":"https:\/\/www.nrtw.org\/es\/wp-json\/wp\/v2\/comments?post=2097"}],"version-history":[{"count":1,"href":"https:\/\/www.nrtw.org\/es\/wp-json\/wp\/v2\/pages\/2097\/revisions"}],"predecessor-version":[{"id":4063,"href":"https:\/\/www.nrtw.org\/es\/wp-json\/wp\/v2\/pages\/2097\/revisions\/4063"}],"wp:attachment":[{"href":"https:\/\/www.nrtw.org\/es\/wp-json\/wp\/v2\/media?parent=2097"}],"curies":[{"name":"wp","href":"https:\/\/api.w.org\/{rel}","templated":true}]}}