{"id":2094,"date":"2009-05-07T11:38:59","date_gmt":"2009-05-07T15:38:59","guid":{"rendered":""},"modified":"-0001-11-30T00:00:00","modified_gmt":"-0001-11-30T04:00:00","slug":"muestra-de-una-carta-de-objecin-1","status":"publish","type":"page","link":"https:\/\/www.nrtw.org\/es\/muestra-de-una-carta-de-objecin-1\/","title":{"rendered":"Muestra de una carta de objeci\u00f3n"},"content":{"rendered":"<p>[<U>CARTA AL SINDICATO:<\/u> <BR \/><br \/>\nENV\u00cdE POR CORREO CERTIFICADO, <BR \/><br \/>\nCON ACUSE DE RECIBO]<\/p>\n<p>[su direcci\u00f3n]<BR \/><br \/>\n[fecha]<\/p>\n<p>[nombre y direcci\u00f3n del sindicato<\/p>\n<p>[Al funcionario apropiado del sindicato]: <\/p>\n<p>Me opongo al cobro y al gasto de una cuota por parte del sindicato para cualquier prop\u00f3sito distinto a lo que es mi parte proporcional de los costos del sindicato para la negociaci\u00f3n colectiva, la administraci\u00f3n del contrato y el ajuste de agravios, tal como es mi derecho seg\u00fan <a href=\"http:\/\/caselaw.findlaw.com\/cgi-bin\/getcase.pl?court=US&#038;vol=431&#038;invol=209\"><I>Abood v. Detroit Board of Education<\/I>, 431 U.S. 209 (1977) <\/a>. Conforme a <a href=\"http:\/\/caselaw.findlaw.com\/cgi-bin\/getcase.pl?court=US&#038;vol=475&#038;invol=292\"><I>Chicago Teachers Union v. Hudson<\/I>, 475 U.S. 292 (1986)<\/a>, solicito que se me entreguen mis derechos de procedimiento, incluso: la reducci\u00f3n de mis cuotas a la cantidad que incluya \u00fanicamente los costos legalmente imputables, una notificaci\u00f3n del c\u00e1lculo de esa cantidad verificada por un contador p\u00fablico certificado independiente y una notificaci\u00f3n del procedimiento que han adoptado para conservar mis cuotas en una cuenta de reserva que devenga intereses, y darme la oportunidad de cuestionar el c\u00e1lculo y de que lo revise una persona responsable de tomar decisiones imparcial. <\/p>\n<p>[Si paga sus cuotas por medio de un descuento por n\u00f3mina, incluya este p\u00e1rrafo: Por consiguiente, tambi\u00e9n revoco mi autorizaci\u00f3n para el descuento por n\u00f3mina de mis cuotas de membres\u00eda y autorizo \u00fanicamente el descuento de cuotas de representaci\u00f3n. Si para hacer ese cambio se me requiere firmar un nuevo formulario para la autorizaci\u00f3n de deducci\u00f3n, por favor proporci\u00f3neme el formulario necesario.] <\/p>\n<p>Le agradecer\u00eda contestar a mi solicitud sin demora. Si se siguen cobrando o gastando cuotas o cobros sin las salvaguardas de procedimiento requeridas por ley se violar\u00e1n mis derechos seg\u00fan la Ley Federal de Derechos Civiles de 1871, 42 U.S. Code &sect; 1983, y seg\u00fan la Constituci\u00f3n de los Estados Unidos. <\/p>\n<p>Finalmente, por favor considere esta objeci\u00f3n como permanente y continua en naturaleza.<\/p>\n<p>Atentamente, <br \/>\n[nombre]<\/p>\n<hr \/>\n<p>[<U>CARTA AL EMPLEADOR:<\/U> <BR \/><br \/>\nENV\u00cdE POR CORREO CERTIFICADO, <BR \/><br \/>\nCON ACUSE DE RECIBO]<\/p>\n<p>[su direcci\u00f3n]<BR \/><br \/>\n[fecha]<\/p>\n<p>[nombre y direcci\u00f3n del departamento responsable del descuento de n\u00f3mina] <\/p>\n<p>A quien corresponda: <\/p>\n<p>Hoy le notifiqu\u00e9 al [el nombre del sindicato] que me opongo al cobro y al gasto de una cuota por parte del sindicato para cualquier prop\u00f3sito distinto a lo que es mi parte proporcional de los costos del sindicato para la negociaci\u00f3n colectiva, la administraci\u00f3n del contrato y al ajuste de agravios, tal como es mi derecho constitucional seg\u00fan  <a href=\"\/foundation-won.htm#Abbod\"><i>Abood v. Detroit Board of Education<\/i><\/a>, 431 .S. 209 (1977).  He incluido una copia de mi carta.  Conforme a <a href=\"\/foundation-won.htm#Hudson\"><i>Teachers Local 1 v. Hudson<\/i><\/a>, 475 U.S. 292 (1986), solicito que se asegure de que el sindicato me proporcione mis derechos de procedimiento seg\u00fan la Primera Enmienda, incluso los detallados en mi carta al sindicato.  Si el sindicato no lo hace, pido que [el nombre del empleador] me los proporcione.<\/p>\n<p>[Si paga sus cuotas por medio de un descuento por n\u00f3mina, incluya este p\u00e1rrafo:] Por consiguiente, tambi\u00e9n le notifico que \u00fanicamente deseo autorizar la deducci\u00f3n de cuotas de representaci\u00f3n limitadas a esos costos que son legalmente imputables seg\u00fan la Primera Enmienda a la Constituci\u00f3n de los Estados Unidos.  Si para hacer ese cambio se me requiere firmar un nuevo formulario, por favor proporci\u00f3neme el formulario necesario.]<\/p>\n<p>Le agradecer\u00eda contestar a mi solicitud sin demora. Si se siguen cobrando o gastando cuotas o cobros sin las salvaguardas de procedimiento requeridas por ley se violar\u00e1n mis derechos seg\u00fan la Ley Federal de Derechos Civiles de 1871, 42 U.S. Code &sect; 1983, y seg\u00fan la Constituci\u00f3n de los Estados Unidos. <\/p>\n<p>Atentamente, <br \/>\n[nombre]<\/p>\n","protected":false},"excerpt":{"rendered":"<p>[<U>CARTA AL SINDICATO:<\/u> <BR \/><br \/>\nENV\u00cdE POR CORREO CERTIFICADO, <BR \/><br \/>\nCON ACUSE DE RECIBO]<\/p>\n<p>[su direcci\u00f3n]<BR \/><br \/>\n[fecha]<\/p>\n<p>[nombre y direcci\u00f3n del sindicato<\/p>\n<p>[Al funcionario apropiado del sindicato]: <\/p>\n","protected":false},"author":435,"featured_media":0,"parent":0,"menu_order":0,"comment_status":"open","ping_status":"open","template":"","meta":{"_lmt_disableupdate":"","_lmt_disable":"","footnotes":""},"class_list":["post-2094","page","type-page","status-publish","hentry"],"yoast_head":"<!-- This site is optimized with the Yoast SEO plugin v27.6 - https:\/\/yoast.com\/product\/yoast-seo-wordpress\/ -->\n<title>Muestra de una carta de objeci\u00f3n - National Right to Work Foundation<\/title>\n<meta name=\"robots\" content=\"index, follow, max-snippet:-1, max-image-preview:large, max-video-preview:-1\" \/>\n<link rel=\"canonical\" href=\"https:\/\/www.nrtw.org\/muestra-de-una-carta-de-objecin-1\/\" \/>\n<meta property=\"og:locale\" content=\"es_ES\" \/>\n<meta property=\"og:type\" content=\"article\" \/>\n<meta property=\"og:title\" content=\"Muestra de una carta de objeci\u00f3n - National Right to Work Foundation\" \/>\n<meta property=\"og:description\" content=\"[CARTA AL SINDICATO:  ENV\u00cdE POR CORREO CERTIFICADO,  CON ACUSE DE RECIBO]  [su direcci\u00f3n] [fecha]  [nombre y direcci\u00f3n del sindicato  [Al funcionario apropiado del sindicato]:\" \/>\n<meta property=\"og:url\" content=\"https:\/\/www.nrtw.org\/muestra-de-una-carta-de-objecin-1\/\" \/>\n<meta property=\"og:site_name\" content=\"National Right to Work Foundation\" \/>\n<meta name=\"twitter:card\" content=\"summary_large_image\" \/>\n<meta name=\"twitter:label1\" content=\"Tiempo de lectura\" \/>\n\t<meta name=\"twitter:data1\" content=\"3 minutos\" \/>\n<script type=\"application\/ld+json\" class=\"yoast-schema-graph\">{\"@context\":\"https:\\\/\\\/schema.org\",\"@graph\":[{\"@type\":\"WebPage\",\"@id\":\"https:\\\/\\\/www.nrtw.org\\\/muestra-de-una-carta-de-objecin-1\\\/\",\"url\":\"https:\\\/\\\/www.nrtw.org\\\/muestra-de-una-carta-de-objecin-1\\\/\",\"name\":\"Muestra de una carta de objeci\u00f3n - National Right to Work Foundation\",\"isPartOf\":{\"@id\":\"https:\\\/\\\/www.nrtw.org\\\/#website\"},\"datePublished\":\"-0001-11-30T00:00:00+00:00\",\"inLanguage\":\"es\",\"potentialAction\":[{\"@type\":\"ReadAction\",\"target\":[\"https:\\\/\\\/www.nrtw.org\\\/muestra-de-una-carta-de-objecin-1\\\/\"]}]},{\"@type\":\"WebSite\",\"@id\":\"https:\\\/\\\/www.nrtw.org\\\/#website\",\"url\":\"https:\\\/\\\/www.nrtw.org\\\/\",\"name\":\"National Right to Work Foundation\",\"description\":\"\",\"potentialAction\":[{\"@type\":\"SearchAction\",\"target\":{\"@type\":\"EntryPoint\",\"urlTemplate\":\"https:\\\/\\\/www.nrtw.org\\\/?s={search_term_string}\"},\"query-input\":{\"@type\":\"PropertyValueSpecification\",\"valueRequired\":true,\"valueName\":\"search_term_string\"}}],\"inLanguage\":\"es\"}]}<\/script>\n<!-- \/ Yoast SEO plugin. -->","yoast_head_json":{"title":"Muestra de una carta de objeci\u00f3n - National Right to Work Foundation","robots":{"index":"index","follow":"follow","max-snippet":"max-snippet:-1","max-image-preview":"max-image-preview:large","max-video-preview":"max-video-preview:-1"},"canonical":"https:\/\/www.nrtw.org\/muestra-de-una-carta-de-objecin-1\/","og_locale":"es_ES","og_type":"article","og_title":"Muestra de una carta de objeci\u00f3n - National Right to Work Foundation","og_description":"[CARTA AL SINDICATO:  ENV\u00cdE POR CORREO CERTIFICADO,  CON ACUSE DE RECIBO]  [su direcci\u00f3n] [fecha]  [nombre y direcci\u00f3n del sindicato  [Al funcionario apropiado del sindicato]:","og_url":"https:\/\/www.nrtw.org\/muestra-de-una-carta-de-objecin-1\/","og_site_name":"National Right to Work Foundation","twitter_card":"summary_large_image","twitter_misc":{"Tiempo de lectura":"3 minutos"},"schema":{"@context":"https:\/\/schema.org","@graph":[{"@type":"WebPage","@id":"https:\/\/www.nrtw.org\/muestra-de-una-carta-de-objecin-1\/","url":"https:\/\/www.nrtw.org\/muestra-de-una-carta-de-objecin-1\/","name":"Muestra de una carta de objeci\u00f3n - National Right to Work Foundation","isPartOf":{"@id":"https:\/\/www.nrtw.org\/#website"},"datePublished":"-0001-11-30T00:00:00+00:00","inLanguage":"es","potentialAction":[{"@type":"ReadAction","target":["https:\/\/www.nrtw.org\/muestra-de-una-carta-de-objecin-1\/"]}]},{"@type":"WebSite","@id":"https:\/\/www.nrtw.org\/#website","url":"https:\/\/www.nrtw.org\/","name":"National Right to Work Foundation","description":"","potentialAction":[{"@type":"SearchAction","target":{"@type":"EntryPoint","urlTemplate":"https:\/\/www.nrtw.org\/?s={search_term_string}"},"query-input":{"@type":"PropertyValueSpecification","valueRequired":true,"valueName":"search_term_string"}}],"inLanguage":"es"}]}},"_links":{"self":[{"href":"https:\/\/www.nrtw.org\/es\/wp-json\/wp\/v2\/pages\/2094","targetHints":{"allow":["GET"]}}],"collection":[{"href":"https:\/\/www.nrtw.org\/es\/wp-json\/wp\/v2\/pages"}],"about":[{"href":"https:\/\/www.nrtw.org\/es\/wp-json\/wp\/v2\/types\/page"}],"author":[{"embeddable":true,"href":"https:\/\/www.nrtw.org\/es\/wp-json\/wp\/v2\/users\/435"}],"replies":[{"embeddable":true,"href":"https:\/\/www.nrtw.org\/es\/wp-json\/wp\/v2\/comments?post=2094"}],"version-history":[{"count":0,"href":"https:\/\/www.nrtw.org\/es\/wp-json\/wp\/v2\/pages\/2094\/revisions"}],"wp:attachment":[{"href":"https:\/\/www.nrtw.org\/es\/wp-json\/wp\/v2\/media?parent=2094"}],"curies":[{"name":"wp","href":"https:\/\/api.w.org\/{rel}","templated":true}]}}