{"id":2092,"date":"2009-05-07T11:04:14","date_gmt":"2009-05-07T15:04:14","guid":{"rendered":""},"modified":"-0001-11-30T00:00:00","modified_gmt":"-0001-11-30T04:00:00","slug":"si-trabajo-en-un-estado-con-derecho-al-trabajo-puedo-renunciar-a-mi-membresa-en-el-sindicato-y-suspender-el-descuento-de-cuot","status":"publish","type":"page","link":"https:\/\/www.nrtw.org\/es\/si-trabajo-en-un-estado-con-derecho-al-trabajo-puedo-renunciar-a-mi-membresa-en-el-sindicato-y-suspender-el-descuento-de-cuot\/","title":{"rendered":"Si trabajo en un estado con Derecho al Trabajo, \u00bfpuedo renunciar a mi membres\u00eda en el sindicato y suspender el descuento de cuot"},"content":{"rendered":"<p><b>Si trabajo en un estado con Derecho al Trabajo, \u00bfpuedo renunciar a mi membres\u00eda en el sindicato y suspender el descuento de cuotas de mi salario?<\/b><\/p>\n<p>Si trabaja para una agencia gubernamental local o estatal, o una universidad, colegio o escuela p\u00fablica, en un estado con Derecho al Trabajo, tiene el derecho a renunciar a su sindicato y a no pagar cuotas o gastos sindicales. Tiene el derecho a renunciar a su membres\u00eda en el sindicato en <strong>cualquier<\/strong> momento, a menos que haya firmado voluntariamente un convenio o una solicitud para membres\u00eda que imponga restricciones sobre cu\u00e1ndo puede renunciar. <\/p>\n<p>Por supuesto, la decisi\u00f3n de renunciar es completamente suya. Como alguien que no es miembro en un <a href=\"\/es\/estados-con-derecho-al-trabajo\">estado con Derecho al Trabajo<\/a>, usted tiene el derecho de descontinuar todos los pagos al sindicato y no estar\u00e1 sujeto a las reglas ni a la disciplina interna del sindicato. Por ejemplo, los que no son miembros, no est\u00e1n sujetos a las reglas del sindicato en contra de trabajar durante una huelga.  Si es miembro del sindicato y trabaja durante una huelga, el sindicato podr\u00eda imponerle una multa y cobrar esa multa por medio de un tribunal estatal. <\/p>\n<p>Si renuncia a su membres\u00eda en el sindicato y revoca su autorizaci\u00f3n de deducci\u00f3n de cuotas sindicales, y su empleador estatal o gubernamental tiene un convenio de negociaci\u00f3n colectiva, el sindicato tendr\u00eda que seguir represent\u00e1ndolo en forma justa y sin discriminaci\u00f3n respecto a todos los asuntos sujetos a la negociaci\u00f3n colectiva, y no se le puede negar ninguna prestaci\u00f3n de acuerdo con el contrato laboral con su empleador debido a no ser miembro. <\/p>\n<p>Por otro lado, como no miembro, no tendr\u00eda el derecho a votar sobre la ratificaci\u00f3n del contrato ni en la elecci\u00f3n de funcionarios del sindicato, y puede haber prestaciones otorgadas seg\u00fan el acta constitutiva del sindicato que no est\u00e9n disponibles para los que no son miembros. Esas prestaciones podr\u00edan incluir seguir participando en el plan de jubilaci\u00f3n para miembros solamente. (Su participaci\u00f3n en un plan de pensi\u00f3n financiado por su empleador o financiado conjuntamente con su empleador que se otorga como una prestaci\u00f3n al empleado no puede ser afectada negativamente por no ser miembro del sindicato.) <\/p>\n<p>En un <a href=\"\/es\/estados-con-derecho-al-trabajo\">estado con Derecho al Trabajo<\/a>, puede renunciar a su membres\u00eda en el sindicato simplemente envi\u00e1ndole una carta escrita a su sindicato declarando que est\u00e1 renunciando con efecto inmediato. Deber\u00eda verificar el acta constitutiva y los estatutos de su sindicato para ver si contienen alguna disposici\u00f3n que especifique a qui\u00e9n se le debe enviar la carta de renuncia.  Dichos requisitos pueden ser legales. <\/p>\n<p>Si ha autorizado un descuento de n\u00f3mina de las cuotas sindicales y desea revocar esa autorizaci\u00f3n, tambi\u00e9n deber\u00eda notificarle al sindicato y a su empleador que desea revocar esa autorizaci\u00f3n. Es posible que el formulario para la autorizaci\u00f3n de deducci\u00f3n de cuotas sindicales que usted firm\u00f3 contenga una restricci\u00f3n en cuanto al periodo para revocarla. La validez de la restricci\u00f3n despu\u00e9s de su renuncia depende del lenguaje exacto que contiene el formulario. Aunque renuncie a su membres\u00eda en un <a href=\"\/es\/estados-con-derecho-al-trabajo\">estado con Derecho al Trabajo<\/a>, es posible que tenga que esperar hasta que llegue un &quot;espacio de tiempo&quot; (&quot;window period&quot; en ingl\u00e9s) para poder revocar la autorizaci\u00f3n de deducci\u00f3n de cuotas sindicales. Examine cuidadosamente el lenguaje de la autorizaci\u00f3n para la deducci\u00f3n de cuotas sindicales especifica que usted firm\u00f3, y contacte a la Fundaci\u00f3n si tiene alguna pregunta sobre su significado o su posibilidad de revocarla inmediatamente en un <a href=\"\/es\/estados-con-derecho-al-trabajo\">estado con Derecho al Trabajo<\/a>. <\/p>\n<p>Si decide renunciar y revocar su autorizaci\u00f3n de deducci\u00f3n de cuotas sindicales, conserve copias de sus cartas para sus archivos. Deber\u00eda mandar dichas cartas por correo certificado con acuse de recibo para que el sindicato y su empleador no puedan decir que no las recibieron. Si su sindicato o empleador se reh\u00fasan a aceptar su renuncia o su revocaci\u00f3n de las cuotas, deber\u00eda comunicarse con la Fundaci\u00f3n inmediatamente si desea ayuda. Deber\u00eda estar consciente de que puede existir un l\u00edmite de tiempo para presentar los reclamos y por eso es importante presentar los reclamos con prontitud. <\/p>\n<p>La intenci\u00f3n de esta informaci\u00f3n no es recomendarle que renuncie a su sindicato ni que revoque su autorizaci\u00f3n de deducci\u00f3n de cuotas sindicales. La intenci\u00f3n es simplemente explicarle sus derechos legales en este tipo de situaci\u00f3n. <\/p>\n<p><a href=\"\/es\/una-muestra-de-una-carta-de-renuncia-para-los-empl\">Haga clic aqu\u00ed<\/a> si desea ver una muestra de una carta para renunciar a su sindicato y revocar la autorizaci\u00f3n de deducci\u00f3n de cuotas sindicales.<\/p>\n","protected":false},"excerpt":{"rendered":"<p><b>Si trabajo en un estado con Derecho al Trabajo, \u00bfpuedo renunciar a mi membres\u00eda en el sindicato y suspender el descuento de cuotas de mi salario?<\/b><\/p>\n<p>Si trabaja para una agencia gubernamental local o estatal, o una universidad, colegio o escuela p\u00fablica, en un estado con Derecho al Trabajo, tiene el derecho a renunciar a su sindicato y a no pagar cuotas o gastos sindicales. Tiene el derecho a renunciar a su membres\u00eda en el sindicato en <strong>cualquier<\/strong> momento, a menos que haya firmado voluntariamente un convenio o una solicitud para membres\u00eda que imponga restricciones sobre cu\u00e1ndo puede renunciar. <\/p>\n","protected":false},"author":435,"featured_media":0,"parent":0,"menu_order":0,"comment_status":"open","ping_status":"open","template":"","meta":{"_lmt_disableupdate":"","_lmt_disable":"","footnotes":""},"class_list":["post-2092","page","type-page","status-publish","hentry"],"yoast_head":"<!-- This site is optimized with the Yoast SEO plugin v27.6 - https:\/\/yoast.com\/product\/yoast-seo-wordpress\/ -->\n<title>Si trabajo en un estado con Derecho al Trabajo, \u00bfpuedo renunciar a mi membres\u00eda en el sindicato y suspender el descuento de cuot - National Right to Work Foundation<\/title>\n<meta name=\"robots\" content=\"index, follow, max-snippet:-1, max-image-preview:large, max-video-preview:-1\" \/>\n<link rel=\"canonical\" href=\"https:\/\/www.nrtw.org\/si-trabajo-en-un-estado-con-derecho-al-trabajo-puedo-renunciar-a-mi-membresa-en-el-sindicato-y-suspender-el-descuento-de-cuot\/\" \/>\n<meta property=\"og:locale\" content=\"es_ES\" \/>\n<meta property=\"og:type\" content=\"article\" \/>\n<meta property=\"og:title\" content=\"Si trabajo en un estado con Derecho al Trabajo, \u00bfpuedo renunciar a mi membres\u00eda en el sindicato y suspender el descuento de cuot - National Right to Work Foundation\" \/>\n<meta property=\"og:description\" content=\"Si trabajo en un estado con Derecho al Trabajo, \u00bfpuedo renunciar a mi membres\u00eda en el sindicato y suspender el descuento de cuotas de mi salario?  Si trabaja para una agencia gubernamental local o estatal, o una universidad, colegio o escuela p\u00fablica, en un estado con Derecho al Trabajo, tiene el derecho a renunciar a su sindicato y a no pagar cuotas o gastos sindicales. Tiene el derecho a renunciar a su membres\u00eda en el sindicato en cualquier momento, a menos que haya firmado voluntariamente un convenio o una solicitud para membres\u00eda que imponga restricciones sobre cu\u00e1ndo puede renunciar.\" \/>\n<meta property=\"og:url\" content=\"https:\/\/www.nrtw.org\/si-trabajo-en-un-estado-con-derecho-al-trabajo-puedo-renunciar-a-mi-membresa-en-el-sindicato-y-suspender-el-descuento-de-cuot\/\" \/>\n<meta property=\"og:site_name\" content=\"National Right to Work Foundation\" \/>\n<meta name=\"twitter:card\" content=\"summary_large_image\" \/>\n<meta name=\"twitter:label1\" content=\"Tiempo de lectura\" \/>\n\t<meta name=\"twitter:data1\" content=\"4 minutos\" \/>\n<script type=\"application\/ld+json\" class=\"yoast-schema-graph\">{\"@context\":\"https:\\\/\\\/schema.org\",\"@graph\":[{\"@type\":\"WebPage\",\"@id\":\"https:\\\/\\\/www.nrtw.org\\\/si-trabajo-en-un-estado-con-derecho-al-trabajo-puedo-renunciar-a-mi-membresa-en-el-sindicato-y-suspender-el-descuento-de-cuot\\\/\",\"url\":\"https:\\\/\\\/www.nrtw.org\\\/si-trabajo-en-un-estado-con-derecho-al-trabajo-puedo-renunciar-a-mi-membresa-en-el-sindicato-y-suspender-el-descuento-de-cuot\\\/\",\"name\":\"Si trabajo en un estado con Derecho al Trabajo, \u00bfpuedo renunciar a mi membres\u00eda en el sindicato y suspender el descuento de cuot - National Right to Work Foundation\",\"isPartOf\":{\"@id\":\"https:\\\/\\\/www.nrtw.org\\\/#website\"},\"datePublished\":\"-0001-11-30T00:00:00+00:00\",\"inLanguage\":\"es\",\"potentialAction\":[{\"@type\":\"ReadAction\",\"target\":[\"https:\\\/\\\/www.nrtw.org\\\/si-trabajo-en-un-estado-con-derecho-al-trabajo-puedo-renunciar-a-mi-membresa-en-el-sindicato-y-suspender-el-descuento-de-cuot\\\/\"]}]},{\"@type\":\"WebSite\",\"@id\":\"https:\\\/\\\/www.nrtw.org\\\/#website\",\"url\":\"https:\\\/\\\/www.nrtw.org\\\/\",\"name\":\"National Right to Work Foundation\",\"description\":\"\",\"potentialAction\":[{\"@type\":\"SearchAction\",\"target\":{\"@type\":\"EntryPoint\",\"urlTemplate\":\"https:\\\/\\\/www.nrtw.org\\\/?s={search_term_string}\"},\"query-input\":{\"@type\":\"PropertyValueSpecification\",\"valueRequired\":true,\"valueName\":\"search_term_string\"}}],\"inLanguage\":\"es\"}]}<\/script>\n<!-- \/ Yoast SEO plugin. -->","yoast_head_json":{"title":"Si trabajo en un estado con Derecho al Trabajo, \u00bfpuedo renunciar a mi membres\u00eda en el sindicato y suspender el descuento de cuot - National Right to Work Foundation","robots":{"index":"index","follow":"follow","max-snippet":"max-snippet:-1","max-image-preview":"max-image-preview:large","max-video-preview":"max-video-preview:-1"},"canonical":"https:\/\/www.nrtw.org\/si-trabajo-en-un-estado-con-derecho-al-trabajo-puedo-renunciar-a-mi-membresa-en-el-sindicato-y-suspender-el-descuento-de-cuot\/","og_locale":"es_ES","og_type":"article","og_title":"Si trabajo en un estado con Derecho al Trabajo, \u00bfpuedo renunciar a mi membres\u00eda en el sindicato y suspender el descuento de cuot - National Right to Work Foundation","og_description":"Si trabajo en un estado con Derecho al Trabajo, \u00bfpuedo renunciar a mi membres\u00eda en el sindicato y suspender el descuento de cuotas de mi salario?  Si trabaja para una agencia gubernamental local o estatal, o una universidad, colegio o escuela p\u00fablica, en un estado con Derecho al Trabajo, tiene el derecho a renunciar a su sindicato y a no pagar cuotas o gastos sindicales. Tiene el derecho a renunciar a su membres\u00eda en el sindicato en cualquier momento, a menos que haya firmado voluntariamente un convenio o una solicitud para membres\u00eda que imponga restricciones sobre cu\u00e1ndo puede renunciar.","og_url":"https:\/\/www.nrtw.org\/si-trabajo-en-un-estado-con-derecho-al-trabajo-puedo-renunciar-a-mi-membresa-en-el-sindicato-y-suspender-el-descuento-de-cuot\/","og_site_name":"National Right to Work Foundation","twitter_card":"summary_large_image","twitter_misc":{"Tiempo de lectura":"4 minutos"},"schema":{"@context":"https:\/\/schema.org","@graph":[{"@type":"WebPage","@id":"https:\/\/www.nrtw.org\/si-trabajo-en-un-estado-con-derecho-al-trabajo-puedo-renunciar-a-mi-membresa-en-el-sindicato-y-suspender-el-descuento-de-cuot\/","url":"https:\/\/www.nrtw.org\/si-trabajo-en-un-estado-con-derecho-al-trabajo-puedo-renunciar-a-mi-membresa-en-el-sindicato-y-suspender-el-descuento-de-cuot\/","name":"Si trabajo en un estado con Derecho al Trabajo, \u00bfpuedo renunciar a mi membres\u00eda en el sindicato y suspender el descuento de cuot - National Right to Work Foundation","isPartOf":{"@id":"https:\/\/www.nrtw.org\/#website"},"datePublished":"-0001-11-30T00:00:00+00:00","inLanguage":"es","potentialAction":[{"@type":"ReadAction","target":["https:\/\/www.nrtw.org\/si-trabajo-en-un-estado-con-derecho-al-trabajo-puedo-renunciar-a-mi-membresa-en-el-sindicato-y-suspender-el-descuento-de-cuot\/"]}]},{"@type":"WebSite","@id":"https:\/\/www.nrtw.org\/#website","url":"https:\/\/www.nrtw.org\/","name":"National Right to Work Foundation","description":"","potentialAction":[{"@type":"SearchAction","target":{"@type":"EntryPoint","urlTemplate":"https:\/\/www.nrtw.org\/?s={search_term_string}"},"query-input":{"@type":"PropertyValueSpecification","valueRequired":true,"valueName":"search_term_string"}}],"inLanguage":"es"}]}},"_links":{"self":[{"href":"https:\/\/www.nrtw.org\/es\/wp-json\/wp\/v2\/pages\/2092","targetHints":{"allow":["GET"]}}],"collection":[{"href":"https:\/\/www.nrtw.org\/es\/wp-json\/wp\/v2\/pages"}],"about":[{"href":"https:\/\/www.nrtw.org\/es\/wp-json\/wp\/v2\/types\/page"}],"author":[{"embeddable":true,"href":"https:\/\/www.nrtw.org\/es\/wp-json\/wp\/v2\/users\/435"}],"replies":[{"embeddable":true,"href":"https:\/\/www.nrtw.org\/es\/wp-json\/wp\/v2\/comments?post=2092"}],"version-history":[{"count":0,"href":"https:\/\/www.nrtw.org\/es\/wp-json\/wp\/v2\/pages\/2092\/revisions"}],"wp:attachment":[{"href":"https:\/\/www.nrtw.org\/es\/wp-json\/wp\/v2\/media?parent=2092"}],"curies":[{"name":"wp","href":"https:\/\/api.w.org\/{rel}","templated":true}]}}