{"id":2091,"date":"2009-05-07T10:50:57","date_gmt":"2009-05-07T10:50:57","guid":{"rendered":""},"modified":"2016-11-03T20:08:12","modified_gmt":"2016-11-03T20:08:12","slug":"me-pueden-obligar-a-hacerme-miembro-del-sindicato-o-a-pagarle-cuotas-0","status":"publish","type":"page","link":"https:\/\/www.nrtw.org\/es\/me-pueden-obligar-a-hacerme-miembro-del-sindicato-o-a-pagarle-cuotas-0\/","title":{"rendered":"\u00bfMe pueden obligar a hacerme miembro del sindicato o a pagarle cuotas?"},"content":{"rendered":"<p>\n<b>Pregunta:<\/b> <i> \u00bfMe pueden obligar a hacerme miembro del sindicato o a pagarle cuotas?<\/i>\n<\/p>\n<p>\n<b>Respuesta:<\/b> <i>No se le puede obligar a hacerse miembro del sindicato en ning\u00fan estado.<\/i>\n<\/p>\n<p>\nAlgunos estados han aprobado leyes que requieren o autorizan a los empleadores p\u00fablicos y a los sindicatos a negociar acuerdos, los cuales les obligan a todos los empleados a hacerse miembros del sindicato o a pagar el equivalente de cuotas sindicales como una condici\u00f3n de empleo.\n<\/p>\n<p>\nNo obstante, debido a <a href=\"http:\/\/caselaw.findlaw.com\/cgi-bin\/getcase.pl?court=US&amp;vol=431&amp;invol=209\" title=\"Abood v. Detroit Board of Education (1977)\"><i>Abood v. Detroit Board of Education, 431 U.S. 209 (1977)<\/i><\/a>, una demanda de la Primera Enmienda que fue apoyada por la Fundaci\u00f3n, no se les puede requerir a los empleados p\u00fablicos que paguen m\u00e1s que una cuota sindical (t\u00edpicamente llamada una&quot;comisi\u00f3n de agencia&quot;) que equivale a su parte de lo que el sindicato pueda comprobar que son los gastos para la negociaci\u00f3n colectiva, la administraci\u00f3n del contrato y el ajuste de agravios.\n<\/p>\n<p>\nExcepto en casos extraordinarios, los costos del sindicato para la negociaci\u00f3n colectiva, la administraci\u00f3n del contrato y el ajuste de agravios no equivalen la cantidad de las cuotas.\n<\/p>\n<p>\nUsted tiene el derecho de objetar y obtener una reducci\u00f3n a sus pagos forzosos de comisi\u00f3n de agencia para que no incluyan la parte de las cuotas que se usan para prop\u00f3sitos distintos a las negociaciones colectivas, a la administraci\u00f3n del contrato y al ajuste de agravios.\n<\/p>\n<p>\nEl empleador y el sindicato deben establecer ciertos procedimientos para salvaguardar su derecho a pagar solamente una cuota limitada al sindicato. Estas salvaguardas incluyen darle:\n<\/p>\n<ul>\n<li>Informaci\u00f3n financiera auditada acerca de c\u00f3mo se calcul\u00f3 la cantidad de la comisi\u00f3n de agencia;<\/li>\n<li>La oportunidad de cuestionar la cantidad de la comisi\u00f3n de agencia ante una persona responsable de tomar decisiones imparcial; y,<\/li>\n<li>El derecho a poner la cantidad cuestionada de la comisi\u00f3n de agencia en una cuenta para que el sindicato no pueda usar su dinero de manera il\u00edcita mientras que la decisi\u00f3n sobre la cantidad adecuada de la comisi\u00f3n de agencia est\u00e1 pendiente.\n\t<\/li>\n<\/ul>\n<p>\nSu derecho a salvaguardas adecuadas est\u00e1 fundado en <a href=\"http:\/\/caselaw.findlaw.com\/cgi-bin\/getcase.pl?court=US&amp;vol=475&amp;invol=292\" title=\"Chicago Teachers Union v. Hudson (1986)\"><i>Chicago Teachers Union v. Hudson, 475 U.S. 292 (1986)<\/i><\/a>, otra demanda apoyada por la Fundaci\u00f3n.\n<\/p>\n<p>\n<b>Si trabaja en <a href=\"\/es\/estados-con-derecho-al-trabajo\" title=\"Estados con Derecho al Trabajo\">un estado con Derecho al Trabajo<\/a><\/b>, no solamente tiene el derecho de abstenerse de unirse al sindicato, sino que no se le puede obligar a pagarle nada a menos que usted decida unirse al sindicato.\n<\/p>\n<p>\n<a href=\"\/es\/estados-con-derecho-al-trabajo\" title=\"Estados con Derecho al Trabajo\">Haga clic aqu\u00ed<\/a> si desea ver una lista de los 24 estados con Derecho al Trabajo.\n<\/p>\n<hr size=\"2\" width=\"100%\" \/>\n<p class=\"MsoNormal\">\nSi desea <b>enterarse m\u00e1s acerca de sus derechos legales<\/b> como empleado del gobierno estatal o local, haga clic en la pregunta adecuada de las siguientes:\n<\/p>\n<blockquote>\n<ul>\n<li>\u00bfMe pueden obligar a hacerme miembro del sindicato o a pagarle cuotas<br \/>\n\t\t?<\/li>\n<li><a href=\"\/es\/como-puedo-renunciar-mi-membres-de-uni-n\">\u00bfC\u00f3mo puedo renunciar a mi membres\u00eda en el sindicato?<\/a><\/li>\n<li><a href=\"\/es\/node\/3446\">\u00bfC\u00f3mo puedo evitar que se usen mis cuotas para actividades pol\u00edticas y<br \/>\n\t\totras no relacionadas con la negociaci\u00f3n?<\/a> <\/li>\n<li><a href=\"\/es\/gu-para-empleados-sobre-las-cuotas-de-uni-n-y-lo-q\">\u00bfQu\u00e9 pasa si tengo objeciones religiosas para unirme al sindicato o<br \/>\n\t\tpara apoyarlo econ\u00f3micamente?<\/a> <\/li>\n<li><a href=\"\/es\/qu-hago-si-soy-victima-de-la-violencia-por-la-uni\">\u00bfQu\u00e9 hago si soy v\u00edctima de la violencia sindical?<\/a> <\/li>\n<li><a href=\"\/es\/qu-pasa-si-quiero-trabajar-mientras-hay-una-huel-0\">\u00bfQu\u00e9 pasa si quiero trabajar mientras hay una huelga?<\/a>\n\t\t<\/li>\n<\/ul>\n<\/blockquote>\n","protected":false},"excerpt":{"rendered":"<p>\n<b>Pregunta:<\/b> <i> \u00bfMe pueden obligar a hacerme miembro del sindicato o a pagarle cuotas?<\/i>\n<\/p>\n<p>\n<b>Respuesta:<\/b> <i>No se le puede obligar a hacerse miembro del sindicato en ning\u00fan estado.<\/i>\n<\/p>\n<p>\nAlgunos estados han aprobado leyes que requieren o autorizan a los empleadores p\u00fablicos y a los sindicatos a negociar acuerdos, los cuales les obligan a todos los empleados a hacerse miembros del sindicato o a pagar el equivalente de cuotas sindicales como una condici\u00f3n de empleo.<\/p>\n","protected":false},"author":435,"featured_media":0,"parent":0,"menu_order":0,"comment_status":"closed","ping_status":"open","template":"","meta":{"_lmt_disableupdate":"","_lmt_disable":"","footnotes":""},"class_list":["post-2091","page","type-page","status-publish","hentry"],"yoast_head":"<!-- This site is optimized with the Yoast SEO plugin v27.6 - https:\/\/yoast.com\/product\/yoast-seo-wordpress\/ -->\n<title>\u00bfMe pueden obligar a hacerme miembro del sindicato o a pagarle cuotas? - National Right to Work Foundation<\/title>\n<meta name=\"robots\" content=\"index, follow, max-snippet:-1, max-image-preview:large, max-video-preview:-1\" \/>\n<link rel=\"canonical\" href=\"https:\/\/www.nrtw.org\/me-pueden-obligar-a-hacerme-miembro-del-sindicato-o-a-pagarle-cuotas-0\/\" \/>\n<meta property=\"og:locale\" content=\"es_ES\" \/>\n<meta property=\"og:type\" content=\"article\" \/>\n<meta property=\"og:title\" content=\"\u00bfMe pueden obligar a hacerme miembro del sindicato o a pagarle cuotas? - National Right to Work Foundation\" \/>\n<meta property=\"og:description\" content=\"Pregunta: \u00bfMe pueden obligar a hacerme miembro del sindicato o a pagarle cuotas?   Respuesta: No se le puede obligar a hacerse miembro del sindicato en ning\u00fan estado.    Algunos estados han aprobado leyes que requieren o autorizan a los empleadores p\u00fablicos y a los sindicatos a negociar acuerdos, los cuales les obligan a todos los empleados a hacerse miembros del sindicato o a pagar el equivalente de cuotas sindicales como una condici\u00f3n de empleo.\" \/>\n<meta property=\"og:url\" content=\"https:\/\/www.nrtw.org\/me-pueden-obligar-a-hacerme-miembro-del-sindicato-o-a-pagarle-cuotas-0\/\" \/>\n<meta property=\"og:site_name\" content=\"National Right to Work Foundation\" \/>\n<meta property=\"article:modified_time\" content=\"2016-11-03T20:08:12+00:00\" \/>\n<meta name=\"twitter:card\" content=\"summary_large_image\" \/>\n<meta name=\"twitter:label1\" content=\"Tiempo de lectura\" \/>\n\t<meta name=\"twitter:data1\" content=\"3 minutos\" \/>\n<script type=\"application\/ld+json\" class=\"yoast-schema-graph\">{\"@context\":\"https:\\\/\\\/schema.org\",\"@graph\":[{\"@type\":\"WebPage\",\"@id\":\"https:\\\/\\\/www.nrtw.org\\\/me-pueden-obligar-a-hacerme-miembro-del-sindicato-o-a-pagarle-cuotas-0\\\/\",\"url\":\"https:\\\/\\\/www.nrtw.org\\\/me-pueden-obligar-a-hacerme-miembro-del-sindicato-o-a-pagarle-cuotas-0\\\/\",\"name\":\"\u00bfMe pueden obligar a hacerme miembro del sindicato o a pagarle cuotas? - National Right to Work Foundation\",\"isPartOf\":{\"@id\":\"https:\\\/\\\/www.nrtw.org\\\/#website\"},\"datePublished\":\"2009-05-07T10:50:57+00:00\",\"dateModified\":\"2016-11-03T20:08:12+00:00\",\"inLanguage\":\"es\",\"potentialAction\":[{\"@type\":\"ReadAction\",\"target\":[\"https:\\\/\\\/www.nrtw.org\\\/me-pueden-obligar-a-hacerme-miembro-del-sindicato-o-a-pagarle-cuotas-0\\\/\"]}]},{\"@type\":\"WebSite\",\"@id\":\"https:\\\/\\\/www.nrtw.org\\\/#website\",\"url\":\"https:\\\/\\\/www.nrtw.org\\\/\",\"name\":\"National Right to Work Foundation\",\"description\":\"\",\"potentialAction\":[{\"@type\":\"SearchAction\",\"target\":{\"@type\":\"EntryPoint\",\"urlTemplate\":\"https:\\\/\\\/www.nrtw.org\\\/?s={search_term_string}\"},\"query-input\":{\"@type\":\"PropertyValueSpecification\",\"valueRequired\":true,\"valueName\":\"search_term_string\"}}],\"inLanguage\":\"es\"}]}<\/script>\n<!-- \/ Yoast SEO plugin. -->","yoast_head_json":{"title":"\u00bfMe pueden obligar a hacerme miembro del sindicato o a pagarle cuotas? - National Right to Work Foundation","robots":{"index":"index","follow":"follow","max-snippet":"max-snippet:-1","max-image-preview":"max-image-preview:large","max-video-preview":"max-video-preview:-1"},"canonical":"https:\/\/www.nrtw.org\/me-pueden-obligar-a-hacerme-miembro-del-sindicato-o-a-pagarle-cuotas-0\/","og_locale":"es_ES","og_type":"article","og_title":"\u00bfMe pueden obligar a hacerme miembro del sindicato o a pagarle cuotas? - National Right to Work Foundation","og_description":"Pregunta: \u00bfMe pueden obligar a hacerme miembro del sindicato o a pagarle cuotas?   Respuesta: No se le puede obligar a hacerse miembro del sindicato en ning\u00fan estado.    Algunos estados han aprobado leyes que requieren o autorizan a los empleadores p\u00fablicos y a los sindicatos a negociar acuerdos, los cuales les obligan a todos los empleados a hacerse miembros del sindicato o a pagar el equivalente de cuotas sindicales como una condici\u00f3n de empleo.","og_url":"https:\/\/www.nrtw.org\/me-pueden-obligar-a-hacerme-miembro-del-sindicato-o-a-pagarle-cuotas-0\/","og_site_name":"National Right to Work Foundation","article_modified_time":"2016-11-03T20:08:12+00:00","twitter_card":"summary_large_image","twitter_misc":{"Tiempo de lectura":"3 minutos"},"schema":{"@context":"https:\/\/schema.org","@graph":[{"@type":"WebPage","@id":"https:\/\/www.nrtw.org\/me-pueden-obligar-a-hacerme-miembro-del-sindicato-o-a-pagarle-cuotas-0\/","url":"https:\/\/www.nrtw.org\/me-pueden-obligar-a-hacerme-miembro-del-sindicato-o-a-pagarle-cuotas-0\/","name":"\u00bfMe pueden obligar a hacerme miembro del sindicato o a pagarle cuotas? - National Right to Work Foundation","isPartOf":{"@id":"https:\/\/www.nrtw.org\/#website"},"datePublished":"2009-05-07T10:50:57+00:00","dateModified":"2016-11-03T20:08:12+00:00","inLanguage":"es","potentialAction":[{"@type":"ReadAction","target":["https:\/\/www.nrtw.org\/me-pueden-obligar-a-hacerme-miembro-del-sindicato-o-a-pagarle-cuotas-0\/"]}]},{"@type":"WebSite","@id":"https:\/\/www.nrtw.org\/#website","url":"https:\/\/www.nrtw.org\/","name":"National Right to Work Foundation","description":"","potentialAction":[{"@type":"SearchAction","target":{"@type":"EntryPoint","urlTemplate":"https:\/\/www.nrtw.org\/?s={search_term_string}"},"query-input":{"@type":"PropertyValueSpecification","valueRequired":true,"valueName":"search_term_string"}}],"inLanguage":"es"}]}},"_links":{"self":[{"href":"https:\/\/www.nrtw.org\/es\/wp-json\/wp\/v2\/pages\/2091","targetHints":{"allow":["GET"]}}],"collection":[{"href":"https:\/\/www.nrtw.org\/es\/wp-json\/wp\/v2\/pages"}],"about":[{"href":"https:\/\/www.nrtw.org\/es\/wp-json\/wp\/v2\/types\/page"}],"author":[{"embeddable":true,"href":"https:\/\/www.nrtw.org\/es\/wp-json\/wp\/v2\/users\/435"}],"replies":[{"embeddable":true,"href":"https:\/\/www.nrtw.org\/es\/wp-json\/wp\/v2\/comments?post=2091"}],"version-history":[{"count":1,"href":"https:\/\/www.nrtw.org\/es\/wp-json\/wp\/v2\/pages\/2091\/revisions"}],"predecessor-version":[{"id":7670,"href":"https:\/\/www.nrtw.org\/es\/wp-json\/wp\/v2\/pages\/2091\/revisions\/7670"}],"wp:attachment":[{"href":"https:\/\/www.nrtw.org\/es\/wp-json\/wp\/v2\/media?parent=2091"}],"curies":[{"name":"wp","href":"https:\/\/api.w.org\/{rel}","templated":true}]}}