{"id":2086,"date":"2009-04-14T12:58:51","date_gmt":"2009-04-14T16:58:51","guid":{"rendered":""},"modified":"-0001-11-30T00:00:00","modified_gmt":"-0001-11-30T04:00:00","slug":"muestra-de-una-carta-de-renuncia-al-sindicato","status":"publish","type":"page","link":"https:\/\/www.nrtw.org\/es\/muestra-de-una-carta-de-renuncia-al-sindicato\/","title":{"rendered":"Muestra de una carta de renuncia al sindicato"},"content":{"rendered":"<p>A continuaci\u00f3n se encuentra una muestra de una carta de renuncia al sindicato. Deber\u00eda revisar el acta constitutiva y los estatutos de su sindicato para ver si especifican a qui\u00e9n se le debe enviar la carta de renuncia. Env\u00ede el original al sindicato, una copia a su empleador y guarde una copia para sus archivos.<\/p>\n<p>[<U>CARTA AL SINDICATO:<\/U> <BR \/><br \/>\nENV\u00cdE POR CORREO CERTIFICADO, <BR \/><br \/>\nCON ACUSE DE RECIBO]<\/p>\n<p>[su direcci\u00f3n]<\/p>\n<p>[fecha]<\/p>\n<p>[nombre y direcci\u00f3n del sindicato]<br \/>\n[Nombre del funcionario apropiado del sindicato]:<\/p>\n<p>Por medio de la presente renuncio como miembro del [nombre del sindicato.} Mi renuncia es con efecto inmediato. Seguir\u00e9 cumpliendo con mi obligaci\u00f3n legal de pagar una cuota de representaci\u00f3n al sindicato bajo su acuerdo de &quot;seguridad del sindicato&quot; con [nombre del empleador].<\/p>\n<p>M\u00e1s a\u00fan, me opongo al cobro y al gasto de una cuota sindical para cualquier prop\u00f3sito distinto a lo que es mi parte proporcional de los costos del sindicato para la negociaci\u00f3n colectiva, la administraci\u00f3n del contrato y el ajuste de agravios; tal como es mi derecho seg\u00fan <a href=\"http:\/\/caselaw.findlaw.com\/cgi-bin\/getcase.pl?court=US&#038;vol=431&#038;invol=209\"><i>Abood v. Detroit Board of Education<\/i>, 431 U.S. 209 (1977)<\/a>. Conforme a <a href=\"http:\/\/caselaw.findlaw.com\/cgi-bin\/getcase.pl?court=US&#038;vol=475&#038;invol=292\"><i>Chicago Teachers Union v. Hudson,<\/i> 475 U.S. 292 (1986)<\/a>, solicito que se me entreguen mis derechos de procedimiento seg\u00fan la Primera Enmienda, incluyendo: la reducci\u00f3n de mis cuotas a la cantidad que incluya \u00fanicamente los costos imputables constitucionalmente, una notificaci\u00f3n del c\u00e1lculo de esa cantidad, verificada por un contador publico certificado independiente y una notificaci\u00f3n del procedimiento que han adoptado para conservar mis cuotas en una cuenta de reserva que devenga intereses, y darme la oportunidad de cuestionar el c\u00e1lculo y de que lo revise una persona responsable de tomar decisiones imparcial.<BR><\/p>\n<p>[Si paga sus cuotas por medio de un descuento por n\u00f3mina, incluya lo siguiente: Por consiguiente, tambi\u00e9n le notifico que \u00fanicamente deseo autorizar la deducci\u00f3n de cuotas de representaci\u00f3n limitadas a esos costos que pueden ser legalmente imputables seg\u00fan la Primera Enmienda a la Constituci\u00f3n de los Estados Unidos.  Si para hacer ese cambio se me requiere firmar un formulario, por favor proporci\u00f3neme el formulario necesario.]<\/p>\n<p>Le agradecer\u00eda su respuesta cuanto antes. Si se siguen cobrando o gastando cuotas sin las salvaguardas de procedimiento requeridas seg\u00fan la Primera Enmienda a la Constituci\u00f3n de los Estados Unidos, se violar\u00e1n mis derechos civiles bajo la  Ley Federal de Derechos Civiles de 1871, 42 U.S. Code &sect; 1983, y seg\u00fan la Constituci\u00f3n de los Estados Unidos.<\/p>\n<p>Finalmente, por favor considere esta objeci\u00f3n como permanente y continua en naturaleza.<\/p>\n<p>Atentamente, <br \/>\n[nombre]<\/p>\n<p>cc: [nombre del empleador] <\/p>\n<hr \/>\n<p>[<U>CARTA AL EMPLEADOR:<\/U> <BR \/><br \/>\nENV\u00cdE POR CORREO CERTIFICADO, <BR \/><br \/>\nCON ACUSE DE RECIBO]<\/p>\n<p>[su direcci\u00f3n]<br \/>\n[fecha]<\/p>\n<p>[nombre y direcci\u00f3n del departamento responsable del descuento de n\u00f3mina]<\/p>\n<p>[Al empleado apropiado del departamento de administraci\u00f3n de n\u00f3mina]:<\/p>\n<p>Hoy entregu\u00e9 mi formulario de renuncia del [nombre del sindicato]. He incluido una copia de mi carta. Seguir\u00e9 cumpliendo con mi obligaci\u00f3n legal de pagar mi cuota de representaci\u00f3n al sindicato seg\u00fan su acuerdo de &quot;taller sindicalizado&quot; o &quot;taller de agencia&quot; con [nombre del empleador].<BR><\/p>\n<p>M\u00e1s a\u00fan, me opongo al cobro y al gasto de una cuota por parte del sindicato para cualquier prop\u00f3sito distinto a lo que es mi parte proporcional de los costos del sindicato para la negociaci\u00f3n colectiva, la administraci\u00f3n del contrato y el ajuste de agravios; tal como es mi derecho bajo <a href=\"http:\/\/caselaw.findlaw.com\/cgi-bin\/getcase.pl?court=US&#038;vol=466&#038;invol=435\"><I>Ellis v. BRAC<\/i>, 466 U.S. 435 (1984)<\/a>. Conforme a <a href=\"http:\/\/caselaw.findlaw.com\/cgi-bin\/getcase.pl?court=US&#038;vol=475&#038;invol=292\"><i>Chicago Teachers Union v. Hudson,<\/i> 475 U.S. 292 (1986)<\/a>, solicito que se asegure que el sindicato me entregue mis derechos de procedimiento, incluyendo los detallados en mi carta al sindicato. Si no lo hace, solicito que [el nombre del empleador] me los proporcione.<BR><\/p>\n<p>[Si paga sus cuotas por medio de un descuento por n\u00f3mina, incluya lo siguiente: Por consiguiente, tambi\u00e9n le notifico que \u00fanicamente deseo autorizar la deducci\u00f3n de cuotas de representaci\u00f3n limitadas a esos costos que pueden ser legalmente imputables seg\u00fan la Primera Enmienda a la Constituci\u00f3n de los Estados Unidos.  Si para hacer ese cambio se me requiere firmar un formulario, por favor proporci\u00f3neme el formulario necesario.]<\/p>\n<p>Le agradecer\u00eda contestar a mi solicitud sin demora. Si se siguen cobrando o gastando cuotas sin las salvaguardas de procedimiento requeridas por ley se violar\u00e1n mis derechos seg\u00fan la  Ley Federal de Derechos Civiles de 1871, 42 U.S. Code &sect; 1983, o seg\u00fan la Constituci\u00f3n de los Estados Unidos.<\/p>\n<p>Atentamente, <br \/>\n[nombre]<\/p>\n<p>*Los objetores religiosos no deber\u00edan usar esta carta para renunciar a su membres\u00eda de sindicato.*<\/p>\n","protected":false},"excerpt":{"rendered":"<p>A continuaci\u00f3n se encuentra una muestra de una carta de renuncia al sindicato. Deber\u00eda revisar el acta constitutiva y los estatutos de su sindicato para ver si especifican a qui\u00e9n se le debe enviar la carta de renuncia. Env\u00ede el original al sindicato, una copia a su empleador y guarde una copia para sus archivos.<\/p>\n<p>[<U>CARTA AL SINDICATO:<\/U> <BR \/><br \/>\nENV\u00cdE POR CORREO CERTIFICADO, <BR \/><br \/>\nCON ACUSE DE RECIBO]<\/p>\n<p>[su direcci\u00f3n]<\/p>\n<p>[fecha]<\/p>\n<p>[nombre y direcci\u00f3n del sindicato]<\/p>\n","protected":false},"author":435,"featured_media":0,"parent":0,"menu_order":0,"comment_status":"open","ping_status":"open","template":"","meta":{"_lmt_disableupdate":"","_lmt_disable":"","footnotes":""},"class_list":["post-2086","page","type-page","status-publish","hentry"],"yoast_head":"<!-- This site is optimized with the Yoast SEO plugin v27.4 - https:\/\/yoast.com\/product\/yoast-seo-wordpress\/ -->\n<title>Muestra de una carta de renuncia al sindicato - National Right to Work Foundation<\/title>\n<meta name=\"robots\" content=\"index, follow, max-snippet:-1, max-image-preview:large, max-video-preview:-1\" \/>\n<link rel=\"canonical\" href=\"https:\/\/www.nrtw.org\/es\/muestra-de-una-carta-de-renuncia-al-sindicato\/\" \/>\n<meta property=\"og:locale\" content=\"es_ES\" \/>\n<meta property=\"og:type\" content=\"article\" \/>\n<meta property=\"og:title\" content=\"Muestra de una carta de renuncia al sindicato - National Right to Work Foundation\" \/>\n<meta property=\"og:description\" content=\"A continuaci\u00f3n se encuentra una muestra de una carta de renuncia al sindicato. Deber\u00eda revisar el acta constitutiva y los estatutos de su sindicato para ver si especifican a qui\u00e9n se le debe enviar la carta de renuncia. Env\u00ede el original al sindicato, una copia a su empleador y guarde una copia para sus archivos.  [CARTA AL SINDICATO:  ENV\u00cdE POR CORREO CERTIFICADO,  CON ACUSE DE RECIBO]  [su direcci\u00f3n]  [fecha]  [nombre y direcci\u00f3n del sindicato]\" \/>\n<meta property=\"og:url\" content=\"https:\/\/www.nrtw.org\/es\/muestra-de-una-carta-de-renuncia-al-sindicato\/\" \/>\n<meta property=\"og:site_name\" content=\"National Right to Work Foundation\" \/>\n<meta name=\"twitter:card\" content=\"summary_large_image\" \/>\n<meta name=\"twitter:label1\" content=\"Tiempo de lectura\" \/>\n\t<meta name=\"twitter:data1\" content=\"4 minutos\" \/>\n<script type=\"application\/ld+json\" class=\"yoast-schema-graph\">{\"@context\":\"https:\\\/\\\/schema.org\",\"@graph\":[{\"@type\":\"WebPage\",\"@id\":\"https:\\\/\\\/www.nrtw.org\\\/es\\\/muestra-de-una-carta-de-renuncia-al-sindicato\\\/\",\"url\":\"https:\\\/\\\/www.nrtw.org\\\/es\\\/muestra-de-una-carta-de-renuncia-al-sindicato\\\/\",\"name\":\"Muestra de una carta de renuncia al sindicato - National Right to Work Foundation\",\"isPartOf\":{\"@id\":\"https:\\\/\\\/www.nrtw.org\\\/#website\"},\"datePublished\":\"-0001-11-30T00:00:00+00:00\",\"inLanguage\":\"es\",\"potentialAction\":[{\"@type\":\"ReadAction\",\"target\":[\"https:\\\/\\\/www.nrtw.org\\\/es\\\/muestra-de-una-carta-de-renuncia-al-sindicato\\\/\"]}]},{\"@type\":\"WebSite\",\"@id\":\"https:\\\/\\\/www.nrtw.org\\\/#website\",\"url\":\"https:\\\/\\\/www.nrtw.org\\\/\",\"name\":\"National Right to Work Foundation\",\"description\":\"\",\"potentialAction\":[{\"@type\":\"SearchAction\",\"target\":{\"@type\":\"EntryPoint\",\"urlTemplate\":\"https:\\\/\\\/www.nrtw.org\\\/?s={search_term_string}\"},\"query-input\":{\"@type\":\"PropertyValueSpecification\",\"valueRequired\":true,\"valueName\":\"search_term_string\"}}],\"inLanguage\":\"es\"}]}<\/script>\n<!-- \/ Yoast SEO plugin. -->","yoast_head_json":{"title":"Muestra de una carta de renuncia al sindicato - National Right to Work Foundation","robots":{"index":"index","follow":"follow","max-snippet":"max-snippet:-1","max-image-preview":"max-image-preview:large","max-video-preview":"max-video-preview:-1"},"canonical":"https:\/\/www.nrtw.org\/es\/muestra-de-una-carta-de-renuncia-al-sindicato\/","og_locale":"es_ES","og_type":"article","og_title":"Muestra de una carta de renuncia al sindicato - National Right to Work Foundation","og_description":"A continuaci\u00f3n se encuentra una muestra de una carta de renuncia al sindicato. Deber\u00eda revisar el acta constitutiva y los estatutos de su sindicato para ver si especifican a qui\u00e9n se le debe enviar la carta de renuncia. Env\u00ede el original al sindicato, una copia a su empleador y guarde una copia para sus archivos.  [CARTA AL SINDICATO:  ENV\u00cdE POR CORREO CERTIFICADO,  CON ACUSE DE RECIBO]  [su direcci\u00f3n]  [fecha]  [nombre y direcci\u00f3n del sindicato]","og_url":"https:\/\/www.nrtw.org\/es\/muestra-de-una-carta-de-renuncia-al-sindicato\/","og_site_name":"National Right to Work Foundation","twitter_card":"summary_large_image","twitter_misc":{"Tiempo de lectura":"4 minutos"},"schema":{"@context":"https:\/\/schema.org","@graph":[{"@type":"WebPage","@id":"https:\/\/www.nrtw.org\/es\/muestra-de-una-carta-de-renuncia-al-sindicato\/","url":"https:\/\/www.nrtw.org\/es\/muestra-de-una-carta-de-renuncia-al-sindicato\/","name":"Muestra de una carta de renuncia al sindicato - National Right to Work Foundation","isPartOf":{"@id":"https:\/\/www.nrtw.org\/#website"},"datePublished":"-0001-11-30T00:00:00+00:00","inLanguage":"es","potentialAction":[{"@type":"ReadAction","target":["https:\/\/www.nrtw.org\/es\/muestra-de-una-carta-de-renuncia-al-sindicato\/"]}]},{"@type":"WebSite","@id":"https:\/\/www.nrtw.org\/#website","url":"https:\/\/www.nrtw.org\/","name":"National Right to Work Foundation","description":"","potentialAction":[{"@type":"SearchAction","target":{"@type":"EntryPoint","urlTemplate":"https:\/\/www.nrtw.org\/?s={search_term_string}"},"query-input":{"@type":"PropertyValueSpecification","valueRequired":true,"valueName":"search_term_string"}}],"inLanguage":"es"}]}},"_links":{"self":[{"href":"https:\/\/www.nrtw.org\/es\/wp-json\/wp\/v2\/pages\/2086","targetHints":{"allow":["GET"]}}],"collection":[{"href":"https:\/\/www.nrtw.org\/es\/wp-json\/wp\/v2\/pages"}],"about":[{"href":"https:\/\/www.nrtw.org\/es\/wp-json\/wp\/v2\/types\/page"}],"author":[{"embeddable":true,"href":"https:\/\/www.nrtw.org\/es\/wp-json\/wp\/v2\/users\/435"}],"replies":[{"embeddable":true,"href":"https:\/\/www.nrtw.org\/es\/wp-json\/wp\/v2\/comments?post=2086"}],"version-history":[{"count":0,"href":"https:\/\/www.nrtw.org\/es\/wp-json\/wp\/v2\/pages\/2086\/revisions"}],"wp:attachment":[{"href":"https:\/\/www.nrtw.org\/es\/wp-json\/wp\/v2\/media?parent=2086"}],"curies":[{"name":"wp","href":"https:\/\/api.w.org\/{rel}","templated":true}]}}