{"id":2085,"date":"2009-04-14T12:57:31","date_gmt":"2009-04-14T16:57:31","guid":{"rendered":""},"modified":"-0001-11-30T00:00:00","modified_gmt":"-0001-11-30T04:00:00","slug":"muestra-de-una-carta-de-objecin-0","status":"publish","type":"page","link":"https:\/\/www.nrtw.org\/es\/muestra-de-una-carta-de-objecin-0\/","title":{"rendered":"Muestra de una carta de objeci\u00f3n"},"content":{"rendered":"<p>[CARTA AL SINDICATO<br \/>\nENV\u00cdE POR CORREO CERTIFICADO,<br \/>\nCON ACUSE DE RECIBO]<\/p>\n<p>[su direcci\u00f3n]<\/p>\n<p>[fecha]<\/p>\n<p>[nombre y direcci\u00f3n del sindicato]<\/p>\n<p>[Al funcionario adecuado del sindicato]:<\/p>\n<p>Me opongo al cobro y al gasto de una cuota por el sindicato para cualquier prop\u00f3sito distinto al que es mi parte proporcional de los costos del sindicato para la negociaci\u00f3n colectiva, la administraci\u00f3n del contrato y el ajuste de agravios, tal como es mi derecho seg\u00fan <a href=\"\/foundation-won.htm#Abood\"><i>Abood v. Detroit Board of Education<\/i>, 431 U.S. 209 (1977)<\/a>. Conforme a <a href=\"\/foundation-won.htm#Hudson\"><i>Chicago Teachers Union v. Hudson<\/i>, 475 U.S. 292 (1986)<\/a>, solicito que me entregue mis derechos de procedimiento, incluyendo: la reducci\u00f3n de mis cuotas a la cantidad que incluya \u00fanicamente los costos legalmente imputables, una notificaci\u00f3n del c\u00e1lculo de esa cantidad verificado por un contador p\u00fablico certificado independiente y una notificaci\u00f3n del procedimiento que han adoptado para conservar mis cuotas en una cuenta de reserva que devenga intereses, y darme la oportunidad de cuestionar su c\u00e1lculo y de que lo revise una personal responsable de tomar decisiones imparcial.<\/p>\n<p>[Si paga sus cuotas por medio de un descuento por n\u00f3mina, incluya este p\u00e1rrafo: Por consiguiente, tambi\u00e9n le notifico que \u00fanicamente deseo autorizar la deducci\u00f3n de cuotas de representaci\u00f3n. Si para hacer ese cambio se me requiere firmar un nuevo formulario de autorizaci\u00f3n de la deducci\u00f3n, por favor proporci\u00f3neme el formulario necesario.]<\/p>\n<p>Le agradecer\u00eda contestar a mi solicitud sin demora. Si se siguen cobrando o gastando cuotas sin las salvaguardas de procedimiento requeridas por ley se violar\u00e1n mis derechos seg\u00fan la  Ley de Derechos Civiles de 1871, 42 U.S.C. \u00a7 1983.<\/p>\n<p>Finalmente, por favor considere esta objeci\u00f3n como permanente y continua en naturaleza.<\/p>\n<p>Atentamente,<\/p>\n<p>[nombre]<\/p>\n<hr \/>\n<p>[CARTA AL EMPLEADOR:<br \/>\nENV\u00cdE POR CORREO CERTIFICADO,<br \/>\nCON ACUSE DE RECIBO]<\/p>\n<p>[su direcci\u00f3n]<\/p>\n<p>[fecha]<\/p>\n<p>[nombre y direcci\u00f3n del departamento<br \/>\nresponsable del descuento de n\u00f3mina]<\/p>\n<p>A quien corresponda:<\/p>\n<p>Hoy le notifiqu\u00e9 al [el nombre del sindicato] que me opongo al cobro y al gasto de una cuota por parte del sindicato para cualquier prop\u00f3sito distinto al que es mi parte proporcional de los costos del sindicato para la negociaci\u00f3n colectiva, la administraci\u00f3n del contrato y el ajuste de agravios, tal como es mi derecho constitucional seg\u00fan <a href=\"\/foundation-won.htm#Abood\"><i>Abood v. Detroit Board of Education<\/i>, 431 U.S. 209 (1977)<\/a>. He incluido una copia de mi carta. Conforme a  <a href=\"\/foundation-won.htm#Hudson\"><i>Teachers Local 1 v. Hudson<\/i>, 475 U.S. 292 (1986)<\/a>, le solicito que se asegure de que el sindicato me otorgue mis derechos de procedimiento seg\u00fan la Primera Enmienda, incluyendo aquellos detallados en mi carta al sindicato. Si el sindicato no lo hace, pido que [el nombre del empleador] me los proporcione.<\/p>\n<p>[Si usted paga sus cuotas por medio de un descuento por n\u00f3mina, incluya este p\u00e1rrafo:] Por consiguiente, tambi\u00e9n le notifico que \u00fanicamente deseo autorizar la deducci\u00f3n de cuotas de representaci\u00f3n limitadas a esos costos que son legalmente imputables seg\u00fan la Primera Enmienda a la Constituci\u00f3n de los Estados Unidos. Si para hacer ese cambio se me requiere firmar un nuevo formulario, por favor proporci\u00f3neme el formulario necesario.]<\/p>\n<p>Le agradecer\u00eda contestar a mi solicitud sin demora. Si se siguen cobrando o gastando cuotas sin las salvaguardas de procedimiento requeridos por ley se violar\u00e1n mis derechos seg\u00fan la  Ley Federal de Derechos Civiles de 1871, 42 U.S.C. \u00a7 1983 y bajo la Constituci\u00f3n de los Estados Unidos.<br \/>\nAtentamente,<\/p>\n<p>[nombre]<\/p>\n","protected":false},"excerpt":{"rendered":"<p>[CARTA AL SINDICATO<br \/>\nENV\u00cdE POR CORREO CERTIFICADO,<br \/>\nCON ACUSE DE RECIBO]<\/p>\n<p>[su direcci\u00f3n]<\/p>\n<p>[fecha]<\/p>\n<p>[nombre y direcci\u00f3n del sindicato]<\/p>\n<p>[Al funcionario adecuado del sindicato]:<\/p>\n","protected":false},"author":435,"featured_media":0,"parent":0,"menu_order":0,"comment_status":"open","ping_status":"open","template":"","meta":{"_lmt_disableupdate":"","_lmt_disable":"","footnotes":""},"class_list":["post-2085","page","type-page","status-publish","hentry"],"yoast_head":"<!-- This site is optimized with the Yoast SEO plugin v27.4 - https:\/\/yoast.com\/product\/yoast-seo-wordpress\/ -->\n<title>Muestra de una carta de objeci\u00f3n - National Right to Work Foundation<\/title>\n<meta name=\"robots\" content=\"index, follow, max-snippet:-1, max-image-preview:large, max-video-preview:-1\" \/>\n<link rel=\"canonical\" href=\"https:\/\/www.nrtw.org\/muestra-de-una-carta-de-objecin-0\/\" \/>\n<meta property=\"og:locale\" content=\"es_ES\" \/>\n<meta property=\"og:type\" content=\"article\" \/>\n<meta property=\"og:title\" content=\"Muestra de una carta de objeci\u00f3n - National Right to Work Foundation\" \/>\n<meta property=\"og:description\" content=\"[CARTA AL SINDICATO ENV\u00cdE POR CORREO CERTIFICADO, CON ACUSE DE RECIBO]   [su direcci\u00f3n]  [fecha]  [nombre y direcci\u00f3n del sindicato]  [Al funcionario adecuado del sindicato]:\" \/>\n<meta property=\"og:url\" content=\"https:\/\/www.nrtw.org\/muestra-de-una-carta-de-objecin-0\/\" \/>\n<meta property=\"og:site_name\" content=\"National Right to Work Foundation\" \/>\n<meta name=\"twitter:card\" content=\"summary_large_image\" \/>\n<meta name=\"twitter:label1\" content=\"Tiempo de lectura\" \/>\n\t<meta name=\"twitter:data1\" content=\"3 minutos\" \/>\n<script type=\"application\/ld+json\" class=\"yoast-schema-graph\">{\"@context\":\"https:\\\/\\\/schema.org\",\"@graph\":[{\"@type\":\"WebPage\",\"@id\":\"https:\\\/\\\/www.nrtw.org\\\/muestra-de-una-carta-de-objecin-0\\\/\",\"url\":\"https:\\\/\\\/www.nrtw.org\\\/muestra-de-una-carta-de-objecin-0\\\/\",\"name\":\"Muestra de una carta de objeci\u00f3n - National Right to Work Foundation\",\"isPartOf\":{\"@id\":\"https:\\\/\\\/www.nrtw.org\\\/#website\"},\"datePublished\":\"-0001-11-30T00:00:00+00:00\",\"inLanguage\":\"es\",\"potentialAction\":[{\"@type\":\"ReadAction\",\"target\":[\"https:\\\/\\\/www.nrtw.org\\\/muestra-de-una-carta-de-objecin-0\\\/\"]}]},{\"@type\":\"WebSite\",\"@id\":\"https:\\\/\\\/www.nrtw.org\\\/#website\",\"url\":\"https:\\\/\\\/www.nrtw.org\\\/\",\"name\":\"National Right to Work Foundation\",\"description\":\"\",\"potentialAction\":[{\"@type\":\"SearchAction\",\"target\":{\"@type\":\"EntryPoint\",\"urlTemplate\":\"https:\\\/\\\/www.nrtw.org\\\/?s={search_term_string}\"},\"query-input\":{\"@type\":\"PropertyValueSpecification\",\"valueRequired\":true,\"valueName\":\"search_term_string\"}}],\"inLanguage\":\"es\"}]}<\/script>\n<!-- \/ Yoast SEO plugin. -->","yoast_head_json":{"title":"Muestra de una carta de objeci\u00f3n - National Right to Work Foundation","robots":{"index":"index","follow":"follow","max-snippet":"max-snippet:-1","max-image-preview":"max-image-preview:large","max-video-preview":"max-video-preview:-1"},"canonical":"https:\/\/www.nrtw.org\/muestra-de-una-carta-de-objecin-0\/","og_locale":"es_ES","og_type":"article","og_title":"Muestra de una carta de objeci\u00f3n - National Right to Work Foundation","og_description":"[CARTA AL SINDICATO ENV\u00cdE POR CORREO CERTIFICADO, CON ACUSE DE RECIBO]   [su direcci\u00f3n]  [fecha]  [nombre y direcci\u00f3n del sindicato]  [Al funcionario adecuado del sindicato]:","og_url":"https:\/\/www.nrtw.org\/muestra-de-una-carta-de-objecin-0\/","og_site_name":"National Right to Work Foundation","twitter_card":"summary_large_image","twitter_misc":{"Tiempo de lectura":"3 minutos"},"schema":{"@context":"https:\/\/schema.org","@graph":[{"@type":"WebPage","@id":"https:\/\/www.nrtw.org\/muestra-de-una-carta-de-objecin-0\/","url":"https:\/\/www.nrtw.org\/muestra-de-una-carta-de-objecin-0\/","name":"Muestra de una carta de objeci\u00f3n - National Right to Work Foundation","isPartOf":{"@id":"https:\/\/www.nrtw.org\/#website"},"datePublished":"-0001-11-30T00:00:00+00:00","inLanguage":"es","potentialAction":[{"@type":"ReadAction","target":["https:\/\/www.nrtw.org\/muestra-de-una-carta-de-objecin-0\/"]}]},{"@type":"WebSite","@id":"https:\/\/www.nrtw.org\/#website","url":"https:\/\/www.nrtw.org\/","name":"National Right to Work Foundation","description":"","potentialAction":[{"@type":"SearchAction","target":{"@type":"EntryPoint","urlTemplate":"https:\/\/www.nrtw.org\/?s={search_term_string}"},"query-input":{"@type":"PropertyValueSpecification","valueRequired":true,"valueName":"search_term_string"}}],"inLanguage":"es"}]}},"_links":{"self":[{"href":"https:\/\/www.nrtw.org\/es\/wp-json\/wp\/v2\/pages\/2085","targetHints":{"allow":["GET"]}}],"collection":[{"href":"https:\/\/www.nrtw.org\/es\/wp-json\/wp\/v2\/pages"}],"about":[{"href":"https:\/\/www.nrtw.org\/es\/wp-json\/wp\/v2\/types\/page"}],"author":[{"embeddable":true,"href":"https:\/\/www.nrtw.org\/es\/wp-json\/wp\/v2\/users\/435"}],"replies":[{"embeddable":true,"href":"https:\/\/www.nrtw.org\/es\/wp-json\/wp\/v2\/comments?post=2085"}],"version-history":[{"count":1,"href":"https:\/\/www.nrtw.org\/es\/wp-json\/wp\/v2\/pages\/2085\/revisions"}],"predecessor-version":[{"id":4117,"href":"https:\/\/www.nrtw.org\/es\/wp-json\/wp\/v2\/pages\/2085\/revisions\/4117"}],"wp:attachment":[{"href":"https:\/\/www.nrtw.org\/es\/wp-json\/wp\/v2\/media?parent=2085"}],"curies":[{"name":"wp","href":"https:\/\/api.w.org\/{rel}","templated":true}]}}