{"id":2079,"date":"2009-04-14T12:47:48","date_gmt":"2009-04-14T12:47:48","guid":{"rendered":""},"modified":"2016-06-28T17:31:26","modified_gmt":"2016-06-28T17:31:26","slug":"el-derecho-al-trabajo-nacional-est-usted-financiando-al-comit-de-accin-poltica-pac-por-sus-siglas-en-ingls-federal-de-s","status":"publish","type":"page","link":"https:\/\/www.nrtw.org\/es\/el-derecho-al-trabajo-nacional-est-usted-financiando-al-comit-de-accin-poltica-pac-por-sus-siglas-en-ingls-federal-de-s\/","title":{"rendered":"El Derecho al Trabajo Nacional: \u00bfEst\u00e1 usted financiando al comit\u00e9 de acci\u00f3n pol\u00edtica (PAC por sus siglas en ingl\u00e9s) federal de s"},"content":{"rendered":"<p><\/p>\n<p>Los Comit\u00e9s de Acci\u00f3n Pol\u00edtica (PAC por sus siglas en ingl\u00e9s) contribuyen dinero a los candidatos pol\u00edticos para las campa\u00f1as electorales. Algunos de los PAC hacen contribuciones a los candidatos para puestos locales y estatales como para \u00abgobernadores, alcaldes, diputados y senadores estatales, etc.\u201d  Otros PAC hacen contribuciones para <strong>puestos federales<\/strong> como para \u00bb Presidente, la C\u00e1mara de Diputados y el Senado de los Estados Unidos. <\/p>\n<p>Es <strong>ilegal<\/strong> que un sindicato le descuente dinero de su cheque de sueldo para hacerle contribuciones a un PAC <strong>federal<\/strong> o que el PAC federal acepte dichas contribuciones <strong>sin su consentimiento por escrito<\/strong>. Recientemente, la Federal Election Commission o FEC (Comisi\u00f3n de Elecciones Federales) audit\u00f3 algunos PAC nacionales bien conocidos para ver si ten\u00edan autorizaciones escritas de los empleados para las contribuciones que estaban recibiendo los PAC. Los resultados fueron sorprendentes. Un PAC nacional sindical, seg\u00fan la auditor\u00eda de la FEC, no pudo presentar autorizaciones escritas para el 93% de las contribuciones examinadas por la FEC.   Otro PAC sindical nacional no pudo mostrar autorizaciones para por lo menos 67% de las contribuciones revisadas por la FEC. Esto es indicativo de un problema bastante extenso: los PAC sindicales est\u00e1n haciendo contribuciones a candidatos federales con dinero de los empleados descontado sin sus autorizaciones escritas.<\/p>\n<p>Si usted cree que se est\u00e1 deduciendo dinero de su cheque de sueldo y el dinero se est\u00e1 usando para un PAC sindical federal sin su autorizaci\u00f3n por escrito, <a href=\"\/es\/solicite-ayuda-legal-gratuita\">comun\u00edquese con la Fundaci\u00f3n<\/a>. Si en el pasado firm\u00f3 una autorizaci\u00f3n para una deducci\u00f3n de n\u00f3mina para un PAC y desea descontinuar esa autorizaci\u00f3n, escr\u00edbale a su empleador y a su sindicato dici\u00e9ndoles que quiere que se terminen estas contribuciones de PAC. Puede <a href=\"\/d\/illegalpac_ltr.pdf\">descargar una carta de muestra<\/a> (se requiere un lector de PDF) para descontinuar su deducci\u00f3n de n\u00f3mina para las contribuciones a los PAC.<\/p>\n<p>Bajo la mayor\u00eda de las circunstancias, es en contra de la ley que un sindicato tome dinero de las cuotas y lo transfiera a un PAC federal o que use dichos fondos para darle efectivo directamente a un candidato a un puesto federal. Si usted tiene pruebas de que su sindicato est\u00e1 tomando dinero de sus cuotas sindicales y est\u00e1 transfiriendo los fondos a un PAC federal o est\u00e1 contribuyendo los fondos directamente a un candidato para un puesto federal de su tesorer\u00eda general, puede <a href=\"\/es\/solicite-ayuda-legal-gratuita\">comunicarse con la Fundaci\u00f3n para recibir ayuda jur\u00eddica<\/a>.<\/p>\n<p>La Fundaci\u00f3n ya ha <a href=\"https:\/\/www.nrtw.org\/b\/nr_355.php\">tomado medidas<\/a> para acabar con los abusos antes mencionados. Si <a href=\"\/es\/solicite-ayuda-legal-gratuita\">se comunica con nosotros<\/a>, es posible que un abogado de la Fundaci\u00f3n lo pueda ayudar<\/p>\n<p>Aunque es en contra de la ley que un sindicato tome dinero sin su autorizaci\u00f3n para un PAC federal o para contribuir dinero de las cuotas directamente a un candidato federal, un sindicato puede usar el dinero de las cuotas de los miembros para participar en una gran cantidad de otras actividades pol\u00edticas, como para campa\u00f1as sin afiliaci\u00f3n pol\u00edtica para aumentar la cantidad de votos, campa\u00f1as para la \u00abeducaci\u00f3n\u00bb pol\u00edtica dirigidas \u00fanicamente a los miembros y a sus familias, campa\u00f1as de temas, el cabildeo, costos de administraci\u00f3n de PAC, etc. La \u00fanica manera en que usted puede evitar que el sindicato use el dinero de sus cuotas para dichas actividades es tomando otras medidas detalladas en la secci\u00f3n de este sitio Web relacionada a <a href=\"know-your-rights\/\">Conozca Sus Derechos<\/a>.\u00bb<\/p>\n<p><\/p>","protected":false},"excerpt":{"rendered":"<p>Los Comit\u00e9s de Acci\u00f3n Pol\u00edtica (PAC por sus siglas en ingl\u00e9s) contribuyen dinero a los candidatos pol\u00edticos para las campa\u00f1as electorales. Algunos de los PAC hacen contribuciones a los candidatos para puestos locales y estatales como para \u00abgobernadores, alcaldes, diputados y senadores estatales, etc.\u201d  Otros PAC hacen contribuciones para <strong>puestos federales<\/strong> como para \u00bb Presidente, la C\u00e1mara de Diputados y el Senado de los Estados Unidos. <\/p>\n","protected":false},"author":1,"featured_media":0,"parent":0,"menu_order":0,"comment_status":"open","ping_status":"open","template":"","meta":{"_lmt_disableupdate":"","_lmt_disable":"","footnotes":""},"class_list":["post-2079","page","type-page","status-publish","hentry"],"yoast_head":"<!-- This site is optimized with the Yoast SEO plugin v27.4 - https:\/\/yoast.com\/product\/yoast-seo-wordpress\/ -->\n<title>National Right to Work: Are You Funding Your Union&#039;s Federal PAC (Political Action Committee) Unknowingly or Against Your Will?El Derecho al Trabajo Nacional: \u00bfEst\u00e1 usted financiando al comit\u00e9 de acci\u00f3n pol\u00edtica (PAC por sus siglas en ingl\u00e9s) federal de s - National Right to Work Foundation<\/title>\n<meta name=\"robots\" content=\"index, follow, max-snippet:-1, max-image-preview:large, max-video-preview:-1\" \/>\n<link rel=\"canonical\" href=\"https:\/\/www.nrtw.org\/el-derecho-al-trabajo-nacional-est-usted-financiando-al-comit-de-accin-poltica-pac-por-sus-siglas-en-ingls-federal-de-s\/\" \/>\n<meta property=\"og:locale\" content=\"es_ES\" \/>\n<meta property=\"og:type\" content=\"article\" \/>\n<meta property=\"og:title\" content=\"National Right to Work: Are You Funding Your Union&#039;s Federal PAC (Political Action Committee) Unknowingly or Against Your Will?El Derecho al Trabajo Nacional: \u00bfEst\u00e1 usted financiando al comit\u00e9 de acci\u00f3n pol\u00edtica (PAC por sus siglas en ingl\u00e9s) federal de s - National Right to Work Foundation\" \/>\n<meta property=\"og:description\" content=\"Los Comit\u00e9s de Acci\u00f3n Pol\u00edtica (PAC por sus siglas en ingl\u00e9s) contribuyen dinero a los candidatos pol\u00edticos para las campa\u00f1as electorales. Algunos de los PAC hacen contribuciones a los candidatos para puestos locales y estatales como para &quot;gobernadores, alcaldes, diputados y senadores estatales, etc.\u201d Otros PAC hacen contribuciones para puestos federales como para &quot; Presidente, la C\u00e1mara de Diputados y el Senado de los Estados Unidos. Los Comit\u00e9s de Acci\u00f3n Pol\u00edtica (PAC por sus siglas en ingl\u00e9s) contribuyen dinero a los candidatos pol\u00edticos para las campa\u00f1as electorales. Algunos de los PAC hacen contribuciones a los candidatos para puestos locales y estatales como para &quot;gobernadores, alcaldes, diputados y senadores estatales, etc.\u201d Otros PAC hacen contribuciones para puestos federales como para &quot; Presidente, la C\u00e1mara de Diputados y el Senado de los Estados Unidos.\" \/>\n<meta property=\"og:url\" content=\"https:\/\/www.nrtw.org\/el-derecho-al-trabajo-nacional-est-usted-financiando-al-comit-de-accin-poltica-pac-por-sus-siglas-en-ingls-federal-de-s\/\" \/>\n<meta property=\"og:site_name\" content=\"National Right to Work Foundation\" \/>\n<meta property=\"article:modified_time\" content=\"2016-06-28T17:31:26+00:00\" \/>\n<meta name=\"twitter:card\" content=\"summary_large_image\" \/>\n<meta name=\"twitter:label1\" content=\"Tiempo de lectura\" \/>\n\t<meta name=\"twitter:data1\" content=\"5 minutos\" \/>\n<script type=\"application\/ld+json\" class=\"yoast-schema-graph\">{\"@context\":\"https:\\\/\\\/schema.org\",\"@graph\":[{\"@type\":\"WebPage\",\"@id\":\"https:\\\/\\\/www.nrtw.org\\\/el-derecho-al-trabajo-nacional-est-usted-financiando-al-comit-de-accin-poltica-pac-por-sus-siglas-en-ingls-federal-de-s\\\/\",\"url\":\"https:\\\/\\\/www.nrtw.org\\\/el-derecho-al-trabajo-nacional-est-usted-financiando-al-comit-de-accin-poltica-pac-por-sus-siglas-en-ingls-federal-de-s\\\/\",\"name\":\"National Right to Work: Are You Funding Your Union's Federal PAC (Political Action Committee) Unknowingly or Against Your Will?El Derecho al Trabajo Nacional: \u00bfEst\u00e1 usted financiando al comit\u00e9 de acci\u00f3n pol\u00edtica (PAC por sus siglas en ingl\u00e9s) federal de s - National Right to Work Foundation\",\"isPartOf\":{\"@id\":\"https:\\\/\\\/www.nrtw.org\\\/#website\"},\"datePublished\":\"2009-04-14T12:47:48+00:00\",\"dateModified\":\"2016-06-28T17:31:26+00:00\",\"inLanguage\":\"es\",\"potentialAction\":[{\"@type\":\"ReadAction\",\"target\":[\"https:\\\/\\\/www.nrtw.org\\\/el-derecho-al-trabajo-nacional-est-usted-financiando-al-comit-de-accin-poltica-pac-por-sus-siglas-en-ingls-federal-de-s\\\/\"]}]},{\"@type\":\"WebSite\",\"@id\":\"https:\\\/\\\/www.nrtw.org\\\/#website\",\"url\":\"https:\\\/\\\/www.nrtw.org\\\/\",\"name\":\"National Right to Work Foundation\",\"description\":\"\",\"potentialAction\":[{\"@type\":\"SearchAction\",\"target\":{\"@type\":\"EntryPoint\",\"urlTemplate\":\"https:\\\/\\\/www.nrtw.org\\\/?s={search_term_string}\"},\"query-input\":{\"@type\":\"PropertyValueSpecification\",\"valueRequired\":true,\"valueName\":\"search_term_string\"}}],\"inLanguage\":\"es\"}]}<\/script>\n<!-- \/ Yoast SEO plugin. -->","yoast_head_json":{"title":"National Right to Work: Are You Funding Your Union's Federal PAC (Political Action Committee) Unknowingly or Against Your Will?El Derecho al Trabajo Nacional: \u00bfEst\u00e1 usted financiando al comit\u00e9 de acci\u00f3n pol\u00edtica (PAC por sus siglas en ingl\u00e9s) federal de s - National Right to Work Foundation","robots":{"index":"index","follow":"follow","max-snippet":"max-snippet:-1","max-image-preview":"max-image-preview:large","max-video-preview":"max-video-preview:-1"},"canonical":"https:\/\/www.nrtw.org\/el-derecho-al-trabajo-nacional-est-usted-financiando-al-comit-de-accin-poltica-pac-por-sus-siglas-en-ingls-federal-de-s\/","og_locale":"es_ES","og_type":"article","og_title":"National Right to Work: Are You Funding Your Union's Federal PAC (Political Action Committee) Unknowingly or Against Your Will?El Derecho al Trabajo Nacional: \u00bfEst\u00e1 usted financiando al comit\u00e9 de acci\u00f3n pol\u00edtica (PAC por sus siglas en ingl\u00e9s) federal de s - National Right to Work Foundation","og_description":"Los Comit\u00e9s de Acci\u00f3n Pol\u00edtica (PAC por sus siglas en ingl\u00e9s) contribuyen dinero a los candidatos pol\u00edticos para las campa\u00f1as electorales. Algunos de los PAC hacen contribuciones a los candidatos para puestos locales y estatales como para \"gobernadores, alcaldes, diputados y senadores estatales, etc.\u201d Otros PAC hacen contribuciones para puestos federales como para \" Presidente, la C\u00e1mara de Diputados y el Senado de los Estados Unidos. Los Comit\u00e9s de Acci\u00f3n Pol\u00edtica (PAC por sus siglas en ingl\u00e9s) contribuyen dinero a los candidatos pol\u00edticos para las campa\u00f1as electorales. Algunos de los PAC hacen contribuciones a los candidatos para puestos locales y estatales como para \"gobernadores, alcaldes, diputados y senadores estatales, etc.\u201d Otros PAC hacen contribuciones para puestos federales como para \" Presidente, la C\u00e1mara de Diputados y el Senado de los Estados Unidos.","og_url":"https:\/\/www.nrtw.org\/el-derecho-al-trabajo-nacional-est-usted-financiando-al-comit-de-accin-poltica-pac-por-sus-siglas-en-ingls-federal-de-s\/","og_site_name":"National Right to Work Foundation","article_modified_time":"2016-06-28T17:31:26+00:00","twitter_card":"summary_large_image","twitter_misc":{"Tiempo de lectura":"5 minutos"},"schema":{"@context":"https:\/\/schema.org","@graph":[{"@type":"WebPage","@id":"https:\/\/www.nrtw.org\/el-derecho-al-trabajo-nacional-est-usted-financiando-al-comit-de-accin-poltica-pac-por-sus-siglas-en-ingls-federal-de-s\/","url":"https:\/\/www.nrtw.org\/el-derecho-al-trabajo-nacional-est-usted-financiando-al-comit-de-accin-poltica-pac-por-sus-siglas-en-ingls-federal-de-s\/","name":"National Right to Work: Are You Funding Your Union's Federal PAC (Political Action Committee) Unknowingly or Against Your Will?El Derecho al Trabajo Nacional: \u00bfEst\u00e1 usted financiando al comit\u00e9 de acci\u00f3n pol\u00edtica (PAC por sus siglas en ingl\u00e9s) federal de s - National Right to Work Foundation","isPartOf":{"@id":"https:\/\/www.nrtw.org\/#website"},"datePublished":"2009-04-14T12:47:48+00:00","dateModified":"2016-06-28T17:31:26+00:00","inLanguage":"es","potentialAction":[{"@type":"ReadAction","target":["https:\/\/www.nrtw.org\/el-derecho-al-trabajo-nacional-est-usted-financiando-al-comit-de-accin-poltica-pac-por-sus-siglas-en-ingls-federal-de-s\/"]}]},{"@type":"WebSite","@id":"https:\/\/www.nrtw.org\/#website","url":"https:\/\/www.nrtw.org\/","name":"National Right to Work Foundation","description":"","potentialAction":[{"@type":"SearchAction","target":{"@type":"EntryPoint","urlTemplate":"https:\/\/www.nrtw.org\/?s={search_term_string}"},"query-input":{"@type":"PropertyValueSpecification","valueRequired":true,"valueName":"search_term_string"}}],"inLanguage":"es"}]}},"_links":{"self":[{"href":"https:\/\/www.nrtw.org\/es\/wp-json\/wp\/v2\/pages\/2079","targetHints":{"allow":["GET"]}}],"collection":[{"href":"https:\/\/www.nrtw.org\/es\/wp-json\/wp\/v2\/pages"}],"about":[{"href":"https:\/\/www.nrtw.org\/es\/wp-json\/wp\/v2\/types\/page"}],"author":[{"embeddable":true,"href":"https:\/\/www.nrtw.org\/es\/wp-json\/wp\/v2\/users\/1"}],"replies":[{"embeddable":true,"href":"https:\/\/www.nrtw.org\/es\/wp-json\/wp\/v2\/comments?post=2079"}],"version-history":[{"count":3,"href":"https:\/\/www.nrtw.org\/es\/wp-json\/wp\/v2\/pages\/2079\/revisions"}],"predecessor-version":[{"id":4250,"href":"https:\/\/www.nrtw.org\/es\/wp-json\/wp\/v2\/pages\/2079\/revisions\/4250"}],"wp:attachment":[{"href":"https:\/\/www.nrtw.org\/es\/wp-json\/wp\/v2\/media?parent=2079"}],"curies":[{"name":"wp","href":"https:\/\/api.w.org\/{rel}","templated":true}]}}