{"id":2078,"date":"2009-04-14T12:46:38","date_gmt":"2009-04-14T16:46:38","guid":{"rendered":""},"modified":"-0001-11-30T00:00:00","modified_gmt":"-0001-11-30T04:00:00","slug":"solicitud-en-contra-de-la-representacin-sindical","status":"publish","type":"page","link":"https:\/\/www.nrtw.org\/es\/solicitud-en-contra-de-la-representacin-sindical\/","title":{"rendered":"Solicitud en contra de la \u00abRepresentaci\u00f3n\u00bb sindical"},"content":{"rendered":"<p>Los empleados abajo firmantes NO quieren ser representado por el sindicato ______________________________[ESCRIBIR EL NOMBRE], NO quieren unirse al sindicato y NO quieren apoyar al sindicato de ninguna forma. <\/p>\n<p>En la medida en que alguno de los empleados abajo firmantes haya firmado en cualquier momento una \u00abtarjeta de autorizaci\u00f3n\u00bb sindical anteriormente u otra indicaci\u00f3n de su apoyo a la representaci\u00f3n sindical, por medio de la presente los empleados abajo firmantes REVOCAN esa tarjeta, con efecto inmediato.  M\u00e1s espec\u00edficamente, nuestro empleador, el sindicato y todos los terceros o \u00e1rbitros EST\u00c1N NOTIFICADOS que cualquiera de estas tarjetas que haya sido firmada por uno de los empleados abajo firmantes queda NULA y SIN EFECTO.<\/p>\n<p>Si en alg\u00fan momento nuestro empleador reconoce por su cuenta al sindicato como el representante de negociaci\u00f3n de los empleados, por medio de la presente los empleados abajo firmantes le piden a la Junta Nacional de Relaciones del Trabajo que lleve a cabo una ELECCI\u00d3N DE DECERTIFICACI\u00d3N para determinar si la mayor\u00eda de los empleados realmente desean ser representados por el sindicato.  <\/p>\n<table BORDER=\"0\" CELLSPACING=\"10\" CELLPADDING=\"0\" >\n<tr>\n<td>_______________________<\/td>\n<td>_______________________<\/td>\n<td>____________<\/td>\n<\/tr>\n<tr>\n<td>Nombre (Escriba con letras de molde)<\/td>\n<td>Firma<\/td>\n<td>Fecha<\/td>\n<\/tr>\n<\/table>\n<table BORDER=\"0\" CELLSPACING=\"10\" CELLPADDING=\"0\" >\n<tr>\n<td>_______________________<\/td>\n<td>_______________________<\/td>\n<td>____________<\/td>\n<\/tr>\n<tr>\n<td>Nombre (Escriba con letras de molde)<\/td>\n<td>Firma<\/td>\n<td>Fecha<\/td>\n<\/tr>\n<\/table>\n<table BORDER=\"0\" CELLSPACING=\"10\" CELLPADDING=\"0\" >\n<tr>\n<td>_______________________<\/td>\n<td>_______________________<\/td>\n<td>____________<\/td>\n<\/tr>\n<tr>\n<td>Nombre (Escriba con letras de molde)<\/td>\n<td>Firma<\/td>\n<td>Fecha<\/td>\n<\/tr>\n<\/table>\n<table BORDER=\"0\" CELLSPACING=\"10\" CELLPADDING=\"0\" >\n<tr>\n<td>_______________________<\/td>\n<td>_______________________<\/td>\n<td>____________<\/td>\n<\/tr>\n<tr>\n<td>Nombre (Escriba con letras de molde)<\/td>\n<td>Firma<\/td>\n<td>Fecha<\/td>\n<\/tr>\n<\/table>\n<table BORDER=\"0\" CELLSPACING=\"10\" CELLPADDING=\"0\" >\n<tr>\n<td>_______________________<\/td>\n<td>_______________________<\/td>\n<td>____________<\/td>\n<\/tr>\n<tr>\n<td>Nombre (Escriba con letras de molde)<\/td>\n<td>Firma<\/td>\n<td>Fecha<\/td>\n<\/tr>\n<\/table>\n","protected":false},"excerpt":{"rendered":"<p>Los empleados abajo firmantes NO quieren ser representado por el sindicato ______________________________[ESCRIBIR EL NOMBRE], NO quieren unirse al sindicato y NO quieren apoyar al sindicato de ninguna forma. <\/p>\n<p>En la medida en que alguno de los empleados abajo firmantes haya firmado en cualquier momento una \u00abtarjeta de autorizaci\u00f3n\u00bb sindical anteriormente u otra indicaci\u00f3n de su apoyo a la representaci\u00f3n sindical, por medio de la presente los empleados abajo firmantes REVOCAN esa tarjeta, con efecto inmediato.  M\u00e1s espec\u00edficamente, nuestro empleador, el sindicato y todos los terceros o \u00e1rbitros EST\u00c1N NOTIFICADOS que cualquiera de estas tarjetas que haya sido firmada por uno de los empleados abajo firmantes queda NULA y SIN EFECTO.<\/p>\n","protected":false},"author":435,"featured_media":0,"parent":0,"menu_order":0,"comment_status":"open","ping_status":"open","template":"","meta":{"_lmt_disableupdate":"","_lmt_disable":"","footnotes":""},"class_list":["post-2078","page","type-page","status-publish","hentry"],"yoast_head":"<!-- This site is optimized with the Yoast SEO plugin v27.6 - https:\/\/yoast.com\/product\/yoast-seo-wordpress\/ -->\n<title>Solicitud en contra de la &quot;Representaci\u00f3n&quot; sindical - National Right to Work Foundation<\/title>\n<meta name=\"robots\" content=\"index, follow, max-snippet:-1, max-image-preview:large, max-video-preview:-1\" \/>\n<link rel=\"canonical\" href=\"https:\/\/www.nrtw.org\/solicitud-en-contra-de-la-representacin-sindical\/\" \/>\n<meta property=\"og:locale\" content=\"es_ES\" \/>\n<meta property=\"og:type\" content=\"article\" \/>\n<meta property=\"og:title\" content=\"Solicitud en contra de la &quot;Representaci\u00f3n&quot; sindical - National Right to Work Foundation\" \/>\n<meta property=\"og:description\" content=\"Los empleados abajo firmantes NO quieren ser representado por el sindicato ______________________________[ESCRIBIR EL NOMBRE], NO quieren unirse al sindicato y NO quieren apoyar al sindicato de ninguna forma.   En la medida en que alguno de los empleados abajo firmantes haya firmado en cualquier momento una &quot;tarjeta de autorizaci\u00f3n&quot; sindical anteriormente u otra indicaci\u00f3n de su apoyo a la representaci\u00f3n sindical, por medio de la presente los empleados abajo firmantes REVOCAN esa tarjeta, con efecto inmediato. M\u00e1s espec\u00edficamente, nuestro empleador, el sindicato y todos los terceros o \u00e1rbitros EST\u00c1N NOTIFICADOS que cualquiera de estas tarjetas que haya sido firmada por uno de los empleados abajo firmantes queda NULA y SIN EFECTO.\" \/>\n<meta property=\"og:url\" content=\"https:\/\/www.nrtw.org\/solicitud-en-contra-de-la-representacin-sindical\/\" \/>\n<meta property=\"og:site_name\" content=\"National Right to Work Foundation\" \/>\n<meta name=\"twitter:card\" content=\"summary_large_image\" \/>\n<meta name=\"twitter:label1\" content=\"Tiempo de lectura\" \/>\n\t<meta name=\"twitter:data1\" content=\"1 minuto\" \/>\n<script type=\"application\/ld+json\" class=\"yoast-schema-graph\">{\"@context\":\"https:\\\/\\\/schema.org\",\"@graph\":[{\"@type\":\"WebPage\",\"@id\":\"https:\\\/\\\/www.nrtw.org\\\/solicitud-en-contra-de-la-representacin-sindical\\\/\",\"url\":\"https:\\\/\\\/www.nrtw.org\\\/solicitud-en-contra-de-la-representacin-sindical\\\/\",\"name\":\"Solicitud en contra de la \\\"Representaci\u00f3n\\\" sindical - National Right to Work Foundation\",\"isPartOf\":{\"@id\":\"https:\\\/\\\/www.nrtw.org\\\/#website\"},\"datePublished\":\"-0001-11-30T00:00:00+00:00\",\"inLanguage\":\"es\",\"potentialAction\":[{\"@type\":\"ReadAction\",\"target\":[\"https:\\\/\\\/www.nrtw.org\\\/solicitud-en-contra-de-la-representacin-sindical\\\/\"]}]},{\"@type\":\"WebSite\",\"@id\":\"https:\\\/\\\/www.nrtw.org\\\/#website\",\"url\":\"https:\\\/\\\/www.nrtw.org\\\/\",\"name\":\"National Right to Work Foundation\",\"description\":\"\",\"potentialAction\":[{\"@type\":\"SearchAction\",\"target\":{\"@type\":\"EntryPoint\",\"urlTemplate\":\"https:\\\/\\\/www.nrtw.org\\\/?s={search_term_string}\"},\"query-input\":{\"@type\":\"PropertyValueSpecification\",\"valueRequired\":true,\"valueName\":\"search_term_string\"}}],\"inLanguage\":\"es\"}]}<\/script>\n<!-- \/ Yoast SEO plugin. -->","yoast_head_json":{"title":"Solicitud en contra de la \"Representaci\u00f3n\" sindical - National Right to Work Foundation","robots":{"index":"index","follow":"follow","max-snippet":"max-snippet:-1","max-image-preview":"max-image-preview:large","max-video-preview":"max-video-preview:-1"},"canonical":"https:\/\/www.nrtw.org\/solicitud-en-contra-de-la-representacin-sindical\/","og_locale":"es_ES","og_type":"article","og_title":"Solicitud en contra de la \"Representaci\u00f3n\" sindical - National Right to Work Foundation","og_description":"Los empleados abajo firmantes NO quieren ser representado por el sindicato ______________________________[ESCRIBIR EL NOMBRE], NO quieren unirse al sindicato y NO quieren apoyar al sindicato de ninguna forma.   En la medida en que alguno de los empleados abajo firmantes haya firmado en cualquier momento una \"tarjeta de autorizaci\u00f3n\" sindical anteriormente u otra indicaci\u00f3n de su apoyo a la representaci\u00f3n sindical, por medio de la presente los empleados abajo firmantes REVOCAN esa tarjeta, con efecto inmediato. M\u00e1s espec\u00edficamente, nuestro empleador, el sindicato y todos los terceros o \u00e1rbitros EST\u00c1N NOTIFICADOS que cualquiera de estas tarjetas que haya sido firmada por uno de los empleados abajo firmantes queda NULA y SIN EFECTO.","og_url":"https:\/\/www.nrtw.org\/solicitud-en-contra-de-la-representacin-sindical\/","og_site_name":"National Right to Work Foundation","twitter_card":"summary_large_image","twitter_misc":{"Tiempo de lectura":"1 minuto"},"schema":{"@context":"https:\/\/schema.org","@graph":[{"@type":"WebPage","@id":"https:\/\/www.nrtw.org\/solicitud-en-contra-de-la-representacin-sindical\/","url":"https:\/\/www.nrtw.org\/solicitud-en-contra-de-la-representacin-sindical\/","name":"Solicitud en contra de la \"Representaci\u00f3n\" sindical - National Right to Work Foundation","isPartOf":{"@id":"https:\/\/www.nrtw.org\/#website"},"datePublished":"-0001-11-30T00:00:00+00:00","inLanguage":"es","potentialAction":[{"@type":"ReadAction","target":["https:\/\/www.nrtw.org\/solicitud-en-contra-de-la-representacin-sindical\/"]}]},{"@type":"WebSite","@id":"https:\/\/www.nrtw.org\/#website","url":"https:\/\/www.nrtw.org\/","name":"National Right to Work Foundation","description":"","potentialAction":[{"@type":"SearchAction","target":{"@type":"EntryPoint","urlTemplate":"https:\/\/www.nrtw.org\/?s={search_term_string}"},"query-input":{"@type":"PropertyValueSpecification","valueRequired":true,"valueName":"search_term_string"}}],"inLanguage":"es"}]}},"_links":{"self":[{"href":"https:\/\/www.nrtw.org\/es\/wp-json\/wp\/v2\/pages\/2078","targetHints":{"allow":["GET"]}}],"collection":[{"href":"https:\/\/www.nrtw.org\/es\/wp-json\/wp\/v2\/pages"}],"about":[{"href":"https:\/\/www.nrtw.org\/es\/wp-json\/wp\/v2\/types\/page"}],"author":[{"embeddable":true,"href":"https:\/\/www.nrtw.org\/es\/wp-json\/wp\/v2\/users\/435"}],"replies":[{"embeddable":true,"href":"https:\/\/www.nrtw.org\/es\/wp-json\/wp\/v2\/comments?post=2078"}],"version-history":[{"count":0,"href":"https:\/\/www.nrtw.org\/es\/wp-json\/wp\/v2\/pages\/2078\/revisions"}],"wp:attachment":[{"href":"https:\/\/www.nrtw.org\/es\/wp-json\/wp\/v2\/media?parent=2078"}],"curies":[{"name":"wp","href":"https:\/\/api.w.org\/{rel}","templated":true}]}}