{"id":2074,"date":"2009-04-14T12:40:20","date_gmt":"2009-04-14T16:40:20","guid":{"rendered":""},"modified":"-0001-11-30T00:00:00","modified_gmt":"-0001-11-30T04:00:00","slug":"si-creo-que-mis-derechos-han-sido-violados-por-abusos-del-sindicalismo-forzoso-puedo-presentar-mis-propios-cargos-en-contra-de","status":"publish","type":"page","link":"https:\/\/www.nrtw.org\/es\/si-creo-que-mis-derechos-han-sido-violados-por-abusos-del-sindicalismo-forzoso-puedo-presentar-mis-propios-cargos-en-contra-de\/","title":{"rendered":"Si creo que mis derechos han sido violados por abusos del sindicalismo forzoso, \u00bfpuedo presentar mis propios cargos en contra de"},"content":{"rendered":"<p>\n<b>Pregunta:<\/b> <i>Si creo que mis derechos han sido violados por abusos del sindicalismo forzoso, \u00bfpuedo presentar mis propios cargos en contra del sindicato o del empleador ante una agencia estatal?<\/i>\n<\/p>\n<p>\n<b>Respuesta:<\/b> Si trabaja en el sector p\u00fablico y a nivel estatal o local (incluyendo la preparatoria o universidad), su derecho de poder presentar su propios cargos de pr\u00e1cticas injustas del trabajo con una agencia estatal dependen de la ley estatal.<i><\/i>\n<\/p>\n<p>\nTomar la decisi\u00f3n de presentar cargos en contra del sindicato o en contra de su empleador es una decisi\u00f3n personal que la Fundaci\u00f3n no recomienda ni se opone. Sin embargo, si usted decide presentar cargos ante una agencia estatal en contra del sindicato o en contra de su empleador, si\u00e9ntase con la libertad de comunicarse con la Fundaci\u00f3n para recibir asesor\u00eda jur\u00eddica gratis relacionada con qu\u00e9 procedimientos correctos usar y cu\u00e1les son las mejores circunstancias para presentar los cargos. La asesor\u00eda jur\u00eddica se limitar\u00e1 a casos acerca de abusos por el sindicalismo forzoso dentro de los prop\u00f3sitos de los estatutos de la Fundaci\u00f3n.\n<\/p>\n<blockquote><p>\n\tPara comunicarse con la Fundaci\u00f3n, puede: <\/p>\n<ul>\n<li><a href=\"mailto:legal@nrtw.org\">Mandarle un mensaje por correo electr\u00f3nico al departamento legal de la Fundaci\u00f3n<\/a>; <\/li>\n<li>Llenar nuestro <a href=\"\/es\/solicite-ayuda-legal-gratuita\">formulario de contacto en l\u00ednea<\/a> para asesor\u00eda jur\u00eddica gratis;<\/li>\n<li>Llamar al n\u00famero sin cobrar de la Fundaci\u00f3n, <b>1-800-336-3600<\/b>.<\/li>\n<\/ul>\n<\/blockquote>\n<hr size=\"2\" width=\"100%\" \/>\nSi desea<b>enterarse m\u00e1s acerca de sus derechos legales<\/b> como empleado en el sector p\u00fablico, haga clic en la pregunta apropiada de las siguientes: <\/p>\n<ul>\n<li><a href=\"\/es\/sus-derechos-legales-empleado-en-el-sector-privado\">Si trabajo en un estado con Derecho al Trabajo, \u00bfpuedo renunciar a mi membres\u00eda en el sindicato y suspender que sigan cobr\u00e1ndose cuotas de mi salario?<\/a><\/li>\n<li><a href=\"\/a_1.htm\">\u00bfMe pueden obligar a hacerme miembro del sindicato o a pagarle cuotas?<\/a><\/li>\n<li>\n\t<a href=\"\/es\/c-mo-puedo-renunciar-mi-membres-de-uni-n-1\">\u00bfC\u00f3mo puedo renunciar a mi membres\u00eda en el sindicato?<\/a><\/li>\n<li>\n\t\u00bfC\u00f3mo puedo evitar que mis cuotas se usen para actividades pol\u00edticas y otras no relacionadas con la negociaci\u00f3n?<\/li>\n<li>\n\t<a href=\"\/es\/gu-para-empleados-sobre-las-cuotas-de-uni-n-y-lo-q\">\u00bfQu\u00e9 pasa si tengo objeciones religiosas para unirme al sindicato o para apoyarlo econ\u00f3micamente?<\/a> <\/li>\n<li>\n\t<a href=\"\/es\/qu-hago-si-soy-victima-de-la-violencia-por-la-uni\">\u00bfQu\u00e9 hago si soy v\u00edctima de la violencia sindical?<\/a><\/li>\n<li>\n\t<a href=\"\/es\/node\/3494\">\u00bfQu\u00e9 pasa si quiero trabajar mientras hay una huelga?<\/a><\/li>\n","protected":false},"excerpt":{"rendered":"<p>\n<b>Pregunta:<\/b> <i>Si creo que mis derechos han sido violados por abusos del sindicalismo forzoso, \u00bfpuedo presentar mis propios cargos en contra del sindicato o del empleador ante una agencia estatal?<\/i>\n<\/p>\n<p>\n<b>Respuesta:<\/b> Si trabaja en el sector p\u00fablico y a nivel estatal o local (incluyendo la preparatoria o universidad), su derecho de poder presentar su propios cargos de pr\u00e1cticas injustas del trabajo con una agencia estatal dependen de la ley estatal.<i><\/i><\/p>\n","protected":false},"author":435,"featured_media":0,"parent":0,"menu_order":0,"comment_status":"open","ping_status":"open","template":"","meta":{"_lmt_disableupdate":"","_lmt_disable":"","footnotes":""},"class_list":["post-2074","page","type-page","status-publish","hentry"],"yoast_head":"<!-- This site is optimized with the Yoast SEO plugin v27.6 - https:\/\/yoast.com\/product\/yoast-seo-wordpress\/ -->\n<title>Si creo que mis derechos han sido violados por abusos del sindicalismo forzoso, \u00bfpuedo presentar mis propios cargos en contra de - National Right to Work Foundation<\/title>\n<meta name=\"robots\" content=\"index, follow, max-snippet:-1, max-image-preview:large, max-video-preview:-1\" \/>\n<link rel=\"canonical\" href=\"https:\/\/www.nrtw.org\/si-creo-que-mis-derechos-han-sido-violados-por-abusos-del-sindicalismo-forzoso-puedo-presentar-mis-propios-cargos-en-contra-de\/\" \/>\n<meta property=\"og:locale\" content=\"es_ES\" \/>\n<meta property=\"og:type\" content=\"article\" \/>\n<meta property=\"og:title\" content=\"Si creo que mis derechos han sido violados por abusos del sindicalismo forzoso, \u00bfpuedo presentar mis propios cargos en contra de - National Right to Work Foundation\" \/>\n<meta property=\"og:description\" content=\"Pregunta: Si creo que mis derechos han sido violados por abusos del sindicalismo forzoso, \u00bfpuedo presentar mis propios cargos en contra del sindicato o del empleador ante una agencia estatal?   Respuesta: Si trabaja en el sector p\u00fablico y a nivel estatal o local (incluyendo la preparatoria o universidad), su derecho de poder presentar su propios cargos de pr\u00e1cticas injustas del trabajo con una agencia estatal dependen de la ley estatal.\" \/>\n<meta property=\"og:url\" content=\"https:\/\/www.nrtw.org\/si-creo-que-mis-derechos-han-sido-violados-por-abusos-del-sindicalismo-forzoso-puedo-presentar-mis-propios-cargos-en-contra-de\/\" \/>\n<meta property=\"og:site_name\" content=\"National Right to Work Foundation\" \/>\n<meta name=\"twitter:card\" content=\"summary_large_image\" \/>\n<meta name=\"twitter:label1\" content=\"Tiempo de lectura\" \/>\n\t<meta name=\"twitter:data1\" content=\"2 minutos\" \/>\n<script type=\"application\/ld+json\" class=\"yoast-schema-graph\">{\"@context\":\"https:\\\/\\\/schema.org\",\"@graph\":[{\"@type\":\"WebPage\",\"@id\":\"https:\\\/\\\/www.nrtw.org\\\/si-creo-que-mis-derechos-han-sido-violados-por-abusos-del-sindicalismo-forzoso-puedo-presentar-mis-propios-cargos-en-contra-de\\\/\",\"url\":\"https:\\\/\\\/www.nrtw.org\\\/si-creo-que-mis-derechos-han-sido-violados-por-abusos-del-sindicalismo-forzoso-puedo-presentar-mis-propios-cargos-en-contra-de\\\/\",\"name\":\"Si creo que mis derechos han sido violados por abusos del sindicalismo forzoso, \u00bfpuedo presentar mis propios cargos en contra de - National Right to Work Foundation\",\"isPartOf\":{\"@id\":\"https:\\\/\\\/www.nrtw.org\\\/#website\"},\"datePublished\":\"-0001-11-30T00:00:00+00:00\",\"inLanguage\":\"es\",\"potentialAction\":[{\"@type\":\"ReadAction\",\"target\":[\"https:\\\/\\\/www.nrtw.org\\\/si-creo-que-mis-derechos-han-sido-violados-por-abusos-del-sindicalismo-forzoso-puedo-presentar-mis-propios-cargos-en-contra-de\\\/\"]}]},{\"@type\":\"WebSite\",\"@id\":\"https:\\\/\\\/www.nrtw.org\\\/#website\",\"url\":\"https:\\\/\\\/www.nrtw.org\\\/\",\"name\":\"National Right to Work Foundation\",\"description\":\"\",\"potentialAction\":[{\"@type\":\"SearchAction\",\"target\":{\"@type\":\"EntryPoint\",\"urlTemplate\":\"https:\\\/\\\/www.nrtw.org\\\/?s={search_term_string}\"},\"query-input\":{\"@type\":\"PropertyValueSpecification\",\"valueRequired\":true,\"valueName\":\"search_term_string\"}}],\"inLanguage\":\"es\"}]}<\/script>\n<!-- \/ Yoast SEO plugin. -->","yoast_head_json":{"title":"Si creo que mis derechos han sido violados por abusos del sindicalismo forzoso, \u00bfpuedo presentar mis propios cargos en contra de - National Right to Work Foundation","robots":{"index":"index","follow":"follow","max-snippet":"max-snippet:-1","max-image-preview":"max-image-preview:large","max-video-preview":"max-video-preview:-1"},"canonical":"https:\/\/www.nrtw.org\/si-creo-que-mis-derechos-han-sido-violados-por-abusos-del-sindicalismo-forzoso-puedo-presentar-mis-propios-cargos-en-contra-de\/","og_locale":"es_ES","og_type":"article","og_title":"Si creo que mis derechos han sido violados por abusos del sindicalismo forzoso, \u00bfpuedo presentar mis propios cargos en contra de - National Right to Work Foundation","og_description":"Pregunta: Si creo que mis derechos han sido violados por abusos del sindicalismo forzoso, \u00bfpuedo presentar mis propios cargos en contra del sindicato o del empleador ante una agencia estatal?   Respuesta: Si trabaja en el sector p\u00fablico y a nivel estatal o local (incluyendo la preparatoria o universidad), su derecho de poder presentar su propios cargos de pr\u00e1cticas injustas del trabajo con una agencia estatal dependen de la ley estatal.","og_url":"https:\/\/www.nrtw.org\/si-creo-que-mis-derechos-han-sido-violados-por-abusos-del-sindicalismo-forzoso-puedo-presentar-mis-propios-cargos-en-contra-de\/","og_site_name":"National Right to Work Foundation","twitter_card":"summary_large_image","twitter_misc":{"Tiempo de lectura":"2 minutos"},"schema":{"@context":"https:\/\/schema.org","@graph":[{"@type":"WebPage","@id":"https:\/\/www.nrtw.org\/si-creo-que-mis-derechos-han-sido-violados-por-abusos-del-sindicalismo-forzoso-puedo-presentar-mis-propios-cargos-en-contra-de\/","url":"https:\/\/www.nrtw.org\/si-creo-que-mis-derechos-han-sido-violados-por-abusos-del-sindicalismo-forzoso-puedo-presentar-mis-propios-cargos-en-contra-de\/","name":"Si creo que mis derechos han sido violados por abusos del sindicalismo forzoso, \u00bfpuedo presentar mis propios cargos en contra de - National Right to Work Foundation","isPartOf":{"@id":"https:\/\/www.nrtw.org\/#website"},"datePublished":"-0001-11-30T00:00:00+00:00","inLanguage":"es","potentialAction":[{"@type":"ReadAction","target":["https:\/\/www.nrtw.org\/si-creo-que-mis-derechos-han-sido-violados-por-abusos-del-sindicalismo-forzoso-puedo-presentar-mis-propios-cargos-en-contra-de\/"]}]},{"@type":"WebSite","@id":"https:\/\/www.nrtw.org\/#website","url":"https:\/\/www.nrtw.org\/","name":"National Right to Work Foundation","description":"","potentialAction":[{"@type":"SearchAction","target":{"@type":"EntryPoint","urlTemplate":"https:\/\/www.nrtw.org\/?s={search_term_string}"},"query-input":{"@type":"PropertyValueSpecification","valueRequired":true,"valueName":"search_term_string"}}],"inLanguage":"es"}]}},"_links":{"self":[{"href":"https:\/\/www.nrtw.org\/es\/wp-json\/wp\/v2\/pages\/2074","targetHints":{"allow":["GET"]}}],"collection":[{"href":"https:\/\/www.nrtw.org\/es\/wp-json\/wp\/v2\/pages"}],"about":[{"href":"https:\/\/www.nrtw.org\/es\/wp-json\/wp\/v2\/types\/page"}],"author":[{"embeddable":true,"href":"https:\/\/www.nrtw.org\/es\/wp-json\/wp\/v2\/users\/435"}],"replies":[{"embeddable":true,"href":"https:\/\/www.nrtw.org\/es\/wp-json\/wp\/v2\/comments?post=2074"}],"version-history":[{"count":0,"href":"https:\/\/www.nrtw.org\/es\/wp-json\/wp\/v2\/pages\/2074\/revisions"}],"wp:attachment":[{"href":"https:\/\/www.nrtw.org\/es\/wp-json\/wp\/v2\/media?parent=2074"}],"curies":[{"name":"wp","href":"https:\/\/api.w.org\/{rel}","templated":true}]}}