{"id":2073,"date":"2009-04-14T12:39:29","date_gmt":"2009-04-14T12:39:29","guid":{"rendered":""},"modified":"2016-06-21T18:20:38","modified_gmt":"2016-06-21T18:20:38","slug":"cmo-puedo-evitar-que-se-usen-mis-cuotas-para-actividades-polticas-y-otras-no-relacionadas-con-la-negociacin-3","status":"publish","type":"page","link":"https:\/\/www.nrtw.org\/es\/cmo-puedo-evitar-que-se-usen-mis-cuotas-para-actividades-polticas-y-otras-no-relacionadas-con-la-negociacin-3\/","title":{"rendered":"\u00bfC\u00f3mo puedo evitar que se usen mis cuotas para actividades pol\u00edticas y otras no relacionadas con la negociaci\u00f3n?"},"content":{"rendered":"<p><\/p>\n<p>\n<b>Pregunta<\/b> <i> \u00bfC\u00f3mo puedo evitar que se usen mis cuotas para actividades pol\u00edticas y otras no relacionadas con la negociaci\u00f3n?<\/i>\n<\/p>\n<p>\n[<b>ATENCI\u00d3N<\/b>: Usted tiene que ser un<i> <b>no miembro<\/b><\/i> para aprovechar los derechos detallados en esta p\u00e1gina. <b>Si actualmente es miembro del sindicato<\/b>, primero tiene que dejar de ser miembro y luego objetar para poder recibir un descuento o una reducci\u00f3n a sus cuotas. <b>Para saber c\u00f3mo dejar de ser miembro<\/b>, <a href=\"\/es\/como-puedo-renunciar-mi-membres-de-uni-n\">haga clic aqu\u00ed<\/a>.\n<\/p>\n<p>\n<b>Respuesta:<\/b> <i>Si vive en un estado con Derecho al Trabajo no solamente tiene el derecho de abstenerse de unirse al sindicato, sino que no se le puede obligar a pagarle nada salvo que decida unirse al sindicato.<\/i>\n<\/p>\n<p>\n<a href=\"\/es\/estados-con-derecho-al-trabajo\">Haga clic aqu\u00ed<\/a> si desea ver una lista de los 25 estados con Derecho al Trabajo.\n<\/p>\n<p>\nLos educadores en los estados sin Derecho al Trabajo, a quienes se les obliga a pagar cuotas o cargos del sindicato como una condici\u00f3n de su empleo, tienen el derecho de suspender la porci\u00f3n de sus cuotas que se usen para actividades pol\u00edticas no relacionadas con la negociaci\u00f3n. Debido a  <a href=\"http:\/\/caselaw.findlaw.com\/cgi-bin\/getcase.pl?court=US&amp;vol=431&amp;invol=209\"><i>Abood v. Detroit Board of Education<\/i>, 431 U.S. 209 (1977)<\/a>, una demanda apoyada por la Fundaci\u00f3n, no se les puede obligar a los educadores a pagar m\u00e1s que una cuota sindical (t\u00edpicamente llamada una&quot;comisi\u00f3n de agencia&quot;) igual a su porci\u00f3n de lo que el sindicato pueda probar que son los gastos para la negociaci\u00f3n colectiva, la administraci\u00f3n del contrato y el ajuste de agravios.\n<\/p>\n<p>\nExcepto en casos extraordinarios, los costos del sindicato para la negociaci\u00f3n colectiva, la administraci\u00f3n del contrato y el ajuste de agravios no equivalen la cantidad de las cuotas.\n<\/p>\n<p>\nSi usted no es miembro, tiene el derecho de objetar y obtener una reducci\u00f3n a sus pagos forzosos para que no incluyan la parte de las cuotas que se usen para prop\u00f3sitos distintos a las negociaciones colectivas y a la administraci\u00f3n del contrato.\n<\/p>\n<p>\nEl empleador y el sindicato deben de establecer ciertos procedimientos para salvaguardar su derecho a pagar solamente una cuota limitada al sindicato. Estas salvaguardas incluyen darle:\n<\/p>\n<ul type=\"disc\">\n<li>\n\tInformaci\u00f3n financiera auditada acerca de c\u00f3mo se calcul\u00f3 la cantidad de la comisi\u00f3n de agencia;<\/li>\n<li>La oportunidad de cuestionar la cantidad de la comisi\u00f3n de agencia ante un responsable de tomar decisiones imparcial y hacer que el sindicato compruebe su reclamo de la cuota; y,<\/li>\n<li>El derecho a poner la cantidad cuestionada de la comisi\u00f3n de agencia en una cuenta de reserva para que el sindicato no pueda usar su dinero de manera il\u00edcita mientras la decisi\u00f3n sobre la cantidad adecuada de la comisi\u00f3n de agencia est\u00e9 pendiente. <\/li>\n<\/ul>\n<p>\nSu derecho a salvaguarda adecuada est\u00e1 fundada en <a href=\"http:\/\/caselaw.findlaw.com\/cgi-bin\/getcase.pl?court=US&amp;vol=475&amp;invol=292\"><i>Chicago Teachers Union v. Hudson,<\/i> 475 U.S. 292 (1986)<\/a>,otra demanda apoyada por la Fundaci\u00f3n.\n<\/p>\n<p>\nEn <a href=\"http:\/\/caselaw.findlaw.com\/cgi-bin\/getcase.pl?court=US&amp;vol=500&amp;invol=507\"><i>Lehnert v. Ferris Faculty Association, <\/i>500 U.S. 507 (1991)<\/a>, otra demanda apoyada por la Fundaci\u00f3n, el Tribunal Supremo discuti\u00f3 cu\u00e1les tipos de gastos son imputables y cu\u00e1les no son imputables a los maestros que no sean miembros.\n<\/p>\n<p>\nSi  quisiera darse una idea del tipo de gastos sindicales que no son imputables a los no miembros, <a href=\"\/es\/ejemplos-de-gastos-no-imputables\">haga clic aqu\u00ed<\/a>.\n<\/p>\n<p>\nSi usted es un no miembro en un estado sin  Derecho al Trabajo, en donde la ley estatal o el contrato lo obliguen a pagar cuotas sindicales, y le gustar\u00eda ver una muestra de una carta de objeci\u00f3n que le permitir\u00e1 conservar parte del dinero que le ha estado mandando al sindicato, <a href=\"\/es\/muestra-de-una-carta-de-objeci-n-0\" title=\"Muestra de una Carta de Objeci\u00f3n para Maestros\">haga clic aqu\u00ed.<\/a> Deber\u00eda verificar con su sindicato para ver si tiene una pol\u00edtica concerniente a cu\u00e1ndo y a qui\u00e9n se le deben de presentar las objeciones.\n<\/p>\n<hr \/>\n<p>Si desea <b>enterarse m\u00e1s acerca de sus derechos <\/b> como un maestro en escuelas p\u00fablicas o como profesor universitario, haga clic en la pregunta apropiada de las siguientes:<\/p>\n<ul type=\"disc\">\n<li><a href=\"\/es\/node\/3496\">\u00bfMe pueden obligar a hacerme miembro del sindicato o a pagarle cuotas?<\/a><\/li>\n<li><a href=\"\/es\/como-puedo-renunciar-mi-membres-de-uni-n\">\u00bfC\u00f3mo puedo renunciar a mi membres\u00eda en un sindicato?<\/a><\/li>\n<li>\u00bfC\u00f3mo puedo evitar que se usen mis cuotas para actividades pol\u00edticas y otras no relacionadas con la negociaci\u00f3n? <\/li>\n<li><a href=\"\/es\/gu-para-empleados-sobre-las-cuotas-de-uni-n-y-lo-q\">\u00bfQu\u00e9 pasa si tengo objeciones religiosas para unirme al sindicato o para apoyarlo econ\u00f3micamente?<\/a> <\/li>\n<li><a href=\"\/es\/qu-hago-si-soy-victima-de-la-violencia-por-la-uni\">\u00bfQu\u00e9 hago si soy v\u00edctima de violencia sindical?<\/a><\/li>\n<li><a href=\"\/es\/qu-pasa-si-quiero-trabajar-mientras-hay-una-huel-0\">\u00bfQu\u00e9 pasa si quiero trabajar mientras hay una huelga?<\/a><\/li>\n<\/ul>\n<p><\/p>","protected":false},"excerpt":{"rendered":"<p>\n<b>Pregunta<\/b> <i> \u00bfC\u00f3mo puedo evitar que se usen mis cuotas para actividades pol\u00edticas y otras no relacionadas con la negociaci\u00f3n?<\/i>\n<\/p>\n<p>\n[<b>ATENCI\u00d3N<\/b>: Usted tiene que ser un<i> <b>no miembro<\/b><\/i> para aprovechar los derechos detallados en esta p\u00e1gina. <b>Si actualmente es miembro del sindicato<\/b>, primero tiene que dejar de ser miembro y luego objetar para poder recibir un descuento o una reducci\u00f3n a sus cuotas. <b>Para saber c\u00f3mo dejar de ser miembro<\/b>, <a href=\"\/es\/como-puedo-renunciar-mi-membres-de-uni-n\">haga clic aqu\u00ed<\/a>.\n<\/p>\n<p>\n<b>Respuesta:<\/b> <i>Si vive en un estado con Derecho al Trabajo no solamente tiene el derecho de abstenerse de unirse al sindicato, sino que no se le puede obligar a pagarle nada salvo que decida unirse al sindicato.<\/i>\n<\/p>\n<p>\n<a href=\"\/es\/estados-con-derecho-al-trabajo\">Haga clic aqu\u00ed<\/a> si desea ver una lista de los 25 estados con Derecho al Trabajo.<\/p>\n","protected":false},"author":1,"featured_media":0,"parent":0,"menu_order":0,"comment_status":"open","ping_status":"open","template":"","meta":{"_lmt_disableupdate":"","_lmt_disable":"","footnotes":""},"class_list":["post-2073","page","type-page","status-publish","hentry"],"yoast_head":"<!-- This site is optimized with the Yoast SEO plugin v27.4 - https:\/\/yoast.com\/product\/yoast-seo-wordpress\/ -->\n<title>How do I cut off the use of my dues for politics and other nonbargaining activities?\u00bfC\u00f3mo puedo evitar que se usen mis cuotas para actividades pol\u00edticas y otras no relacionadas con la negociaci\u00f3n? - National Right to Work Foundation<\/title>\n<meta name=\"robots\" content=\"index, follow, max-snippet:-1, max-image-preview:large, max-video-preview:-1\" \/>\n<link rel=\"canonical\" href=\"https:\/\/www.nrtw.org\/es\/cmo-puedo-evitar-que-se-usen-mis-cuotas-para-actividades-polticas-y-otras-no-relacionadas-con-la-negociacin-3\/\" \/>\n<meta property=\"og:locale\" content=\"es_ES\" \/>\n<meta property=\"og:type\" content=\"article\" \/>\n<meta property=\"og:title\" content=\"How do I cut off the use of my dues for politics and other nonbargaining activities?\u00bfC\u00f3mo puedo evitar que se usen mis cuotas para actividades pol\u00edticas y otras no relacionadas con la negociaci\u00f3n? - National Right to Work Foundation\" \/>\n<meta property=\"og:description\" content=\"Pregunta \u00bfC\u00f3mo puedo evitar que se usen mis cuotas para actividades pol\u00edticas y otras no relacionadas con la negociaci\u00f3n?    [ATENCI\u00d3N: Usted tiene que ser un no miembro para aprovechar los derechos detallados en esta p\u00e1gina. Si actualmente es miembro del sindicato, primero tiene que dejar de ser miembro y luego objetar para poder recibir un descuento o una reducci\u00f3n a sus cuotas. Para saber c\u00f3mo dejar de ser miembro, haga clic aqu\u00ed.   Respuesta: Si vive en un estado con Derecho al Trabajo no solamente tiene el derecho de abstenerse de unirse al sindicato, sino que no se le puede obligar a pagarle nada salvo que decida unirse al sindicato.    Haga clic aqu\u00ed si desea ver una lista de los 25 estados con Derecho al Trabajo.   Pregunta \u00bfC\u00f3mo puedo evitar que se usen mis cuotas para actividades pol\u00edticas y otras no relacionadas con la negociaci\u00f3n?    [ATENCI\u00d3N: Usted tiene que ser un no miembro para aprovechar los derechos detallados en esta p\u00e1gina. Si actualmente es miembro del sindicato, primero tiene que dejar de ser miembro y luego objetar para poder recibir un descuento o una reducci\u00f3n a sus cuotas. Para saber c\u00f3mo dejar de ser miembro, haga clic aqu\u00ed.   Respuesta: Si vive en un estado con Derecho al Trabajo no solamente tiene el derecho de abstenerse de unirse al sindicato, sino que no se le puede obligar a pagarle nada salvo que decida unirse al sindicato.    Haga clic aqu\u00ed si desea ver una lista de los 25 estados con Derecho al Trabajo.\" \/>\n<meta property=\"og:url\" content=\"https:\/\/www.nrtw.org\/es\/cmo-puedo-evitar-que-se-usen-mis-cuotas-para-actividades-polticas-y-otras-no-relacionadas-con-la-negociacin-3\/\" \/>\n<meta property=\"og:site_name\" content=\"National Right to Work Foundation\" \/>\n<meta property=\"article:modified_time\" content=\"2016-06-21T18:20:38+00:00\" \/>\n<meta name=\"twitter:card\" content=\"summary_large_image\" \/>\n<meta name=\"twitter:label1\" content=\"Tiempo de lectura\" \/>\n\t<meta name=\"twitter:data1\" content=\"7 minutos\" \/>\n<script type=\"application\/ld+json\" class=\"yoast-schema-graph\">{\"@context\":\"https:\\\/\\\/schema.org\",\"@graph\":[{\"@type\":\"WebPage\",\"@id\":\"https:\\\/\\\/www.nrtw.org\\\/es\\\/cmo-puedo-evitar-que-se-usen-mis-cuotas-para-actividades-polticas-y-otras-no-relacionadas-con-la-negociacin-3\\\/\",\"url\":\"https:\\\/\\\/www.nrtw.org\\\/es\\\/cmo-puedo-evitar-que-se-usen-mis-cuotas-para-actividades-polticas-y-otras-no-relacionadas-con-la-negociacin-3\\\/\",\"name\":\"How do I cut off the use of my dues for politics and other nonbargaining activities?\u00bfC\u00f3mo puedo evitar que se usen mis cuotas para actividades pol\u00edticas y otras no relacionadas con la negociaci\u00f3n? - National Right to Work Foundation\",\"isPartOf\":{\"@id\":\"https:\\\/\\\/www.nrtw.org\\\/#website\"},\"datePublished\":\"2009-04-14T12:39:29+00:00\",\"dateModified\":\"2016-06-21T18:20:38+00:00\",\"inLanguage\":\"es\",\"potentialAction\":[{\"@type\":\"ReadAction\",\"target\":[\"https:\\\/\\\/www.nrtw.org\\\/es\\\/cmo-puedo-evitar-que-se-usen-mis-cuotas-para-actividades-polticas-y-otras-no-relacionadas-con-la-negociacin-3\\\/\"]}]},{\"@type\":\"WebSite\",\"@id\":\"https:\\\/\\\/www.nrtw.org\\\/#website\",\"url\":\"https:\\\/\\\/www.nrtw.org\\\/\",\"name\":\"National Right to Work Foundation\",\"description\":\"\",\"potentialAction\":[{\"@type\":\"SearchAction\",\"target\":{\"@type\":\"EntryPoint\",\"urlTemplate\":\"https:\\\/\\\/www.nrtw.org\\\/?s={search_term_string}\"},\"query-input\":{\"@type\":\"PropertyValueSpecification\",\"valueRequired\":true,\"valueName\":\"search_term_string\"}}],\"inLanguage\":\"es\"}]}<\/script>\n<!-- \/ Yoast SEO plugin. -->","yoast_head_json":{"title":"How do I cut off the use of my dues for politics and other nonbargaining activities?\u00bfC\u00f3mo puedo evitar que se usen mis cuotas para actividades pol\u00edticas y otras no relacionadas con la negociaci\u00f3n? - National Right to Work Foundation","robots":{"index":"index","follow":"follow","max-snippet":"max-snippet:-1","max-image-preview":"max-image-preview:large","max-video-preview":"max-video-preview:-1"},"canonical":"https:\/\/www.nrtw.org\/es\/cmo-puedo-evitar-que-se-usen-mis-cuotas-para-actividades-polticas-y-otras-no-relacionadas-con-la-negociacin-3\/","og_locale":"es_ES","og_type":"article","og_title":"How do I cut off the use of my dues for politics and other nonbargaining activities?\u00bfC\u00f3mo puedo evitar que se usen mis cuotas para actividades pol\u00edticas y otras no relacionadas con la negociaci\u00f3n? - National Right to Work Foundation","og_description":"Pregunta \u00bfC\u00f3mo puedo evitar que se usen mis cuotas para actividades pol\u00edticas y otras no relacionadas con la negociaci\u00f3n?    [ATENCI\u00d3N: Usted tiene que ser un no miembro para aprovechar los derechos detallados en esta p\u00e1gina. Si actualmente es miembro del sindicato, primero tiene que dejar de ser miembro y luego objetar para poder recibir un descuento o una reducci\u00f3n a sus cuotas. Para saber c\u00f3mo dejar de ser miembro, haga clic aqu\u00ed.   Respuesta: Si vive en un estado con Derecho al Trabajo no solamente tiene el derecho de abstenerse de unirse al sindicato, sino que no se le puede obligar a pagarle nada salvo que decida unirse al sindicato.    Haga clic aqu\u00ed si desea ver una lista de los 25 estados con Derecho al Trabajo.   Pregunta \u00bfC\u00f3mo puedo evitar que se usen mis cuotas para actividades pol\u00edticas y otras no relacionadas con la negociaci\u00f3n?    [ATENCI\u00d3N: Usted tiene que ser un no miembro para aprovechar los derechos detallados en esta p\u00e1gina. Si actualmente es miembro del sindicato, primero tiene que dejar de ser miembro y luego objetar para poder recibir un descuento o una reducci\u00f3n a sus cuotas. Para saber c\u00f3mo dejar de ser miembro, haga clic aqu\u00ed.   Respuesta: Si vive en un estado con Derecho al Trabajo no solamente tiene el derecho de abstenerse de unirse al sindicato, sino que no se le puede obligar a pagarle nada salvo que decida unirse al sindicato.    Haga clic aqu\u00ed si desea ver una lista de los 25 estados con Derecho al Trabajo.","og_url":"https:\/\/www.nrtw.org\/es\/cmo-puedo-evitar-que-se-usen-mis-cuotas-para-actividades-polticas-y-otras-no-relacionadas-con-la-negociacin-3\/","og_site_name":"National Right to Work Foundation","article_modified_time":"2016-06-21T18:20:38+00:00","twitter_card":"summary_large_image","twitter_misc":{"Tiempo de lectura":"7 minutos"},"schema":{"@context":"https:\/\/schema.org","@graph":[{"@type":"WebPage","@id":"https:\/\/www.nrtw.org\/es\/cmo-puedo-evitar-que-se-usen-mis-cuotas-para-actividades-polticas-y-otras-no-relacionadas-con-la-negociacin-3\/","url":"https:\/\/www.nrtw.org\/es\/cmo-puedo-evitar-que-se-usen-mis-cuotas-para-actividades-polticas-y-otras-no-relacionadas-con-la-negociacin-3\/","name":"How do I cut off the use of my dues for politics and other nonbargaining activities?\u00bfC\u00f3mo puedo evitar que se usen mis cuotas para actividades pol\u00edticas y otras no relacionadas con la negociaci\u00f3n? - National Right to Work Foundation","isPartOf":{"@id":"https:\/\/www.nrtw.org\/#website"},"datePublished":"2009-04-14T12:39:29+00:00","dateModified":"2016-06-21T18:20:38+00:00","inLanguage":"es","potentialAction":[{"@type":"ReadAction","target":["https:\/\/www.nrtw.org\/es\/cmo-puedo-evitar-que-se-usen-mis-cuotas-para-actividades-polticas-y-otras-no-relacionadas-con-la-negociacin-3\/"]}]},{"@type":"WebSite","@id":"https:\/\/www.nrtw.org\/#website","url":"https:\/\/www.nrtw.org\/","name":"National Right to Work Foundation","description":"","potentialAction":[{"@type":"SearchAction","target":{"@type":"EntryPoint","urlTemplate":"https:\/\/www.nrtw.org\/?s={search_term_string}"},"query-input":{"@type":"PropertyValueSpecification","valueRequired":true,"valueName":"search_term_string"}}],"inLanguage":"es"}]}},"_links":{"self":[{"href":"https:\/\/www.nrtw.org\/es\/wp-json\/wp\/v2\/pages\/2073","targetHints":{"allow":["GET"]}}],"collection":[{"href":"https:\/\/www.nrtw.org\/es\/wp-json\/wp\/v2\/pages"}],"about":[{"href":"https:\/\/www.nrtw.org\/es\/wp-json\/wp\/v2\/types\/page"}],"author":[{"embeddable":true,"href":"https:\/\/www.nrtw.org\/es\/wp-json\/wp\/v2\/users\/1"}],"replies":[{"embeddable":true,"href":"https:\/\/www.nrtw.org\/es\/wp-json\/wp\/v2\/comments?post=2073"}],"version-history":[{"count":2,"href":"https:\/\/www.nrtw.org\/es\/wp-json\/wp\/v2\/pages\/2073\/revisions"}],"predecessor-version":[{"id":3965,"href":"https:\/\/www.nrtw.org\/es\/wp-json\/wp\/v2\/pages\/2073\/revisions\/3965"}],"wp:attachment":[{"href":"https:\/\/www.nrtw.org\/es\/wp-json\/wp\/v2\/media?parent=2073"}],"curies":[{"name":"wp","href":"https:\/\/api.w.org\/{rel}","templated":true}]}}