{"id":2069,"date":"2009-04-14T12:21:52","date_gmt":"2009-04-14T12:21:52","guid":{"rendered":""},"modified":"2016-11-03T20:08:12","modified_gmt":"2016-11-03T20:08:12","slug":"cmo-puedo-renunciar-a-mi-membresa-en-sindicato","status":"publish","type":"page","link":"https:\/\/www.nrtw.org\/es\/cmo-puedo-renunciar-a-mi-membresa-en-sindicato\/","title":{"rendered":"\u00bfC\u00f3mo puedo renunciar a mi membres\u00eda en sindicato?"},"content":{"rendered":"<p>Los sindicatos a veces tratan de imponer limitaciones sobre el derecho a renunciar de un miembro.  Sin embargo, una resoluci\u00f3n judicial del Tribunal Supremo en <A HREF=\"http:\/\/caselaw.findlaw.com\/cgi-bin\/getcase.pl?court=US&#038;vol=431&#038;invol=209\"><I>Abood v. Detroit Board of Education<\/I>, 431 U.S. 209 (1977)<\/A>, una demanda apoyada por la Fundaci\u00f3n, aclara que, constitucionalmente, no se le puede impedir que renuncie a su sindicato en cualquier momento. Algunos estados, pero no todos, tambi\u00e9n tienen estatutos que les garantizan a los empleados p\u00fablicos el derecho a renunciar. <\/p>\n<p>Como alguien que no es miembro, usted tendr\u00eda el derecho de objetar a la cantidad de las comisiones de agencia y obtener una reducci\u00f3n de sus pagos forzosos para que no incluyan la parte de las cuotas que se usa para prop\u00f3sitos distintos a las negociaciones colectivas, la gesti\u00f3n del contrato y el ajuste de agravios.<\/p>\n<p>Le decisi\u00f3n para renunciar es suya \u00fanicamente. Adem\u00e1s de la reducci\u00f3n de sus responsabilidades econ\u00f3micas hacia el sindicato, como no miembro, no estar\u00eda sujeto a las reglas ni a las medidas disciplinarias del sindicato. El sindicato tendr\u00eda que seguir represent\u00e1ndolo de manera justa y sin discriminaci\u00f3n respecto a todos los asuntos sujetos a la negociaci\u00f3n colectiva, y no se le puede negar ninguna prestaci\u00f3n de acuerdo con el contrato laboral con su empleador debido a no ser miembro. <\/p>\n<p>Por otro lado, usted no tendr\u00eda el derecho a votar sobre la ratificaci\u00f3n del contrato ni en la elecci\u00f3n de funcionarios del sindicato, y puede haber prestaciones otorgadas bajo la constituci\u00f3n del sindicato que no est\u00e9n disponibles para los que no son miembros.  (Sin embargo, a los que no son miembros no se les puede cobrar una porci\u00f3n de los costos de las prestaciones que son para los miembros solamente). <\/p>\n<p>Si usted trabaja en in <a href=\"\/es\/estados-con-derecho-al-trabajo\">estado con Derecho al Trabajo<\/a>, o si ni la ley estatal ni el contrato entre su empleador y el sindicato contienen disposiciones que le requieran unirse al sindicato o a pagar cuotas sindicales despu\u00e9s de renunciar, entonces no tendr\u00eda ninguna obligaci\u00f3n hacia su sindicato. (Sin embargo, si usted ha firmado una autorizaci\u00f3n de descuento por n\u00f3mina, esa autorizaci\u00f3n podr\u00eda contener una limitaci\u00f3n sobre cu\u00e1ndo se puede revocar.)    <\/p>\n<p>Si quisiera ver una muestra de una carta de renuncia en el sindicato de un estado con Derecho al Trabajo, o de un lugar donde ni la ley estatal ni el contrato le requiere que se una al sindicato o a pagar cuotas sindicales, <A HREF=\"\/es\/una-muestra-de-una-carta-de-renuncia-para-los-empl\">haga clic aqu\u00ed<\/A>. Deber\u00eda verificar la escritura constitutiva y los estatutos de su sindicato para ver si especifican a qui\u00e9n se le debe enviar la carta de renuncia. <\/p>\n<p>Si usted trabaja en un estado sin Derecho al Trabajo o el contrato contiene una disposici\u00f3n que le requiere unirse a un sindicato o pagar cuotas despu\u00e9s de su renuncia, a\u00fan tendr\u00eda que seguir pagando cuotas sindicales (generalmente llamadas &quot;comisiones de agencia&quot; o &quot;comisiones de parte justa&quot;). <\/p>\n<p>Si quisiera ver una muestra de una carta de renuncia u objeciones al sindicato de un estado sin Derecho al Trabajo, en donde la ley estatal o el contrato<i>si<\/i> le requiere que se una al sindicato o pagar cuotas sindicales <a href=\"\/es\/muestra-de-una-carta-de-renuncia-de-uni-n\">haga clic aqu\u00ed.<\/a> Deber\u00eda verificar con su sindicato para ver si tiene una pol\u00edtica concerniente a cu\u00e1ndo y a qui\u00e9n se le deben presentar las cartas de renuncia u objeciones.  Para enlaces a pol\u00edticas de objeci\u00f3n al sindicato en Internet, <a href=\"\/es\/pol-ticas-de-objeci-n-de-la-uni-n\">haga clic aqu\u00ed<\/a>.<\/p>\n<p>Aunque la carta de renuncia de muestra incluye el rengl\u00f3n que dice que su objeci\u00f3n es continua y permanente, algunos sindicatos no lo aceptar\u00e1n y le har\u00e1n renovar sus objeciones anualmente. Los tribunales han emitido resoluciones contradictorias sobre este punto.<\/p>\n","protected":false},"excerpt":{"rendered":"<p>Los sindicatos a veces tratan de imponer limitaciones sobre el derecho a renunciar de un miembro.  Sin embargo, una resoluci\u00f3n judicial del Tribunal Supremo en <A HREF=\"http:\/\/caselaw.findlaw.com\/cgi-bin\/getcase.pl?court=US&#038;vol=431&#038;invol=209\"><I>Abood v. Detroit Board of Education<\/I>, 431 U.S. 209 (1977)<\/A>, una demanda apoyada por la Fundaci\u00f3n, aclara que, constitucionalmente, no se le puede impedir que renuncie a su sindicato en cualquier momento. Algunos estados, pero no todos, tambi\u00e9n tienen estatutos que les garantizan a los empleados p\u00fablicos el derecho a renunciar. <\/p>\n<p>Como alguien que no es miembro, usted tendr\u00eda el derecho de objetar a la cantidad de las comisiones de agencia y obtener una reducci\u00f3n de sus pagos forzosos para que no incluyan la parte de las cuotas que se usa para prop\u00f3sitos distintos a las negociaciones colectivas, la gesti\u00f3n del contrato y el ajuste de agravios.<\/p>\n","protected":false},"author":435,"featured_media":0,"parent":0,"menu_order":0,"comment_status":"closed","ping_status":"open","template":"","meta":{"_lmt_disableupdate":"","_lmt_disable":"","footnotes":""},"class_list":["post-2069","page","type-page","status-publish","hentry"],"yoast_head":"<!-- This site is optimized with the Yoast SEO plugin v27.4 - https:\/\/yoast.com\/product\/yoast-seo-wordpress\/ -->\n<title>\u00bfC\u00f3mo puedo renunciar a mi membres\u00eda en sindicato? - National Right to Work Foundation<\/title>\n<meta name=\"robots\" content=\"index, follow, max-snippet:-1, max-image-preview:large, max-video-preview:-1\" \/>\n<link rel=\"canonical\" href=\"https:\/\/www.nrtw.org\/cmo-puedo-renunciar-a-mi-membresa-en-sindicato\/\" \/>\n<meta property=\"og:locale\" content=\"es_ES\" \/>\n<meta property=\"og:type\" content=\"article\" \/>\n<meta property=\"og:title\" content=\"\u00bfC\u00f3mo puedo renunciar a mi membres\u00eda en sindicato? - National Right to Work Foundation\" \/>\n<meta property=\"og:description\" content=\"Los sindicatos a veces tratan de imponer limitaciones sobre el derecho a renunciar de un miembro. Sin embargo, una resoluci\u00f3n judicial del Tribunal Supremo en Abood v. Detroit Board of Education, 431 U.S. 209 (1977), una demanda apoyada por la Fundaci\u00f3n, aclara que, constitucionalmente, no se le puede impedir que renuncie a su sindicato en cualquier momento. Algunos estados, pero no todos, tambi\u00e9n tienen estatutos que les garantizan a los empleados p\u00fablicos el derecho a renunciar.   Como alguien que no es miembro, usted tendr\u00eda el derecho de objetar a la cantidad de las comisiones de agencia y obtener una reducci\u00f3n de sus pagos forzosos para que no incluyan la parte de las cuotas que se usa para prop\u00f3sitos distintos a las negociaciones colectivas, la gesti\u00f3n del contrato y el ajuste de agravios.\" \/>\n<meta property=\"og:url\" content=\"https:\/\/www.nrtw.org\/cmo-puedo-renunciar-a-mi-membresa-en-sindicato\/\" \/>\n<meta property=\"og:site_name\" content=\"National Right to Work Foundation\" \/>\n<meta property=\"article:modified_time\" content=\"2016-11-03T20:08:12+00:00\" \/>\n<meta name=\"twitter:card\" content=\"summary_large_image\" \/>\n<meta name=\"twitter:label1\" content=\"Tiempo de lectura\" \/>\n\t<meta name=\"twitter:data1\" content=\"3 minutos\" \/>\n<script type=\"application\/ld+json\" class=\"yoast-schema-graph\">{\"@context\":\"https:\\\/\\\/schema.org\",\"@graph\":[{\"@type\":\"WebPage\",\"@id\":\"https:\\\/\\\/www.nrtw.org\\\/cmo-puedo-renunciar-a-mi-membresa-en-sindicato\\\/\",\"url\":\"https:\\\/\\\/www.nrtw.org\\\/cmo-puedo-renunciar-a-mi-membresa-en-sindicato\\\/\",\"name\":\"\u00bfC\u00f3mo puedo renunciar a mi membres\u00eda en sindicato? - National Right to Work Foundation\",\"isPartOf\":{\"@id\":\"https:\\\/\\\/www.nrtw.org\\\/#website\"},\"datePublished\":\"2009-04-14T12:21:52+00:00\",\"dateModified\":\"2016-11-03T20:08:12+00:00\",\"inLanguage\":\"es\",\"potentialAction\":[{\"@type\":\"ReadAction\",\"target\":[\"https:\\\/\\\/www.nrtw.org\\\/cmo-puedo-renunciar-a-mi-membresa-en-sindicato\\\/\"]}]},{\"@type\":\"WebSite\",\"@id\":\"https:\\\/\\\/www.nrtw.org\\\/#website\",\"url\":\"https:\\\/\\\/www.nrtw.org\\\/\",\"name\":\"National Right to Work Foundation\",\"description\":\"\",\"potentialAction\":[{\"@type\":\"SearchAction\",\"target\":{\"@type\":\"EntryPoint\",\"urlTemplate\":\"https:\\\/\\\/www.nrtw.org\\\/?s={search_term_string}\"},\"query-input\":{\"@type\":\"PropertyValueSpecification\",\"valueRequired\":true,\"valueName\":\"search_term_string\"}}],\"inLanguage\":\"es\"}]}<\/script>\n<!-- \/ Yoast SEO plugin. -->","yoast_head_json":{"title":"\u00bfC\u00f3mo puedo renunciar a mi membres\u00eda en sindicato? - National Right to Work Foundation","robots":{"index":"index","follow":"follow","max-snippet":"max-snippet:-1","max-image-preview":"max-image-preview:large","max-video-preview":"max-video-preview:-1"},"canonical":"https:\/\/www.nrtw.org\/cmo-puedo-renunciar-a-mi-membresa-en-sindicato\/","og_locale":"es_ES","og_type":"article","og_title":"\u00bfC\u00f3mo puedo renunciar a mi membres\u00eda en sindicato? - National Right to Work Foundation","og_description":"Los sindicatos a veces tratan de imponer limitaciones sobre el derecho a renunciar de un miembro. Sin embargo, una resoluci\u00f3n judicial del Tribunal Supremo en Abood v. Detroit Board of Education, 431 U.S. 209 (1977), una demanda apoyada por la Fundaci\u00f3n, aclara que, constitucionalmente, no se le puede impedir que renuncie a su sindicato en cualquier momento. Algunos estados, pero no todos, tambi\u00e9n tienen estatutos que les garantizan a los empleados p\u00fablicos el derecho a renunciar.   Como alguien que no es miembro, usted tendr\u00eda el derecho de objetar a la cantidad de las comisiones de agencia y obtener una reducci\u00f3n de sus pagos forzosos para que no incluyan la parte de las cuotas que se usa para prop\u00f3sitos distintos a las negociaciones colectivas, la gesti\u00f3n del contrato y el ajuste de agravios.","og_url":"https:\/\/www.nrtw.org\/cmo-puedo-renunciar-a-mi-membresa-en-sindicato\/","og_site_name":"National Right to Work Foundation","article_modified_time":"2016-11-03T20:08:12+00:00","twitter_card":"summary_large_image","twitter_misc":{"Tiempo de lectura":"3 minutos"},"schema":{"@context":"https:\/\/schema.org","@graph":[{"@type":"WebPage","@id":"https:\/\/www.nrtw.org\/cmo-puedo-renunciar-a-mi-membresa-en-sindicato\/","url":"https:\/\/www.nrtw.org\/cmo-puedo-renunciar-a-mi-membresa-en-sindicato\/","name":"\u00bfC\u00f3mo puedo renunciar a mi membres\u00eda en sindicato? - National Right to Work Foundation","isPartOf":{"@id":"https:\/\/www.nrtw.org\/#website"},"datePublished":"2009-04-14T12:21:52+00:00","dateModified":"2016-11-03T20:08:12+00:00","inLanguage":"es","potentialAction":[{"@type":"ReadAction","target":["https:\/\/www.nrtw.org\/cmo-puedo-renunciar-a-mi-membresa-en-sindicato\/"]}]},{"@type":"WebSite","@id":"https:\/\/www.nrtw.org\/#website","url":"https:\/\/www.nrtw.org\/","name":"National Right to Work Foundation","description":"","potentialAction":[{"@type":"SearchAction","target":{"@type":"EntryPoint","urlTemplate":"https:\/\/www.nrtw.org\/?s={search_term_string}"},"query-input":{"@type":"PropertyValueSpecification","valueRequired":true,"valueName":"search_term_string"}}],"inLanguage":"es"}]}},"_links":{"self":[{"href":"https:\/\/www.nrtw.org\/es\/wp-json\/wp\/v2\/pages\/2069","targetHints":{"allow":["GET"]}}],"collection":[{"href":"https:\/\/www.nrtw.org\/es\/wp-json\/wp\/v2\/pages"}],"about":[{"href":"https:\/\/www.nrtw.org\/es\/wp-json\/wp\/v2\/types\/page"}],"author":[{"embeddable":true,"href":"https:\/\/www.nrtw.org\/es\/wp-json\/wp\/v2\/users\/435"}],"replies":[{"embeddable":true,"href":"https:\/\/www.nrtw.org\/es\/wp-json\/wp\/v2\/comments?post=2069"}],"version-history":[{"count":2,"href":"https:\/\/www.nrtw.org\/es\/wp-json\/wp\/v2\/pages\/2069\/revisions"}],"predecessor-version":[{"id":7668,"href":"https:\/\/www.nrtw.org\/es\/wp-json\/wp\/v2\/pages\/2069\/revisions\/7668"}],"wp:attachment":[{"href":"https:\/\/www.nrtw.org\/es\/wp-json\/wp\/v2\/media?parent=2069"}],"curies":[{"name":"wp","href":"https:\/\/api.w.org\/{rel}","templated":true}]}}