{"id":2066,"date":"2009-04-14T11:23:24","date_gmt":"2009-04-14T15:23:24","guid":{"rendered":""},"modified":"-0001-11-30T00:00:00","modified_gmt":"-0001-11-30T04:00:00","slug":"ejemplos-de-gastos-no-imputables","status":"publish","type":"page","link":"https:\/\/www.nrtw.org\/es\/ejemplos-de-gastos-no-imputables\/","title":{"rendered":"Ejemplos de Gastos No Imputables"},"content":{"rendered":"<ul class=\"logobullet\">\n<li>Actividades pol\u00edticas, incluso actividades relacionadas con la votaci\u00f3n y la emisi\u00f3n de bonos<\/li>\n<li>Actividades ideol\u00f3gicas<\/li>\n<li>El cabildeo, a menos que sea necesario para ratificar o financiar un convenio de negociaci\u00f3n colectiva en la unidad de negociaci\u00f3n de un empleado p\u00fablico que no es miembro.<\/li>\n<li>Actividades de relaciones publicas.<\/li>\n<li>Litigaci\u00f3n que no est\u00e1 relacionada con la negociaci\u00f3n colectiva ni con la litigaci\u00f3n relacionada con la negociaci\u00f3n \u00fanicamente para las dem\u00e1s unidades de negociaci\u00f3n, donde el sindicato no muestra una expectativa racional de que otros locales financiar\u00e1n litigaci\u00f3n de la misma manera para la unidad de negociaci\u00f3n del que no es miembro.<\/li>\n<li>Involucrarse en huelgas ilegales. <\/li>\n<li>La organizaci\u00f3n por un empleado p\u00fablico y sindicatos de ferrocarriles y aerol\u00edneas y, a falta de una demostraci\u00f3n concreta de una correlaci\u00f3n entre sueldos y densidad sindical en el mismo mercado competitivo del empleador del que no es miembro, por otros sindicatos del sector privado. <\/li>\n<li>Las prestaciones &quot;solo para miembros&quot; <\/li>\n<li>Algunas partes de publicaciones sindicales informando acerca de las actividades antes mencionadas.<\/li>\n<\/ul>\n<p>\n<b>Los tribunales a\u00fan est\u00e1n decidiendo cu\u00e1les tipos de gastos son imputables y cu\u00e1les no. Ning\u00fan gasto sindical es imputable a un objetor que no es miembro, salvo que el sindicato compruebe que est\u00e1 relacionado con la negociaci\u00f3n colectiva, la administraci\u00f3n del contrato o el ajuste de agravios ante una autoridad responsable de tomar decisiones.<\/b>\n<\/p>\n<h3>Fuentes para ejemplos de gastos no imputables:<\/h3>\n<ul class=\"logobullet\">\n<li><a href=\"http:\/\/caselaw.findlaw.com\/cgi-bin\/getcase.pl?court=US&amp;vol=431&amp;invol=209\"><i>Abood v. Detroit Board of Education<\/i>, 431 U.S. 209 (1977)<\/a><\/li>\n<li><a href=\"http:\/\/caselaw.findlaw.com\/cgi-bin\/getcase.pl?court=US&amp;vol=466&amp;invol=435\"><i>Ellis v. BRAC<\/i>, 466 U.S. 435 (1984)<\/a><\/li>\n<li><a href=\"http:\/\/caselaw.findlaw.com\/cgi-bin\/getcase.pl?court=US&amp;vol=500&amp;invol=507\"><i>Lehnert v. Ferris Faculty Association<\/i>, 500 U.S. 507 (1991)<\/a><\/li>\n<\/ul>\n","protected":false},"excerpt":{"rendered":"<ul class=\"logobullet\">\n<li>Actividades pol\u00edticas, incluso actividades relacionadas con la votaci\u00f3n y la emisi\u00f3n de bonos<\/li>\n<li>Actividades ideol\u00f3gicas<\/li>\n<li>El cabildeo, a menos que sea necesario para ratificar o financiar un convenio de negociaci\u00f3n colectiva en la unidad de negociaci\u00f3n de un empleado p\u00fablico que no es miembro.<\/li>\n<li>Actividades de relaciones publicas.<\/li>\n<li>Litigaci\u00f3n que no est\u00e1 relacionada con la negociaci\u00f3n colectiva ni con la litigaci\u00f3n relacionada con la negociaci\u00f3n \u00fanicamente para las dem\u00e1s unidades de negociaci\u00f3n, donde el sindicato no muestra una expectativa racional de que otros locales financiar\u00e1n litigaci\u00f3n de la misma manera para la unidad de negociaci\u00f3n del que no es miembro.<\/li>\n<li>Involucrarse en huelgas ilegales. <\/li>\n","protected":false},"author":435,"featured_media":0,"parent":0,"menu_order":0,"comment_status":"open","ping_status":"open","template":"","meta":{"_lmt_disableupdate":"","_lmt_disable":"","footnotes":""},"class_list":["post-2066","page","type-page","status-publish","hentry"],"yoast_head":"<!-- This site is optimized with the Yoast SEO plugin v27.4 - https:\/\/yoast.com\/product\/yoast-seo-wordpress\/ -->\n<title>Ejemplos de Gastos No Imputables - National Right to Work Foundation<\/title>\n<meta name=\"robots\" content=\"index, follow, max-snippet:-1, max-image-preview:large, max-video-preview:-1\" \/>\n<link rel=\"canonical\" href=\"https:\/\/www.nrtw.org\/ejemplos-de-gastos-no-imputables\/\" \/>\n<meta property=\"og:locale\" content=\"es_ES\" \/>\n<meta property=\"og:type\" content=\"article\" \/>\n<meta property=\"og:title\" content=\"Ejemplos de Gastos No Imputables - National Right to Work Foundation\" \/>\n<meta property=\"og:description\" content=\"Actividades pol\u00edticas, incluso actividades relacionadas con la votaci\u00f3n y la emisi\u00f3n de bonos  Actividades ideol\u00f3gicas  El cabildeo, a menos que sea necesario para ratificar o financiar un convenio de negociaci\u00f3n colectiva en la unidad de negociaci\u00f3n de un empleado p\u00fablico que no es miembro.  Actividades de relaciones publicas.  Litigaci\u00f3n que no est\u00e1 relacionada con la negociaci\u00f3n colectiva ni con la litigaci\u00f3n relacionada con la negociaci\u00f3n \u00fanicamente para las dem\u00e1s unidades de negociaci\u00f3n, donde el sindicato no muestra una expectativa racional de que otros locales financiar\u00e1n litigaci\u00f3n de la misma manera para la unidad de negociaci\u00f3n del que no es miembro.  Involucrarse en huelgas ilegales.\" \/>\n<meta property=\"og:url\" content=\"https:\/\/www.nrtw.org\/ejemplos-de-gastos-no-imputables\/\" \/>\n<meta property=\"og:site_name\" content=\"National Right to Work Foundation\" \/>\n<meta name=\"twitter:card\" content=\"summary_large_image\" \/>\n<meta name=\"twitter:label1\" content=\"Tiempo de lectura\" \/>\n\t<meta name=\"twitter:data1\" content=\"1 minuto\" \/>\n<script type=\"application\/ld+json\" class=\"yoast-schema-graph\">{\"@context\":\"https:\\\/\\\/schema.org\",\"@graph\":[{\"@type\":\"WebPage\",\"@id\":\"https:\\\/\\\/www.nrtw.org\\\/ejemplos-de-gastos-no-imputables\\\/\",\"url\":\"https:\\\/\\\/www.nrtw.org\\\/ejemplos-de-gastos-no-imputables\\\/\",\"name\":\"Ejemplos de Gastos No Imputables - National Right to Work Foundation\",\"isPartOf\":{\"@id\":\"https:\\\/\\\/www.nrtw.org\\\/#website\"},\"datePublished\":\"-0001-11-30T00:00:00+00:00\",\"inLanguage\":\"es\",\"potentialAction\":[{\"@type\":\"ReadAction\",\"target\":[\"https:\\\/\\\/www.nrtw.org\\\/ejemplos-de-gastos-no-imputables\\\/\"]}]},{\"@type\":\"WebSite\",\"@id\":\"https:\\\/\\\/www.nrtw.org\\\/#website\",\"url\":\"https:\\\/\\\/www.nrtw.org\\\/\",\"name\":\"National Right to Work Foundation\",\"description\":\"\",\"potentialAction\":[{\"@type\":\"SearchAction\",\"target\":{\"@type\":\"EntryPoint\",\"urlTemplate\":\"https:\\\/\\\/www.nrtw.org\\\/?s={search_term_string}\"},\"query-input\":{\"@type\":\"PropertyValueSpecification\",\"valueRequired\":true,\"valueName\":\"search_term_string\"}}],\"inLanguage\":\"es\"}]}<\/script>\n<!-- \/ Yoast SEO plugin. -->","yoast_head_json":{"title":"Ejemplos de Gastos No Imputables - National Right to Work Foundation","robots":{"index":"index","follow":"follow","max-snippet":"max-snippet:-1","max-image-preview":"max-image-preview:large","max-video-preview":"max-video-preview:-1"},"canonical":"https:\/\/www.nrtw.org\/ejemplos-de-gastos-no-imputables\/","og_locale":"es_ES","og_type":"article","og_title":"Ejemplos de Gastos No Imputables - National Right to Work Foundation","og_description":"Actividades pol\u00edticas, incluso actividades relacionadas con la votaci\u00f3n y la emisi\u00f3n de bonos  Actividades ideol\u00f3gicas  El cabildeo, a menos que sea necesario para ratificar o financiar un convenio de negociaci\u00f3n colectiva en la unidad de negociaci\u00f3n de un empleado p\u00fablico que no es miembro.  Actividades de relaciones publicas.  Litigaci\u00f3n que no est\u00e1 relacionada con la negociaci\u00f3n colectiva ni con la litigaci\u00f3n relacionada con la negociaci\u00f3n \u00fanicamente para las dem\u00e1s unidades de negociaci\u00f3n, donde el sindicato no muestra una expectativa racional de que otros locales financiar\u00e1n litigaci\u00f3n de la misma manera para la unidad de negociaci\u00f3n del que no es miembro.  Involucrarse en huelgas ilegales.","og_url":"https:\/\/www.nrtw.org\/ejemplos-de-gastos-no-imputables\/","og_site_name":"National Right to Work Foundation","twitter_card":"summary_large_image","twitter_misc":{"Tiempo de lectura":"1 minuto"},"schema":{"@context":"https:\/\/schema.org","@graph":[{"@type":"WebPage","@id":"https:\/\/www.nrtw.org\/ejemplos-de-gastos-no-imputables\/","url":"https:\/\/www.nrtw.org\/ejemplos-de-gastos-no-imputables\/","name":"Ejemplos de Gastos No Imputables - National Right to Work Foundation","isPartOf":{"@id":"https:\/\/www.nrtw.org\/#website"},"datePublished":"-0001-11-30T00:00:00+00:00","inLanguage":"es","potentialAction":[{"@type":"ReadAction","target":["https:\/\/www.nrtw.org\/ejemplos-de-gastos-no-imputables\/"]}]},{"@type":"WebSite","@id":"https:\/\/www.nrtw.org\/#website","url":"https:\/\/www.nrtw.org\/","name":"National Right to Work Foundation","description":"","potentialAction":[{"@type":"SearchAction","target":{"@type":"EntryPoint","urlTemplate":"https:\/\/www.nrtw.org\/?s={search_term_string}"},"query-input":{"@type":"PropertyValueSpecification","valueRequired":true,"valueName":"search_term_string"}}],"inLanguage":"es"}]}},"_links":{"self":[{"href":"https:\/\/www.nrtw.org\/es\/wp-json\/wp\/v2\/pages\/2066","targetHints":{"allow":["GET"]}}],"collection":[{"href":"https:\/\/www.nrtw.org\/es\/wp-json\/wp\/v2\/pages"}],"about":[{"href":"https:\/\/www.nrtw.org\/es\/wp-json\/wp\/v2\/types\/page"}],"author":[{"embeddable":true,"href":"https:\/\/www.nrtw.org\/es\/wp-json\/wp\/v2\/users\/435"}],"replies":[{"embeddable":true,"href":"https:\/\/www.nrtw.org\/es\/wp-json\/wp\/v2\/comments?post=2066"}],"version-history":[{"count":1,"href":"https:\/\/www.nrtw.org\/es\/wp-json\/wp\/v2\/pages\/2066\/revisions"}],"predecessor-version":[{"id":4026,"href":"https:\/\/www.nrtw.org\/es\/wp-json\/wp\/v2\/pages\/2066\/revisions\/4026"}],"wp:attachment":[{"href":"https:\/\/www.nrtw.org\/es\/wp-json\/wp\/v2\/media?parent=2066"}],"curies":[{"name":"wp","href":"https:\/\/api.w.org\/{rel}","templated":true}]}}