{"id":2065,"date":"2009-04-14T11:17:28","date_gmt":"2009-04-14T11:17:28","guid":{"rendered":""},"modified":"2016-11-03T20:08:12","modified_gmt":"2016-11-03T20:08:12","slug":"qu-pasa-si-tengo-objeciones-religiosas-para-unirme-al-sindicato-o-apoyarlo-econmicamente","status":"publish","type":"page","link":"https:\/\/www.nrtw.org\/es\/qu-pasa-si-tengo-objeciones-religiosas-para-unirme-al-sindicato-o-apoyarlo-econmicamente\/","title":{"rendered":"\u00bfQu\u00e9 pasa si tengo objeciones religiosas para unirme al sindicato o apoyarlo econ\u00f3micamente?"},"content":{"rendered":"<p>\nA los empleados del gobierno federal se les garantiza por ley el derecho a abstenerse de ayudar a un sindicato. <i>V\u00e9ase<\/i> <a href=\"http:\/\/www4.law.cornell.edu\/uscode\/5\/7102.shtml\">5 U.S.C. \u00a7 7102<\/a> (generalmente empleados federales); <a href=\"http:\/\/www4.law.cornell.edu\/uscode\/39\/1209.shtml\">39 U.S.C. \u00a7 1209(c)<\/a> (empleados postales). (U.S.C. son las siglas para United States Code (C\u00f3digo de los Estados Unidos&quot; Para obtener el C\u00f3digo de los Estados Unidos, <a href=\"http:\/\/www4.law.cornell.edu\/uscode\/\">haga clic aqu\u00ed<\/a>.)\n<\/p>\n<p>\nEsto significa que no se le puede obligar a pagar ninguna cuota o cargo sindical en violaci\u00f3n de sus creencias religiosas.<\/p>\n","protected":false},"excerpt":{"rendered":"<p>\nA los empleados del gobierno federal se les garantiza por ley el derecho a abstenerse de ayudar a un sindicato. <i>V\u00e9ase<\/i> <a href=\"http:\/\/www4.law.cornell.edu\/uscode\/5\/7102.shtml\">5 U.S.C. \u00a7 7102<\/a> (generalmente empleados federales); <a href=\"http:\/\/www4.law.cornell.edu\/uscode\/39\/1209.shtml\">39 U.S.C. \u00a7 1209(c)<\/a> (empleados postales). (U.S.C. son las siglas para United States Code (C\u00f3digo de los Estados Unidos&quot; Para obtener el C\u00f3digo de los Estados Unidos, <a href=\"http:\/\/www4.law.cornell.edu\/uscode\/\">haga clic aqu\u00ed<\/a>.)\n<\/p>\n<p>\nEsto significa que no se le puede obligar a pagar ninguna cuota o cargo sindical en violaci\u00f3n de sus creencias religiosas.<\/p>\n","protected":false},"author":435,"featured_media":0,"parent":0,"menu_order":0,"comment_status":"closed","ping_status":"open","template":"","meta":{"_lmt_disableupdate":"","_lmt_disable":"","footnotes":""},"class_list":["post-2065","page","type-page","status-publish","hentry"],"yoast_head":"<!-- This site is optimized with the Yoast SEO plugin v27.4 - https:\/\/yoast.com\/product\/yoast-seo-wordpress\/ -->\n<title>\u00bfQu\u00e9 pasa si tengo objeciones religiosas para unirme al sindicato o apoyarlo econ\u00f3micamente? - National Right to Work Foundation<\/title>\n<meta name=\"robots\" content=\"index, follow, max-snippet:-1, max-image-preview:large, max-video-preview:-1\" \/>\n<link rel=\"canonical\" href=\"https:\/\/www.nrtw.org\/qu-pasa-si-tengo-objeciones-religiosas-para-unirme-al-sindicato-o-apoyarlo-econmicamente\/\" \/>\n<meta property=\"og:locale\" content=\"es_ES\" \/>\n<meta property=\"og:type\" content=\"article\" \/>\n<meta property=\"og:title\" content=\"\u00bfQu\u00e9 pasa si tengo objeciones religiosas para unirme al sindicato o apoyarlo econ\u00f3micamente? - National Right to Work Foundation\" \/>\n<meta property=\"og:description\" content=\"A los empleados del gobierno federal se les garantiza por ley el derecho a abstenerse de ayudar a un sindicato. V\u00e9ase 5 U.S.C. \u00a7 7102 (generalmente empleados federales); 39 U.S.C. \u00a7 1209(c) (empleados postales). (U.S.C. son las siglas para United States Code (C\u00f3digo de los Estados Unidos&quot; Para obtener el C\u00f3digo de los Estados Unidos, haga clic aqu\u00ed.)    Esto significa que no se le puede obligar a pagar ninguna cuota o cargo sindical en violaci\u00f3n de sus creencias religiosas.\" \/>\n<meta property=\"og:url\" content=\"https:\/\/www.nrtw.org\/qu-pasa-si-tengo-objeciones-religiosas-para-unirme-al-sindicato-o-apoyarlo-econmicamente\/\" \/>\n<meta property=\"og:site_name\" content=\"National Right to Work Foundation\" \/>\n<meta property=\"article:modified_time\" content=\"2016-11-03T20:08:12+00:00\" \/>\n<meta name=\"twitter:card\" content=\"summary_large_image\" \/>\n<script type=\"application\/ld+json\" class=\"yoast-schema-graph\">{\"@context\":\"https:\\\/\\\/schema.org\",\"@graph\":[{\"@type\":\"WebPage\",\"@id\":\"https:\\\/\\\/www.nrtw.org\\\/qu-pasa-si-tengo-objeciones-religiosas-para-unirme-al-sindicato-o-apoyarlo-econmicamente\\\/\",\"url\":\"https:\\\/\\\/www.nrtw.org\\\/qu-pasa-si-tengo-objeciones-religiosas-para-unirme-al-sindicato-o-apoyarlo-econmicamente\\\/\",\"name\":\"\u00bfQu\u00e9 pasa si tengo objeciones religiosas para unirme al sindicato o apoyarlo econ\u00f3micamente? - National Right to Work Foundation\",\"isPartOf\":{\"@id\":\"https:\\\/\\\/www.nrtw.org\\\/#website\"},\"datePublished\":\"2009-04-14T11:17:28+00:00\",\"dateModified\":\"2016-11-03T20:08:12+00:00\",\"inLanguage\":\"es\",\"potentialAction\":[{\"@type\":\"ReadAction\",\"target\":[\"https:\\\/\\\/www.nrtw.org\\\/qu-pasa-si-tengo-objeciones-religiosas-para-unirme-al-sindicato-o-apoyarlo-econmicamente\\\/\"]}]},{\"@type\":\"WebSite\",\"@id\":\"https:\\\/\\\/www.nrtw.org\\\/#website\",\"url\":\"https:\\\/\\\/www.nrtw.org\\\/\",\"name\":\"National Right to Work Foundation\",\"description\":\"\",\"potentialAction\":[{\"@type\":\"SearchAction\",\"target\":{\"@type\":\"EntryPoint\",\"urlTemplate\":\"https:\\\/\\\/www.nrtw.org\\\/?s={search_term_string}\"},\"query-input\":{\"@type\":\"PropertyValueSpecification\",\"valueRequired\":true,\"valueName\":\"search_term_string\"}}],\"inLanguage\":\"es\"}]}<\/script>\n<!-- \/ Yoast SEO plugin. -->","yoast_head_json":{"title":"\u00bfQu\u00e9 pasa si tengo objeciones religiosas para unirme al sindicato o apoyarlo econ\u00f3micamente? - National Right to Work Foundation","robots":{"index":"index","follow":"follow","max-snippet":"max-snippet:-1","max-image-preview":"max-image-preview:large","max-video-preview":"max-video-preview:-1"},"canonical":"https:\/\/www.nrtw.org\/qu-pasa-si-tengo-objeciones-religiosas-para-unirme-al-sindicato-o-apoyarlo-econmicamente\/","og_locale":"es_ES","og_type":"article","og_title":"\u00bfQu\u00e9 pasa si tengo objeciones religiosas para unirme al sindicato o apoyarlo econ\u00f3micamente? - National Right to Work Foundation","og_description":"A los empleados del gobierno federal se les garantiza por ley el derecho a abstenerse de ayudar a un sindicato. V\u00e9ase 5 U.S.C. \u00a7 7102 (generalmente empleados federales); 39 U.S.C. \u00a7 1209(c) (empleados postales). (U.S.C. son las siglas para United States Code (C\u00f3digo de los Estados Unidos&quot; Para obtener el C\u00f3digo de los Estados Unidos, haga clic aqu\u00ed.)    Esto significa que no se le puede obligar a pagar ninguna cuota o cargo sindical en violaci\u00f3n de sus creencias religiosas.","og_url":"https:\/\/www.nrtw.org\/qu-pasa-si-tengo-objeciones-religiosas-para-unirme-al-sindicato-o-apoyarlo-econmicamente\/","og_site_name":"National Right to Work Foundation","article_modified_time":"2016-11-03T20:08:12+00:00","twitter_card":"summary_large_image","schema":{"@context":"https:\/\/schema.org","@graph":[{"@type":"WebPage","@id":"https:\/\/www.nrtw.org\/qu-pasa-si-tengo-objeciones-religiosas-para-unirme-al-sindicato-o-apoyarlo-econmicamente\/","url":"https:\/\/www.nrtw.org\/qu-pasa-si-tengo-objeciones-religiosas-para-unirme-al-sindicato-o-apoyarlo-econmicamente\/","name":"\u00bfQu\u00e9 pasa si tengo objeciones religiosas para unirme al sindicato o apoyarlo econ\u00f3micamente? - National Right to Work Foundation","isPartOf":{"@id":"https:\/\/www.nrtw.org\/#website"},"datePublished":"2009-04-14T11:17:28+00:00","dateModified":"2016-11-03T20:08:12+00:00","inLanguage":"es","potentialAction":[{"@type":"ReadAction","target":["https:\/\/www.nrtw.org\/qu-pasa-si-tengo-objeciones-religiosas-para-unirme-al-sindicato-o-apoyarlo-econmicamente\/"]}]},{"@type":"WebSite","@id":"https:\/\/www.nrtw.org\/#website","url":"https:\/\/www.nrtw.org\/","name":"National Right to Work Foundation","description":"","potentialAction":[{"@type":"SearchAction","target":{"@type":"EntryPoint","urlTemplate":"https:\/\/www.nrtw.org\/?s={search_term_string}"},"query-input":{"@type":"PropertyValueSpecification","valueRequired":true,"valueName":"search_term_string"}}],"inLanguage":"es"}]}},"_links":{"self":[{"href":"https:\/\/www.nrtw.org\/es\/wp-json\/wp\/v2\/pages\/2065","targetHints":{"allow":["GET"]}}],"collection":[{"href":"https:\/\/www.nrtw.org\/es\/wp-json\/wp\/v2\/pages"}],"about":[{"href":"https:\/\/www.nrtw.org\/es\/wp-json\/wp\/v2\/types\/page"}],"author":[{"embeddable":true,"href":"https:\/\/www.nrtw.org\/es\/wp-json\/wp\/v2\/users\/435"}],"replies":[{"embeddable":true,"href":"https:\/\/www.nrtw.org\/es\/wp-json\/wp\/v2\/comments?post=2065"}],"version-history":[{"count":1,"href":"https:\/\/www.nrtw.org\/es\/wp-json\/wp\/v2\/pages\/2065\/revisions"}],"predecessor-version":[{"id":7677,"href":"https:\/\/www.nrtw.org\/es\/wp-json\/wp\/v2\/pages\/2065\/revisions\/7677"}],"wp:attachment":[{"href":"https:\/\/www.nrtw.org\/es\/wp-json\/wp\/v2\/media?parent=2065"}],"curies":[{"name":"wp","href":"https:\/\/api.w.org\/{rel}","templated":true}]}}