{"id":2058,"date":"2009-04-14T11:06:49","date_gmt":"2009-04-14T11:06:49","guid":{"rendered":""},"modified":"2016-06-24T19:58:08","modified_gmt":"2016-06-24T19:58:08","slug":"empleados-dentro-de-los-estados-con-derecho-al-trabajo","status":"publish","type":"page","link":"https:\/\/www.nrtw.org\/es\/empleados-dentro-de-los-estados-con-derecho-al-trabajo\/","title":{"rendered":"Empleados dentro de los Estados con Derecho al Trabajo"},"content":{"rendered":"<p><\/p>\n<p>\nSi usted est\u00e1 empleado dentro de <a href=\"\/es\/estados-con-derecho-al-trabajo\">uno de los 25 estados que tiene una ley de Derecho al Trabajo<\/a>, probablemente est\u00e1 protegido por la ley estatal de <a href=\"\/es\/estados-con-derecho-al-trabajo\">Derecho al Trabajo<\/a> y no se le puede obligar a unirse a un sindicato ni a pagarle cuotas. (Hay un n\u00famero peque\u00f1o de excepciones a esta regla b\u00e1sica que a los individuos que trabajan en <a href=\"\/es\/estados-con-derecho-al-trabajo\">estados con Derecho al Trabajo<\/a> no se les puede obligar a unirse a un sindicato ni a pagarle cuotas. A los empleados de aerol\u00edneas y ferrocarriles y a los empleados que trabajan en una propiedad que est\u00e9 sujeta a la jurisdicci\u00f3n exclusiva federal, no se les puede obligar a unirse a un sindicato, pero s\u00ed se les puede requerir que paguen cuotas sindicales. Si usted es un empleado de aerol\u00edneas o ferrocarriles <a href=\"\/es\/can-i-be-required-to-be-a-union-member-or-pay-dues-to-a-union-6#RTWstate\">haga clic aqu\u00ed<\/a> para obtener una explicaci\u00f3n de sus derechos. Si trabaja en una propiedad que est\u00e9 sujeta a la jurisdicci\u00f3n exclusiva federal, llame a la Fundaci\u00f3n para m\u00e1s informaci\u00f3n.)\n<\/p>\n<p>\nLos siguientes estados tienen una <a href=\"\/es\/estados-con-derecho-al-trabajo\">Ley de Derecho al Trabajo<\/a>:\n<\/p>\n<p>\n<a href=\"\/c\/alrtwlaw.htm\">Alabama<\/a>, <a href=\"\/c\/azrtwlaw.htm\">Arizona<\/a>, <a href=\"\/c\/arrtwlaw.htm\">Arkansas<\/a>, <a href=\"\/c\/flrtwlaw.htm\">Florida<\/a>, <a href=\"\/c\/gartwlaw.htm\">Georgia<\/a>, <a href=\"\/c\/idrtwlaw.htm\">Idaho<\/a>, <a href=\"http:\/\/www.in.gov\/legislative\/ic\/2010\/title22\/ar6\/ch6.pdf\">Indiana<\/a>, <a href=\"\/c\/iartwlaw.htm\">Iowa<\/a>, <a href=\"\/c\/ksrtwlaw.htm\">Kansas<\/a>, <a href=\"\/c\/lartwlaw.htm\">Louisiana<\/a>, <a href=\"http:\/\/www.legislature.mi.gov\/%28S%28zsuteozhg1hlev45yzfovs45%29%29\/mileg.aspx?page=PASearch&#038;paNumber=348&#038;paYear=2012\">Michigan<\/a>, <a href=\"\/c\/msrtwlaw.htm\">Mississippi<\/a>, <a href=\"\/c\/nertwlaw.htm\">Nebraska<\/a>, <a href=\"\/c\/nvrtwlaw.htm\">Nevada<\/a>, <a href=\"\/c\/ncrtwlaw.htm\">North Carolina<\/a>, <a href=\"\/c\/ndrtwlaw.htm\">North Dakota<\/a>, <a href=\"\/c\/okrtwlaw.htm\">Oklahoma<\/a>, <a href=\"\/c\/scrtwlaw.htm\">South Carolina<\/a>, <a href=\"\/c\/sdrtwlaw.htm\">South Dakota<\/a>, <a href=\"\/c\/tnrtwlaw.htm\">Tennessee<\/a>, <a href=\"\/c\/txrtwlaw.htm\">Texas<\/a>, <a href=\"\/c\/utrtwlaw.htm\">Utah<\/a>, <a href=\"\/c\/vartwlaw.htm\">Virginia<\/a>, Wisconsin, and <a href=\"\/c\/wyrtwlaw.htm\">Wyoming<\/a>.\n<\/p>\n<p>\nSeg\u00fan la ley federal laboral y la ley estatal de <a href=\"\/es\/estados-con-derecho-al-trabajo\">Derecho al Trabajo<\/a>, usted tiene el derecho de renunciar a su membres\u00eda en el sindicato en cualquier momento. Si renuncia a su membres\u00eda, es posible que no pueda participar en las elecciones ni en las juntas del sindicato, votar en elecciones para la ratificaci\u00f3n de negociaci\u00f3n colectiva o participar en otras actividades&quot;internas&quot; del sindicato.  Si renuncia, el sindicato no lo puede aplicar medidas disciplinarias por cualquier conducta posterior a su renuncia. <\/p>\n<p>Si renuncia a su membres\u00eda, a\u00fan queda amparado por el convenio colectivo laboral que se ha acordado entre su empleador y el sindicato, y el sindicato est\u00e1 obligado a representarlo.  Cualquier prestaci\u00f3n que su empleador le otorgue en conformidad con el convenio colectivo laboral (por ejemplo, salario, antig\u00fcedad, vacaciones, pensiones, seguro m\u00e9dico) no estar\u00e1 afectada por su renuncia.  (Si el sindicato ofrece algunas prestaciones &quot;\u00fanicamente para miembros&quot;, es posible que se le excluya de recibir las mismas.)\n<\/p>\n<p>\n<b>La Fundaci\u00f3n ni lo alienta ni lo desalienta a renunciar. Le decisi\u00f3n es solo suya.<\/b>.\n<\/p>\n<p>\nSi decide renunciar y dejar de pagar cuotas, y autom\u00e1ticamente le &quot;descuentan las cuotas de su sueldo,&quot; deber\u00eda de notificarle al sindicato y a su empleador por escrito que est\u00e1 renunciando y rechazando su autorizaci\u00f3n para que autom\u00e1ticamente le descuenten las cuotas de su cheque. Aunque puede renunciar a su membres\u00eda en cualquier momento, es posible que se le limite a un &quot;plazo&quot; determinado antes de que pueda terminar con los descuentos autom\u00e1ticos de cuotas. Si eso es lo que le dicen, p\u00eddale al sindicato una copia de la tarjeta en s\u00ed que firm\u00f3 para que le descontaran las cuotas, y comun\u00edquese con la Fundaci\u00f3n para m\u00e1s informaci\u00f3n.\n<\/p>\n<p>\nSu opci\u00f3n est\u00e1 protegida por la ley laboral federal y <a href=\"\/es\/estados-con-derecho-al-trabajo\">la ley estatal de Derecho al Trabajo<\/a>. Si tiene alguna pregunta, o siente que sus derechos legales necesitan protecci\u00f3n, <b>llame por favor al numero gratis de la Fundaci\u00f3n, 1-800-336-3600<\/b>.\n<\/p>\n<p><\/p>","protected":false},"excerpt":{"rendered":"<p>\n","protected":false},"author":2,"featured_media":0,"parent":0,"menu_order":0,"comment_status":"open","ping_status":"open","template":"","meta":{"_lmt_disableupdate":"","_lmt_disable":"","footnotes":""},"class_list":["post-2058","page","type-page","status-publish","hentry"],"yoast_head":"<!-- This site is optimized with the Yoast SEO plugin v27.6 - https:\/\/yoast.com\/product\/yoast-seo-wordpress\/ -->\n<title>Empleados dentro de los Estados con Derecho al Trabajo - National Right to Work Foundation<\/title>\n<meta name=\"robots\" content=\"index, follow, max-snippet:-1, max-image-preview:large, max-video-preview:-1\" \/>\n<link rel=\"canonical\" href=\"https:\/\/www.nrtw.org\/empleados-dentro-de-los-estados-con-derecho-al-trabajo\/\" \/>\n<meta property=\"og:locale\" content=\"es_ES\" \/>\n<meta property=\"og:type\" content=\"article\" \/>\n<meta property=\"og:title\" content=\"Empleados dentro de los Estados con Derecho al Trabajo - National Right to Work Foundation\" \/>\n<meta property=\"og:url\" content=\"https:\/\/www.nrtw.org\/empleados-dentro-de-los-estados-con-derecho-al-trabajo\/\" \/>\n<meta property=\"og:site_name\" content=\"National Right to Work Foundation\" \/>\n<meta property=\"article:modified_time\" content=\"2016-06-24T19:58:08+00:00\" \/>\n<meta name=\"twitter:card\" content=\"summary_large_image\" \/>\n<meta name=\"twitter:label1\" content=\"Tiempo de lectura\" \/>\n\t<meta name=\"twitter:data1\" content=\"6 minutos\" \/>\n<script type=\"application\/ld+json\" class=\"yoast-schema-graph\">{\"@context\":\"https:\\\/\\\/schema.org\",\"@graph\":[{\"@type\":\"WebPage\",\"@id\":\"https:\\\/\\\/www.nrtw.org\\\/empleados-dentro-de-los-estados-con-derecho-al-trabajo\\\/\",\"url\":\"https:\\\/\\\/www.nrtw.org\\\/empleados-dentro-de-los-estados-con-derecho-al-trabajo\\\/\",\"name\":\"Empleados dentro de los Estados con Derecho al Trabajo - National Right to Work Foundation\",\"isPartOf\":{\"@id\":\"https:\\\/\\\/www.nrtw.org\\\/#website\"},\"datePublished\":\"2009-04-14T11:06:49+00:00\",\"dateModified\":\"2016-06-24T19:58:08+00:00\",\"inLanguage\":\"es\",\"potentialAction\":[{\"@type\":\"ReadAction\",\"target\":[\"https:\\\/\\\/www.nrtw.org\\\/empleados-dentro-de-los-estados-con-derecho-al-trabajo\\\/\"]}]},{\"@type\":\"WebSite\",\"@id\":\"https:\\\/\\\/www.nrtw.org\\\/#website\",\"url\":\"https:\\\/\\\/www.nrtw.org\\\/\",\"name\":\"National Right to Work Foundation\",\"description\":\"\",\"potentialAction\":[{\"@type\":\"SearchAction\",\"target\":{\"@type\":\"EntryPoint\",\"urlTemplate\":\"https:\\\/\\\/www.nrtw.org\\\/?s={search_term_string}\"},\"query-input\":{\"@type\":\"PropertyValueSpecification\",\"valueRequired\":true,\"valueName\":\"search_term_string\"}}],\"inLanguage\":\"es\"}]}<\/script>\n<!-- \/ Yoast SEO plugin. -->","yoast_head_json":{"title":"Empleados dentro de los Estados con Derecho al Trabajo - National Right to Work Foundation","robots":{"index":"index","follow":"follow","max-snippet":"max-snippet:-1","max-image-preview":"max-image-preview:large","max-video-preview":"max-video-preview:-1"},"canonical":"https:\/\/www.nrtw.org\/empleados-dentro-de-los-estados-con-derecho-al-trabajo\/","og_locale":"es_ES","og_type":"article","og_title":"Empleados dentro de los Estados con Derecho al Trabajo - National Right to Work Foundation","og_url":"https:\/\/www.nrtw.org\/empleados-dentro-de-los-estados-con-derecho-al-trabajo\/","og_site_name":"National Right to Work Foundation","article_modified_time":"2016-06-24T19:58:08+00:00","twitter_card":"summary_large_image","twitter_misc":{"Tiempo de lectura":"6 minutos"},"schema":{"@context":"https:\/\/schema.org","@graph":[{"@type":"WebPage","@id":"https:\/\/www.nrtw.org\/empleados-dentro-de-los-estados-con-derecho-al-trabajo\/","url":"https:\/\/www.nrtw.org\/empleados-dentro-de-los-estados-con-derecho-al-trabajo\/","name":"Empleados dentro de los Estados con Derecho al Trabajo - National Right to Work Foundation","isPartOf":{"@id":"https:\/\/www.nrtw.org\/#website"},"datePublished":"2009-04-14T11:06:49+00:00","dateModified":"2016-06-24T19:58:08+00:00","inLanguage":"es","potentialAction":[{"@type":"ReadAction","target":["https:\/\/www.nrtw.org\/empleados-dentro-de-los-estados-con-derecho-al-trabajo\/"]}]},{"@type":"WebSite","@id":"https:\/\/www.nrtw.org\/#website","url":"https:\/\/www.nrtw.org\/","name":"National Right to Work Foundation","description":"","potentialAction":[{"@type":"SearchAction","target":{"@type":"EntryPoint","urlTemplate":"https:\/\/www.nrtw.org\/?s={search_term_string}"},"query-input":{"@type":"PropertyValueSpecification","valueRequired":true,"valueName":"search_term_string"}}],"inLanguage":"es"}]}},"_links":{"self":[{"href":"https:\/\/www.nrtw.org\/es\/wp-json\/wp\/v2\/pages\/2058","targetHints":{"allow":["GET"]}}],"collection":[{"href":"https:\/\/www.nrtw.org\/es\/wp-json\/wp\/v2\/pages"}],"about":[{"href":"https:\/\/www.nrtw.org\/es\/wp-json\/wp\/v2\/types\/page"}],"author":[{"embeddable":true,"href":"https:\/\/www.nrtw.org\/es\/wp-json\/wp\/v2\/users\/2"}],"replies":[{"embeddable":true,"href":"https:\/\/www.nrtw.org\/es\/wp-json\/wp\/v2\/comments?post=2058"}],"version-history":[{"count":3,"href":"https:\/\/www.nrtw.org\/es\/wp-json\/wp\/v2\/pages\/2058\/revisions"}],"predecessor-version":[{"id":4147,"href":"https:\/\/www.nrtw.org\/es\/wp-json\/wp\/v2\/pages\/2058\/revisions\/4147"}],"wp:attachment":[{"href":"https:\/\/www.nrtw.org\/es\/wp-json\/wp\/v2\/media?parent=2058"}],"curies":[{"name":"wp","href":"https:\/\/api.w.org\/{rel}","templated":true}]}}