{"id":2057,"date":"2009-04-14T11:05:47","date_gmt":"2009-04-14T15:05:47","guid":{"rendered":""},"modified":"-0001-11-30T00:00:00","modified_gmt":"-0001-11-30T04:00:00","slug":"trminos-de-uso-para-el-sitio-web","status":"publish","type":"page","link":"https:\/\/www.nrtw.org\/es\/trminos-de-uso-para-el-sitio-web\/","title":{"rendered":"T\u00e9rminos de uso para el sitio Web"},"content":{"rendered":"<p>La intenci\u00f3n de este sitio Web es proporcionar informaci\u00f3n general y no pretende ofrecer asesor\u00eda jur\u00eddica acerca de situaciones o problemas espec\u00edficos. No hay ninguna intenci\u00f3n de crear una relaci\u00f3n de cliente-abogado al brindar esta informaci\u00f3n, y el hecho de que alguien revise esta informaci\u00f3n no crea este tipo de relaci\u00f3n. Deber\u00eda <a href=\"\/es\/solicite-ayuda-legal-gratuita\">comunicarse con nosotros<\/a> si tiene un asunto jur\u00eddico que requiera atenci\u00f3n y usted cree que est\u00e1 comprendido en el \u00e1mbito de nuestro programa ben\u00e9fico de ayuda jur\u00eddica. Nada en este sitio crea un contrato impl\u00edcito o explicito. Adem\u00e1s, los resultados de los casos dependen de una variedad de hechos particulares a cada asunto. Los \u00e9xitos anteriores de los casos apoyados por la Fundaci\u00f3n no predicen o garantizan \u00e9xito en un futuro.<\/p>\n","protected":false},"excerpt":{"rendered":"<p>La intenci\u00f3n de este sitio Web es proporcionar informaci\u00f3n general y no pretende ofrecer asesor\u00eda jur\u00eddica acerca de situaciones o problemas espec\u00edficos. No hay ninguna intenci\u00f3n de crear una relaci\u00f3n de cliente-abogado al brindar esta informaci\u00f3n, y el hecho de que alguien revise esta informaci\u00f3n no crea este tipo de relaci\u00f3n. Deber\u00eda <a href=\"\/es\/solicite-ayuda-legal-gratuita\">comunicarse con nosotros<\/a> si tiene un asunto jur\u00eddico que requiera atenci\u00f3n y usted cree que est\u00e1 comprendido en el \u00e1mbito de nuestro programa ben\u00e9fico de ayuda jur\u00eddica. Nada en este sitio crea un contrato impl\u00edcito o explicito. Adem\u00e1s, los resultados de los casos dependen de una variedad de hechos particulares a cada asunto. Los \u00e9xitos anteriores de los casos apoyados por la Fundaci\u00f3n no predicen o garantizan \u00e9xito en un futuro.<\/p>\n","protected":false},"author":435,"featured_media":0,"parent":0,"menu_order":0,"comment_status":"open","ping_status":"open","template":"","meta":{"_lmt_disableupdate":"","_lmt_disable":"","footnotes":""},"class_list":["post-2057","page","type-page","status-publish","hentry"],"yoast_head":"<!-- This site is optimized with the Yoast SEO plugin v27.6 - https:\/\/yoast.com\/product\/yoast-seo-wordpress\/ -->\n<title>T\u00e9rminos de uso para el sitio Web - National Right to Work Foundation<\/title>\n<meta name=\"robots\" content=\"index, follow, max-snippet:-1, max-image-preview:large, max-video-preview:-1\" \/>\n<link rel=\"canonical\" href=\"https:\/\/www.nrtw.org\/es\/trminos-de-uso-para-el-sitio-web\/\" \/>\n<meta property=\"og:locale\" content=\"es_ES\" \/>\n<meta property=\"og:type\" content=\"article\" \/>\n<meta property=\"og:title\" content=\"T\u00e9rminos de uso para el sitio Web - National Right to Work Foundation\" \/>\n<meta property=\"og:description\" content=\"La intenci\u00f3n de este sitio Web es proporcionar informaci\u00f3n general y no pretende ofrecer asesor\u00eda jur\u00eddica acerca de situaciones o problemas espec\u00edficos. No hay ninguna intenci\u00f3n de crear una relaci\u00f3n de cliente-abogado al brindar esta informaci\u00f3n, y el hecho de que alguien revise esta informaci\u00f3n no crea este tipo de relaci\u00f3n. Deber\u00eda comunicarse con nosotros si tiene un asunto jur\u00eddico que requiera atenci\u00f3n y usted cree que est\u00e1 comprendido en el \u00e1mbito de nuestro programa ben\u00e9fico de ayuda jur\u00eddica. Nada en este sitio crea un contrato impl\u00edcito o explicito. Adem\u00e1s, los resultados de los casos dependen de una variedad de hechos particulares a cada asunto. Los \u00e9xitos anteriores de los casos apoyados por la Fundaci\u00f3n no predicen o garantizan \u00e9xito en un futuro.\" \/>\n<meta property=\"og:url\" content=\"https:\/\/www.nrtw.org\/es\/trminos-de-uso-para-el-sitio-web\/\" \/>\n<meta property=\"og:site_name\" content=\"National Right to Work Foundation\" \/>\n<meta name=\"twitter:card\" content=\"summary_large_image\" \/>\n<meta name=\"twitter:label1\" content=\"Tiempo de lectura\" \/>\n\t<meta name=\"twitter:data1\" content=\"1 minuto\" \/>\n<script type=\"application\/ld+json\" class=\"yoast-schema-graph\">{\"@context\":\"https:\\\/\\\/schema.org\",\"@graph\":[{\"@type\":\"WebPage\",\"@id\":\"https:\\\/\\\/www.nrtw.org\\\/es\\\/trminos-de-uso-para-el-sitio-web\\\/\",\"url\":\"https:\\\/\\\/www.nrtw.org\\\/es\\\/trminos-de-uso-para-el-sitio-web\\\/\",\"name\":\"T\u00e9rminos de uso para el sitio Web - National Right to Work Foundation\",\"isPartOf\":{\"@id\":\"https:\\\/\\\/www.nrtw.org\\\/#website\"},\"datePublished\":\"-0001-11-30T00:00:00+00:00\",\"inLanguage\":\"es\",\"potentialAction\":[{\"@type\":\"ReadAction\",\"target\":[\"https:\\\/\\\/www.nrtw.org\\\/es\\\/trminos-de-uso-para-el-sitio-web\\\/\"]}]},{\"@type\":\"WebSite\",\"@id\":\"https:\\\/\\\/www.nrtw.org\\\/#website\",\"url\":\"https:\\\/\\\/www.nrtw.org\\\/\",\"name\":\"National Right to Work Foundation\",\"description\":\"\",\"potentialAction\":[{\"@type\":\"SearchAction\",\"target\":{\"@type\":\"EntryPoint\",\"urlTemplate\":\"https:\\\/\\\/www.nrtw.org\\\/?s={search_term_string}\"},\"query-input\":{\"@type\":\"PropertyValueSpecification\",\"valueRequired\":true,\"valueName\":\"search_term_string\"}}],\"inLanguage\":\"es\"}]}<\/script>\n<!-- \/ Yoast SEO plugin. -->","yoast_head_json":{"title":"T\u00e9rminos de uso para el sitio Web - National Right to Work Foundation","robots":{"index":"index","follow":"follow","max-snippet":"max-snippet:-1","max-image-preview":"max-image-preview:large","max-video-preview":"max-video-preview:-1"},"canonical":"https:\/\/www.nrtw.org\/es\/trminos-de-uso-para-el-sitio-web\/","og_locale":"es_ES","og_type":"article","og_title":"T\u00e9rminos de uso para el sitio Web - National Right to Work Foundation","og_description":"La intenci\u00f3n de este sitio Web es proporcionar informaci\u00f3n general y no pretende ofrecer asesor\u00eda jur\u00eddica acerca de situaciones o problemas espec\u00edficos. No hay ninguna intenci\u00f3n de crear una relaci\u00f3n de cliente-abogado al brindar esta informaci\u00f3n, y el hecho de que alguien revise esta informaci\u00f3n no crea este tipo de relaci\u00f3n. Deber\u00eda comunicarse con nosotros si tiene un asunto jur\u00eddico que requiera atenci\u00f3n y usted cree que est\u00e1 comprendido en el \u00e1mbito de nuestro programa ben\u00e9fico de ayuda jur\u00eddica. Nada en este sitio crea un contrato impl\u00edcito o explicito. Adem\u00e1s, los resultados de los casos dependen de una variedad de hechos particulares a cada asunto. Los \u00e9xitos anteriores de los casos apoyados por la Fundaci\u00f3n no predicen o garantizan \u00e9xito en un futuro.","og_url":"https:\/\/www.nrtw.org\/es\/trminos-de-uso-para-el-sitio-web\/","og_site_name":"National Right to Work Foundation","twitter_card":"summary_large_image","twitter_misc":{"Tiempo de lectura":"1 minuto"},"schema":{"@context":"https:\/\/schema.org","@graph":[{"@type":"WebPage","@id":"https:\/\/www.nrtw.org\/es\/trminos-de-uso-para-el-sitio-web\/","url":"https:\/\/www.nrtw.org\/es\/trminos-de-uso-para-el-sitio-web\/","name":"T\u00e9rminos de uso para el sitio Web - National Right to Work Foundation","isPartOf":{"@id":"https:\/\/www.nrtw.org\/#website"},"datePublished":"-0001-11-30T00:00:00+00:00","inLanguage":"es","potentialAction":[{"@type":"ReadAction","target":["https:\/\/www.nrtw.org\/es\/trminos-de-uso-para-el-sitio-web\/"]}]},{"@type":"WebSite","@id":"https:\/\/www.nrtw.org\/#website","url":"https:\/\/www.nrtw.org\/","name":"National Right to Work Foundation","description":"","potentialAction":[{"@type":"SearchAction","target":{"@type":"EntryPoint","urlTemplate":"https:\/\/www.nrtw.org\/?s={search_term_string}"},"query-input":{"@type":"PropertyValueSpecification","valueRequired":true,"valueName":"search_term_string"}}],"inLanguage":"es"}]}},"_links":{"self":[{"href":"https:\/\/www.nrtw.org\/es\/wp-json\/wp\/v2\/pages\/2057","targetHints":{"allow":["GET"]}}],"collection":[{"href":"https:\/\/www.nrtw.org\/es\/wp-json\/wp\/v2\/pages"}],"about":[{"href":"https:\/\/www.nrtw.org\/es\/wp-json\/wp\/v2\/types\/page"}],"author":[{"embeddable":true,"href":"https:\/\/www.nrtw.org\/es\/wp-json\/wp\/v2\/users\/435"}],"replies":[{"embeddable":true,"href":"https:\/\/www.nrtw.org\/es\/wp-json\/wp\/v2\/comments?post=2057"}],"version-history":[{"count":0,"href":"https:\/\/www.nrtw.org\/es\/wp-json\/wp\/v2\/pages\/2057\/revisions"}],"wp:attachment":[{"href":"https:\/\/www.nrtw.org\/es\/wp-json\/wp\/v2\/media?parent=2057"}],"curies":[{"name":"wp","href":"https:\/\/api.w.org\/{rel}","templated":true}]}}