{"id":2054,"date":"2009-04-14T10:54:58","date_gmt":"2009-04-14T14:54:58","guid":{"rendered":""},"modified":"-0001-11-30T00:00:00","modified_gmt":"-0001-11-30T04:00:00","slug":"eleccin-de-decertificacin","status":"publish","type":"page","link":"https:\/\/www.nrtw.org\/es\/eleccin-de-decertificacin\/","title":{"rendered":"Elecci\u00f3n de decertificaci\u00f3n"},"content":{"rendered":"<p>\n<b> \u00bfQU\u00c9 ES UNA ELECCI\u00d3N DE DECERTIFICACI\u00d3N?<\/b> Es posible que usted (o alguien a quien conozca) est\u00e9 empleado en un lugar de trabajo en donde el sindicato tenga el derecho de \u00abrepresentar\u00bb y negociar colectivamente en nombre de todos los empleados. A esto se le refiere com\u00fanmente como \u00abrepresentaci\u00f3n exclusiva\u00bb pero realmente es el privilegio de negociaci\u00f3n monop\u00f3lico concedido por el gobierno, que les otorga a los funcionarios del sindicato el poder para celebrar contratos que quiz\u00e1s no les gustan a los empleados impidi\u00e9ndoles al mismo tiempo negociar sus propios t\u00e9rminos laborales. A excepci\u00f3n de los <a href=\"\/es\/estados-con-derecho-al-trabajo\">estados de Derecho al Trabajo<\/a>, estos contratos casi siempre incluyen una disposici\u00f3n que exige que los empleados sean despedidos por no pagar cuotas a un sindicato al que no desean apoyar.\n<\/p>\n<p>\nAunque generalmente es una batalla dif\u00edcil, la <i>Ley Nacional de Relaciones del Trabajo (NLRA por sus siglas en ingl\u00e9s) <\/i> les permite a los empleados convocar a una elecci\u00f3n especial para librarse del sindicato como su \u00abrepresentante exclusivo\u00bb. A esto se le llama una Elecci\u00f3n de Decertificaci\u00f3n porque los empleados revocan la &quot;certificaci\u00f3n&quot; del sindicato para ser su \u00abrepresentante exclusivo de negociaciones\u00bb. De hecho, se vota para sacar al sindicato del lugar de trabajo. (ATENCI\u00d3N: El tipo de elecciones de decertificaci\u00f3n detalladas aqu\u00ed \u00fanicamente ocurren bajo la NLRA, la cual gobierna las relaciones laborales de la mayor\u00eda de los empleados del sector privado. Los trabajadores de los ferrocarriles y de las aerol\u00edneas que est\u00e1n amparados por <i>La Ley de Trabajo en Ferrocarriles<\/i> (RLA por sus siglas en ingl\u00e9s) deben seguir procedimientos distintos, detallados <a href=\"\/es\/la-descertificaci-n-bajo-la-ley-de-trabajo-en-ferr\">aqu\u00ed<\/a>. Muchas leyes de negociaci\u00f3n estatales que se aplican a los empleados del gobierno local o estatal o a los empleados de escuelas p\u00fablicas tambi\u00e9n tienen procedimientos an\u00e1logos para la decertificaci\u00f3n, los cuales est\u00e1n resumidos <a href=\"\/public-sector-decertification-laws-8-1-2010\">aqu\u00ed<\/a>.\n<\/p>\n<p>\nLas pocas leyes estatales que gobiernan a los empleados p\u00fablicos y establecen normas para la desautorizaci\u00f3n est\u00e1n resumidas <a href=\"\/public-sector-deauthorization-laws-8-2010\">aqu\u00ed<\/a>.)\n<\/p>\n<p>\nUna elecci\u00f3n de decertificaci\u00f3n tiene solo un prop\u00f3sito y efecto: eliminar al sindicato como el \u00abrepresentante de negociaciones exclusivo\u00bb de los empleados. Una elecci\u00f3n de decertificaci\u00f3n es distinta a una elecci\u00f3n de &quot;<a href=\"\/es\/elecci-n-de-desautorizaci-n\">desautorizaci\u00f3n<\/a>&quot;   Una elecci\u00f3n de desautorizaci\u00f3n tiene solo un prop\u00f3sito y efecto: el eliminar la cl\u00e1usula de \u00abseguridad sindical\u00bb del sindicalismo forzoso del contrato. En una elecci\u00f3n para retirar la autorizaci\u00f3n, el sindicato se queda como el representante exclusivo para las negociaciones y el contrato colectivo de trabajo sigue en vigor, a excepci\u00f3n de la cl\u00e1usula de sindicalismo forzoso.\n<\/p>\n<p>La Junta Nacional de Relaciones del Trabajo mantiene varias reglas las cuales gobiernan <i>en qu\u00e9 momento<\/i> pueden pedir los empleados una elecci\u00f3n de decertificaci\u00f3n.  La primera regla es el \u00abimpedimento a la certificaci\u00f3n\u00bb la cual dice que las solicitudes para una elecci\u00f3n de decertificaci\u00f3n no se pueden presentar sino hasta un (1) a\u00f1o despu\u00e9s de que el sindicato gana una elecci\u00f3n llevada a cabo por la NLRB.<\/p>\n<p>Otra regla importante es la del \u00abimpedimento del contrato\u00bb la cual dice que las solicitudes para una elecci\u00f3n de decertificaci\u00f3n no se pueden presentar durante los primeros 3 a\u00f1os del convenio colectivo laboral, excepto durante un cierto \u00abplazo\u00bb de 30 d\u00edas.  En la mayor\u00eda de los lugares de empleo, el \u00abplazo\u00bb de 30 d\u00edas para presentar una solicitud de decertificaci\u00f3n con la NLRB ocurre a partir de 60 a 90 d\u00edas antes de la fecha de vencimiento o en el tercer aniversario del contrato, lo que ocurra primero.  En la industria del cuidado de la salud (como los hospitales), el \u00abplazo\u00bb de 30 d\u00edas ocurre 90 a 120 d\u00edas antes de la fecha de vencimiento del contrato o en el tercer aniversario del contrato, lo que ocurra primero.<\/p>\n<p>Tambi\u00e9n se puede presentar una petici\u00f3n de decertificaci\u00f3n en cualquier momento despu\u00e9s del vencimiento del contrato o de que el contrato tenga m\u00e1s de tres a\u00f1os.  Sin embargo, si su empleador o el sindicato celebran un contrato sucesor, el nuevo contrato comenzar\u00e1 otro \u00abimpedimento al contrato\u00bb de tres a\u00f1os sobre las elecciones de decertificaci\u00f3n.  De este modo, si se pasa del \u00abplazo\u00bb para presentar una solicitud para una elecci\u00f3n de decertificaci\u00f3n, es posible que tenga que esperar otros tres a\u00f1os para solicitar una elecci\u00f3n de decertificaci\u00f3n.<\/p>\n<p>\nLa mayor\u00eda de los empleados prefieren un lugar de trabajo en donde est\u00e9n libres de discutir los t\u00e9rminos y condiciones de su empleo directamente con su empleador, sin la intervenci\u00f3n de terceros. Tambi\u00e9n prefieren un lugar de empleo en donde la membres\u00eda en el sindicato y el pago de cuotas son voluntarios, porque obliga a la jerarqu\u00eda del sindicato a serles m\u00e1s responsable a los empleados comunes y corrientes. En vez de depender en las amenazas, intimidaci\u00f3n y hasta despidos para recaudar apoyo econ\u00f3mico, los funcionarios del sindicato tienen que venderles los beneficios de la membres\u00eda en el sindicato a los empleados individuales.\n<\/p>\n<p>\nDe acuerdo con la <i>Ley Nacional de Relaciones del Trabajo<\/i>, si el 30% o m\u00e1s de los empleados de una unidad de negociaciones firma una Solicitud de Decertificaci\u00f3n, la Junta Nacional de Relaciones del Trabajo llevar\u00e1 a cabo una elecci\u00f3n de voto secreto para determinar si la mayor\u00eda de los empleados desean decertificar al sindicato y evitar que contin\u00fae la \u00abrepresentaci\u00f3n exclusiva.\u00bb Si los empleados solicitantes ganan esa elecci\u00f3n, la compa\u00f1\u00eda se convierte entonces en una sin sindicato y todos los empleados est\u00e1n libres de negociar ellos mismos, y a negociar sus propias condiciones y t\u00e9rminos de trabajo. Adem\u00e1s, si el 50% o m\u00e1s de los empleados en la unidad de negociaciones firma una petici\u00f3n diciendo que ya no desea ser representada por el sindicato, el empleador puede retirar el reconocimiento sin una elecci\u00f3n si as\u00ed lo desea. (Salvo en donde aplique el impedimento del contrato mencionado anteriormente.)\n<\/p>\n<p>\nLa solicitud debe ser una iniciativa de los empleados. La ayuda del empleador es ilegal y si la hay, el sindicato anular\u00e1 la iniciativa presentando un cargo de pr\u00e1ctica il\u00edcita.\n<\/p>\n<p>\n<b>C\u00d3MO EMPEZAR:<\/b> Primero, los empleados deben evaluar qu\u00e9 tan s\u00f3lido es el apoyo para la decertificaci\u00f3n dentro de su unidad de negociaciones en general. Normalmente, no vale la pena convocar a una elecci\u00f3n de estas a menos que los empleados solicitantes crean que pueden obtener el apoyo de la mayor\u00eda de sus compa\u00f1eros de trabajo. Los empleados solicitantes requerir\u00e1n la mayor\u00eda de votos de los empleados que se presenten para votar el d\u00eda de la elecci\u00f3n.\n<\/p>\n<p>\nPara proceder, los empleados deber\u00edan de recaudar firmas en una solicitud que diga algo m\u00e1s o menos as\u00ed:\n<\/p>\n<hr noshade=\"noshade\" \/>\n<p>\n&nbsp;\n<\/p>\n<p><center><\/p>\n<p>\n&nbsp;\n<\/p>\n<h2>PETICI\u00d3N PARA QUITAR AL SINDICATO COMO REPRESENTANTE<\/h2>\n<p>\n&nbsp;\n<\/p>\n<p><\/center><\/p>\n<p>\n&nbsp;\n<\/p>\n<p>\nLos empleados abajo firmantes de ________________________ (nombre del empleador) no desean ser representados por ________________________ (nombre del sindicato), de aqu\u00ed en delante conocido como \u201cel sindicato\u201d.\n<\/p>\n<p>\nSi los empleados abajo firmantes constituyen el 30% o m\u00e1s de los empleados, pero menos del 50% de la unidad de negociaciones representada por el sindicato, los empleados abajo firmantes, por medio de la presente, le piden a la Junta Nacional de Relaciones de Trabajo que lleve a cabo una elecci\u00f3n de decertificaci\u00f3n para determinar si la mayor\u00eda de los empleados tampoco desean seguir siendo representados por el sindicato.\n<\/p>\n<p>\nAdem\u00e1s, si los empleados abajo firmantes constituyen el 50% o m\u00e1s de la unidad de negociaciones representada por el sindicato, los empleados abajo firmantes piden por medio de la presente que nuestro empleador retire el reconocimiento del sindicato, porque no disfruta del apoyo de una mayor\u00eda de los empleados de la unidad de negociaciones.\n<\/p>\n<table border=\"0\" cellpadding=\"0\" cellspacing=\"10\">\n<tbody>\n<tr>\n<td>_______________________<\/td>\n<td>_______________________<\/td>\n<td>____________<\/td>\n<\/tr>\n<tr>\n<td>Nombre (Escriba con letras de molde)<\/td>\n<td>Firma<\/td>\n<td>Fecha<\/td>\n<\/tr>\n<\/tbody>\n<\/table>\n<table border=\"0\" cellpadding=\"0\" cellspacing=\"10\">\n<tbody>\n<tr>\n<td>_______________________<\/td>\n<td>_______________________<\/td>\n<td>____________<\/td>\n<\/tr>\n<tr>\n<td>Nombre (Escriba con letras de molde)<\/td>\n<td>Firma<\/td>\n<td>Fecha<\/td>\n<\/tr>\n<\/tbody>\n<\/table>\n<table border=\"0\" cellpadding=\"0\" cellspacing=\"10\">\n<tbody>\n<tr>\n<td>_______________________<\/td>\n<td>_______________________<\/td>\n<td>____________<\/td>\n<\/tr>\n<tr>\n<td>Nombre (Escriba con letras de molde)<\/td>\n<td>Firma<\/td>\n<td>Fecha<\/td>\n<\/tr>\n<\/tbody>\n<\/table>\n<table border=\"0\" cellpadding=\"0\" cellspacing=\"10\">\n<tbody>\n<tr>\n<td>_______________________<\/td>\n<td>_______________________<\/td>\n<td>____________<\/td>\n<\/tr>\n<tr>\n<td>Nombre (Escriba con letras de molde)<\/td>\n<td>Firma<\/td>\n<td>Fecha<\/td>\n<\/tr>\n<\/tbody>\n<\/table>\n<table border=\"0\" cellpadding=\"0\" cellspacing=\"10\">\n<tbody>\n<tr>\n<td>_______________________<\/td>\n<td>_______________________<\/td>\n<td>____________<\/td>\n<\/tr>\n<tr>\n<td>Nombre (Escriba con letras de molde)<\/td>\n<td>Firma<\/td>\n<td>Fecha<\/td>\n<\/tr>\n<\/tbody>\n<\/table>\n<hr noshade=\"noshade\" \/>\n<p>\n<b> \u00a1Estas firmas deber\u00edan de ser recabadas cuando los empleados no est\u00e9n trabajando y en \u00e1reas que no sean de trabajo! Debe poner los nombres del sindicato y del empleador en los espacios vac\u00edos arriba <u>antes<\/u> de recabar las firmas. No debe haber ayuda del empleador ni se deben usar los recursos del empleador.<\/b>\n<\/p>\n<p>\nPara m\u00e1s espacios vac\u00edos para las firmas, <a href=\"https:\/\/www.nrtw.org\/files\/nrtw\/Peticion.pdf\">haga clic aqu\u00ed<\/a>.\n<\/p>\n<p>\nUna vez que los empleados hayan recabado el n\u00famero adecuado de firmas, tambi\u00e9n necesitan llenar una hoja de portada para la \u00abSolicitud\u00bb de la NLRB, <a href=\"http:\/\/nlrb.gov\/sites\/default\/files\/attachments\/basic-page\/node-3040\/nlrbform502.pdf \" title=\"NLRB Formulario de Solicitud 502\" target=\"_blank\">NLRB Formulario 502<\/a>.  Es de una hoja, f\u00e1cil de llenar, y est\u00e1 disponible en cualquier Oficina Regional de la NLRB.  La pagina Web <a href=\"http:\/\/www.nlrb.gov\/\">de la NLRB<\/a> contiene copias del <a href=\"http:\/\/www.nlrb.gov\/nlrb\/shared_files\/forms\/nlrbform502.pdf\" title=\"Formulario de Solicitud NLRB 502\" target=\"_blank\">formulario de Solicitud<\/a> (se requiere <a href=\"http:\/\/www.adobe.com\/products\/acrobat\/readstep2.html\" title=\"Adobe Acrobat Reader\">Adobe Acrobat Reader<\/a>) y <a href=\"http:\/\/www.nlrb.gov\/resources\/forms\" title=\"Otros Formularios de la NLRB\" target=\"_blank\">otros<\/a>, al igual que un directorio de <a href=\"http:\/\/www.nlrb.gov\/who-we-are\/regional-offices\" title=\"Localizar las Oficinas Regionales de la NLRB\" target=\"_blank\">las oficinas regionales de la NLRB<\/a> en su \u00e1rea.\n<\/p>\n<p>\nPara m\u00e1s informaci\u00f3n acerca de otras opciones relacionadas con restringir los poderes coercitivos sobre los trabajadores,  <a href=\"http:\/\/www.nlrb.gov\/espanol\">haga clic aqu\u00ed<\/a>.\n<\/p>\n<p>\nFinalmente, puede <a href=\"\/es\/solicite-ayuda-legal-gratuita\">comunicarse con los abogados empleados por la Fundaci\u00f3n<\/a> si tiene algunas preguntas acerca de c\u00f3mo proceder o si necesita ayuda para comunicarse con la NLRB, o se encuentra con dificultades legales que interfieran con sus esfuerzos.\n<\/p>\n<div class=\"xref\">\n<h2>Otros Documentos que puedan servir de asistencia a los empleados<\/h2>\n<div class=\"contentgroup\">\n<h3>Preguntas y Respuestas<\/h3>\n<ul>\n<li><a href=\"\/es\/qu-hago-si-soy-victima-de-la-violencia-por-la-uni\">\u00bfQu\u00e9 hago si soy v\u00edctima de la violencia sindical?<\/a><\/li>\n<li><a href=\"\/es\/faq\/cu-les-son-mis-derechos-si-la-uni-n-est-llevan\">\u00bfCu\u00e1les son mis derechos si el sindicato est\u00e1 llevando a cabo una campa\u00f1a sindical de &quot;Verificaci\u00f3n de Tarjetas&quot; en mi lugar de trabajo?<\/a><\/li>\n<\/ul>\n<\/div>\n<div class=\"contentgroup\">\n<h3>Documentos Informativos Acerca de los Temas<\/h3>\n<ul>\n<li><a href=\"\/es\/elecci-n-de-descertificaci-n\">Elecci\u00f3n Para la decertificaci\u00f3n<\/a><\/li>\n<li><a href=\"\/es\/elecci-n-de-desautorizaci-n\">Elecci\u00f3n de Desautorizaci\u00f3n<\/a><\/li>\n<li><a href=\"\/es\/gu-para-empleados-sobre-las-cuotas-de-uni-n-y-lo-q\">Gu\u00eda para empleados sobre cuotas sindicales y lo que no se debe hacer en cuanto a las creencias religiosas<\/a><\/li>\n<li><a href=\"\/es\/el-derecho-al-trabajo-nacional-esta-usted-financia\">\u00bfEst\u00e1 usted financiando al comit\u00e9 de acci\u00f3n pol\u00edtica (PAC por sus siglas en ingl\u00e9s) federal de su sindicato sin saberlo o en contra de su voluntad?<\/a><\/li>\n<li><a href=\"\/es\/el-castigo-sindical-y-los-derechos-de-empleado\">Pueden los dirigentes sindicales castigarlo&quot; &#8211; La disciplina sindical y los derechos de empleado<\/a><\/li>\n<li><a href=\"\/es\/los-diez-mayores-privilegios-de-las-organizaciones\">Los diez privilegios principales de los sindicatos m\u00e1s grandes (Big Labor en ingl\u00e9s)<\/a><\/li>\n","protected":false},"excerpt":{"rendered":"<p>\n<b> \u00bfQU\u00c9 ES UNA ELECCI\u00d3N DE DECERTIFICACI\u00d3N?<\/b> Es posible que usted (o alguien a quien conozca) est\u00e9 empleado en un lugar de trabajo en donde el sindicato tenga el derecho de \u00abrepresentar\u00bb y negociar colectivamente en nombre de todos los empleados. A esto se le refiere com\u00fanmente como \u00abrepresentaci\u00f3n exclusiva\u00bb pero realmente es el privilegio de negociaci\u00f3n monop\u00f3lico concedido por el gobierno, que les otorga a los funcionarios del sindicato el poder para celebrar contratos que quiz\u00e1s no les gustan a los empleados impidi\u00e9ndoles al mismo tiempo negociar sus propios t\u00e9rminos laborales. A excepci\u00f3n de los <a href=\"\/es\/estados-con-derecho-al-trabajo\">estados de Derecho al Trabajo<\/a>, estos contratos casi siempre incluyen una disposici\u00f3n que exige que los empleados sean despedidos por no pagar cuotas a un sindicato al que no desean apoyar.<\/p>\n","protected":false},"author":435,"featured_media":0,"parent":0,"menu_order":0,"comment_status":"open","ping_status":"open","template":"","meta":{"_lmt_disableupdate":"","_lmt_disable":"","footnotes":""},"class_list":["post-2054","page","type-page","status-publish","hentry"],"yoast_head":"<!-- This site is optimized with the Yoast SEO plugin v27.4 - https:\/\/yoast.com\/product\/yoast-seo-wordpress\/ -->\n<title>Elecci\u00f3n de decertificaci\u00f3n - National Right to Work Foundation<\/title>\n<meta name=\"robots\" content=\"index, follow, max-snippet:-1, max-image-preview:large, max-video-preview:-1\" \/>\n<link rel=\"canonical\" href=\"https:\/\/www.nrtw.org\/eleccin-de-decertificacin\/\" \/>\n<meta property=\"og:locale\" content=\"es_ES\" \/>\n<meta property=\"og:type\" content=\"article\" \/>\n<meta property=\"og:title\" content=\"Elecci\u00f3n de decertificaci\u00f3n - National Right to Work Foundation\" \/>\n<meta property=\"og:description\" content=\"\u00bfQU\u00c9 ES UNA ELECCI\u00d3N DE DECERTIFICACI\u00d3N? Es posible que usted (o alguien a quien conozca) est\u00e9 empleado en un lugar de trabajo en donde el sindicato tenga el derecho de &quot;representar&quot; y negociar colectivamente en nombre de todos los empleados. A esto se le refiere com\u00fanmente como &quot;representaci\u00f3n exclusiva&quot; pero realmente es el privilegio de negociaci\u00f3n monop\u00f3lico concedido por el gobierno, que les otorga a los funcionarios del sindicato el poder para celebrar contratos que quiz\u00e1s no les gustan a los empleados impidi\u00e9ndoles al mismo tiempo negociar sus propios t\u00e9rminos laborales. A excepci\u00f3n de los estados de Derecho al Trabajo, estos contratos casi siempre incluyen una disposici\u00f3n que exige que los empleados sean despedidos por no pagar cuotas a un sindicato al que no desean apoyar.\" \/>\n<meta property=\"og:url\" content=\"https:\/\/www.nrtw.org\/eleccin-de-decertificacin\/\" \/>\n<meta property=\"og:site_name\" content=\"National Right to Work Foundation\" \/>\n<meta name=\"twitter:card\" content=\"summary_large_image\" \/>\n<meta name=\"twitter:label1\" content=\"Tiempo de lectura\" \/>\n\t<meta name=\"twitter:data1\" content=\"9 minutos\" \/>\n<script type=\"application\/ld+json\" class=\"yoast-schema-graph\">{\"@context\":\"https:\\\/\\\/schema.org\",\"@graph\":[{\"@type\":\"WebPage\",\"@id\":\"https:\\\/\\\/www.nrtw.org\\\/eleccin-de-decertificacin\\\/\",\"url\":\"https:\\\/\\\/www.nrtw.org\\\/eleccin-de-decertificacin\\\/\",\"name\":\"Elecci\u00f3n de decertificaci\u00f3n - National Right to Work Foundation\",\"isPartOf\":{\"@id\":\"https:\\\/\\\/www.nrtw.org\\\/#website\"},\"datePublished\":\"-0001-11-30T00:00:00+00:00\",\"inLanguage\":\"es\",\"potentialAction\":[{\"@type\":\"ReadAction\",\"target\":[\"https:\\\/\\\/www.nrtw.org\\\/eleccin-de-decertificacin\\\/\"]}]},{\"@type\":\"WebSite\",\"@id\":\"https:\\\/\\\/www.nrtw.org\\\/#website\",\"url\":\"https:\\\/\\\/www.nrtw.org\\\/\",\"name\":\"National Right to Work Foundation\",\"description\":\"\",\"potentialAction\":[{\"@type\":\"SearchAction\",\"target\":{\"@type\":\"EntryPoint\",\"urlTemplate\":\"https:\\\/\\\/www.nrtw.org\\\/?s={search_term_string}\"},\"query-input\":{\"@type\":\"PropertyValueSpecification\",\"valueRequired\":true,\"valueName\":\"search_term_string\"}}],\"inLanguage\":\"es\"}]}<\/script>\n<!-- \/ Yoast SEO plugin. -->","yoast_head_json":{"title":"Elecci\u00f3n de decertificaci\u00f3n - National Right to Work Foundation","robots":{"index":"index","follow":"follow","max-snippet":"max-snippet:-1","max-image-preview":"max-image-preview:large","max-video-preview":"max-video-preview:-1"},"canonical":"https:\/\/www.nrtw.org\/eleccin-de-decertificacin\/","og_locale":"es_ES","og_type":"article","og_title":"Elecci\u00f3n de decertificaci\u00f3n - National Right to Work Foundation","og_description":"\u00bfQU\u00c9 ES UNA ELECCI\u00d3N DE DECERTIFICACI\u00d3N? Es posible que usted (o alguien a quien conozca) est\u00e9 empleado en un lugar de trabajo en donde el sindicato tenga el derecho de \"representar\" y negociar colectivamente en nombre de todos los empleados. A esto se le refiere com\u00fanmente como \"representaci\u00f3n exclusiva\" pero realmente es el privilegio de negociaci\u00f3n monop\u00f3lico concedido por el gobierno, que les otorga a los funcionarios del sindicato el poder para celebrar contratos que quiz\u00e1s no les gustan a los empleados impidi\u00e9ndoles al mismo tiempo negociar sus propios t\u00e9rminos laborales. A excepci\u00f3n de los estados de Derecho al Trabajo, estos contratos casi siempre incluyen una disposici\u00f3n que exige que los empleados sean despedidos por no pagar cuotas a un sindicato al que no desean apoyar.","og_url":"https:\/\/www.nrtw.org\/eleccin-de-decertificacin\/","og_site_name":"National Right to Work Foundation","twitter_card":"summary_large_image","twitter_misc":{"Tiempo de lectura":"9 minutos"},"schema":{"@context":"https:\/\/schema.org","@graph":[{"@type":"WebPage","@id":"https:\/\/www.nrtw.org\/eleccin-de-decertificacin\/","url":"https:\/\/www.nrtw.org\/eleccin-de-decertificacin\/","name":"Elecci\u00f3n de decertificaci\u00f3n - National Right to Work Foundation","isPartOf":{"@id":"https:\/\/www.nrtw.org\/#website"},"datePublished":"-0001-11-30T00:00:00+00:00","inLanguage":"es","potentialAction":[{"@type":"ReadAction","target":["https:\/\/www.nrtw.org\/eleccin-de-decertificacin\/"]}]},{"@type":"WebSite","@id":"https:\/\/www.nrtw.org\/#website","url":"https:\/\/www.nrtw.org\/","name":"National Right to Work Foundation","description":"","potentialAction":[{"@type":"SearchAction","target":{"@type":"EntryPoint","urlTemplate":"https:\/\/www.nrtw.org\/?s={search_term_string}"},"query-input":{"@type":"PropertyValueSpecification","valueRequired":true,"valueName":"search_term_string"}}],"inLanguage":"es"}]}},"_links":{"self":[{"href":"https:\/\/www.nrtw.org\/es\/wp-json\/wp\/v2\/pages\/2054","targetHints":{"allow":["GET"]}}],"collection":[{"href":"https:\/\/www.nrtw.org\/es\/wp-json\/wp\/v2\/pages"}],"about":[{"href":"https:\/\/www.nrtw.org\/es\/wp-json\/wp\/v2\/types\/page"}],"author":[{"embeddable":true,"href":"https:\/\/www.nrtw.org\/es\/wp-json\/wp\/v2\/users\/435"}],"replies":[{"embeddable":true,"href":"https:\/\/www.nrtw.org\/es\/wp-json\/wp\/v2\/comments?post=2054"}],"version-history":[{"count":1,"href":"https:\/\/www.nrtw.org\/es\/wp-json\/wp\/v2\/pages\/2054\/revisions"}],"predecessor-version":[{"id":3802,"href":"https:\/\/www.nrtw.org\/es\/wp-json\/wp\/v2\/pages\/2054\/revisions\/3802"}],"wp:attachment":[{"href":"https:\/\/www.nrtw.org\/es\/wp-json\/wp\/v2\/media?parent=2054"}],"curies":[{"name":"wp","href":"https:\/\/api.w.org\/{rel}","templated":true}]}}