{"id":2052,"date":"2009-04-14T10:40:50","date_gmt":"2009-04-14T14:40:50","guid":{"rendered":""},"modified":"-0001-11-30T00:00:00","modified_gmt":"-0001-11-30T04:00:00","slug":"los-diez-privilegios-principales-de-los-sindicatos-ms-grandes-big-labor-en-ingls","status":"publish","type":"page","link":"https:\/\/www.nrtw.org\/es\/los-diez-privilegios-principales-de-los-sindicatos-ms-grandes-big-labor-en-ingls\/","title":{"rendered":"Los diez privilegios principales de los sindicatos m\u00e1s grandes (\u00abBig Labor\u00bb en ingl\u00e9s)"},"content":{"rendered":"<p><b>Los diez privilegios principales de los sindicatos m\u00e1s grandes<\/b> <\/p>\n<p>Los funcionarios de los sindicatos disfrutan de inmunidades y poderes extraordinarios que fueron creados por las legislaturas y los tribunales. Los funcionarios del sindicato alegan depender del apoyo de trabajadores comunes y corrientes.  Sin embargo, vociferan en el ruedo pol\u00edtico para asegurar y ampliar los poderes que les ha concedido el gobierno, incluyendo el poder de extorsionar a los trabajadores para que contribuyan econ\u00f3micamente y hasta de emprender campa\u00f1as de represalias violentas en contra de los empleados que no son miembros del sindicato.<\/p>\n<p>La siguiente lista de privilegios especiales demuestra hasta qu\u00e9 punto han llegado los dirigentes sindicales para manipular las leyes de nuestro pa\u00eds a su favor.<\/p>\n<table cellspacing='0' cellpadding='10' border='0'>\n<tr valign='top'>\n<td width=\"100\"><strong>Privilegio No. 1:<\/strong><\/td>\n<td><strong>Exenci\u00f3n de ser enjuiciado por violencia sindical<\/strong><\/p>\n<p>El ejemplo mas flagrante de los privilegios e inmunidades especiales del sindicalismo es la resoluci\u00f3n judicial de 1973, United States vs. Enmons.  En la misma, el Tribunal Supremo de los Estados Unidos determin\u00f3 que la violencia sindical est\u00e1 exenta de la Ley Hobbs, la cual declara que es un delito federal obstruir el comercio interestatal por robo o extorsi\u00f3n.  Como resultado, miles de incidentes de agresiones violentas (dirigidas mayormente a los trabajadores) por parte de militantes sindicales han quedado impunes. Mientras tanto, muchos estados tambi\u00e9n limitan la autoridad de las autoridades para hacer cumplir las leyes durante las huelgas.<\/p>\n<\/td>\n<\/tr>\n<tr valign='top'>\n<td><strong>Privilegio No. 2:<\/strong><\/td>\n<td><strong>Exenci\u00f3n a las leyes en contra del monopolio.<\/strong><\/p>\n<p>La Ley Clayton de 1914 exime a los sindicatos de las leyes en contra del monopolio, permiti\u00e9ndoles a los funcionarios sindicales expulsar a la fuerza a grupos independientes u otros de negociaci\u00f3n de empleados.<\/p>\n<\/td>\n<\/tr>\n<tr valign='top'>\n<td><strong>Privilegio No. 3:<\/strong><\/td>\n<td>\n<p><strong>El poder de exigirles a los empleados que acepten representaci\u00f3n sindical no deseada.<\/strong><\/p>\n<p>El monopolio de negociaci\u00f3n o la \u00abrepresentaci\u00f3n exclusiva\u00bb, que est\u00e1n incrustados en la mayor\u00eda de los estatutos de relaciones laborales de este pa\u00eds, les permite a los funcionarios de los sindicatos a actuar como agentes de negociaci\u00f3n exclusivos de todos los empleados en un lugar de trabajo sindicalizado, privando de esa manera a los empleados del derecho de hacer sus propios contratos laborales.  Por ejemplo, la Ley Nacional de Relaciones del Trabajo (NLRA por sus siglas en ingl\u00e9s) de 1935, la Ley Federal de Relaciones del Trabajo (FLRA por sus siglas en ingl\u00e9s) de 1978 y la Ley de Trabajo en Ferrocarriles (RLA por sus siglas en ingl\u00e9s) de 1926 les proh\u00edben a los empleados negociar sus propias contratos con sus empleadores o de escoger sus propios representantes en su lugar de empleo.<\/p>\n<\/td>\n<\/tr>\n<tr valign='top'>\n<td><strong>Privilegio No. 4:<\/strong><\/td>\n<td><strong>El poder de cobrar cuotas sindicales de manera forzosa.<\/strong><\/p>\n<p>A diferencia de las organizaciones privadas, los sindicatos pueden obligar a las personas a que los apoyen econ\u00f3micamente.  Bajo la NLRA, en 26 estados (los que no han aprobado leyes de Derecho al Trabajo), bajo la RLA en todos los estados, en \u00abenclaves federales exclusivos\u00bb y bajo las leyes de relaciones del trabajo del sector p\u00fablico en diferentes estados, se les puede obligar a los empleados a pagar cuotas sindicales como una condici\u00f3n de su empleo, aunque rechacen una relaci\u00f3n con el sindicato.<\/p>\n<\/td>\n<\/tr>\n<tr valign='top'>\n<td><strong>Privilegio No. 5:<\/strong><\/td>\n<td>\n<p><strong>Campa\u00f1as electorales no reveladas, ilimitadas.<\/strong><\/p>\n<p>La Ley de Campa\u00f1a Electoral Federal exime a los sindicatos de ajustarse a sus l\u00edmites sobre gastos y contribuciones a las campa\u00f1as, al igual que de algunos de sus requerimientos de informaci\u00f3n. Los peces gordos del sindicato pueden gastar cantidades ilimitadas en comunicaciones a sus miembros y sus familias para apoyar u oponerse a candidatos a cargos federales, y no necesitan informar sobre estos gastos si pueden alegar con \u00e9xito que las publicaciones del sindicato est\u00e1n principalmente dedicadas a otros temas.   \u00a1Por a\u00f1os, el pol\u00edticamente activo sindicato de maestros, Asociaci\u00f3n Nacional de Educaci\u00f3n (NEA por sus siglas en ingl\u00e9s), se ha salido con la suya declarando cero gastos pol\u00edticos en sus formularios de impuestos del IRS!\n<\/td>\n<\/tr>\n<tr valign='top'>\n<td><strong>Privilegio No. 6:<\/strong><\/td>\n<td>\n<p><strong>La capacidad de amedrentar a los empleadores para negociar.<\/strong><\/p>\n<p>A diferencia de todas las dem\u00e1s partes en el mercado econ\u00f3mico, los funcionarios de los sindicatos pueden forzar a los empleadores a negociar con ellos.  La NLRA, FLRA, y RLA establecen que es ilegal que los empleadores se resistan a los esfuerzos de negociaci\u00f3n colectiva de los sindicatos y les dificultan oponerse a las campa\u00f1as agresivas y enga\u00f1osas entabladas por los organizadores sindicales.<\/p>\n<\/td>\n<\/tr>\n<tr valign='top'>\n<td><strong>Privilegio No. 7:<\/strong><\/td>\n<td><strong>El derecho a invadir la propiedad privada de un empleador.<\/strong><\/p>\n<p>La Ley Norris-LaGuardia de 1932 (y las leyes estatales en contra de interdictos judiciales) les dan inmunidad a los activistas sindicales de interdictos judiciales en contra de la invasi\u00f3n de la propiedad privada de un empleador.<\/p>\n<\/td>\n<\/tr>\n<tr valign='top'>\n<td><strong>Privilegio No. 8:<\/strong><\/td>\n<td>\n<strong>La capacidad de los huelguistas de conservar su trabajo aunque se reh\u00fasen a trabajar.<\/strong><\/p>\n<p>A diferencia de otros empleados, los empleados sindicalizados en el sector privado tienen el derecho de hacer huelga, es decir, el derecho a rehusarse a trabajar y conservar el trabajo al mismo tiempo.  En algunos casos, es ilegal que los empleadores contraten trabajadores de reemplazo, aunque lo hagan para no irse a la quiebra.  Mientras tanto, los funcionarios de los sindicatos demonizan a los trabajadores de reemplazo como \u00abscabs\u00bb (rompehuelgas) para crear represalias en su contra.<\/p>\n<\/td>\n<\/tr>\n<tr valign='top'>\n<td><strong>Privilegio No. 9:<\/strong><\/td>\n<td><strong>Monopolios de \u00fanicamente sindicato en los proyectos de construcci\u00f3n<\/strong><\/p>\n<p>Bajo los llamados acuerdos de proyectos laborales, los gobiernos (locales, estatales, o federales) conceden los contratos de construcci\u00f3n para proyectos grandes, como de carreteras, aeropuertos y estadios, exclusivamente a compa\u00f1\u00edas sindicalizadas.  Dichas pr\u00e1cticas excluyen eficazmente a contratistas y empleados capacitados que se reh\u00fasan a someterse a la negociaci\u00f3n de sindicatos exclusiva, cuotas sindicales forzosas y a las reglas para el trabajo poco econ\u00f3micas del sindicato.  Hasta ahora, \u00fanicamente tres estados han declarado ilegales estos acuerdos discriminantes y costosos de \u00fanicamente sindicatos.<\/p>\n<\/td>\n<\/tr>\n<tr valign='top'>\n<td><strong>Privilegio No. 10:<\/strong><\/td>\n<td><strong>Financiamiento gubernamental del sindicalismo forzoso.<\/strong><\/p>\n<p>Por encima de todas las inmunidades y poderes especiales que se les conceden a los sindicatos, los pol\u00edticos incluso vierten el dinero de los contribuyentes directamente en las arcas del sindicato.  Los grupos de los sindicatos reciben m\u00e1s de $160 millones anuales en subsidios federales directos.  Y eso es apenas la punta del iceberg.  En 2001, el Departamento del Trabajo federal reparti\u00f3 $148 millones para \u00abprogramas laborales internacionales\u00bb abrumadoramente controlados por un grupo usado como tapadera por el AFL-CIO.  Los bur\u00f3cratas federales gastan aproximadamente $2,600 millones al a\u00f1o en \u00abprogramas de capacitaci\u00f3n laborales\u00bb que, de acuerdo a la Ley Inversi\u00f3n en la Fuerza Laboral, deben ser gestionados por consejos ocupados por funcionarios sindicales.  Los jefes del sindicato tambi\u00e9n se benefician de una abundancia de regalos de los gobiernos locales y estatales.<\/p>\n<\/td>\n<\/tr>\n<\/table>\n","protected":false},"excerpt":{"rendered":"<p><b>Los diez privilegios principales de los sindicatos m\u00e1s grandes<\/b> <\/p>\n<p>Los funcionarios de los sindicatos disfrutan de inmunidades y poderes extraordinarios que fueron creados por las legislaturas y los tribunales. Los funcionarios del sindicato alegan depender del apoyo de trabajadores comunes y corrientes.  Sin embargo, vociferan en el ruedo pol\u00edtico para asegurar y ampliar los poderes que les ha concedido el gobierno, incluyendo el poder de extorsionar a los trabajadores para que contribuyan econ\u00f3micamente y hasta de emprender campa\u00f1as de represalias violentas en contra de los empleados que no son miembros del sindicato.<\/p>\n<p>La siguiente lista de privilegios especiales demuestra hasta qu\u00e9 punto han llegado los dirigentes sindicales para manipular las leyes de nuestro pa\u00eds a su favor.<\/p>\n","protected":false},"author":435,"featured_media":0,"parent":0,"menu_order":0,"comment_status":"open","ping_status":"open","template":"","meta":{"_lmt_disableupdate":"","_lmt_disable":"","footnotes":""},"class_list":["post-2052","page","type-page","status-publish","hentry"],"yoast_head":"<!-- This site is optimized with the Yoast SEO plugin v27.4 - https:\/\/yoast.com\/product\/yoast-seo-wordpress\/ -->\n<title>Los diez privilegios principales de los sindicatos m\u00e1s grandes (&quot;Big Labor&quot; en ingl\u00e9s) - National Right to Work Foundation<\/title>\n<meta name=\"robots\" content=\"index, follow, max-snippet:-1, max-image-preview:large, max-video-preview:-1\" \/>\n<link rel=\"canonical\" href=\"https:\/\/www.nrtw.org\/los-diez-privilegios-principales-de-los-sindicatos-ms-grandes-big-labor-en-ingls\/\" \/>\n<meta property=\"og:locale\" content=\"es_ES\" \/>\n<meta property=\"og:type\" content=\"article\" \/>\n<meta property=\"og:title\" content=\"Los diez privilegios principales de los sindicatos m\u00e1s grandes (&quot;Big Labor&quot; en ingl\u00e9s) - National Right to Work Foundation\" \/>\n<meta property=\"og:description\" content=\"Los diez privilegios principales de los sindicatos m\u00e1s grandes   Los funcionarios de los sindicatos disfrutan de inmunidades y poderes extraordinarios que fueron creados por las legislaturas y los tribunales. Los funcionarios del sindicato alegan depender del apoyo de trabajadores comunes y corrientes. Sin embargo, vociferan en el ruedo pol\u00edtico para asegurar y ampliar los poderes que les ha concedido el gobierno, incluyendo el poder de extorsionar a los trabajadores para que contribuyan econ\u00f3micamente y hasta de emprender campa\u00f1as de represalias violentas en contra de los empleados que no son miembros del sindicato.  La siguiente lista de privilegios especiales demuestra hasta qu\u00e9 punto han llegado los dirigentes sindicales para manipular las leyes de nuestro pa\u00eds a su favor.\" \/>\n<meta property=\"og:url\" content=\"https:\/\/www.nrtw.org\/los-diez-privilegios-principales-de-los-sindicatos-ms-grandes-big-labor-en-ingls\/\" \/>\n<meta property=\"og:site_name\" content=\"National Right to Work Foundation\" \/>\n<meta name=\"twitter:card\" content=\"summary_large_image\" \/>\n<meta name=\"twitter:label1\" content=\"Tiempo de lectura\" \/>\n\t<meta name=\"twitter:data1\" content=\"6 minutos\" \/>\n<script type=\"application\/ld+json\" class=\"yoast-schema-graph\">{\"@context\":\"https:\\\/\\\/schema.org\",\"@graph\":[{\"@type\":\"WebPage\",\"@id\":\"https:\\\/\\\/www.nrtw.org\\\/los-diez-privilegios-principales-de-los-sindicatos-ms-grandes-big-labor-en-ingls\\\/\",\"url\":\"https:\\\/\\\/www.nrtw.org\\\/los-diez-privilegios-principales-de-los-sindicatos-ms-grandes-big-labor-en-ingls\\\/\",\"name\":\"Los diez privilegios principales de los sindicatos m\u00e1s grandes (\\\"Big Labor\\\" en ingl\u00e9s) - National Right to Work Foundation\",\"isPartOf\":{\"@id\":\"https:\\\/\\\/www.nrtw.org\\\/#website\"},\"datePublished\":\"-0001-11-30T00:00:00+00:00\",\"inLanguage\":\"es\",\"potentialAction\":[{\"@type\":\"ReadAction\",\"target\":[\"https:\\\/\\\/www.nrtw.org\\\/los-diez-privilegios-principales-de-los-sindicatos-ms-grandes-big-labor-en-ingls\\\/\"]}]},{\"@type\":\"WebSite\",\"@id\":\"https:\\\/\\\/www.nrtw.org\\\/#website\",\"url\":\"https:\\\/\\\/www.nrtw.org\\\/\",\"name\":\"National Right to Work Foundation\",\"description\":\"\",\"potentialAction\":[{\"@type\":\"SearchAction\",\"target\":{\"@type\":\"EntryPoint\",\"urlTemplate\":\"https:\\\/\\\/www.nrtw.org\\\/?s={search_term_string}\"},\"query-input\":{\"@type\":\"PropertyValueSpecification\",\"valueRequired\":true,\"valueName\":\"search_term_string\"}}],\"inLanguage\":\"es\"}]}<\/script>\n<!-- \/ Yoast SEO plugin. -->","yoast_head_json":{"title":"Los diez privilegios principales de los sindicatos m\u00e1s grandes (\"Big Labor\" en ingl\u00e9s) - National Right to Work Foundation","robots":{"index":"index","follow":"follow","max-snippet":"max-snippet:-1","max-image-preview":"max-image-preview:large","max-video-preview":"max-video-preview:-1"},"canonical":"https:\/\/www.nrtw.org\/los-diez-privilegios-principales-de-los-sindicatos-ms-grandes-big-labor-en-ingls\/","og_locale":"es_ES","og_type":"article","og_title":"Los diez privilegios principales de los sindicatos m\u00e1s grandes (\"Big Labor\" en ingl\u00e9s) - National Right to Work Foundation","og_description":"Los diez privilegios principales de los sindicatos m\u00e1s grandes   Los funcionarios de los sindicatos disfrutan de inmunidades y poderes extraordinarios que fueron creados por las legislaturas y los tribunales. Los funcionarios del sindicato alegan depender del apoyo de trabajadores comunes y corrientes. Sin embargo, vociferan en el ruedo pol\u00edtico para asegurar y ampliar los poderes que les ha concedido el gobierno, incluyendo el poder de extorsionar a los trabajadores para que contribuyan econ\u00f3micamente y hasta de emprender campa\u00f1as de represalias violentas en contra de los empleados que no son miembros del sindicato.  La siguiente lista de privilegios especiales demuestra hasta qu\u00e9 punto han llegado los dirigentes sindicales para manipular las leyes de nuestro pa\u00eds a su favor.","og_url":"https:\/\/www.nrtw.org\/los-diez-privilegios-principales-de-los-sindicatos-ms-grandes-big-labor-en-ingls\/","og_site_name":"National Right to Work Foundation","twitter_card":"summary_large_image","twitter_misc":{"Tiempo de lectura":"6 minutos"},"schema":{"@context":"https:\/\/schema.org","@graph":[{"@type":"WebPage","@id":"https:\/\/www.nrtw.org\/los-diez-privilegios-principales-de-los-sindicatos-ms-grandes-big-labor-en-ingls\/","url":"https:\/\/www.nrtw.org\/los-diez-privilegios-principales-de-los-sindicatos-ms-grandes-big-labor-en-ingls\/","name":"Los diez privilegios principales de los sindicatos m\u00e1s grandes (\"Big Labor\" en ingl\u00e9s) - National Right to Work Foundation","isPartOf":{"@id":"https:\/\/www.nrtw.org\/#website"},"datePublished":"-0001-11-30T00:00:00+00:00","inLanguage":"es","potentialAction":[{"@type":"ReadAction","target":["https:\/\/www.nrtw.org\/los-diez-privilegios-principales-de-los-sindicatos-ms-grandes-big-labor-en-ingls\/"]}]},{"@type":"WebSite","@id":"https:\/\/www.nrtw.org\/#website","url":"https:\/\/www.nrtw.org\/","name":"National Right to Work Foundation","description":"","potentialAction":[{"@type":"SearchAction","target":{"@type":"EntryPoint","urlTemplate":"https:\/\/www.nrtw.org\/?s={search_term_string}"},"query-input":{"@type":"PropertyValueSpecification","valueRequired":true,"valueName":"search_term_string"}}],"inLanguage":"es"}]}},"_links":{"self":[{"href":"https:\/\/www.nrtw.org\/es\/wp-json\/wp\/v2\/pages\/2052","targetHints":{"allow":["GET"]}}],"collection":[{"href":"https:\/\/www.nrtw.org\/es\/wp-json\/wp\/v2\/pages"}],"about":[{"href":"https:\/\/www.nrtw.org\/es\/wp-json\/wp\/v2\/types\/page"}],"author":[{"embeddable":true,"href":"https:\/\/www.nrtw.org\/es\/wp-json\/wp\/v2\/users\/435"}],"replies":[{"embeddable":true,"href":"https:\/\/www.nrtw.org\/es\/wp-json\/wp\/v2\/comments?post=2052"}],"version-history":[{"count":0,"href":"https:\/\/www.nrtw.org\/es\/wp-json\/wp\/v2\/pages\/2052\/revisions"}],"wp:attachment":[{"href":"https:\/\/www.nrtw.org\/es\/wp-json\/wp\/v2\/media?parent=2052"}],"curies":[{"name":"wp","href":"https:\/\/api.w.org\/{rel}","templated":true}]}}