{"id":2048,"date":"2009-04-14T10:25:11","date_gmt":"2009-04-14T14:25:11","guid":{"rendered":""},"modified":"-0001-11-30T00:00:00","modified_gmt":"-0001-11-30T04:00:00","slug":"gua-para-empleados-sobre-las-cuotas-sindicales-y-lo-que-no-se-debe-hacer-en-cuanto-a-las-creencias-religiosas","status":"publish","type":"page","link":"https:\/\/www.nrtw.org\/es\/gua-para-empleados-sobre-las-cuotas-sindicales-y-lo-que-no-se-debe-hacer-en-cuanto-a-las-creencias-religiosas\/","title":{"rendered":"Gu\u00eda para empleados sobre las cuotas sindicales y lo que no se debe hacer en cuanto a las creencias religiosas"},"content":{"rendered":"<div class=\"resource\">\n<div align=\"left\">\n<\/div>\n<h4 style=\"text-align: center\" align=\"left\"><img loading=\"lazy\" decoding=\"async\" src=\"\/files\/nrtw\/bnc%20book.jpg\" alt=\"Gu\u00eda Para Empleados Sobre Las Cuotas Sindicales y Lo Que No Se Debe Hacer En Cuanto a las Creencias Religiosas\" align=\"left\" border=\"3\" height=\"375\" hspace=\"3\" vspace=\"4\" width=\"236\" \/><br \/>\n<\/h4>\n<p align=\"center\">\nP\u00e1gina 1 | <a href=\"\/es\/gu-para-empleados-sobre-cuotas-de-uni-n-y-lo-que-n\">P\u00e1gina 2<\/a> | <a href=\"\/es\/node\/3424\">P\u00e1gina 3<\/a> | <a href=\"\/es\/node\/3425\">P\u00e1gina 4<\/a> | <a href=\"\/es\/gu-para-empleados-sobre-cuotas-de-uni-n-y-lo-que-n\">Siguiente \u00bb<\/a>\n<\/p>\n<\/div>\n<p>\n<i><a href=\"\/ro_mail.htm\">Haga clic aqu\u00ed<\/a> para ordenar una copia gratuita impresa de este folleto.<\/i>\n<\/p>\n<h3>LO QUE SE CUBRE EN ESTA GU\u00cdA&#8211;<\/h3>\n<p>\nLos empleados a veces encuentran que un requisito en su trabajo va en contra de sus creencias religiosas sinceras. Un estatuto federal, <a href=\"http:\/\/www4.law.cornell.edu\/uscode\/42\/2000e-2.shtml\">el T\u00edtulo VII del la Ley de Derechos Civiles de 1964<\/a>, provee una manera de resolver este conflicto entre creencias religiosas y requisitos en el trabajo. Esta gu\u00eda explica principalmente c\u00f3mo un empleado puede aprovechar sus derechos bajo el T\u00edtulo VII. La Primera Enmienda a la Constituci\u00f3n de los Estados Unidos, las constituciones de los diferentes estados y los estatutos estatales individuales son otras posibles fuentes de protecci\u00f3n que no se tratan aqu\u00ed o solamente se tratan de manera muy limitada.\n<\/p>\n<p>\nLa <a href=\"\/es\">Fundaci\u00f3n Nacional de Defensa Legal para el Derecho al Trabajo <\/a> tiene un solo prop\u00f3sito: el defender a los empleados de los abusos del sindicalismo forzoso. Aunque esta gu\u00eda analiza en t\u00e9rminos generales los derechos de los objetores religiosos bajo el T\u00edtulo VII, el enfoque de esta gu\u00eda es ayudarles a los empleados que  encuentran un conflicto entre sus creencias religiosas sinceras y el requerimiento en el trabajo que les exige unirse a un sindicato o apoyarlo econ\u00f3micamente.\n<\/p>\n<h3>UNA INTRODUCCI\u00d3N AL T\u00cdTULO VII&#8211;<\/h3>\n<p>\nEl T\u00edtulo VII de la Ley de Derechos Civiles de 1964 les impone dos obligaciones a los empleadores y a los sindicatos en cuanto a las creencias religiosas de los empleados. Primero, no deben discriminar en contra de los empleados debido a sus creencias religiosas. Segundo, deben de hacer adaptaciones razonables a las creencias religiosas de un empleado, salvo que la adaptaci\u00f3n cause una dificultad excesiva para el empleador o el sindicato.\n<\/p>\n<blockquote><p>\n\tEl el texto en s\u00ed de las partes pertinentes del T\u00edtulo VII es el siguiente <\/p>\n<p>\n\tSer\u00e1 una pr\u00e1ctica ilegal de empleo si un empleador&#8211;\n\t<\/p>\n<ol>\n<li>\n<p>\n\t\tno emplea o se reh\u00fasa a emplear o despide a cualquier persona, o de otra manera discrimina en contra de cualquier persona con respecto a su compensaci\u00f3n, t\u00e9rminos o condiciones, o privilegios de empleo, debido a su raza, color, religi\u00f3n, sexo u origen nacional; o\n\t\t<\/p>\n<\/li>\n<li>\n<p>\n\t\tlimita, separa o clasifica a sus empleados o solicitantes de empleo de cualquier manera que prive o tienda a privar a cualquier persona de oportunidades de empleo o que de otra manera afecte negativamente su situaci\u00f3n como empleado, debido a su raza, color, religi\u00f3n, sexo u origen nacional. <sup><small><a href=\"\/ro1.htm#ro1FN1\">1<\/a><\/small><\/sup>  <a title=\"ro1FN1t\" name=\"ro1FN1t\"><\/a>\n\t\t<\/p>\n<\/li>\n<\/ol>\n<p>\n\tSer\u00e1 una pr\u00e1ctica ilegal de empleo si una organizaci\u00f3n laboral&#8211;\n\t<\/p>\n<ol>\n<li>\n<p>\n\t\texcluye o expulsa de sus miembros, o de otra manera discrimina en contra de cualquier persona debido a su raza, color, religi\u00f3n, sexo, u origen nacional.\n\t\t<\/p>\n<\/li>\n<li>\n<p>\n\t\tlimita, separa o clasifica a sus miembros o solicitudes de membres\u00eda, o clasifica o no recomienda o se reh\u00fasa a recomendar para empleo a cualquier persona, en alguna manera que lo prive o tienda a privar a cualquier persona de oportunidades de empleo, o que limitar\u00eda dichas oportunidades de empleo o de alguna otra manera afecte negativamente su situaci\u00f3n como empleado o como solicitante de empleo, debido a su raza, color, religi\u00f3n, sexo u origen nacional; o\n\t\t<\/p>\n<\/li>\n<li>\n<p>\n\t\thaga o trate de hacer que un empleador discrimine en contra de un persona en violaci\u00f3n de esta secci\u00f3n. <sup><small><a href=\"\/ro1.htm#ro1FN2\">2<\/a><\/small><\/sup><a title=\"ro1FN2t\" name=\"ro1FN2t\"><\/a>\n\t\t<\/p>\n<\/li>\n<\/ol>\n<\/blockquote>\n<p>\nEl t\u00e9rmino &quot;religi\u00f3n&quot; incluye todos los aspectos de la pr\u00e1ctica y el cumplimiento de la religi\u00f3n, al igual que la creencia religiosa, salvo que el empleador demuestre que no puede razonablemente hacer las adaptaciones para el cumplimiento o la pr\u00e1ctica religiosa de un empleado o de un posible empleado sin causarle una dificultad excesiva a las operaciones del negocio del empleador. <sup><small><a href=\"\/ro1.htm#ro1FN3\">3<\/a><\/small><\/sup><a title=\"ro1FN3t\" name=\"ro1FN3t\"><\/a>\n<\/p>\n<div class=\"resource\">\n<h4 style=\"text-align: center\">P\u00e1gina 1 | <a href=\"\/es\/gu-para-empleados-sobre-cuotas-de-uni-n-y-lo-que-n\">P\u00e1gina 2<\/a> | <a href=\"\/es\/node\/3424\">P\u00e1gina 3<\/a> | <a href=\"\/es\/node\/3425\">P\u00e1gina 4<\/a> | <a href=\"\/es\/gu-para-empleados-sobre-cuotas-de-uni-n-y-lo-que-n\">Siguiente\u00bb<\/a><\/h4>\n<\/div>\n","protected":false},"excerpt":{"rendered":"<div class=\"resource\">\n<div align=\"left\">\n<\/div>\n<h4 style=\"text-align: center\" align=\"left\"><img loading=\"lazy\" decoding=\"async\" src=\"\/files\/nrtw\/bnc%20book.jpg\" alt=\"Gu\u00eda Para Empleados Sobre Las Cuotas Sindicales y Lo Que No Se Debe Hacer En Cuanto a las Creencias Religiosas\" align=\"left\" border=\"3\" height=\"375\" hspace=\"3\" vspace=\"4\" width=\"236\" \/><br \/>\n<\/h4>\n<p align=\"center\">\nP\u00e1gina 1 | <a href=\"\/es\/gu-para-empleados-sobre-cuotas-de-uni-n-y-lo-que-n\">P\u00e1gina 2<\/a> | <a href=\"\/es\/node\/3424\">P\u00e1gina 3<\/a> | <a href=\"\/es\/node\/3425\">P\u00e1gina 4<\/a> | <a href=\"\/es\/gu-para-empleados-sobre-cuotas-de-uni-n-y-lo-que-n\">Siguiente \u00bb<\/a>\n<\/p>\n<\/div>\n<p>\n<i><a href=\"\/ro_mail.htm\">Haga clic aqu\u00ed<\/a> para ordenar una copia gratuita impresa de este folleto.<\/i><\/p>\n","protected":false},"author":435,"featured_media":0,"parent":0,"menu_order":0,"comment_status":"open","ping_status":"open","template":"","meta":{"_lmt_disableupdate":"","_lmt_disable":"","footnotes":""},"class_list":["post-2048","page","type-page","status-publish","hentry"],"yoast_head":"<!-- This site is optimized with the Yoast SEO plugin v27.4 - https:\/\/yoast.com\/product\/yoast-seo-wordpress\/ -->\n<title>Gu\u00eda para empleados sobre las cuotas sindicales y lo que no se debe hacer en cuanto a las creencias religiosas - National Right to Work Foundation<\/title>\n<meta name=\"robots\" content=\"index, follow, max-snippet:-1, max-image-preview:large, max-video-preview:-1\" \/>\n<link rel=\"canonical\" href=\"https:\/\/www.nrtw.org\/gua-para-empleados-sobre-las-cuotas-sindicales-y-lo-que-no-se-debe-hacer-en-cuanto-a-las-creencias-religiosas\/\" \/>\n<meta property=\"og:locale\" content=\"es_ES\" \/>\n<meta property=\"og:type\" content=\"article\" \/>\n<meta property=\"og:title\" content=\"Gu\u00eda para empleados sobre las cuotas sindicales y lo que no se debe hacer en cuanto a las creencias religiosas - National Right to Work Foundation\" \/>\n<meta property=\"og:description\" content=\"P\u00e1gina 1 | P\u00e1gina 2 | P\u00e1gina 3 | P\u00e1gina 4 | Siguiente \u00bb    Haga clic aqu\u00ed para ordenar una copia gratuita impresa de este folleto.\" \/>\n<meta property=\"og:url\" content=\"https:\/\/www.nrtw.org\/gua-para-empleados-sobre-las-cuotas-sindicales-y-lo-que-no-se-debe-hacer-en-cuanto-a-las-creencias-religiosas\/\" \/>\n<meta property=\"og:site_name\" content=\"National Right to Work Foundation\" \/>\n<meta name=\"twitter:card\" content=\"summary_large_image\" \/>\n<meta name=\"twitter:label1\" content=\"Tiempo de lectura\" \/>\n\t<meta name=\"twitter:data1\" content=\"3 minutos\" \/>\n<script type=\"application\/ld+json\" class=\"yoast-schema-graph\">{\"@context\":\"https:\\\/\\\/schema.org\",\"@graph\":[{\"@type\":\"WebPage\",\"@id\":\"https:\\\/\\\/www.nrtw.org\\\/gua-para-empleados-sobre-las-cuotas-sindicales-y-lo-que-no-se-debe-hacer-en-cuanto-a-las-creencias-religiosas\\\/\",\"url\":\"https:\\\/\\\/www.nrtw.org\\\/gua-para-empleados-sobre-las-cuotas-sindicales-y-lo-que-no-se-debe-hacer-en-cuanto-a-las-creencias-religiosas\\\/\",\"name\":\"Gu\u00eda para empleados sobre las cuotas sindicales y lo que no se debe hacer en cuanto a las creencias religiosas - National Right to Work Foundation\",\"isPartOf\":{\"@id\":\"https:\\\/\\\/www.nrtw.org\\\/#website\"},\"datePublished\":\"-0001-11-30T00:00:00+00:00\",\"inLanguage\":\"es\",\"potentialAction\":[{\"@type\":\"ReadAction\",\"target\":[\"https:\\\/\\\/www.nrtw.org\\\/gua-para-empleados-sobre-las-cuotas-sindicales-y-lo-que-no-se-debe-hacer-en-cuanto-a-las-creencias-religiosas\\\/\"]}]},{\"@type\":\"WebSite\",\"@id\":\"https:\\\/\\\/www.nrtw.org\\\/#website\",\"url\":\"https:\\\/\\\/www.nrtw.org\\\/\",\"name\":\"National Right to Work Foundation\",\"description\":\"\",\"potentialAction\":[{\"@type\":\"SearchAction\",\"target\":{\"@type\":\"EntryPoint\",\"urlTemplate\":\"https:\\\/\\\/www.nrtw.org\\\/?s={search_term_string}\"},\"query-input\":{\"@type\":\"PropertyValueSpecification\",\"valueRequired\":true,\"valueName\":\"search_term_string\"}}],\"inLanguage\":\"es\"}]}<\/script>\n<!-- \/ Yoast SEO plugin. -->","yoast_head_json":{"title":"Gu\u00eda para empleados sobre las cuotas sindicales y lo que no se debe hacer en cuanto a las creencias religiosas - National Right to Work Foundation","robots":{"index":"index","follow":"follow","max-snippet":"max-snippet:-1","max-image-preview":"max-image-preview:large","max-video-preview":"max-video-preview:-1"},"canonical":"https:\/\/www.nrtw.org\/gua-para-empleados-sobre-las-cuotas-sindicales-y-lo-que-no-se-debe-hacer-en-cuanto-a-las-creencias-religiosas\/","og_locale":"es_ES","og_type":"article","og_title":"Gu\u00eda para empleados sobre las cuotas sindicales y lo que no se debe hacer en cuanto a las creencias religiosas - National Right to Work Foundation","og_description":"P\u00e1gina 1 | P\u00e1gina 2 | P\u00e1gina 3 | P\u00e1gina 4 | Siguiente \u00bb    Haga clic aqu\u00ed para ordenar una copia gratuita impresa de este folleto.","og_url":"https:\/\/www.nrtw.org\/gua-para-empleados-sobre-las-cuotas-sindicales-y-lo-que-no-se-debe-hacer-en-cuanto-a-las-creencias-religiosas\/","og_site_name":"National Right to Work Foundation","twitter_card":"summary_large_image","twitter_misc":{"Tiempo de lectura":"3 minutos"},"schema":{"@context":"https:\/\/schema.org","@graph":[{"@type":"WebPage","@id":"https:\/\/www.nrtw.org\/gua-para-empleados-sobre-las-cuotas-sindicales-y-lo-que-no-se-debe-hacer-en-cuanto-a-las-creencias-religiosas\/","url":"https:\/\/www.nrtw.org\/gua-para-empleados-sobre-las-cuotas-sindicales-y-lo-que-no-se-debe-hacer-en-cuanto-a-las-creencias-religiosas\/","name":"Gu\u00eda para empleados sobre las cuotas sindicales y lo que no se debe hacer en cuanto a las creencias religiosas - National Right to Work Foundation","isPartOf":{"@id":"https:\/\/www.nrtw.org\/#website"},"datePublished":"-0001-11-30T00:00:00+00:00","inLanguage":"es","potentialAction":[{"@type":"ReadAction","target":["https:\/\/www.nrtw.org\/gua-para-empleados-sobre-las-cuotas-sindicales-y-lo-que-no-se-debe-hacer-en-cuanto-a-las-creencias-religiosas\/"]}]},{"@type":"WebSite","@id":"https:\/\/www.nrtw.org\/#website","url":"https:\/\/www.nrtw.org\/","name":"National Right to Work Foundation","description":"","potentialAction":[{"@type":"SearchAction","target":{"@type":"EntryPoint","urlTemplate":"https:\/\/www.nrtw.org\/?s={search_term_string}"},"query-input":{"@type":"PropertyValueSpecification","valueRequired":true,"valueName":"search_term_string"}}],"inLanguage":"es"}]}},"_links":{"self":[{"href":"https:\/\/www.nrtw.org\/es\/wp-json\/wp\/v2\/pages\/2048","targetHints":{"allow":["GET"]}}],"collection":[{"href":"https:\/\/www.nrtw.org\/es\/wp-json\/wp\/v2\/pages"}],"about":[{"href":"https:\/\/www.nrtw.org\/es\/wp-json\/wp\/v2\/types\/page"}],"author":[{"embeddable":true,"href":"https:\/\/www.nrtw.org\/es\/wp-json\/wp\/v2\/users\/435"}],"replies":[{"embeddable":true,"href":"https:\/\/www.nrtw.org\/es\/wp-json\/wp\/v2\/comments?post=2048"}],"version-history":[{"count":0,"href":"https:\/\/www.nrtw.org\/es\/wp-json\/wp\/v2\/pages\/2048\/revisions"}],"wp:attachment":[{"href":"https:\/\/www.nrtw.org\/es\/wp-json\/wp\/v2\/media?parent=2048"}],"curies":[{"name":"wp","href":"https:\/\/api.w.org\/{rel}","templated":true}]}}