{"id":2045,"date":"2009-04-14T10:18:11","date_gmt":"2009-04-14T10:18:11","guid":{"rendered":""},"modified":"2016-06-22T17:34:15","modified_gmt":"2016-06-22T17:34:15","slug":"acerca-de-sus-derechos-legales-maestro-de-escuela-pblica-o-profesor-universitario","status":"publish","type":"page","link":"https:\/\/www.nrtw.org\/es\/acerca-de-sus-derechos-legales-maestro-de-escuela-pblica-o-profesor-universitario\/","title":{"rendered":"Acerca de sus derechos legales: Maestro de escuela p\u00fablica o profesor universitario"},"content":{"rendered":"<p><\/p>\n<p>\nLa Fundaci\u00f3n Nacional de Defensa Legal para el Derecho al Trabajo defiende a los trabajadores de los Estados Unidos de los abusos del sindicalismo forzoso. Para aprender acerca de sus derechos como maestro de escuela p\u00fablica o profesor universitario, haga clic en cualquiera de las siguientes preguntas:\n<\/p>\n<div class=\"contentgroup\">\n<h3>Preguntas y Respuestas<\/h3>\n<ul>\n<li><a href=\"\/es\/node\/3500\">\u00bfMe pueden obligar a hacerme miembro de un sindicato o a pagarle cuotas?<\/a><\/li>\n<li><a href=\"\/es\/si-trabajo-en-un-estado-con-derecho-al-trabajo-p-0\">Si trabajo en un Estado con Derecho al Trabajo, \u00bfpuedo renunciar a mi membres\u00eda en un sindicato y suspender que sigan descontando cuotas de mi sueldo?<\/a><\/li>\n<li><a href=\"\/es\/como-puedo-renunciar-mi-membres-de-uni-n\">\u00bfC\u00f3mo puedo renunciar a mi membres\u00eda en un sindicato?<\/a><\/li>\n<li><a href=\"\/es\/\u00bfC\u00f3mo puedo evitar que se usen mis cuotas para actividades pol\u00edticas u otras no relacionadas con la negociaci\u00f3n?\">\u00bfC\u00f3mo puedo evitar que se usen mis cuotas para actividades pol\u00edticas u otras no relacionadas con la negociaci\u00f3n?<\/a><\/li>\n<li><a href=\"\/es\/elecci-n-de-desautorizaci-n\">Si no <u><b>trabajo<\/b><\/u> en un Estado con Derecho al Trabajo, \u00bfc\u00f3mo puedo dejar de pagar todas las cuotas sindicales?<\/a><\/li>\n<li><a href=\"\/es\/gu-para-empleados-sobre-las-cuotas-de-uni-n-y-lo-q\">\u00bfQu\u00e9 pasa si tengo objeciones religiosas para unirme a un sindicato o para apoyarlo econ\u00f3micamente?<\/a><\/li>\n<li><a href=\"\/es\/qu-hago-si-soy-victima-de-la-violencia-por-la-uni\">\u00bfQu\u00e9 hago si soy victima de violencia sindical?<\/a><\/li>\n<li><a href=\"\/es\/qu-pasa-si-quiero-trabajar-mientras-hay-una-huel-0\">\u00bfQu\u00e9 pasa si quiero trabajar mientras hay una huelga?<\/a><\/li>\n<li><a href=\"\/es\/si-creo-que-mis-derechos-han-sido-violados-por-abu\">Si creo que mis derechos han sido violados por abusos del sindicalismo forzoso, \u00bfpuedo presentar mis propios cargos en contra del sindicato o del empleador ante una agencia estatal?<\/a><\/li>\n<li><a href=\"\/es\/faq\/cu-les-son-mis-derechos-si-la-uni-n-est-llevan\" title=\"Preguntas frecuentes acerca de la Verificaci\u00f3n de Tarjetas\">\u00bfCu\u00e1les son mis derechos si el sindicato lleva a cabo una campa\u00f1a de organizaci\u00f3n sindical de &quot;Verificaci\u00f3n de Tarjetas&quot; (&quot;card-check&quot; en ingl\u00e9s) en mi lugar de trabajo?<\/a><\/li>\n<\/ul>\n<\/div>\n<div class=\"contentgroup\">\n<div class=\"contentgroup\">\n<h3>Documentos Informativos Acerca de los Temas<\/h3>\n<ul>\n<li><a href=\"\/es\/elecci-n-de-decertificaci-n\">Elecci\u00f3n para la decertificaci\u00f3n<\/a><\/li>\n<li><a href=\"\/es\/elecci-n-de-desautorizaci-n\">Elecci\u00f3n de desautorizaci\u00f3n<\/a><\/li>\n<li><a href=\"\/es\/node\/3434\">\u00bfPueden los dirigentes sindicales castigarlo? &#8211; la disciplina sindical y los derechos del empleado<\/a><\/li>\n<li><a href=\"\/es\/gu-para-empleados-sobre-las-cuotas-de-uni-n-y-lo-q\">Gu\u00eda para empleados sobre cuotas sindicales y lo que no se debe hacer en cuanto a las creencias religiosas<\/a><\/li>\n<li><a href=\"\/es\/el-derecho-al-trabajo-nacional-esta-usted-financia\">\u00bfEst\u00e1 usted financiando al comit\u00e9 de acci\u00f3n pol\u00edtica (PAC por sus siglas en ingl\u00e9s) federal de su sindicato sin saberlo o en contra de su voluntad?<\/a><\/li>\n<li><a href=\"\/es\/empleados-dentro-de-los-estados-con-derecho-al-tra\">Empleados en Estados con Derecho al Trabajo<\/a><\/li>\n<li><a href=\"\/es\/los-diez-mayores-privilegios-de-las-organizaciones\">Los diez privilegios principales de los sindicatos m\u00e1s grandes (&quot;Big Labor&quot; en ingl\u00e9s)<\/a><\/li>\n<p><\/p>","protected":false},"excerpt":{"rendered":"<p>\nLa Fundaci\u00f3n Nacional de Defensa Legal para el Derecho al Trabajo defiende a los trabajadores de los Estados Unidos de los abusos del sindicalismo forzoso. Para aprender acerca de sus derechos como maestro de escuela p\u00fablica o profesor universitario, haga clic en cualquiera de las siguientes preguntas:<\/p>\n","protected":false},"author":2,"featured_media":0,"parent":0,"menu_order":0,"comment_status":"open","ping_status":"open","template":"","meta":{"_lmt_disableupdate":"","_lmt_disable":"","footnotes":""},"class_list":["post-2045","page","type-page","status-publish","hentry"],"yoast_head":"<!-- This site is optimized with the Yoast SEO plugin v27.6 - https:\/\/yoast.com\/product\/yoast-seo-wordpress\/ -->\n<title>Acerca de sus derechos legales: Maestro de escuela p\u00fablica o profesor universitario - National Right to Work Foundation<\/title>\n<meta name=\"robots\" content=\"index, follow, max-snippet:-1, max-image-preview:large, max-video-preview:-1\" \/>\n<link rel=\"canonical\" href=\"https:\/\/www.nrtw.org\/acerca-de-sus-derechos-legales-maestro-de-escuela-pblica-o-profesor-universitario\/\" \/>\n<meta property=\"og:locale\" content=\"es_ES\" \/>\n<meta property=\"og:type\" content=\"article\" \/>\n<meta property=\"og:title\" content=\"Acerca de sus derechos legales: Maestro de escuela p\u00fablica o profesor universitario - National Right to Work Foundation\" \/>\n<meta property=\"og:description\" content=\"La Fundaci\u00f3n Nacional de Defensa Legal para el Derecho al Trabajo defiende a los trabajadores de los Estados Unidos de los abusos del sindicalismo forzoso. Para aprender acerca de sus derechos como maestro de escuela p\u00fablica o profesor universitario, haga clic en cualquiera de las siguientes preguntas:  La Fundaci\u00f3n Nacional de Defensa Legal para el Derecho al Trabajo defiende a los trabajadores de los Estados Unidos de los abusos del sindicalismo forzoso. Para aprender acerca de sus derechos como maestro de escuela p\u00fablica o profesor universitario, haga clic en cualquiera de las siguientes preguntas:\" \/>\n<meta property=\"og:url\" content=\"https:\/\/www.nrtw.org\/acerca-de-sus-derechos-legales-maestro-de-escuela-pblica-o-profesor-universitario\/\" \/>\n<meta property=\"og:site_name\" content=\"National Right to Work Foundation\" \/>\n<meta property=\"article:modified_time\" content=\"2016-06-22T17:34:15+00:00\" \/>\n<meta name=\"twitter:card\" content=\"summary_large_image\" \/>\n<meta name=\"twitter:label1\" content=\"Tiempo de lectura\" \/>\n\t<meta name=\"twitter:data1\" content=\"3 minutos\" \/>\n<script type=\"application\/ld+json\" class=\"yoast-schema-graph\">{\"@context\":\"https:\\\/\\\/schema.org\",\"@graph\":[{\"@type\":\"WebPage\",\"@id\":\"https:\\\/\\\/www.nrtw.org\\\/acerca-de-sus-derechos-legales-maestro-de-escuela-pblica-o-profesor-universitario\\\/\",\"url\":\"https:\\\/\\\/www.nrtw.org\\\/acerca-de-sus-derechos-legales-maestro-de-escuela-pblica-o-profesor-universitario\\\/\",\"name\":\"Acerca de sus derechos legales: Maestro de escuela p\u00fablica o profesor universitario - National Right to Work Foundation\",\"isPartOf\":{\"@id\":\"https:\\\/\\\/www.nrtw.org\\\/#website\"},\"datePublished\":\"2009-04-14T10:18:11+00:00\",\"dateModified\":\"2016-06-22T17:34:15+00:00\",\"inLanguage\":\"es\",\"potentialAction\":[{\"@type\":\"ReadAction\",\"target\":[\"https:\\\/\\\/www.nrtw.org\\\/acerca-de-sus-derechos-legales-maestro-de-escuela-pblica-o-profesor-universitario\\\/\"]}]},{\"@type\":\"WebSite\",\"@id\":\"https:\\\/\\\/www.nrtw.org\\\/#website\",\"url\":\"https:\\\/\\\/www.nrtw.org\\\/\",\"name\":\"National Right to Work Foundation\",\"description\":\"\",\"potentialAction\":[{\"@type\":\"SearchAction\",\"target\":{\"@type\":\"EntryPoint\",\"urlTemplate\":\"https:\\\/\\\/www.nrtw.org\\\/?s={search_term_string}\"},\"query-input\":{\"@type\":\"PropertyValueSpecification\",\"valueRequired\":true,\"valueName\":\"search_term_string\"}}],\"inLanguage\":\"es\"}]}<\/script>\n<!-- \/ Yoast SEO plugin. -->","yoast_head_json":{"title":"Acerca de sus derechos legales: Maestro de escuela p\u00fablica o profesor universitario - National Right to Work Foundation","robots":{"index":"index","follow":"follow","max-snippet":"max-snippet:-1","max-image-preview":"max-image-preview:large","max-video-preview":"max-video-preview:-1"},"canonical":"https:\/\/www.nrtw.org\/acerca-de-sus-derechos-legales-maestro-de-escuela-pblica-o-profesor-universitario\/","og_locale":"es_ES","og_type":"article","og_title":"Acerca de sus derechos legales: Maestro de escuela p\u00fablica o profesor universitario - National Right to Work Foundation","og_description":"La Fundaci\u00f3n Nacional de Defensa Legal para el Derecho al Trabajo defiende a los trabajadores de los Estados Unidos de los abusos del sindicalismo forzoso. Para aprender acerca de sus derechos como maestro de escuela p\u00fablica o profesor universitario, haga clic en cualquiera de las siguientes preguntas:  La Fundaci\u00f3n Nacional de Defensa Legal para el Derecho al Trabajo defiende a los trabajadores de los Estados Unidos de los abusos del sindicalismo forzoso. Para aprender acerca de sus derechos como maestro de escuela p\u00fablica o profesor universitario, haga clic en cualquiera de las siguientes preguntas:","og_url":"https:\/\/www.nrtw.org\/acerca-de-sus-derechos-legales-maestro-de-escuela-pblica-o-profesor-universitario\/","og_site_name":"National Right to Work Foundation","article_modified_time":"2016-06-22T17:34:15+00:00","twitter_card":"summary_large_image","twitter_misc":{"Tiempo de lectura":"3 minutos"},"schema":{"@context":"https:\/\/schema.org","@graph":[{"@type":"WebPage","@id":"https:\/\/www.nrtw.org\/acerca-de-sus-derechos-legales-maestro-de-escuela-pblica-o-profesor-universitario\/","url":"https:\/\/www.nrtw.org\/acerca-de-sus-derechos-legales-maestro-de-escuela-pblica-o-profesor-universitario\/","name":"Acerca de sus derechos legales: Maestro de escuela p\u00fablica o profesor universitario - National Right to Work Foundation","isPartOf":{"@id":"https:\/\/www.nrtw.org\/#website"},"datePublished":"2009-04-14T10:18:11+00:00","dateModified":"2016-06-22T17:34:15+00:00","inLanguage":"es","potentialAction":[{"@type":"ReadAction","target":["https:\/\/www.nrtw.org\/acerca-de-sus-derechos-legales-maestro-de-escuela-pblica-o-profesor-universitario\/"]}]},{"@type":"WebSite","@id":"https:\/\/www.nrtw.org\/#website","url":"https:\/\/www.nrtw.org\/","name":"National Right to Work Foundation","description":"","potentialAction":[{"@type":"SearchAction","target":{"@type":"EntryPoint","urlTemplate":"https:\/\/www.nrtw.org\/?s={search_term_string}"},"query-input":{"@type":"PropertyValueSpecification","valueRequired":true,"valueName":"search_term_string"}}],"inLanguage":"es"}]}},"_links":{"self":[{"href":"https:\/\/www.nrtw.org\/es\/wp-json\/wp\/v2\/pages\/2045","targetHints":{"allow":["GET"]}}],"collection":[{"href":"https:\/\/www.nrtw.org\/es\/wp-json\/wp\/v2\/pages"}],"about":[{"href":"https:\/\/www.nrtw.org\/es\/wp-json\/wp\/v2\/types\/page"}],"author":[{"embeddable":true,"href":"https:\/\/www.nrtw.org\/es\/wp-json\/wp\/v2\/users\/2"}],"replies":[{"embeddable":true,"href":"https:\/\/www.nrtw.org\/es\/wp-json\/wp\/v2\/comments?post=2045"}],"version-history":[{"count":1,"href":"https:\/\/www.nrtw.org\/es\/wp-json\/wp\/v2\/pages\/2045\/revisions"}],"predecessor-version":[{"id":3993,"href":"https:\/\/www.nrtw.org\/es\/wp-json\/wp\/v2\/pages\/2045\/revisions\/3993"}],"wp:attachment":[{"href":"https:\/\/www.nrtw.org\/es\/wp-json\/wp\/v2\/media?parent=2045"}],"curies":[{"name":"wp","href":"https:\/\/api.w.org\/{rel}","templated":true}]}}