{"id":2044,"date":"2009-04-14T10:16:19","date_gmt":"2009-04-14T14:16:19","guid":{"rendered":""},"modified":"-0001-11-30T00:00:00","modified_gmt":"-0001-11-30T04:00:00","slug":"acerca-de-sus-derechos-legales-empleado-en-el-sector-privado","status":"publish","type":"page","link":"https:\/\/www.nrtw.org\/es\/acerca-de-sus-derechos-legales-empleado-en-el-sector-privado\/","title":{"rendered":"Acerca de sus derechos legales: Empleado en el sector privado"},"content":{"rendered":"<p>\nLa Fundaci\u00f3n Nacional de Defensa Legal para el Derecho al Trabajo defiende a los trabajadores de los Estados Unidos de los abusos del sindicalismo forzoso. Para aprender acerca de sus derechos como empleado en el sector privado, haga clic en cualquiera de las siguientes preguntas. Para empleados del sector privado que trabajan en el estado de Indiana: <a href=\"\/es\/solicite-ayuda-legal-gratuita\">Comun\u00edquense con la Fundaci\u00f3n<\/a> para enterarse de sus derechos seg\u00fan la nueva ley del \u00abDerecho al Trabajo\u00bb (Right to Work Law) de Indiana.\n<\/p>\n<div class=\"contentgroup\">\n<h3>Preguntas y Respuestas<\/h3>\n<ul>\n<li><a href=\"\/es\/node\/3491\">\u00bfMe pueden obligar a hacerme miembro de un sindicato o a pagarle cuotas?<\/a><\/li>\n<li><a href=\"\/es\/sus-derechos-legales-empleado-en-el-sector-privado\">Si trabajo en un Estado con Derecho al Trabajo, \u00bfpuedo renunciar a mi membres\u00eda en un sindicato y suspender que sigan descontando cuotas de mi sueldo?<\/a><\/li>\n<li><a href=\"\/es\/c-mo-puedo-renunciar-mi-membres-de-uni-n-0\">\u00bfC\u00f3mo puedo renunciar a mi membres\u00eda en un sindicato?<\/a><\/li>\n<li><a href=\"\/es\/c-mo-puede-prevenir-el-uso-de-mis-cuotas-para-la-0\">\u00bfC\u00f3mo puedo evitar que se usen mis cuotas para actividades pol\u00edticas u otras no relacionadas con la negociaci\u00f3n?<\/a><\/li>\n<li><a href=\"\/es\/elecci-n-de-desautorizaci-n\">Si no <u><b>vivo<\/b><\/u> en un Estado con Derecho al Trabajo, \u00bfc\u00f3mo puedo dejar de pagar todas las cuotas sindicales?<\/a><\/li>\n<li><a href=\"\/es\/gu-para-empleados-sobre-las-cuotas-de-uni-n-y-lo-q\">\u00bfQu\u00e9 pasa si tengo objeciones religiosas para unirme a un sindicato o para apoyarlo econ\u00f3micamente?<\/a><\/li>\n<li><a href=\"\/es\/qu-hago-si-soy-victima-de-la-violencia-por-la-uni\">\u00bfQu\u00e9 hago si soy victima de violencia sindical?<\/a><\/li>\n<li><a href=\"\/es\/qu-pasa-si-quiero-trabajar-mientras-hay-una-huelga\">\u00bfQu\u00e9 pasa si quiero trabajar mientras hay una huelga?<\/a><\/li>\n<li><a href=\"\/es\/sus-derechos-legales-empleado-del-sector-privado\">Si creo que mis derechos han sido violados por abusos del sindicalismo forzoso, \u00bfpuedo presentar mis propios cargos de pr\u00e1cticas injustas del trabajo en contra de del sindicato o del empleador ante la Junta Nacional de Relaciones del Trabajo?<\/a><\/li>\n<li><a href=\"\/es\/faq\/cu-les-son-mis-derechos-si-la-uni-n-est-llevan\" title=\"Preguntas frecuentes acerca de la Verificaci\u00f3n de Tarjetas\">\u00bfCu\u00e1les son mis derechos si el sindicato lleva a cabo una campa\u00f1a de organizaci\u00f3n sindical de &quot;Verificaci\u00f3n de Tarjetas&quot; (&quot;card-check&quot;) en mi lugar de trabajo?<\/a><\/li>\n<li><a href=\"http:\/\/www.dol.gov\/esa\/regs\/compliance\/olms\/Beck_Fact_Sheet.htm\"><b>Empleados de contratistas del Gobierno Federal<\/b>: Si mi empleador tiene un contrato con el Gobierno Federal o un subcontrato con un contratista del Gobierno Federal, \u00bfmi empleador tiene la obligaci\u00f3n de poner un aviso con informaci\u00f3n acerca de mis derechos de no unirme al sindicato o a no pagarle dinero?<\/a><\/li>\n<\/ul>\n<\/div>\n<div class=\"contentgroup\">\n<h3>Documentos informativos acerca de los temas<\/h3>\n<ul>\n<li><a href=\"\/es\/elecci-n-de-descertificaci-n\">Elecci\u00f3n para la decertificaci\u00f3n<\/a><\/li>\n<li><a href=\"\/es\/elecci-n-de-desautorizaci-n\">Elecci\u00f3n de Desautorizaci\u00f3n<\/a><\/li>\n<li><a href=\"\/es\/los-diez-mayores-privilegios-de-las-organizaciones\">Los diez privilegios principales de los sindicatos m\u00e1s grandes (&quot;Big Labor&quot; en ingl\u00e9s)<\/a><\/li>\n<li><a href=\"\/es\/gu-para-empleados-sobre-las-cuotas-de-uni-n-y-lo-q\">Gu\u00eda para empleados sobre cuotas sindicales y lo que no se debe hacer en cuanto a las creencias religiosas<\/a><\/li>\n<li><a href=\"\/es\/el-castigo-sindical-y-los-derechos-de-empleado\">\u00bfPueden los dirigentes sindicales castigarlo? &#8211; La disciplina sindical y los derechos del empleado<\/a><\/li>\n<li><a href=\"\/es\/el-derecho-al-trabajo-nacional-esta-usted-financia\">\u00bfEst\u00e1 usted financiando al comit\u00e9 de acci\u00f3n pol\u00edtica (PAC por sus siglas en ingl\u00e9s) federal de su sindicato sin saberlo o en contra de su voluntad?<\/a><\/li>\n<li><a href=\"\/es\/empleados-dentro-de-los-estados-con-derecho-al-tra\">Empleados en Estados con Derecho al Trabajo<\/a><\/li>\n","protected":false},"excerpt":{"rendered":"<p>\nLa Fundaci\u00f3n Nacional de Defensa Legal para el Derecho al Trabajo defiende a los trabajadores de los Estados Unidos de los abusos del sindicalismo forzoso. Para aprender acerca de sus derechos como empleado en el sector privado, haga clic en cualquiera de las siguientes preguntas. Para empleados del sector privado que trabajan en el estado de Indiana: <a href=\"\/es\/solicite-ayuda-legal-gratuita\">Comun\u00edquense con la Fundaci\u00f3n<\/a> para enterarse de sus derechos seg\u00fan la nueva ley del \u00abDerecho al Trabajo\u00bb (Right to Work Law) de Indiana.<\/p>\n","protected":false},"author":435,"featured_media":0,"parent":0,"menu_order":0,"comment_status":"open","ping_status":"open","template":"","meta":{"_lmt_disableupdate":"","_lmt_disable":"","footnotes":""},"class_list":["post-2044","page","type-page","status-publish","hentry"],"yoast_head":"<!-- This site is optimized with the Yoast SEO plugin v27.6 - https:\/\/yoast.com\/product\/yoast-seo-wordpress\/ -->\n<title>Acerca de sus derechos legales: Empleado en el sector privado - National Right to Work Foundation<\/title>\n<meta name=\"robots\" content=\"index, follow, max-snippet:-1, max-image-preview:large, max-video-preview:-1\" \/>\n<link rel=\"canonical\" href=\"https:\/\/www.nrtw.org\/es\/acerca-de-sus-derechos-legales-empleado-en-el-sector-privado\/\" \/>\n<meta property=\"og:locale\" content=\"es_ES\" \/>\n<meta property=\"og:type\" content=\"article\" \/>\n<meta property=\"og:title\" content=\"Acerca de sus derechos legales: Empleado en el sector privado - National Right to Work Foundation\" \/>\n<meta property=\"og:description\" content=\"La Fundaci\u00f3n Nacional de Defensa Legal para el Derecho al Trabajo defiende a los trabajadores de los Estados Unidos de los abusos del sindicalismo forzoso. Para aprender acerca de sus derechos como empleado en el sector privado, haga clic en cualquiera de las siguientes preguntas. Para empleados del sector privado que trabajan en el estado de Indiana: Comun\u00edquense con la Fundaci\u00f3n para enterarse de sus derechos seg\u00fan la nueva ley del &quot;Derecho al Trabajo&quot; (Right to Work Law) de Indiana.\" \/>\n<meta property=\"og:url\" content=\"https:\/\/www.nrtw.org\/es\/acerca-de-sus-derechos-legales-empleado-en-el-sector-privado\/\" \/>\n<meta property=\"og:site_name\" content=\"National Right to Work Foundation\" \/>\n<meta name=\"twitter:card\" content=\"summary_large_image\" \/>\n<meta name=\"twitter:label1\" content=\"Tiempo de lectura\" \/>\n\t<meta name=\"twitter:data1\" content=\"2 minutos\" \/>\n<script type=\"application\/ld+json\" class=\"yoast-schema-graph\">{\"@context\":\"https:\\\/\\\/schema.org\",\"@graph\":[{\"@type\":\"WebPage\",\"@id\":\"https:\\\/\\\/www.nrtw.org\\\/es\\\/acerca-de-sus-derechos-legales-empleado-en-el-sector-privado\\\/\",\"url\":\"https:\\\/\\\/www.nrtw.org\\\/es\\\/acerca-de-sus-derechos-legales-empleado-en-el-sector-privado\\\/\",\"name\":\"Acerca de sus derechos legales: Empleado en el sector privado - National Right to Work Foundation\",\"isPartOf\":{\"@id\":\"https:\\\/\\\/www.nrtw.org\\\/#website\"},\"datePublished\":\"-0001-11-30T00:00:00+00:00\",\"inLanguage\":\"es\",\"potentialAction\":[{\"@type\":\"ReadAction\",\"target\":[\"https:\\\/\\\/www.nrtw.org\\\/es\\\/acerca-de-sus-derechos-legales-empleado-en-el-sector-privado\\\/\"]}]},{\"@type\":\"WebSite\",\"@id\":\"https:\\\/\\\/www.nrtw.org\\\/#website\",\"url\":\"https:\\\/\\\/www.nrtw.org\\\/\",\"name\":\"National Right to Work Foundation\",\"description\":\"\",\"potentialAction\":[{\"@type\":\"SearchAction\",\"target\":{\"@type\":\"EntryPoint\",\"urlTemplate\":\"https:\\\/\\\/www.nrtw.org\\\/?s={search_term_string}\"},\"query-input\":{\"@type\":\"PropertyValueSpecification\",\"valueRequired\":true,\"valueName\":\"search_term_string\"}}],\"inLanguage\":\"es\"}]}<\/script>\n<!-- \/ Yoast SEO plugin. -->","yoast_head_json":{"title":"Acerca de sus derechos legales: Empleado en el sector privado - National Right to Work Foundation","robots":{"index":"index","follow":"follow","max-snippet":"max-snippet:-1","max-image-preview":"max-image-preview:large","max-video-preview":"max-video-preview:-1"},"canonical":"https:\/\/www.nrtw.org\/es\/acerca-de-sus-derechos-legales-empleado-en-el-sector-privado\/","og_locale":"es_ES","og_type":"article","og_title":"Acerca de sus derechos legales: Empleado en el sector privado - National Right to Work Foundation","og_description":"La Fundaci\u00f3n Nacional de Defensa Legal para el Derecho al Trabajo defiende a los trabajadores de los Estados Unidos de los abusos del sindicalismo forzoso. Para aprender acerca de sus derechos como empleado en el sector privado, haga clic en cualquiera de las siguientes preguntas. Para empleados del sector privado que trabajan en el estado de Indiana: Comun\u00edquense con la Fundaci\u00f3n para enterarse de sus derechos seg\u00fan la nueva ley del \"Derecho al Trabajo\" (Right to Work Law) de Indiana.","og_url":"https:\/\/www.nrtw.org\/es\/acerca-de-sus-derechos-legales-empleado-en-el-sector-privado\/","og_site_name":"National Right to Work Foundation","twitter_card":"summary_large_image","twitter_misc":{"Tiempo de lectura":"2 minutos"},"schema":{"@context":"https:\/\/schema.org","@graph":[{"@type":"WebPage","@id":"https:\/\/www.nrtw.org\/es\/acerca-de-sus-derechos-legales-empleado-en-el-sector-privado\/","url":"https:\/\/www.nrtw.org\/es\/acerca-de-sus-derechos-legales-empleado-en-el-sector-privado\/","name":"Acerca de sus derechos legales: Empleado en el sector privado - National Right to Work Foundation","isPartOf":{"@id":"https:\/\/www.nrtw.org\/#website"},"datePublished":"-0001-11-30T00:00:00+00:00","inLanguage":"es","potentialAction":[{"@type":"ReadAction","target":["https:\/\/www.nrtw.org\/es\/acerca-de-sus-derechos-legales-empleado-en-el-sector-privado\/"]}]},{"@type":"WebSite","@id":"https:\/\/www.nrtw.org\/#website","url":"https:\/\/www.nrtw.org\/","name":"National Right to Work Foundation","description":"","potentialAction":[{"@type":"SearchAction","target":{"@type":"EntryPoint","urlTemplate":"https:\/\/www.nrtw.org\/?s={search_term_string}"},"query-input":{"@type":"PropertyValueSpecification","valueRequired":true,"valueName":"search_term_string"}}],"inLanguage":"es"}]}},"_links":{"self":[{"href":"https:\/\/www.nrtw.org\/es\/wp-json\/wp\/v2\/pages\/2044","targetHints":{"allow":["GET"]}}],"collection":[{"href":"https:\/\/www.nrtw.org\/es\/wp-json\/wp\/v2\/pages"}],"about":[{"href":"https:\/\/www.nrtw.org\/es\/wp-json\/wp\/v2\/types\/page"}],"author":[{"embeddable":true,"href":"https:\/\/www.nrtw.org\/es\/wp-json\/wp\/v2\/users\/435"}],"replies":[{"embeddable":true,"href":"https:\/\/www.nrtw.org\/es\/wp-json\/wp\/v2\/comments?post=2044"}],"version-history":[{"count":0,"href":"https:\/\/www.nrtw.org\/es\/wp-json\/wp\/v2\/pages\/2044\/revisions"}],"wp:attachment":[{"href":"https:\/\/www.nrtw.org\/es\/wp-json\/wp\/v2\/media?parent=2044"}],"curies":[{"name":"wp","href":"https:\/\/api.w.org\/{rel}","templated":true}]}}