{"id":2043,"date":"2009-04-14T10:12:29","date_gmt":"2009-04-14T14:12:29","guid":{"rendered":""},"modified":"2018-10-19T11:21:31","modified_gmt":"2018-10-19T15:21:31","slug":"sus-derechos-de-derecho-al-trabajo-en-tres-minutos","status":"publish","type":"page","link":"https:\/\/www.nrtw.org\/es\/sus-derechos-de-derecho-al-trabajo-en-tres-minutos\/","title":{"rendered":"Sus derechos de derecho al trabajo &#8211; En tres minutos"},"content":{"rendered":"<p><\/p>\n<ol>\n<li>No se puede obligar legalmente a ning\u00fan empleado dentro de los Estados Unidos a ser un miembro completo del sindicato pagando cuotas.  Pero en varios estados se puede forzar a un empleado a pagar ciertas cuotas o ser despedido de su trabajo. <\/li>\n<li>Los miembros del sindicato tienen el derecho de renunciar a la membres\u00eda formal en cualquier momento. Sin embargo, las autorizaciones para el descuento de cuotas pueden poner limites sobre cu\u00e1ndo pueden ser revocadas.<\/li>\n<li>A los empleados amparados por leyes estatales de Derecho al Trabajo no se les puede obligar legalmente a pagar <b>ninguna<\/b> cuota sindical para conservar su trabajo. Pero las leyes estatales de Derecho al Trabajo no protegen a los empleados de las aerol\u00edneas o de los ferrocarriles, ni a los empleados de contratistas en el sector privado en algunas propiedades federales.<\/li>\n<li>Debido a que disfrutan del privilegio especial de representaci\u00f3n exclusiva, los sindicatos tienen el deber legal de representar en forma justa a todos los empleados dentro de su unidad de negociaci\u00f3n. Los sindicatos est\u00e1n legalmente requeridos a representar a los no miembros igual que a los miembros, pero desgraciadamente muchas veces no se cumple con este deber.<\/li>\n<li>Si una ley o convenio de negociaci\u00f3n lo permite, se le puede obligar a los empleados a pagar ciertas cuotas sindicales. Si no se une a un sindicato o renuncia a su membres\u00eda, y le notifica al sindicato que no quiere pagar la cantidad entera de las cuotas, la cuota requerida se tiene que limitar a los costos comprobados para las actividades de negociaci\u00f3n colectiva. Esta cuota <i>legalmente <\/i>i no puede incluir cosas como los gastos pol\u00edticos. <\/li>\n<li>Los no miembros con objeciones religiosas a apoyar a un sindicato tienen el derecho de pedirle al sindicato que reexpida las cuotas forzosas a una organizaci\u00f3n ben\u00e9fica. Los objetores religiosos no tienen que pertenecer a una iglesia especifica para reclamar este derecho.<\/li>\n<li>Un miembro de un sindicato que quiera trabajar durante una huelga deber\u00eda renunciar a su membres\u00eda en el sindicato ANTES de ir a trabajar. Si se manda la renuncia por correo, el empleado no deber\u00eda trabajar hasta el d\u00eda despu\u00e9s de la fecha que aparece en el matasellos postal. De no ser as\u00ed, el empleado podr\u00eda ser multado por el sindicato. Si ya no es miembro, puede trabajar por su cuenta durante la huelga y no ser multado legalmente.<\/li>\n<li>Muchos empleados tienen el derecho legal a solicitar una elecci\u00f3n para expulsar a un sindicato no deseado de su lugar de trabajo o de eliminar la capacidad del sindicato para cobrar cuotas forzosas. Deber\u00eda comunicarse con nosotros si desea hacer esto.<\/li>\n<li>Su mejor fuente de informaci\u00f3n acerca de sus derechos de Derecho al Trabajo es este sitio Web. Los abogados de la Fundaci\u00f3n han representado a muchos empleados como usted, y llevado varios casos hasta el Tribunal Supremo de los Estados Unidos para proteger el derecho de los trabajadores.<\/li>\n<li>Si despu\u00e9s de revisar la informaci\u00f3n disponible por medio de los enlaces a continuaci\u00f3n, a\u00fan no est\u00e1 claro respecto a sus derechos o piensa que necesita ayuda jur\u00eddica porque los funcionarios del sindicato han violado estos derechos (como lo hacen frecuentemente), ll\u00e1menos al 800-336-3600 o env\u00edenos un mensaje por correo electr\u00f3nico <a href=\"\/es\/solicite-ayuda-legal-gratuita\">aqu\u00ed<\/a>.<\/li>\n<\/ol>\n<p>\n<b><br \/>\nPara enterarse mas acerca de sus derechos legales, seleccione la categor\u00eda de empleo a la cual pertenece:<\/b><\/p>\n<blockquote>\n<ul>\n<li><a href=\"\/es\/acerca-de-sus-derechos-legales-empleados-del-gobie\" title=\"Haga clic aqu\u00ed si es un empleado del gobierno federal\">Empleado del Gobierno Federal<\/a><\/li>\n<li><a href=\"\/es\/acerca-de-sus-derechos-legales-empleado-en-el-se-0\" title=\"Haga clic aqu\u00ed si es un empleado del sector privado \">Empleado en el Sector Privado<\/a><\/li>\n<li><a href=\"\/es\/acerca-de-sus-derechos-legales-maestro-en-escuela\" title=\"Haga clic aqu\u00ed si es maestro de escuela publica (no privada) o profesor de una universidad\">Maestro en Escuela Publica o Profesor Universitario<\/a><\/li>\n<li><a href=\"\/es\/acerca-de-sus-derechos-legales-empleados-de-las-ae\" title=\"\"Haga clic aqu\u00ed si es un empleado de aerol\u00edneas o de los ferrocarriles\">Empleado de los Aerol\u00edneas\/Ferrocarriles<\/a><\/li>\n<li><a href=\"\/es\/acerca-de-sus-derechos-legales-empleados-del-gob-0\" title=\"Haga clic aqu\u00ed si es un empleado del gobierno local o estatal (excepto si es profesor\/maestro en una escuela publica)\">Empleado del Gobierno Local o Estatal<\/a><\/li>\n<\/ul>\n<\/blockquote>\n<p><\/p>","protected":false},"excerpt":{"rendered":"<ol>\n<li>No se puede obligar legalmente a ning\u00fan empleado dentro de los Estados Unidos a ser un miembro completo del sindicato pagando cuotas.  Pero en varios estados se puede forzar a un empleado a pagar ciertas cuotas o ser despedido de su trabajo. <\/li>\n<li>Los miembros del sindicato tienen el derecho de renunciar a la membres\u00eda formal en cualquier momento. Sin embargo, las autorizaciones para el descuento de cuotas pueden poner limites sobre cu\u00e1ndo pueden ser revocadas.<\/li>\n<li>A los empleados amparados por leyes estatales de Derecho al Trabajo no se les puede obligar legalmente a pagar <b>ninguna<\/b> cuota sindical para conservar su trabajo. Pero las leyes estatales de Derecho al Trabajo no protegen a los empleados de las aerol\u00edneas o de los ferrocarriles, ni a los empleados de contratistas en el sector privado en algunas propiedades federales.<\/li>\n","protected":false},"author":14,"featured_media":0,"parent":0,"menu_order":0,"comment_status":"open","ping_status":"open","template":"","meta":{"_lmt_disableupdate":"","_lmt_disable":"","footnotes":""},"class_list":["post-2043","page","type-page","status-publish","hentry"],"yoast_head":"<!-- This site is optimized with the Yoast SEO plugin v27.4 - https:\/\/yoast.com\/product\/yoast-seo-wordpress\/ -->\n<title>Sus derechos de derecho al trabajo - En tres minutos - National Right to Work Foundation<\/title>\n<meta name=\"robots\" content=\"index, follow, max-snippet:-1, max-image-preview:large, max-video-preview:-1\" \/>\n<link rel=\"canonical\" href=\"https:\/\/www.nrtw.org\/sus-derechos-de-derecho-al-trabajo-en-tres-minutos\/\" \/>\n<meta property=\"og:locale\" content=\"es_ES\" \/>\n<meta property=\"og:type\" content=\"article\" \/>\n<meta property=\"og:title\" content=\"Sus derechos de derecho al trabajo - En tres minutos - National Right to Work Foundation\" \/>\n<meta property=\"og:description\" content=\"No se puede obligar legalmente a ning\u00fan empleado dentro de los Estados Unidos a ser un miembro completo del sindicato pagando cuotas. Pero en varios estados se puede forzar a un empleado a pagar ciertas cuotas o ser despedido de su trabajo.  Los miembros del sindicato tienen el derecho de renunciar a la membres\u00eda formal en cualquier momento. Sin embargo, las autorizaciones para el descuento de cuotas pueden poner limites sobre cu\u00e1ndo pueden ser revocadas.  A los empleados amparados por leyes estatales de Derecho al Trabajo no se les puede obligar legalmente a pagar ninguna cuota sindical para conservar su trabajo. Pero las leyes estatales de Derecho al Trabajo no protegen a los empleados de las aerol\u00edneas o de los ferrocarriles, ni a los empleados de contratistas en el sector privado en algunas propiedades federales.   No se puede obligar legalmente a ning\u00fan empleado dentro de los Estados Unidos a ser un miembro completo del sindicato pagando cuotas. Pero en varios estados se puede forzar a un empleado a pagar ciertas cuotas o ser despedido de su trabajo.  Los miembros del sindicato tienen el derecho de renunciar a la membres\u00eda formal en cualquier momento. Sin embargo, las autorizaciones para el descuento de cuotas pueden poner limites sobre cu\u00e1ndo pueden ser revocadas.  A los empleados amparados por leyes estatales de Derecho al Trabajo no se les puede obligar legalmente a pagar ninguna cuota sindical para conservar su trabajo. Pero las leyes estatales de Derecho al Trabajo no protegen a los empleados de las aerol\u00edneas o de los ferrocarriles, ni a los empleados de contratistas en el sector privado en algunas propiedades federales.\" \/>\n<meta property=\"og:url\" content=\"https:\/\/www.nrtw.org\/sus-derechos-de-derecho-al-trabajo-en-tres-minutos\/\" \/>\n<meta property=\"og:site_name\" content=\"National Right to Work Foundation\" \/>\n<meta property=\"article:modified_time\" content=\"2018-10-19T15:21:31+00:00\" \/>\n<meta name=\"twitter:card\" content=\"summary_large_image\" \/>\n<meta name=\"twitter:label1\" content=\"Tiempo de lectura\" \/>\n\t<meta name=\"twitter:data1\" content=\"3 minutos\" \/>\n<script type=\"application\/ld+json\" class=\"yoast-schema-graph\">{\"@context\":\"https:\\\/\\\/schema.org\",\"@graph\":[{\"@type\":\"WebPage\",\"@id\":\"https:\\\/\\\/www.nrtw.org\\\/sus-derechos-de-derecho-al-trabajo-en-tres-minutos\\\/\",\"url\":\"https:\\\/\\\/www.nrtw.org\\\/sus-derechos-de-derecho-al-trabajo-en-tres-minutos\\\/\",\"name\":\"Sus derechos de derecho al trabajo - En tres minutos - National Right to Work Foundation\",\"isPartOf\":{\"@id\":\"https:\\\/\\\/www.nrtw.org\\\/#website\"},\"datePublished\":\"2009-04-14T14:12:29+00:00\",\"dateModified\":\"2018-10-19T15:21:31+00:00\",\"inLanguage\":\"es\",\"potentialAction\":[{\"@type\":\"ReadAction\",\"target\":[\"https:\\\/\\\/www.nrtw.org\\\/sus-derechos-de-derecho-al-trabajo-en-tres-minutos\\\/\"]}]},{\"@type\":\"WebSite\",\"@id\":\"https:\\\/\\\/www.nrtw.org\\\/#website\",\"url\":\"https:\\\/\\\/www.nrtw.org\\\/\",\"name\":\"National Right to Work Foundation\",\"description\":\"\",\"potentialAction\":[{\"@type\":\"SearchAction\",\"target\":{\"@type\":\"EntryPoint\",\"urlTemplate\":\"https:\\\/\\\/www.nrtw.org\\\/?s={search_term_string}\"},\"query-input\":{\"@type\":\"PropertyValueSpecification\",\"valueRequired\":true,\"valueName\":\"search_term_string\"}}],\"inLanguage\":\"es\"}]}<\/script>\n<!-- \/ Yoast SEO plugin. -->","yoast_head_json":{"title":"Sus derechos de derecho al trabajo - En tres minutos - National Right to Work Foundation","robots":{"index":"index","follow":"follow","max-snippet":"max-snippet:-1","max-image-preview":"max-image-preview:large","max-video-preview":"max-video-preview:-1"},"canonical":"https:\/\/www.nrtw.org\/sus-derechos-de-derecho-al-trabajo-en-tres-minutos\/","og_locale":"es_ES","og_type":"article","og_title":"Sus derechos de derecho al trabajo - En tres minutos - National Right to Work Foundation","og_description":"No se puede obligar legalmente a ning\u00fan empleado dentro de los Estados Unidos a ser un miembro completo del sindicato pagando cuotas. Pero en varios estados se puede forzar a un empleado a pagar ciertas cuotas o ser despedido de su trabajo.  Los miembros del sindicato tienen el derecho de renunciar a la membres\u00eda formal en cualquier momento. Sin embargo, las autorizaciones para el descuento de cuotas pueden poner limites sobre cu\u00e1ndo pueden ser revocadas.  A los empleados amparados por leyes estatales de Derecho al Trabajo no se les puede obligar legalmente a pagar ninguna cuota sindical para conservar su trabajo. Pero las leyes estatales de Derecho al Trabajo no protegen a los empleados de las aerol\u00edneas o de los ferrocarriles, ni a los empleados de contratistas en el sector privado en algunas propiedades federales.   No se puede obligar legalmente a ning\u00fan empleado dentro de los Estados Unidos a ser un miembro completo del sindicato pagando cuotas. Pero en varios estados se puede forzar a un empleado a pagar ciertas cuotas o ser despedido de su trabajo.  Los miembros del sindicato tienen el derecho de renunciar a la membres\u00eda formal en cualquier momento. Sin embargo, las autorizaciones para el descuento de cuotas pueden poner limites sobre cu\u00e1ndo pueden ser revocadas.  A los empleados amparados por leyes estatales de Derecho al Trabajo no se les puede obligar legalmente a pagar ninguna cuota sindical para conservar su trabajo. Pero las leyes estatales de Derecho al Trabajo no protegen a los empleados de las aerol\u00edneas o de los ferrocarriles, ni a los empleados de contratistas en el sector privado en algunas propiedades federales.","og_url":"https:\/\/www.nrtw.org\/sus-derechos-de-derecho-al-trabajo-en-tres-minutos\/","og_site_name":"National Right to Work Foundation","article_modified_time":"2018-10-19T15:21:31+00:00","twitter_card":"summary_large_image","twitter_misc":{"Tiempo de lectura":"3 minutos"},"schema":{"@context":"https:\/\/schema.org","@graph":[{"@type":"WebPage","@id":"https:\/\/www.nrtw.org\/sus-derechos-de-derecho-al-trabajo-en-tres-minutos\/","url":"https:\/\/www.nrtw.org\/sus-derechos-de-derecho-al-trabajo-en-tres-minutos\/","name":"Sus derechos de derecho al trabajo - En tres minutos - National Right to Work Foundation","isPartOf":{"@id":"https:\/\/www.nrtw.org\/#website"},"datePublished":"2009-04-14T14:12:29+00:00","dateModified":"2018-10-19T15:21:31+00:00","inLanguage":"es","potentialAction":[{"@type":"ReadAction","target":["https:\/\/www.nrtw.org\/sus-derechos-de-derecho-al-trabajo-en-tres-minutos\/"]}]},{"@type":"WebSite","@id":"https:\/\/www.nrtw.org\/#website","url":"https:\/\/www.nrtw.org\/","name":"National Right to Work Foundation","description":"","potentialAction":[{"@type":"SearchAction","target":{"@type":"EntryPoint","urlTemplate":"https:\/\/www.nrtw.org\/?s={search_term_string}"},"query-input":{"@type":"PropertyValueSpecification","valueRequired":true,"valueName":"search_term_string"}}],"inLanguage":"es"}]}},"_links":{"self":[{"href":"https:\/\/www.nrtw.org\/es\/wp-json\/wp\/v2\/pages\/2043","targetHints":{"allow":["GET"]}}],"collection":[{"href":"https:\/\/www.nrtw.org\/es\/wp-json\/wp\/v2\/pages"}],"about":[{"href":"https:\/\/www.nrtw.org\/es\/wp-json\/wp\/v2\/types\/page"}],"author":[{"embeddable":true,"href":"https:\/\/www.nrtw.org\/es\/wp-json\/wp\/v2\/users\/14"}],"replies":[{"embeddable":true,"href":"https:\/\/www.nrtw.org\/es\/wp-json\/wp\/v2\/comments?post=2043"}],"version-history":[{"count":2,"href":"https:\/\/www.nrtw.org\/es\/wp-json\/wp\/v2\/pages\/2043\/revisions"}],"predecessor-version":[{"id":9859,"href":"https:\/\/www.nrtw.org\/es\/wp-json\/wp\/v2\/pages\/2043\/revisions\/9859"}],"wp:attachment":[{"href":"https:\/\/www.nrtw.org\/es\/wp-json\/wp\/v2\/media?parent=2043"}],"curies":[{"name":"wp","href":"https:\/\/api.w.org\/{rel}","templated":true}]}}