{"id":2039,"date":"2009-04-13T16:06:02","date_gmt":"2009-04-13T16:06:02","guid":{"rendered":""},"modified":"2016-08-09T20:18:42","modified_gmt":"2016-08-09T20:18:42","slug":"file-charges-private","status":"publish","type":"page","link":"https:\/\/www.nrtw.org\/es\/file-charges-private\/","title":{"rendered":"\u00bfPuedo presentar en mi propio nombre cargos de pr\u00e1cticas il\u00edcitas del trabajo contra el sindicato o el empleador ante la Junta Nacional de Relaciones del Trabajo?"},"content":{"rendered":"<p><a href=\"\/file-charges-private\">[In English]<\/a><\/p>\n<p><b>Pregunta:<\/b> <i>Si considero que mis derechos han sido violados por los abusos del sindicalismo forzoso, \u00bfpuedo presentar en mi propio nombre cargos de pr\u00e1cticas il\u00edcitas del trabajo contra el sindicato o el empleador ante la Junta Nacional de Relaciones del Trabajo?<\/i><\/p>\n<p>\n<b>Respuesta:<\/b> <i>Si trabaja en el sector privado y no est\u00e1 cubierto por la Ley de Trabajo en Ferrocarriles (Railway Labor Act), es decir, no trabaja para un ferrocarril o una l\u00ednea a\u00e9rea, puede presentar en su propio nombre cargos de pr\u00e1ctica injusta del trabajo ante la Junta Nacional de Relaciones del Trabajo.<\/i>\n<\/p>\n<p>\nPara obtener m\u00e1s informaci\u00f3n y para descargar los formularios apropiados del sitio Web de la Junta Nacional de Relaciones del Trabajo, <a href=\"http:\/\/www.nlrb.gov\/forms\">haga clic aqu\u00ed<\/a>. (Nota: Debe tener la versi\u00f3n 3 de Adobe Acrobat, o una posterior, para poder utilizar los formularios descargables de la NLRB).\n<\/p>\n<p>\nLa decisi\u00f3n de presentar cargos contra el sindicato o su empleador es una decisi\u00f3n personal que la Fundaci\u00f3n no recomienda ni rechaza. Sin embargo, si decide presentar cargos ante la Junta Nacional de Relaciones del Trabajo contra el sindicato o su empleador, no dude en ponerse en contacto con la Fundaci\u00f3n para obtener asesor\u00eda jur\u00eddica gratuita sobre los procedimientos correctos a seguir y las mejores circunstancias para presentar cargos. La asesor\u00eda se limitar\u00e1 a casos de abusos de sindicalismo forzoso dentro de los prop\u00f3sitos de la carta org\u00e1nica de la Fundaci\u00f3n.\n<\/p>\n<blockquote><p>\n\tPara ponerse con contacto con la Fundaci\u00f3n, puede:  <\/p>\n<ul>\n<li><a href=\"mailto:legal@nrtw.org\">Enviar un mensaje por correo electr\u00f3nico al departamento legal de la Fundaci\u00f3n;<\/a> <\/li>\n<li><a href=\"\/es\/free-legal-aid\">Completar nuestro formulario de contacto en l\u00ednea para recibir asistencia jur\u00eddica gratuita;<\/a> <\/li>\n<li>Llamar al n\u00famero gratuito de la Fundaci\u00f3n: 1-800-336-3600.<\/b><\/li>\n<\/ul>\n<\/blockquote>\n<hr \/>\n<p>Si desea <b>enterarse m\u00e1s acerca de sus derechos legales<\/b> como empleado en el sector privado, haga clic en la pregunta apropiada de las siguientes:<\/p>\n<ul>\n<li>\n\t<a href=\"\/es\/can-resign-rtw-private\">Si trabajo en un estado con Derecho al Trabajo, \u00bfpuedo renunciar a mi membres\u00eda en el sindicato y suspender que sigan cobr\u00e1ndose cuotas de mi salario?<\/a><\/li>\n<li>\n\t<a href=\"\/es\/required-join-pay-private\">\u00bfMe pueden obligar a hacerme miembro del sindicato o a pagarle cuotas?<\/a><\/li>\n<li>\n\t<a href=\"\/es\/how-resign-private\">\u00bfC\u00f3mo puedo renunciar a mi membres\u00eda en el sindicato?<\/a><\/li>\n<li>\n\t<a href=\"\/es\/object-nonbargaining-private\">\u00bfC\u00f3mo puedo evitar que mis cuotas se usen para actividades pol\u00edticas y otras no relacionadas con la negociaci\u00f3n?<\/a><\/li>\n<li>\n\t<a href=\"\/es\/religious-objection\">\u00bfQu\u00e9 pasa si tengo objeciones religiosas para unirme al sindicato o para apoyarlo econ\u00f3micamente?<\/a> <\/li>\n<li>\n\t<a href=\"\/es\/victim-union-violence\">\u00bfQu\u00e9 hago si soy v\u00edctima de la violencia sindical?<\/a><\/li>\n<li>\n\t<a href=\"\/es\/work-during-strike-private\">\u00bfQu\u00e9 pasa si quiero trabajar mientras hay una huelga?<\/a><\/li>\n<li>\n\tSi creo que mis derechos han sido violados por abusos del sindicalismo forzoso, \u00bfpuedo presentar mis propios cargos de pr\u00e1cticas laborales injustas en contra del sindicato o empleador ante la Junta Nacional de Relaciones del Trabajo?\n\t<\/li>\n<\/ul>\n<p><\/p>","protected":false},"excerpt":{"rendered":"<p><b>Question:<\/b> <i>If  I believe my rights have been violated by compulsory unionism abuses, can  I file my own unfair labor practice charges against the union or the employer  at the National Labor Relations Board?<\/i><\/p>\n<p>\n<b>Answer:<\/b> <i>If  you work in the private sector and are not covered by the Railway Labor  Act (i.e., you do not work for a railroad or an airline), you can file your  own unfair labor practice charges with the National Labor Relations Board.<\/i>\n<\/p>\n<p>\nFor further information and to <b>download the appropriate forms<\/b> from  the National Labor Relations Board&#8217;s web site, <a href=\"http:\/\/www.nlrb.gov\/forms\">click  here<\/a>. (Note: You must have Adobe Acrobat version 3 or later in order  to use the NLRB&#8217;s downloadable forms.)<\/p>\n","protected":false},"author":1,"featured_media":0,"parent":0,"menu_order":0,"comment_status":"open","ping_status":"open","template":"","meta":{"_lmt_disableupdate":"","_lmt_disable":"","footnotes":""},"class_list":["post-2039","page","type-page","status-publish","hentry"],"yoast_head":"<!-- This site is optimized with the Yoast SEO plugin v27.4 - https:\/\/yoast.com\/product\/yoast-seo-wordpress\/ -->\n<title>Can I file my own unfair labor practice charges against the union or the employer at the National Labor Relations Board? (Private Sector Employee)\u00bfPuedo presentar en mi propio nombre cargos de pr\u00e1cticas il\u00edcitas del trabajo contra el sindicato o el empleador ante la Junta Nacional de Relaciones del Trabajo? - National Right to Work Foundation<\/title>\n<meta name=\"robots\" content=\"index, follow, max-snippet:-1, max-image-preview:large, max-video-preview:-1\" \/>\n<link rel=\"canonical\" href=\"https:\/\/www.nrtw.org\/file-charges-private\/\" \/>\n<meta property=\"og:locale\" content=\"es_ES\" \/>\n<meta property=\"og:type\" content=\"article\" \/>\n<meta property=\"og:title\" content=\"Can I file my own unfair labor practice charges against the union or the employer at the National Labor Relations Board? (Private Sector Employee)\u00bfPuedo presentar en mi propio nombre cargos de pr\u00e1cticas il\u00edcitas del trabajo contra el sindicato o el empleador ante la Junta Nacional de Relaciones del Trabajo? - National Right to Work Foundation\" \/>\n<meta property=\"og:description\" content=\"Question: If I believe my rights have been violated by compulsory unionism abuses, can I file my own unfair labor practice charges against the union or the employer at the National Labor Relations Board?  Answer: If you work in the private sector and are not covered by the Railway Labor Act (i.e., you do not work for a railroad or an airline), you can file your own unfair labor practice charges with the National Labor Relations Board.   For further information and to download the appropriate forms from the National Labor Relations Board&#039;s web site, click here. (Note: You must have Adobe Acrobat version 3 or later in order to use the NLRB&#039;s downloadable forms.) Question: If I believe my rights have been violated by compulsory unionism abuses, can I file my own unfair labor practice charges against the union or the employer at the National Labor Relations Board?  Answer: If you work in the private sector and are not covered by the Railway Labor Act (i.e., you do not work for a railroad or an airline), you can file your own unfair labor practice charges with the National Labor Relations Board.   For further information and to download the appropriate forms from the National Labor Relations Board&#039;s web site, click here. (Note: You must have Adobe Acrobat version 3 or later in order to use the NLRB&#039;s downloadable forms.)\" \/>\n<meta property=\"og:url\" content=\"https:\/\/www.nrtw.org\/file-charges-private\/\" \/>\n<meta property=\"og:site_name\" content=\"National Right to Work Foundation\" \/>\n<meta property=\"article:modified_time\" content=\"2016-08-09T20:18:42+00:00\" \/>\n<meta name=\"twitter:card\" content=\"summary_large_image\" \/>\n<meta name=\"twitter:label1\" content=\"Tiempo de lectura\" \/>\n\t<meta name=\"twitter:data1\" content=\"4 minutos\" \/>\n<script type=\"application\/ld+json\" class=\"yoast-schema-graph\">{\"@context\":\"https:\\\/\\\/schema.org\",\"@graph\":[{\"@type\":\"WebPage\",\"@id\":\"https:\\\/\\\/www.nrtw.org\\\/file-charges-private\\\/\",\"url\":\"https:\\\/\\\/www.nrtw.org\\\/file-charges-private\\\/\",\"name\":\"Can I file my own unfair labor practice charges against the union or the employer at the National Labor Relations Board? (Private Sector Employee)\u00bfPuedo presentar en mi propio nombre cargos de pr\u00e1cticas il\u00edcitas del trabajo contra el sindicato o el empleador ante la Junta Nacional de Relaciones del Trabajo? - National Right to Work Foundation\",\"isPartOf\":{\"@id\":\"https:\\\/\\\/www.nrtw.org\\\/#website\"},\"datePublished\":\"2009-04-13T16:06:02+00:00\",\"dateModified\":\"2016-08-09T20:18:42+00:00\",\"inLanguage\":\"es\",\"potentialAction\":[{\"@type\":\"ReadAction\",\"target\":[\"https:\\\/\\\/www.nrtw.org\\\/file-charges-private\\\/\"]}]},{\"@type\":\"WebSite\",\"@id\":\"https:\\\/\\\/www.nrtw.org\\\/#website\",\"url\":\"https:\\\/\\\/www.nrtw.org\\\/\",\"name\":\"National Right to Work Foundation\",\"description\":\"\",\"potentialAction\":[{\"@type\":\"SearchAction\",\"target\":{\"@type\":\"EntryPoint\",\"urlTemplate\":\"https:\\\/\\\/www.nrtw.org\\\/?s={search_term_string}\"},\"query-input\":{\"@type\":\"PropertyValueSpecification\",\"valueRequired\":true,\"valueName\":\"search_term_string\"}}],\"inLanguage\":\"es\"}]}<\/script>\n<!-- \/ Yoast SEO plugin. -->","yoast_head_json":{"title":"Can I file my own unfair labor practice charges against the union or the employer at the National Labor Relations Board? (Private Sector Employee)\u00bfPuedo presentar en mi propio nombre cargos de pr\u00e1cticas il\u00edcitas del trabajo contra el sindicato o el empleador ante la Junta Nacional de Relaciones del Trabajo? - National Right to Work Foundation","robots":{"index":"index","follow":"follow","max-snippet":"max-snippet:-1","max-image-preview":"max-image-preview:large","max-video-preview":"max-video-preview:-1"},"canonical":"https:\/\/www.nrtw.org\/file-charges-private\/","og_locale":"es_ES","og_type":"article","og_title":"Can I file my own unfair labor practice charges against the union or the employer at the National Labor Relations Board? (Private Sector Employee)\u00bfPuedo presentar en mi propio nombre cargos de pr\u00e1cticas il\u00edcitas del trabajo contra el sindicato o el empleador ante la Junta Nacional de Relaciones del Trabajo? - National Right to Work Foundation","og_description":"Question: If I believe my rights have been violated by compulsory unionism abuses, can I file my own unfair labor practice charges against the union or the employer at the National Labor Relations Board?  Answer: If you work in the private sector and are not covered by the Railway Labor Act (i.e., you do not work for a railroad or an airline), you can file your own unfair labor practice charges with the National Labor Relations Board.   For further information and to download the appropriate forms from the National Labor Relations Board's web site, click here. (Note: You must have Adobe Acrobat version 3 or later in order to use the NLRB's downloadable forms.) Question: If I believe my rights have been violated by compulsory unionism abuses, can I file my own unfair labor practice charges against the union or the employer at the National Labor Relations Board?  Answer: If you work in the private sector and are not covered by the Railway Labor Act (i.e., you do not work for a railroad or an airline), you can file your own unfair labor practice charges with the National Labor Relations Board.   For further information and to download the appropriate forms from the National Labor Relations Board's web site, click here. (Note: You must have Adobe Acrobat version 3 or later in order to use the NLRB's downloadable forms.)","og_url":"https:\/\/www.nrtw.org\/file-charges-private\/","og_site_name":"National Right to Work Foundation","article_modified_time":"2016-08-09T20:18:42+00:00","twitter_card":"summary_large_image","twitter_misc":{"Tiempo de lectura":"4 minutos"},"schema":{"@context":"https:\/\/schema.org","@graph":[{"@type":"WebPage","@id":"https:\/\/www.nrtw.org\/file-charges-private\/","url":"https:\/\/www.nrtw.org\/file-charges-private\/","name":"Can I file my own unfair labor practice charges against the union or the employer at the National Labor Relations Board? (Private Sector Employee)\u00bfPuedo presentar en mi propio nombre cargos de pr\u00e1cticas il\u00edcitas del trabajo contra el sindicato o el empleador ante la Junta Nacional de Relaciones del Trabajo? - National Right to Work Foundation","isPartOf":{"@id":"https:\/\/www.nrtw.org\/#website"},"datePublished":"2009-04-13T16:06:02+00:00","dateModified":"2016-08-09T20:18:42+00:00","inLanguage":"es","potentialAction":[{"@type":"ReadAction","target":["https:\/\/www.nrtw.org\/file-charges-private\/"]}]},{"@type":"WebSite","@id":"https:\/\/www.nrtw.org\/#website","url":"https:\/\/www.nrtw.org\/","name":"National Right to Work Foundation","description":"","potentialAction":[{"@type":"SearchAction","target":{"@type":"EntryPoint","urlTemplate":"https:\/\/www.nrtw.org\/?s={search_term_string}"},"query-input":{"@type":"PropertyValueSpecification","valueRequired":true,"valueName":"search_term_string"}}],"inLanguage":"es"}]}},"_links":{"self":[{"href":"https:\/\/www.nrtw.org\/es\/wp-json\/wp\/v2\/pages\/2039","targetHints":{"allow":["GET"]}}],"collection":[{"href":"https:\/\/www.nrtw.org\/es\/wp-json\/wp\/v2\/pages"}],"about":[{"href":"https:\/\/www.nrtw.org\/es\/wp-json\/wp\/v2\/types\/page"}],"author":[{"embeddable":true,"href":"https:\/\/www.nrtw.org\/es\/wp-json\/wp\/v2\/users\/1"}],"replies":[{"embeddable":true,"href":"https:\/\/www.nrtw.org\/es\/wp-json\/wp\/v2\/comments?post=2039"}],"version-history":[{"count":7,"href":"https:\/\/www.nrtw.org\/es\/wp-json\/wp\/v2\/pages\/2039\/revisions"}],"predecessor-version":[{"id":7006,"href":"https:\/\/www.nrtw.org\/es\/wp-json\/wp\/v2\/pages\/2039\/revisions\/7006"}],"wp:attachment":[{"href":"https:\/\/www.nrtw.org\/es\/wp-json\/wp\/v2\/media?parent=2039"}],"curies":[{"name":"wp","href":"https:\/\/api.w.org\/{rel}","templated":true}]}}