{"id":2038,"date":"2009-04-09T13:36:54","date_gmt":"2009-04-09T13:36:54","guid":{"rendered":""},"modified":"2016-11-03T20:08:12","modified_gmt":"2016-11-03T20:08:12","slug":"acerca-de-sus-derechos-legales-empleados-del-gobierno-federal","status":"publish","type":"page","link":"https:\/\/www.nrtw.org\/es\/acerca-de-sus-derechos-legales-empleados-del-gobierno-federal\/","title":{"rendered":"Acerca de sus derechos legales: Empleados del gobierno federal"},"content":{"rendered":"<p><\/p>\n<p>\nLa Fundaci\u00f3n Nacional de Defensa Legal para el Derecho al Trabajo defiende a los trabajadores de los Estados Unidos de los abusos del sindicalismo forzoso. Para aprender acerca de sus derechos como empleado del gobierno federal, haga clic en cualquiera de las siguientes preguntas:\n<\/p>\n<h3>Preguntas y Respuestas<\/h3>\n<ul>\n<li><a href=\"\/es\/can-i-be-required-to-be-a-union-member-or-pay-dues-to-a-union-14\">\u00bfMe pueden obligar a hacerme miembro de un sindicato o a pagarle cuotas?<\/a><\/li>\n<li><a href=\"\/es\/c-mo-puedo-renunciar-mi-membres-de-uni-n\">\u00bfC\u00f3mo puedo renunciar a mi membres\u00eda en un sindicato?<\/a><\/li>\n<li><a href=\"\/es\/c-mo-puede-evitar-el-uso-de-mis-cuotas-para-la-p\">\u00bfC\u00f3mo puedo evitar que se usen mis cuotas para actividades pol\u00edticas u otras no relacionadas con la negociaci\u00f3n?<\/a><\/li>\n<li><a href=\"\/es\/elecci-n-de-desautorizaci-n\">Si no <u><b>vivo<\/b><\/u> en un Estado con Derecho al Trabajo, \u00bfc\u00f3mo puedo dejar de pagar todas las cuotas sindicales?<\/a><\/li>\n<li><a href=\"\/es\/qu-si-tengo-objeciones-religiosas-unirme-la-uni-n\">\u00bfQu\u00e9 pasa si tengo objeciones religiosas para unirme a un sindicato o para apoyarlo econ\u00f3micamente?<\/a><\/li>\n<li><a href=\"\/es\/qu-hago-si-soy-victima-de-la-violencia-por-la-uni\">\u00bfQu\u00e9 hago si soy victima de violencia sindical?<\/a><\/li>\n<li><a href=\"\/es\/c-mo-puedo-renunciar-mi-membres-de-uni-n\">\u00bfQu\u00e9 pasa si quiero trabajar mientras hay una huelga?<\/a><\/li>\n<li><a href=\"\/es\/what-are-my-rights-if-the-union-is-conducting-a-card-check-organizing-drive-at-my-workplace\/\" title=\"Preguntas frecuentes acerca de la Verificaci\u00f3n de Tarjetas\">\u00bfCu\u00e1les son mis derechos si el sindicato lleva a cabo una campa\u00f1a de organizaci\u00f3n sindical de&quot; Verificaci\u00f3n de Tarjetas&quot; en mi lugar de trabajo?<\/a><\/li>\n<\/ul>\n<p><\/p>\n<h3>Documentos informativos acerca de los temas<\/h3>\n<ul>\n<li><a href=\"\/es\/elecci-n-de-desautorizaci-n\" title=\"Elecci\u00f3n de Desautorizaci\u00f3n\">Elecci\u00f3n de Desautorizaci\u00f3n<\/a><\/li>\n<li><a href=\"\/es\/elecci-n-de-desautorizaci-n\" title=\"Elecci\u00f3n Para la decertificaci\u00f3n\">Elecci\u00f3n para la decertificaci\u00f3n<\/a><\/li>\n<li><a href=\"\/es\/gu-para-empleados-sobre-las-cuotas-de-uni-n-y-lo-q\">Gu\u00eda para empleados sobre cuotas sindicales y lo que no se debe hacer en cuanto a las creencias religiosas<\/a><\/li>\n<li><a href=\"\/es\/el-castigo-sindical-y-los-derechos-de-empleado\">\u00bfPueden los dirigentes sindicales castigarlo? &#8211; La disciplina sindical y los derechos del empleado<\/a><\/li>\n<li><a href=\"\/es\/los-diez-mayores-privilegios-de-las-organizaciones\">Los diez privilegios principales de los sindicatos m\u00e1s grandes (&quot;Big Labor&quot; en ingles)<\/a><\/li>\n<li><a href=\"\/es\/el-derecho-al-trabajo-nacional-esta-usted-financia\">\u00bfEst\u00e1 usted financiando al comit\u00e9 de acci\u00f3n pol\u00edtica (PAC por sus siglas en ingl\u00e9s) federal de su sindicato sin saberlo o en contra de su voluntad?<\/a><\/li>\n<li><a href=\"\/es\/empleados-dentro-de-los-estados-con-derecho-al-tra\">Empleados en Estados con Derecho al Trabajo<\/a><\/li>\n<\/ul>\n<p><\/p>","protected":false},"excerpt":{"rendered":"<p>\nLa Fundaci\u00f3n Nacional de Defensa Legal para el Derecho al Trabajo defiende a los trabajadores de los Estados Unidos de los abusos del sindicalismo forzoso. Para aprender acerca de sus derechos como empleado del gobierno federal, haga clic en cualquiera de las siguientes preguntas:<\/p>\n","protected":false},"author":2,"featured_media":0,"parent":0,"menu_order":0,"comment_status":"closed","ping_status":"closed","template":"","meta":{"_lmt_disableupdate":"","_lmt_disable":"","footnotes":""},"class_list":["post-2038","page","type-page","status-publish","hentry"],"yoast_head":"<!-- This site is optimized with the Yoast SEO plugin v27.6 - https:\/\/yoast.com\/product\/yoast-seo-wordpress\/ -->\n<title>About Your Legal Rights : Federal Government Employee Acerca de sus derechos legales: Empleados del gobierno federal - National Right to Work Foundation<\/title>\n<meta name=\"robots\" content=\"index, follow, max-snippet:-1, max-image-preview:large, max-video-preview:-1\" \/>\n<link rel=\"canonical\" href=\"https:\/\/www.nrtw.org\/es\/acerca-de-sus-derechos-legales-empleados-del-gobierno-federal\/\" \/>\n<meta property=\"og:locale\" content=\"es_ES\" \/>\n<meta property=\"og:type\" content=\"article\" \/>\n<meta property=\"og:title\" content=\"About Your Legal Rights : Federal Government Employee Acerca de sus derechos legales: Empleados del gobierno federal - National Right to Work Foundation\" \/>\n<meta property=\"og:description\" content=\"La Fundaci\u00f3n Nacional de Defensa Legal para el Derecho al Trabajo defiende a los trabajadores de los Estados Unidos de los abusos del sindicalismo forzoso. Para aprender acerca de sus derechos como empleado del gobierno federal, haga clic en cualquiera de las siguientes preguntas:  La Fundaci\u00f3n Nacional de Defensa Legal para el Derecho al Trabajo defiende a los trabajadores de los Estados Unidos de los abusos del sindicalismo forzoso. Para aprender acerca de sus derechos como empleado del gobierno federal, haga clic en cualquiera de las siguientes preguntas:\" \/>\n<meta property=\"og:url\" content=\"https:\/\/www.nrtw.org\/es\/acerca-de-sus-derechos-legales-empleados-del-gobierno-federal\/\" \/>\n<meta property=\"og:site_name\" content=\"National Right to Work Foundation\" \/>\n<meta property=\"article:modified_time\" content=\"2016-11-03T20:08:12+00:00\" \/>\n<meta name=\"twitter:card\" content=\"summary_large_image\" \/>\n<meta name=\"twitter:label1\" content=\"Tiempo de lectura\" \/>\n\t<meta name=\"twitter:data1\" content=\"3 minutos\" \/>\n<script type=\"application\/ld+json\" class=\"yoast-schema-graph\">{\"@context\":\"https:\\\/\\\/schema.org\",\"@graph\":[{\"@type\":\"WebPage\",\"@id\":\"https:\\\/\\\/www.nrtw.org\\\/es\\\/acerca-de-sus-derechos-legales-empleados-del-gobierno-federal\\\/\",\"url\":\"https:\\\/\\\/www.nrtw.org\\\/es\\\/acerca-de-sus-derechos-legales-empleados-del-gobierno-federal\\\/\",\"name\":\"About Your Legal Rights : Federal Government Employee Acerca de sus derechos legales: Empleados del gobierno federal - National Right to Work Foundation\",\"isPartOf\":{\"@id\":\"https:\\\/\\\/www.nrtw.org\\\/#website\"},\"datePublished\":\"2009-04-09T13:36:54+00:00\",\"dateModified\":\"2016-11-03T20:08:12+00:00\",\"inLanguage\":\"es\",\"potentialAction\":[{\"@type\":\"ReadAction\",\"target\":[\"https:\\\/\\\/www.nrtw.org\\\/es\\\/acerca-de-sus-derechos-legales-empleados-del-gobierno-federal\\\/\"]}]},{\"@type\":\"WebSite\",\"@id\":\"https:\\\/\\\/www.nrtw.org\\\/#website\",\"url\":\"https:\\\/\\\/www.nrtw.org\\\/\",\"name\":\"National Right to Work Foundation\",\"description\":\"\",\"potentialAction\":[{\"@type\":\"SearchAction\",\"target\":{\"@type\":\"EntryPoint\",\"urlTemplate\":\"https:\\\/\\\/www.nrtw.org\\\/?s={search_term_string}\"},\"query-input\":{\"@type\":\"PropertyValueSpecification\",\"valueRequired\":true,\"valueName\":\"search_term_string\"}}],\"inLanguage\":\"es\"}]}<\/script>\n<!-- \/ Yoast SEO plugin. -->","yoast_head_json":{"title":"About Your Legal Rights : Federal Government Employee Acerca de sus derechos legales: Empleados del gobierno federal - National Right to Work Foundation","robots":{"index":"index","follow":"follow","max-snippet":"max-snippet:-1","max-image-preview":"max-image-preview:large","max-video-preview":"max-video-preview:-1"},"canonical":"https:\/\/www.nrtw.org\/es\/acerca-de-sus-derechos-legales-empleados-del-gobierno-federal\/","og_locale":"es_ES","og_type":"article","og_title":"About Your Legal Rights : Federal Government Employee Acerca de sus derechos legales: Empleados del gobierno federal - National Right to Work Foundation","og_description":"La Fundaci\u00f3n Nacional de Defensa Legal para el Derecho al Trabajo defiende a los trabajadores de los Estados Unidos de los abusos del sindicalismo forzoso. Para aprender acerca de sus derechos como empleado del gobierno federal, haga clic en cualquiera de las siguientes preguntas:  La Fundaci\u00f3n Nacional de Defensa Legal para el Derecho al Trabajo defiende a los trabajadores de los Estados Unidos de los abusos del sindicalismo forzoso. Para aprender acerca de sus derechos como empleado del gobierno federal, haga clic en cualquiera de las siguientes preguntas:","og_url":"https:\/\/www.nrtw.org\/es\/acerca-de-sus-derechos-legales-empleados-del-gobierno-federal\/","og_site_name":"National Right to Work Foundation","article_modified_time":"2016-11-03T20:08:12+00:00","twitter_card":"summary_large_image","twitter_misc":{"Tiempo de lectura":"3 minutos"},"schema":{"@context":"https:\/\/schema.org","@graph":[{"@type":"WebPage","@id":"https:\/\/www.nrtw.org\/es\/acerca-de-sus-derechos-legales-empleados-del-gobierno-federal\/","url":"https:\/\/www.nrtw.org\/es\/acerca-de-sus-derechos-legales-empleados-del-gobierno-federal\/","name":"About Your Legal Rights : Federal Government Employee Acerca de sus derechos legales: Empleados del gobierno federal - National Right to Work Foundation","isPartOf":{"@id":"https:\/\/www.nrtw.org\/#website"},"datePublished":"2009-04-09T13:36:54+00:00","dateModified":"2016-11-03T20:08:12+00:00","inLanguage":"es","potentialAction":[{"@type":"ReadAction","target":["https:\/\/www.nrtw.org\/es\/acerca-de-sus-derechos-legales-empleados-del-gobierno-federal\/"]}]},{"@type":"WebSite","@id":"https:\/\/www.nrtw.org\/#website","url":"https:\/\/www.nrtw.org\/","name":"National Right to Work Foundation","description":"","potentialAction":[{"@type":"SearchAction","target":{"@type":"EntryPoint","urlTemplate":"https:\/\/www.nrtw.org\/?s={search_term_string}"},"query-input":{"@type":"PropertyValueSpecification","valueRequired":true,"valueName":"search_term_string"}}],"inLanguage":"es"}]}},"_links":{"self":[{"href":"https:\/\/www.nrtw.org\/es\/wp-json\/wp\/v2\/pages\/2038","targetHints":{"allow":["GET"]}}],"collection":[{"href":"https:\/\/www.nrtw.org\/es\/wp-json\/wp\/v2\/pages"}],"about":[{"href":"https:\/\/www.nrtw.org\/es\/wp-json\/wp\/v2\/types\/page"}],"author":[{"embeddable":true,"href":"https:\/\/www.nrtw.org\/es\/wp-json\/wp\/v2\/users\/2"}],"replies":[{"embeddable":true,"href":"https:\/\/www.nrtw.org\/es\/wp-json\/wp\/v2\/comments?post=2038"}],"version-history":[{"count":6,"href":"https:\/\/www.nrtw.org\/es\/wp-json\/wp\/v2\/pages\/2038\/revisions"}],"predecessor-version":[{"id":4987,"href":"https:\/\/www.nrtw.org\/es\/wp-json\/wp\/v2\/pages\/2038\/revisions\/4987"}],"wp:attachment":[{"href":"https:\/\/www.nrtw.org\/es\/wp-json\/wp\/v2\/media?parent=2038"}],"curies":[{"name":"wp","href":"https:\/\/api.w.org\/{rel}","templated":true}]}}