{"id":2031,"date":"2008-07-29T10:05:04","date_gmt":"2008-07-29T10:05:04","guid":{"rendered":""},"modified":"2017-03-08T20:44:50","modified_gmt":"2017-03-08T20:44:50","slug":"terms-of-web-site-use","status":"publish","type":"page","link":"https:\/\/www.nrtw.org\/es\/terms-of-web-site-use\/","title":{"rendered":"T\u00e9rminos de uso para el sitio Web"},"content":{"rendered":"<p><\/p>\n<p>\n<a href=\"\/terms-of-web-site-use\/\">[In English]<\/a>\n<\/p>\n<p>ATENCI\u00d3N: La intenci\u00f3n de este sitio Web es proporcionar informaci\u00f3n general y no pretende ofrecer asesor\u00eda jur\u00eddica acerca de situaciones o problemas espec\u00edficos. No hay ninguna intenci\u00f3n de crear una relaci\u00f3n de cliente-abogado al brindar esta informaci\u00f3n, y el hecho de que alguien examine esta informaci\u00f3n no crea este tipo de relaci\u00f3n. Deber\u00eda comunicarse con nosotros si tiene un asunto jur\u00eddico que requiere atenci\u00f3n y usted cree que est\u00e1 comprendido en el \u00e1mbito de nuestro programa ben\u00e9fico de ayuda jur\u00eddica. Nada en este sitio crea un contrato impl\u00edcito o explicito. Adem\u00e1s, los resultados de los casos dependen de una variedad de hechos particulares a cada asunto. Los \u00e9xitos anteriores de los casos apoyados por la Fundaci\u00f3n no predicen o garantizan \u00e9xito en un future.<\/p>","protected":false},"excerpt":{"rendered":"<p>This web site is intended to provide general information and is not intended to offer legal advice about specific situations or problems. There is no intention to create an attorney-client relationship by offering this information, and anyone\u2019s review of the information shall not be deemed to create such a relationship. You should <a href=\"\/legal.htm\">contact us<\/a> if you have a legal matter requiring attention that you believe comes within the scope of our charitable legal aid program. Nothing on this site creates an express or implied contract. Moreover, the results of cases depend upon a variety of factors unique to each matter. Past successes in Foundation-supported cases do not predict or guarantee future success.<\/p>\n","protected":false},"author":1,"featured_media":0,"parent":0,"menu_order":0,"comment_status":"open","ping_status":"open","template":"","meta":{"_lmt_disableupdate":"","_lmt_disable":"","footnotes":""},"class_list":["post-2031","page","type-page","status-publish","hentry"],"yoast_head":"<!-- This site is optimized with the Yoast SEO plugin v27.4 - https:\/\/yoast.com\/product\/yoast-seo-wordpress\/ -->\n<title>Terms of Web Site UseT\u00e9rminos de uso para el sitio Web - National Right to Work Foundation<\/title>\n<meta name=\"robots\" content=\"index, follow, max-snippet:-1, max-image-preview:large, max-video-preview:-1\" \/>\n<link rel=\"canonical\" href=\"https:\/\/www.nrtw.org\/es\/terms-of-web-site-use\/\" \/>\n<meta property=\"og:locale\" content=\"es_ES\" \/>\n<meta property=\"og:type\" content=\"article\" \/>\n<meta property=\"og:title\" content=\"Terms of Web Site UseT\u00e9rminos de uso para el sitio Web - National Right to Work Foundation\" \/>\n<meta property=\"og:description\" content=\"This web site is intended to provide general information and is not intended to offer legal advice about specific situations or problems. There is no intention to create an attorney-client relationship by offering this information, and anyone\u2019s review of the information shall not be deemed to create such a relationship. You should contact us if you have a legal matter requiring attention that you believe comes within the scope of our charitable legal aid program. Nothing on this site creates an express or implied contract. Moreover, the results of cases depend upon a variety of factors unique to each matter. Past successes in Foundation-supported cases do not predict or guarantee future success.This web site is intended to provide general information and is not intended to offer legal advice about specific situations or problems. There is no intention to create an attorney-client relationship by offering this information, and anyone\u2019s review of the information shall not be deemed to create such a relationship. You should contact us if you have a legal matter requiring attention that you believe comes within the scope of our charitable legal aid program. Nothing on this site creates an express or implied contract. Moreover, the results of cases depend upon a variety of factors unique to each matter. Past successes in Foundation-supported cases do not predict or guarantee future success.\" \/>\n<meta property=\"og:url\" content=\"https:\/\/www.nrtw.org\/es\/terms-of-web-site-use\/\" \/>\n<meta property=\"og:site_name\" content=\"National Right to Work Foundation\" \/>\n<meta property=\"article:modified_time\" content=\"2017-03-08T20:44:50+00:00\" \/>\n<meta name=\"twitter:card\" content=\"summary_large_image\" \/>\n<meta name=\"twitter:label1\" content=\"Tiempo de lectura\" \/>\n\t<meta name=\"twitter:data1\" content=\"1 minuto\" \/>\n<script type=\"application\/ld+json\" class=\"yoast-schema-graph\">{\"@context\":\"https:\\\/\\\/schema.org\",\"@graph\":[{\"@type\":\"WebPage\",\"@id\":\"https:\\\/\\\/www.nrtw.org\\\/es\\\/terms-of-web-site-use\\\/\",\"url\":\"https:\\\/\\\/www.nrtw.org\\\/es\\\/terms-of-web-site-use\\\/\",\"name\":\"Terms of Web Site UseT\u00e9rminos de uso para el sitio Web - National Right to Work Foundation\",\"isPartOf\":{\"@id\":\"https:\\\/\\\/www.nrtw.org\\\/#website\"},\"datePublished\":\"2008-07-29T10:05:04+00:00\",\"dateModified\":\"2017-03-08T20:44:50+00:00\",\"inLanguage\":\"es\",\"potentialAction\":[{\"@type\":\"ReadAction\",\"target\":[\"https:\\\/\\\/www.nrtw.org\\\/es\\\/terms-of-web-site-use\\\/\"]}]},{\"@type\":\"WebSite\",\"@id\":\"https:\\\/\\\/www.nrtw.org\\\/#website\",\"url\":\"https:\\\/\\\/www.nrtw.org\\\/\",\"name\":\"National Right to Work Foundation\",\"description\":\"\",\"potentialAction\":[{\"@type\":\"SearchAction\",\"target\":{\"@type\":\"EntryPoint\",\"urlTemplate\":\"https:\\\/\\\/www.nrtw.org\\\/?s={search_term_string}\"},\"query-input\":{\"@type\":\"PropertyValueSpecification\",\"valueRequired\":true,\"valueName\":\"search_term_string\"}}],\"inLanguage\":\"es\"}]}<\/script>\n<!-- \/ Yoast SEO plugin. -->","yoast_head_json":{"title":"Terms of Web Site UseT\u00e9rminos de uso para el sitio Web - National Right to Work Foundation","robots":{"index":"index","follow":"follow","max-snippet":"max-snippet:-1","max-image-preview":"max-image-preview:large","max-video-preview":"max-video-preview:-1"},"canonical":"https:\/\/www.nrtw.org\/es\/terms-of-web-site-use\/","og_locale":"es_ES","og_type":"article","og_title":"Terms of Web Site UseT\u00e9rminos de uso para el sitio Web - National Right to Work Foundation","og_description":"This web site is intended to provide general information and is not intended to offer legal advice about specific situations or problems. There is no intention to create an attorney-client relationship by offering this information, and anyone\u2019s review of the information shall not be deemed to create such a relationship. You should contact us if you have a legal matter requiring attention that you believe comes within the scope of our charitable legal aid program. Nothing on this site creates an express or implied contract. Moreover, the results of cases depend upon a variety of factors unique to each matter. Past successes in Foundation-supported cases do not predict or guarantee future success.This web site is intended to provide general information and is not intended to offer legal advice about specific situations or problems. There is no intention to create an attorney-client relationship by offering this information, and anyone\u2019s review of the information shall not be deemed to create such a relationship. You should contact us if you have a legal matter requiring attention that you believe comes within the scope of our charitable legal aid program. Nothing on this site creates an express or implied contract. Moreover, the results of cases depend upon a variety of factors unique to each matter. Past successes in Foundation-supported cases do not predict or guarantee future success.","og_url":"https:\/\/www.nrtw.org\/es\/terms-of-web-site-use\/","og_site_name":"National Right to Work Foundation","article_modified_time":"2017-03-08T20:44:50+00:00","twitter_card":"summary_large_image","twitter_misc":{"Tiempo de lectura":"1 minuto"},"schema":{"@context":"https:\/\/schema.org","@graph":[{"@type":"WebPage","@id":"https:\/\/www.nrtw.org\/es\/terms-of-web-site-use\/","url":"https:\/\/www.nrtw.org\/es\/terms-of-web-site-use\/","name":"Terms of Web Site UseT\u00e9rminos de uso para el sitio Web - National Right to Work Foundation","isPartOf":{"@id":"https:\/\/www.nrtw.org\/#website"},"datePublished":"2008-07-29T10:05:04+00:00","dateModified":"2017-03-08T20:44:50+00:00","inLanguage":"es","potentialAction":[{"@type":"ReadAction","target":["https:\/\/www.nrtw.org\/es\/terms-of-web-site-use\/"]}]},{"@type":"WebSite","@id":"https:\/\/www.nrtw.org\/#website","url":"https:\/\/www.nrtw.org\/","name":"National Right to Work Foundation","description":"","potentialAction":[{"@type":"SearchAction","target":{"@type":"EntryPoint","urlTemplate":"https:\/\/www.nrtw.org\/?s={search_term_string}"},"query-input":{"@type":"PropertyValueSpecification","valueRequired":true,"valueName":"search_term_string"}}],"inLanguage":"es"}]}},"_links":{"self":[{"href":"https:\/\/www.nrtw.org\/es\/wp-json\/wp\/v2\/pages\/2031","targetHints":{"allow":["GET"]}}],"collection":[{"href":"https:\/\/www.nrtw.org\/es\/wp-json\/wp\/v2\/pages"}],"about":[{"href":"https:\/\/www.nrtw.org\/es\/wp-json\/wp\/v2\/types\/page"}],"author":[{"embeddable":true,"href":"https:\/\/www.nrtw.org\/es\/wp-json\/wp\/v2\/users\/1"}],"replies":[{"embeddable":true,"href":"https:\/\/www.nrtw.org\/es\/wp-json\/wp\/v2\/comments?post=2031"}],"version-history":[{"count":4,"href":"https:\/\/www.nrtw.org\/es\/wp-json\/wp\/v2\/pages\/2031\/revisions"}],"predecessor-version":[{"id":8123,"href":"https:\/\/www.nrtw.org\/es\/wp-json\/wp\/v2\/pages\/2031\/revisions\/8123"}],"wp:attachment":[{"href":"https:\/\/www.nrtw.org\/es\/wp-json\/wp\/v2\/media?parent=2031"}],"curies":[{"name":"wp","href":"https:\/\/api.w.org\/{rel}","templated":true}]}}