{"id":2005,"date":"2005-12-21T00:00:00","date_gmt":"2005-12-21T00:00:00","guid":{"rendered":""},"modified":"2016-08-10T14:52:33","modified_gmt":"2016-08-10T14:52:33","slug":"sample-resignation-rtw-public","status":"publish","type":"page","link":"https:\/\/www.nrtw.org\/es\/sample-resignation-rtw-public\/","title":{"rendered":"Una muestra de una carta de renuncia para empleados del sector p\u00fablico en los estados con Derecho al Trabajo"},"content":{"rendered":"<p><\/p>\n<p>\n<a href=\"\/sample-resignation-rtw-public\">[In English]<\/a>\n<\/p>\n<p>A continuaci\u00f3n se proporciona una muestra de una carta para la renuncia al sindicato o revocaci\u00f3n de cuotas para los trabajadores en <a href=\"\/es\/right-to-work-states\/\">estados con Derecho al Trabajo<\/a> (o para donde no haya una ley estatal o disposici\u00f3n contractual que le requiera unirse al sindicato o a pagarle cuotas ). Al mismo tiempo que renuncia al sindicato, tambi\u00e9n deber\u00eda notificarle a su empleador. <\/p>\n<p><u><b>UNA MUESTRA DE UNA CARTA DE RENUNCIA O PARA REVOCAR LAS CUOTAS<br \/>EN ESTADOS CON DERECHO AL TRABAJO<\/b><\/u> <\/p>\n<p>CORREO CERTIFICADO, CON ACUSE DE RECIBO<\/p>\n<p>_______________________, (funcionario apropiado del sindicato)<br \/>\n_______________________ (nombre del sindicato)<\/p>\n<p>_______________________ (direcci\u00f3n del sindicato)<\/p>\n<p>_______________________<\/p>\n<p>Estimado se\u00f1or\/a:<br \/>\nSoy empleado de _______<u>(empleador)<\/u>________en el estado con Derecho al Trabajo de __________________.  Con efecto inmediato, renuncio a la membres\u00eda en el sindicato local y en todos los dem\u00e1s sindicatos afiliados a este.    <\/p>\n<p>Ya que he renunciado a mi membres\u00eda en el sindicato, usted debe ahora suspender inmediatamente de exigir el cumplimiento de cualquier autorizaci\u00f3n de deducci\u00f3n de cuotas sindicales que haya firmado.  Esa autorizaci\u00f3n de deducci\u00f3n de cuotas se firm\u00f3 solamente en conjunto con, y en consideraci\u00f3n a hacerme miembro del sindicato y, por consiguiente, ya no es v\u00e1lida.  <u>Vea<\/u> <u>IBEW (Lockheed Space Operations Company)<\/u>, 302 NLRB 322 (1991); <u>Washington Gas Light Co.<\/u>, 302 NLRB 425 (1991) (un empleador dentro de un estado con Derecho al Trabajo tiene que dejar de descontar las cuotas en cuanto recibe la renuncia o revocaci\u00f3n).     <\/p>\n<p>Si usted se reh\u00fasa a aceptar esta carta como una renuncia vigente y una revocaci\u00f3n con vigencia inmediata de la autorizaci\u00f3n de deducci\u00f3n de cuotas sindicales, le solicito que me informe con prontitud y por escrito, cu\u00e1les son exactamente los pasos que debo seguir para llevar a cabo la revocaci\u00f3n de la autorizaci\u00f3n de deducci\u00f3n de cuotas sindicales. <u>M\u00e1s espec\u00edficamente, si usted afirma que tengo que cumplir con un &quot; espacio de tiempo &quot; (&quot; window period &quot; en ingl\u00e9s) para revocar mi autorizaci\u00f3n de deducci\u00f3n de cuotas sindicales, le solicito que me envi\u00e9 inmediatamente una copia del formulario mismo de autorizaci\u00f3n que yo firm\u00e9 para la  deducci\u00f3n de cuotas, y que me diga espec\u00edficamente cu\u00e1les son las fechas del \u00abespacio de tiempo\u00bb con las que tengo que cumplir para revocar mi autorizaci\u00f3n de deducci\u00f3n de cuotas sindicales.<\/u>. <\/p>\n<p>Atentamente,<\/p>\n<p>\t__________________________________<br \/>\nNombre (escriba con letras de molde)<br \/>\n\t\t\t\t\t\t__________________________________<br \/>\nFirma<br \/>\n\t\t\t\t\t\t\t__________________________________<br \/>\nDirecci\u00f3n<br \/>\n\t\t\t\t\t\t\t__________________________________<br \/>\nCiudad, Estado y C\u00f3digo Postal<br \/>\n\t\t\t\t\t\t__________________________________<br \/>\nFecha<\/p>\n<p>cc: Departamento de N\u00f3mina o de Personal del empleador<br \/>\n<\/p>","protected":false},"excerpt":{"rendered":"<p>\n<u><b>SAMPLE LETTER TO UNION:<\/b><\/u><br \/>\n[NOTE:  It is recommended to send this letter by certified mail, return receipt.]<br \/>\n[At the same time that you resign from the union, you should also notify your employer.]\n<\/p>\n<p>\n[insert your Name]<br \/>\n[insert your Mailing address]\n<\/p>\n<p>\n[Date]\n<\/p>\n<p>\n[insert Name of appropriate union officer]<br \/>\n[insert Name of union]<br \/>\n[insert Address of union]\n<\/p>\n<p>\nDear [insert Name of appropriate union officer]:\n<\/p>\n<p>\nI am employed by [Name of employer] in the Right to Work state of [insert state&#8217;s name].  Effectively immediately, I resign from membership in the local union and all of its affiliated unions.<\/p>\n","protected":false},"author":2,"featured_media":0,"parent":0,"menu_order":0,"comment_status":"open","ping_status":"open","template":"","meta":{"_lmt_disableupdate":"","_lmt_disable":"","footnotes":""},"class_list":["post-2005","page","type-page","status-publish","hentry"],"yoast_head":"<!-- This site is optimized with the Yoast SEO plugin v27.6 - https:\/\/yoast.com\/product\/yoast-seo-wordpress\/ -->\n<title>Sample Union Resignation Letter for Public Sector Employees in Right to Work StatesUna muestra de una carta de renuncia para empleados del sector p\u00fablico en los estados con Derecho al Trabajo - National Right to Work Foundation<\/title>\n<meta name=\"robots\" content=\"index, follow, max-snippet:-1, max-image-preview:large, max-video-preview:-1\" \/>\n<link rel=\"canonical\" href=\"https:\/\/www.nrtw.org\/sample-resignation-rtw-public\/\" \/>\n<meta property=\"og:locale\" content=\"es_ES\" \/>\n<meta property=\"og:type\" content=\"article\" \/>\n<meta property=\"og:title\" content=\"Sample Union Resignation Letter for Public Sector Employees in Right to Work StatesUna muestra de una carta de renuncia para empleados del sector p\u00fablico en los estados con Derecho al Trabajo - National Right to Work Foundation\" \/>\n<meta property=\"og:description\" content=\"SAMPLE LETTER TO UNION: [NOTE: It is recommended to send this letter by certified mail, return receipt.] [At the same time that you resign from the union, you should also notify your employer.]   [insert your Name] [insert your Mailing address]   [Date]   [insert Name of appropriate union officer] [insert Name of union] [insert Address of union]   Dear [insert Name of appropriate union officer]:   I am employed by [Name of employer] in the Right to Work state of [insert state&#039;s name]. Effectively immediately, I resign from membership in the local union and all of its affiliated unions.  SAMPLE LETTER TO UNION: [NOTE: It is recommended to send this letter by certified mail, return receipt.] [At the same time that you resign from the union, you should also notify your employer.]   [insert your Name] [insert your Mailing address]   [Date]   [insert Name of appropriate union officer] [insert Name of union] [insert Address of union]   Dear [insert Name of appropriate union officer]:   I am employed by [Name of employer] in the Right to Work state of [insert state&#039;s name]. Effectively immediately, I resign from membership in the local union and all of its affiliated unions.\" \/>\n<meta property=\"og:url\" content=\"https:\/\/www.nrtw.org\/sample-resignation-rtw-public\/\" \/>\n<meta property=\"og:site_name\" content=\"National Right to Work Foundation\" \/>\n<meta property=\"article:modified_time\" content=\"2016-08-10T14:52:33+00:00\" \/>\n<meta name=\"twitter:card\" content=\"summary_large_image\" \/>\n<meta name=\"twitter:label1\" content=\"Tiempo de lectura\" \/>\n\t<meta name=\"twitter:data1\" content=\"5 minutos\" \/>\n<script type=\"application\/ld+json\" class=\"yoast-schema-graph\">{\"@context\":\"https:\\\/\\\/schema.org\",\"@graph\":[{\"@type\":\"WebPage\",\"@id\":\"https:\\\/\\\/www.nrtw.org\\\/sample-resignation-rtw-public\\\/\",\"url\":\"https:\\\/\\\/www.nrtw.org\\\/sample-resignation-rtw-public\\\/\",\"name\":\"Sample Union Resignation Letter for Public Sector Employees in Right to Work StatesUna muestra de una carta de renuncia para empleados del sector p\u00fablico en los estados con Derecho al Trabajo - National Right to Work Foundation\",\"isPartOf\":{\"@id\":\"https:\\\/\\\/www.nrtw.org\\\/#website\"},\"datePublished\":\"2005-12-21T00:00:00+00:00\",\"dateModified\":\"2016-08-10T14:52:33+00:00\",\"inLanguage\":\"es\",\"potentialAction\":[{\"@type\":\"ReadAction\",\"target\":[\"https:\\\/\\\/www.nrtw.org\\\/sample-resignation-rtw-public\\\/\"]}]},{\"@type\":\"WebSite\",\"@id\":\"https:\\\/\\\/www.nrtw.org\\\/#website\",\"url\":\"https:\\\/\\\/www.nrtw.org\\\/\",\"name\":\"National Right to Work Foundation\",\"description\":\"\",\"potentialAction\":[{\"@type\":\"SearchAction\",\"target\":{\"@type\":\"EntryPoint\",\"urlTemplate\":\"https:\\\/\\\/www.nrtw.org\\\/?s={search_term_string}\"},\"query-input\":{\"@type\":\"PropertyValueSpecification\",\"valueRequired\":true,\"valueName\":\"search_term_string\"}}],\"inLanguage\":\"es\"}]}<\/script>\n<!-- \/ Yoast SEO plugin. -->","yoast_head_json":{"title":"Sample Union Resignation Letter for Public Sector Employees in Right to Work StatesUna muestra de una carta de renuncia para empleados del sector p\u00fablico en los estados con Derecho al Trabajo - National Right to Work Foundation","robots":{"index":"index","follow":"follow","max-snippet":"max-snippet:-1","max-image-preview":"max-image-preview:large","max-video-preview":"max-video-preview:-1"},"canonical":"https:\/\/www.nrtw.org\/sample-resignation-rtw-public\/","og_locale":"es_ES","og_type":"article","og_title":"Sample Union Resignation Letter for Public Sector Employees in Right to Work StatesUna muestra de una carta de renuncia para empleados del sector p\u00fablico en los estados con Derecho al Trabajo - National Right to Work Foundation","og_description":"SAMPLE LETTER TO UNION: [NOTE: It is recommended to send this letter by certified mail, return receipt.] [At the same time that you resign from the union, you should also notify your employer.]   [insert your Name] [insert your Mailing address]   [Date]   [insert Name of appropriate union officer] [insert Name of union] [insert Address of union]   Dear [insert Name of appropriate union officer]:   I am employed by [Name of employer] in the Right to Work state of [insert state's name]. Effectively immediately, I resign from membership in the local union and all of its affiliated unions.  SAMPLE LETTER TO UNION: [NOTE: It is recommended to send this letter by certified mail, return receipt.] [At the same time that you resign from the union, you should also notify your employer.]   [insert your Name] [insert your Mailing address]   [Date]   [insert Name of appropriate union officer] [insert Name of union] [insert Address of union]   Dear [insert Name of appropriate union officer]:   I am employed by [Name of employer] in the Right to Work state of [insert state's name]. Effectively immediately, I resign from membership in the local union and all of its affiliated unions.","og_url":"https:\/\/www.nrtw.org\/sample-resignation-rtw-public\/","og_site_name":"National Right to Work Foundation","article_modified_time":"2016-08-10T14:52:33+00:00","twitter_card":"summary_large_image","twitter_misc":{"Tiempo de lectura":"5 minutos"},"schema":{"@context":"https:\/\/schema.org","@graph":[{"@type":"WebPage","@id":"https:\/\/www.nrtw.org\/sample-resignation-rtw-public\/","url":"https:\/\/www.nrtw.org\/sample-resignation-rtw-public\/","name":"Sample Union Resignation Letter for Public Sector Employees in Right to Work StatesUna muestra de una carta de renuncia para empleados del sector p\u00fablico en los estados con Derecho al Trabajo - National Right to Work Foundation","isPartOf":{"@id":"https:\/\/www.nrtw.org\/#website"},"datePublished":"2005-12-21T00:00:00+00:00","dateModified":"2016-08-10T14:52:33+00:00","inLanguage":"es","potentialAction":[{"@type":"ReadAction","target":["https:\/\/www.nrtw.org\/sample-resignation-rtw-public\/"]}]},{"@type":"WebSite","@id":"https:\/\/www.nrtw.org\/#website","url":"https:\/\/www.nrtw.org\/","name":"National Right to Work Foundation","description":"","potentialAction":[{"@type":"SearchAction","target":{"@type":"EntryPoint","urlTemplate":"https:\/\/www.nrtw.org\/?s={search_term_string}"},"query-input":{"@type":"PropertyValueSpecification","valueRequired":true,"valueName":"search_term_string"}}],"inLanguage":"es"}]}},"_links":{"self":[{"href":"https:\/\/www.nrtw.org\/es\/wp-json\/wp\/v2\/pages\/2005","targetHints":{"allow":["GET"]}}],"collection":[{"href":"https:\/\/www.nrtw.org\/es\/wp-json\/wp\/v2\/pages"}],"about":[{"href":"https:\/\/www.nrtw.org\/es\/wp-json\/wp\/v2\/types\/page"}],"author":[{"embeddable":true,"href":"https:\/\/www.nrtw.org\/es\/wp-json\/wp\/v2\/users\/2"}],"replies":[{"embeddable":true,"href":"https:\/\/www.nrtw.org\/es\/wp-json\/wp\/v2\/comments?post=2005"}],"version-history":[{"count":5,"href":"https:\/\/www.nrtw.org\/es\/wp-json\/wp\/v2\/pages\/2005\/revisions"}],"predecessor-version":[{"id":7053,"href":"https:\/\/www.nrtw.org\/es\/wp-json\/wp\/v2\/pages\/2005\/revisions\/7053"}],"wp:attachment":[{"href":"https:\/\/www.nrtw.org\/es\/wp-json\/wp\/v2\/media?parent=2005"}],"curies":[{"name":"wp","href":"https:\/\/api.w.org\/{rel}","templated":true}]}}