{"id":2004,"date":"2006-02-14T00:00:00","date_gmt":"2006-02-14T00:00:00","guid":{"rendered":""},"modified":"2016-08-09T20:20:59","modified_gmt":"2016-08-09T20:20:59","slug":"sample-card-check-revocation","status":"publish","type":"page","link":"https:\/\/www.nrtw.org\/es\/sample-card-check-revocation\/","title":{"rendered":"Muestra de una carta para revocar una verificaci\u00f3n de tarjeta"},"content":{"rendered":"<p><a href=\"\/sample-card-check-revocation\">[In English]<\/a><\/p>\n<p>[Enviar por correo certificado con acuse de recibo]<\/p>\n<p>Para:<br \/>\nEl funcionario del SINDICATO [Presidente o Secretario-tesorero, por ejemplo]<br \/>\nDIRECCI\u00d3N DEL SINDICATO<br \/>\n[Quiz\u00e1s quiera mandarle copias tanto a los funcionarios del sindicato local (si son conocidos) como al sindicato internacional]<\/p>\n<p>Estimado se\u00f1or:<\/p>\n<p>Le escribo para informarle que no deseo ser \u00abrepresentado\u00bb por su sindicato, no deseo ser miembro de su sindicato y no apoyo a su sindicato de ninguna manera.  Por favor considere mi oposici\u00f3n a ser representado por su sindicato como algo permanente y de naturaleza continua.<\/p>\n<p>Por la presente revoco y cancelo cualquier tarjeta de \u00abautorizaci\u00f3n\u00bb del sindicato o cualquier otra indicaci\u00f3n de apoyo para su sindicato que podr\u00eda haber firmado en un pasado.  Cualquiera de estas tarjetas o indicaci\u00f3n de apoyo a su sindicato queda nula e inv\u00e1lida, con efecto inmediato.  <\/p>\n<p>Por favor devu\u00e9lvame cualquier tarjeta del sindicato que pueda haber firmado.  Otra posibilidad es que me informe por escrito que acepta esta revocaci\u00f3n y cancelaci\u00f3n de apoyo a su sindicato.<\/p>\n<p>Tenga en cuenta que si se reh\u00fasa a aceptar m\u00ed revocaci\u00f3n y cancelaci\u00f3n, violar\u00e1 mis derechos seg\u00fan la Ley Nacional de Relaciones del Trabajo.  Adem\u00e1s, si usted hace pensar a mi empleador (o a cualquier tercero o \u00ab\u00e1rbitro\u00bb) que yo apoyo la representaci\u00f3n de su sindicato, de igual manera violar\u00e1 mis derechos legales. <\/p>\n<p>Atentamente,<\/p>\n<p>[FIRMA]<\/p>\n<p>[SU NOMBRE]<\/p>\n<p>[SU DIRECCI\u00d3N]<\/p>\n<p>[FECHA DE HOY]<\/p>\n<p>cc:&lt;FUNCIONARIO DE LA COMPA\u00d1\u00cdA, como el Director del departamento de recursos humanos, para entregarse en persona o por correo ordinario&gt;<\/p>","protected":false},"excerpt":{"rendered":"<p>[Send by Certified Mail, Return Receipt Requested]<\/p>\n<p>To:<br \/>\n[UNION Official (President or Secretary-treasurer, for example)]<br \/>\n[UNION ADDRESS]<\/p>\n","protected":false},"author":1,"featured_media":0,"parent":0,"menu_order":0,"comment_status":"open","ping_status":"open","template":"","meta":{"_lmt_disableupdate":"","_lmt_disable":"","footnotes":""},"class_list":["post-2004","page","type-page","status-publish","hentry"],"yoast_head":"<!-- This site is optimized with the Yoast SEO plugin v27.4 - https:\/\/yoast.com\/product\/yoast-seo-wordpress\/ -->\n<title>Sample Card Check Revocation LetterMuestra de una carta para revocar una verificaci\u00f3n de tarjeta - National Right to Work Foundation<\/title>\n<meta name=\"robots\" content=\"index, follow, max-snippet:-1, max-image-preview:large, max-video-preview:-1\" \/>\n<link rel=\"canonical\" href=\"https:\/\/www.nrtw.org\/es\/sample-card-check-revocation\/\" \/>\n<meta property=\"og:locale\" content=\"es_ES\" \/>\n<meta property=\"og:type\" content=\"article\" \/>\n<meta property=\"og:title\" content=\"Sample Card Check Revocation LetterMuestra de una carta para revocar una verificaci\u00f3n de tarjeta - National Right to Work Foundation\" \/>\n<meta property=\"og:description\" content=\"[Send by Certified Mail, Return Receipt Requested]  To: [UNION Official (President or Secretary-treasurer, for example)] [UNION ADDRESS][Send by Certified Mail, Return Receipt Requested]  To: [UNION Official (President or Secretary-treasurer, for example)] [UNION ADDRESS]\" \/>\n<meta property=\"og:url\" content=\"https:\/\/www.nrtw.org\/es\/sample-card-check-revocation\/\" \/>\n<meta property=\"og:site_name\" content=\"National Right to Work Foundation\" \/>\n<meta property=\"article:modified_time\" content=\"2016-08-09T20:20:59+00:00\" \/>\n<meta name=\"twitter:card\" content=\"summary_large_image\" \/>\n<meta name=\"twitter:label1\" content=\"Tiempo de lectura\" \/>\n\t<meta name=\"twitter:data1\" content=\"3 minutos\" \/>\n<script type=\"application\/ld+json\" class=\"yoast-schema-graph\">{\"@context\":\"https:\\\/\\\/schema.org\",\"@graph\":[{\"@type\":\"WebPage\",\"@id\":\"https:\\\/\\\/www.nrtw.org\\\/es\\\/sample-card-check-revocation\\\/\",\"url\":\"https:\\\/\\\/www.nrtw.org\\\/es\\\/sample-card-check-revocation\\\/\",\"name\":\"Sample Card Check Revocation LetterMuestra de una carta para revocar una verificaci\u00f3n de tarjeta - National Right to Work Foundation\",\"isPartOf\":{\"@id\":\"https:\\\/\\\/www.nrtw.org\\\/#website\"},\"datePublished\":\"2006-02-14T00:00:00+00:00\",\"dateModified\":\"2016-08-09T20:20:59+00:00\",\"inLanguage\":\"es\",\"potentialAction\":[{\"@type\":\"ReadAction\",\"target\":[\"https:\\\/\\\/www.nrtw.org\\\/es\\\/sample-card-check-revocation\\\/\"]}]},{\"@type\":\"WebSite\",\"@id\":\"https:\\\/\\\/www.nrtw.org\\\/#website\",\"url\":\"https:\\\/\\\/www.nrtw.org\\\/\",\"name\":\"National Right to Work Foundation\",\"description\":\"\",\"potentialAction\":[{\"@type\":\"SearchAction\",\"target\":{\"@type\":\"EntryPoint\",\"urlTemplate\":\"https:\\\/\\\/www.nrtw.org\\\/?s={search_term_string}\"},\"query-input\":{\"@type\":\"PropertyValueSpecification\",\"valueRequired\":true,\"valueName\":\"search_term_string\"}}],\"inLanguage\":\"es\"}]}<\/script>\n<!-- \/ Yoast SEO plugin. -->","yoast_head_json":{"title":"Sample Card Check Revocation LetterMuestra de una carta para revocar una verificaci\u00f3n de tarjeta - National Right to Work Foundation","robots":{"index":"index","follow":"follow","max-snippet":"max-snippet:-1","max-image-preview":"max-image-preview:large","max-video-preview":"max-video-preview:-1"},"canonical":"https:\/\/www.nrtw.org\/es\/sample-card-check-revocation\/","og_locale":"es_ES","og_type":"article","og_title":"Sample Card Check Revocation LetterMuestra de una carta para revocar una verificaci\u00f3n de tarjeta - National Right to Work Foundation","og_description":"[Send by Certified Mail, Return Receipt Requested]  To: [UNION Official (President or Secretary-treasurer, for example)] [UNION ADDRESS][Send by Certified Mail, Return Receipt Requested]  To: [UNION Official (President or Secretary-treasurer, for example)] [UNION ADDRESS]","og_url":"https:\/\/www.nrtw.org\/es\/sample-card-check-revocation\/","og_site_name":"National Right to Work Foundation","article_modified_time":"2016-08-09T20:20:59+00:00","twitter_card":"summary_large_image","twitter_misc":{"Tiempo de lectura":"3 minutos"},"schema":{"@context":"https:\/\/schema.org","@graph":[{"@type":"WebPage","@id":"https:\/\/www.nrtw.org\/es\/sample-card-check-revocation\/","url":"https:\/\/www.nrtw.org\/es\/sample-card-check-revocation\/","name":"Sample Card Check Revocation LetterMuestra de una carta para revocar una verificaci\u00f3n de tarjeta - National Right to Work Foundation","isPartOf":{"@id":"https:\/\/www.nrtw.org\/#website"},"datePublished":"2006-02-14T00:00:00+00:00","dateModified":"2016-08-09T20:20:59+00:00","inLanguage":"es","potentialAction":[{"@type":"ReadAction","target":["https:\/\/www.nrtw.org\/es\/sample-card-check-revocation\/"]}]},{"@type":"WebSite","@id":"https:\/\/www.nrtw.org\/#website","url":"https:\/\/www.nrtw.org\/","name":"National Right to Work Foundation","description":"","potentialAction":[{"@type":"SearchAction","target":{"@type":"EntryPoint","urlTemplate":"https:\/\/www.nrtw.org\/?s={search_term_string}"},"query-input":{"@type":"PropertyValueSpecification","valueRequired":true,"valueName":"search_term_string"}}],"inLanguage":"es"}]}},"_links":{"self":[{"href":"https:\/\/www.nrtw.org\/es\/wp-json\/wp\/v2\/pages\/2004","targetHints":{"allow":["GET"]}}],"collection":[{"href":"https:\/\/www.nrtw.org\/es\/wp-json\/wp\/v2\/pages"}],"about":[{"href":"https:\/\/www.nrtw.org\/es\/wp-json\/wp\/v2\/types\/page"}],"author":[{"embeddable":true,"href":"https:\/\/www.nrtw.org\/es\/wp-json\/wp\/v2\/users\/1"}],"replies":[{"embeddable":true,"href":"https:\/\/www.nrtw.org\/es\/wp-json\/wp\/v2\/comments?post=2004"}],"version-history":[{"count":3,"href":"https:\/\/www.nrtw.org\/es\/wp-json\/wp\/v2\/pages\/2004\/revisions"}],"predecessor-version":[{"id":7007,"href":"https:\/\/www.nrtw.org\/es\/wp-json\/wp\/v2\/pages\/2004\/revisions\/7007"}],"wp:attachment":[{"href":"https:\/\/www.nrtw.org\/es\/wp-json\/wp\/v2\/media?parent=2004"}],"curies":[{"name":"wp","href":"https:\/\/api.w.org\/{rel}","templated":true}]}}