{"id":2003,"date":"2006-02-12T00:00:00","date_gmt":"2006-02-12T00:00:00","guid":{"rendered":""},"modified":"2016-08-09T19:57:29","modified_gmt":"2016-08-09T19:57:29","slug":"sample-objection-private","status":"publish","type":"page","link":"https:\/\/www.nrtw.org\/es\/sample-objection-private\/","title":{"rendered":"Muestra de una carta de objeci\u00f3n para empleados en el sector privado"},"content":{"rendered":"<p><\/p>\n<p>\n<a href=\"\/sample-objection-private\">[In English]<\/a>\n<\/p>\n<p>[<U>CARTA AL SINDICATO<\/U>: <BR \/>ENV\u00cdE POR CORREO CERTIFICADO, <BR \/>CON ACUSE DE RECIBO]<\/p>\n<p>[su direcci\u00f3n]<BR \/>[fecha]<\/p>\n<p>[nombre y direcci\u00f3n del sindicato]<\/p>\n<p>[Al funcionario adecuado del sindicato]:<\/p>\n<p>Me opongo al cobro y al gasto de una cuota por parte del sindicato para cualquier prop\u00f3sito distinto a lo que es mi parte proporcional de los costos del sindicato para la negociaci\u00f3n colectiva, la administraci\u00f3n del contrato y al ajuste de agravios; tal como es mi derecho seg\u00fan <A HREF=\"http:\/\/caselaw.findlaw.com\/cgi-bin\/getcase.pl?court=US&#038;vol=487&#038;invol=735\"><I> Communications Workers v. Beck<\/I>, 487 U.S. 735 (1988)<\/A>. Conforme a <A HREF=\"http:\/\/caselaw.findlaw.com\/cgi-bin\/getcase.pl?court=US&#038;vol=475&#038;invol=292\"><I> Teachers Local 1 v. Hudson <\/I>, 475 U.S. 292 (1986)<\/A>, y <A HREF=\"http:\/\/caselaw.lp.findlaw.com\/scripts\/getcase.pl?court=dc&#038;navby=case&#038;no=937171A\"><I>Abrams v. Communications Workers<\/I>, 59 F.3d 1373 (D.C. Cir. 1995)<\/A>, solicito que me entreguen mis derechos de procedimiento, incluyendo: la reducci\u00f3n de mis cuotas a la cantidad que incluya \u00fanicamente los costos legalmente imputables; una notificaci\u00f3n del c\u00e1lculo de esa cantidad verificado por un contador p\u00fablico certificado independiente, y una notificaci\u00f3n del procedimiento que han adoptado para conservar mis cuotas en una cuenta de reserva que devenga intereses, y darme la oportunidad de cuestionar su c\u00e1lculo y de que lo revise una persona responsable de tomar decisiones imparcial.<\/p>\n<p>[Si paga sus cuotas por medio de un descuento por n\u00f3mina, incluya este p\u00e1rrafo: Por consiguiente, tambi\u00e9n le notifico que \u00fanicamente deseo autorizar la deducci\u00f3n de cuotas de representaci\u00f3n de mi salario. Si para hacer ese cambio se me requiere firmar un nuevo formulario de autorizaci\u00f3n de la deducci\u00f3n, por favor proporci\u00f3neme el formulario necesario.]<\/p>\n<p>Le agradecer\u00eda contestar a mi solicitud sin demora. Si se siguen cobrando o gastando cuotas sin las salvaguardas de procedimiento requeridas por la ley se violar\u00e1n mis derechos seg\u00fan la  <A HREF=\"http:\/\/www4.law.cornell.edu\/uscode\/29\/151.shtml\">Ley Nacional de Relaciones del Trabajo<\/A> o la Constituci\u00f3n de los Estados Unidos.<\/p>\n<p>Finalmente, por favor considere esta objeci\u00f3n como permanente y continua en naturaleza.<\/p>\n<p>Atentamente, <br \/>[nombre]<\/p>\n<p>Si incluye el p\u00e1rrafo acerca del cambio de la autorizaci\u00f3n para el descuento de n\u00f3mina, tambi\u00e9n deber\u00eda mandarle una copia de esta carta al departamento de n\u00f3minas de su empleador.<\/p>","protected":false},"excerpt":{"rendered":"<p>[<U>LETTER TO UNION<\/U>: <BR \/>SEND BY CERTIFIED MAIL, <BR \/>RETURN RECEIPT REQUESTED]<\/p>\n<p>[your address]<BR \/>[date]<\/p>\n<p>[name and address of union]<\/p>\n<p>[To appropriate union officer]:<\/p>\n","protected":false},"author":1,"featured_media":0,"parent":0,"menu_order":0,"comment_status":"open","ping_status":"open","template":"","meta":{"_lmt_disableupdate":"","_lmt_disable":"","footnotes":""},"class_list":["post-2003","page","type-page","status-publish","hentry"],"yoast_head":"<!-- This site is optimized with the Yoast SEO plugin v27.4 - https:\/\/yoast.com\/product\/yoast-seo-wordpress\/ -->\n<title>Sample Objection Letter for Private Sector EmployeesMuestra de una carta de objeci\u00f3n para empleados en el sector privado  - National Right to Work Foundation<\/title>\n<meta name=\"robots\" content=\"index, follow, max-snippet:-1, max-image-preview:large, max-video-preview:-1\" \/>\n<link rel=\"canonical\" href=\"https:\/\/www.nrtw.org\/sample-objection-private\/\" \/>\n<meta property=\"og:locale\" content=\"es_ES\" \/>\n<meta property=\"og:type\" content=\"article\" \/>\n<meta property=\"og:title\" content=\"Sample Objection Letter for Private Sector EmployeesMuestra de una carta de objeci\u00f3n para empleados en el sector privado  - National Right to Work Foundation\" \/>\n<meta property=\"og:description\" content=\"[LETTER TO UNION: SEND BY CERTIFIED MAIL, RETURN RECEIPT REQUESTED]  [your address][date]  [name and address of union]  [To appropriate union officer]:  [LETTER TO UNION: SEND BY CERTIFIED MAIL, RETURN RECEIPT REQUESTED]  [your address][date]  [name and address of union]  [To appropriate union officer]:\" \/>\n<meta property=\"og:url\" content=\"https:\/\/www.nrtw.org\/sample-objection-private\/\" \/>\n<meta property=\"og:site_name\" content=\"National Right to Work Foundation\" \/>\n<meta property=\"article:modified_time\" content=\"2016-08-09T19:57:29+00:00\" \/>\n<meta name=\"twitter:card\" content=\"summary_large_image\" \/>\n<meta name=\"twitter:label1\" content=\"Tiempo de lectura\" \/>\n\t<meta name=\"twitter:data1\" content=\"3 minutos\" \/>\n<script type=\"application\/ld+json\" class=\"yoast-schema-graph\">{\"@context\":\"https:\\\/\\\/schema.org\",\"@graph\":[{\"@type\":\"WebPage\",\"@id\":\"https:\\\/\\\/www.nrtw.org\\\/sample-objection-private\\\/\",\"url\":\"https:\\\/\\\/www.nrtw.org\\\/sample-objection-private\\\/\",\"name\":\"Sample Objection Letter for Private Sector EmployeesMuestra de una carta de objeci\u00f3n para empleados en el sector privado - National Right to Work Foundation\",\"isPartOf\":{\"@id\":\"https:\\\/\\\/www.nrtw.org\\\/#website\"},\"datePublished\":\"2006-02-12T00:00:00+00:00\",\"dateModified\":\"2016-08-09T19:57:29+00:00\",\"inLanguage\":\"es\",\"potentialAction\":[{\"@type\":\"ReadAction\",\"target\":[\"https:\\\/\\\/www.nrtw.org\\\/sample-objection-private\\\/\"]}]},{\"@type\":\"WebSite\",\"@id\":\"https:\\\/\\\/www.nrtw.org\\\/#website\",\"url\":\"https:\\\/\\\/www.nrtw.org\\\/\",\"name\":\"National Right to Work Foundation\",\"description\":\"\",\"potentialAction\":[{\"@type\":\"SearchAction\",\"target\":{\"@type\":\"EntryPoint\",\"urlTemplate\":\"https:\\\/\\\/www.nrtw.org\\\/?s={search_term_string}\"},\"query-input\":{\"@type\":\"PropertyValueSpecification\",\"valueRequired\":true,\"valueName\":\"search_term_string\"}}],\"inLanguage\":\"es\"}]}<\/script>\n<!-- \/ Yoast SEO plugin. -->","yoast_head_json":{"title":"Sample Objection Letter for Private Sector EmployeesMuestra de una carta de objeci\u00f3n para empleados en el sector privado  - National Right to Work Foundation","robots":{"index":"index","follow":"follow","max-snippet":"max-snippet:-1","max-image-preview":"max-image-preview:large","max-video-preview":"max-video-preview:-1"},"canonical":"https:\/\/www.nrtw.org\/sample-objection-private\/","og_locale":"es_ES","og_type":"article","og_title":"Sample Objection Letter for Private Sector EmployeesMuestra de una carta de objeci\u00f3n para empleados en el sector privado  - National Right to Work Foundation","og_description":"[LETTER TO UNION: SEND BY CERTIFIED MAIL, RETURN RECEIPT REQUESTED]  [your address][date]  [name and address of union]  [To appropriate union officer]:  [LETTER TO UNION: SEND BY CERTIFIED MAIL, RETURN RECEIPT REQUESTED]  [your address][date]  [name and address of union]  [To appropriate union officer]:","og_url":"https:\/\/www.nrtw.org\/sample-objection-private\/","og_site_name":"National Right to Work Foundation","article_modified_time":"2016-08-09T19:57:29+00:00","twitter_card":"summary_large_image","twitter_misc":{"Tiempo de lectura":"3 minutos"},"schema":{"@context":"https:\/\/schema.org","@graph":[{"@type":"WebPage","@id":"https:\/\/www.nrtw.org\/sample-objection-private\/","url":"https:\/\/www.nrtw.org\/sample-objection-private\/","name":"Sample Objection Letter for Private Sector EmployeesMuestra de una carta de objeci\u00f3n para empleados en el sector privado - National Right to Work Foundation","isPartOf":{"@id":"https:\/\/www.nrtw.org\/#website"},"datePublished":"2006-02-12T00:00:00+00:00","dateModified":"2016-08-09T19:57:29+00:00","inLanguage":"es","potentialAction":[{"@type":"ReadAction","target":["https:\/\/www.nrtw.org\/sample-objection-private\/"]}]},{"@type":"WebSite","@id":"https:\/\/www.nrtw.org\/#website","url":"https:\/\/www.nrtw.org\/","name":"National Right to Work Foundation","description":"","potentialAction":[{"@type":"SearchAction","target":{"@type":"EntryPoint","urlTemplate":"https:\/\/www.nrtw.org\/?s={search_term_string}"},"query-input":{"@type":"PropertyValueSpecification","valueRequired":true,"valueName":"search_term_string"}}],"inLanguage":"es"}]}},"_links":{"self":[{"href":"https:\/\/www.nrtw.org\/es\/wp-json\/wp\/v2\/pages\/2003","targetHints":{"allow":["GET"]}}],"collection":[{"href":"https:\/\/www.nrtw.org\/es\/wp-json\/wp\/v2\/pages"}],"about":[{"href":"https:\/\/www.nrtw.org\/es\/wp-json\/wp\/v2\/types\/page"}],"author":[{"embeddable":true,"href":"https:\/\/www.nrtw.org\/es\/wp-json\/wp\/v2\/users\/1"}],"replies":[{"embeddable":true,"href":"https:\/\/www.nrtw.org\/es\/wp-json\/wp\/v2\/comments?post=2003"}],"version-history":[{"count":4,"href":"https:\/\/www.nrtw.org\/es\/wp-json\/wp\/v2\/pages\/2003\/revisions"}],"predecessor-version":[{"id":6997,"href":"https:\/\/www.nrtw.org\/es\/wp-json\/wp\/v2\/pages\/2003\/revisions\/6997"}],"wp:attachment":[{"href":"https:\/\/www.nrtw.org\/es\/wp-json\/wp\/v2\/media?parent=2003"}],"curies":[{"name":"wp","href":"https:\/\/api.w.org\/{rel}","templated":true}]}}