{"id":1996,"date":"2008-02-07T19:05:44","date_gmt":"2008-02-07T19:05:44","guid":{"rendered":""},"modified":"2016-08-09T16:46:22","modified_gmt":"2016-08-09T16:46:22","slug":"how-resign-federal","status":"publish","type":"page","link":"https:\/\/www.nrtw.org\/es\/how-resign-federal\/","title":{"rendered":"\u00bfC\u00f3mo puedo renunciar a mi membres\u00eda en el sindicato?"},"content":{"rendered":"<p><a href=\"\/how-resign-federal\">[In English]<\/a><\/p>\n<p>A los empleados del gobierno federal se les garantiza por ley el derecho a abstenerse de ayudar o unirse a un sindicato. <I>V\u00e9ase<\/I> <A HREF=\"http:\/\/www4.law.cornell.edu\/uscode\/5\/7102.shtml\">5 U.S.C. &sect; 7102<\/A> (generalmente empleados federales); <A HREF=\"http:\/\/www4.law.cornell.edu\/uscode\/39\/1209.shtml\">39 U.S.C. &sect; 1209(c)<\/A> (empleados postales). (U.S.C. son las siglas para United States Code (C\u00f3digo de los Estados Unidos&quo;) Esto significa que usted tiene el derecho de renunciar a la membres\u00eda en un sindicato y a dejar de pagar cuotas.\n<\/p>\n<p>\nLa decisi\u00f3n de si renunciar o no es completamente suya. Al no ser miembro, no estar\u00eda sujeto a las reglas ni a las medidas disciplinarias del sindicato. El sindicato tendr\u00eda que seguir represent\u00e1ndolo de manera justa y sin discriminaci\u00f3n en todos los asuntos sujetos a la negociaci\u00f3n colectiva, la administraci\u00f3n del contrato y el ajuste de agravios, y no se le puede negar ninguna prestaci\u00f3n de acuerdo con el contrato laboral con su empleador debido a no ser miembro. Por otro lado, no tendr\u00eda el derecho a votar en la ratificaci\u00f3n del contrato ni en la elecci\u00f3n de funcionarios sindicales, y puede haber prestaciones otorgadas bajo la constituci\u00f3n del sindicato que no est\u00e9n disponibles para los que no son miembros.\n<\/p>\n<p>\nPuede renunciar simplemente present\u00e1ndole una carta escrita a su sindicato indicando esto. Si  autoriz\u00f3 que se le descontaran las cuotas de su sueldo, tambi\u00e9n necesitar\u00e1 notificarle a su empleador que desea revocar esa autorizaci\u00f3n. Si firm\u00f3 la autorizaci\u00f3n hace menos de un a\u00f1o, o si se renueva autom\u00e1ticamente cada a\u00f1o, es posible que la revocaci\u00f3n no entre en vigor sino hasta el final del a\u00f1o actual de autorizaci\u00f3n. Es recomendable obtener una copia de su autorizaci\u00f3n de n\u00f3mina y revisarla.\n<\/p>\n<p>\nSi decide renunciar y su sindicato o empleador se reh\u00fasa a aceptar su renuncia, tendr\u00eda el derecho de presentar cargos de pr\u00e1cticas il\u00edcitas del trabajo en contra de ellos, ante la Autoridad de Relaciones Federales del Trabajo (generalmente para empleados federales) o ante la Junta Nacional de Relaciones del Trabajo (empleados postales \u00fanicamente).  Sin embargo, debe estar consciente de que los reclamos concernientes a conducta que ocurri\u00f3 m\u00e1s de seis meses antes de la presentaci\u00f3n de cargos pueden haber prescrito, as\u00ed es que es importante presentar los reclamos con prontitud.\n<\/p>\n<p>\n<A HREF=\"\/es\/sample-resignation-federal\">Haga clic aqu\u00ed<\/A> si quiere ver un ejemplo de una carta de renuncia.\n<\/p>\n<p><\/p>","protected":false},"excerpt":{"rendered":"<p>Employees of the federal government by law are guaranteed the right to refrain from joining or assisting a union. <I>See<\/I> <A HREF=\"http:\/\/www4.law.cornell.edu\/uscode\/5\/7102.shtml\">5 U.S.C. &sect; 7102<\/A> (federal employees generally); <A HREF=\"http:\/\/www4.law.cornell.edu\/uscode\/39\/1209.shtml\">39 U.S.C. &sect; 1209(c)<\/A> (postal employees). (U.S.C. stands for &quot;United States Code.&quot;) This means that you have the right to resign from union membership, and stop paying dues.<\/p>\n","protected":false},"author":1,"featured_media":0,"parent":0,"menu_order":0,"comment_status":"open","ping_status":"open","template":"","meta":{"_lmt_disableupdate":"","_lmt_disable":"","footnotes":""},"class_list":["post-1996","page","type-page","status-publish","hentry"],"yoast_head":"<!-- This site is optimized with the Yoast SEO plugin v27.4 - https:\/\/yoast.com\/product\/yoast-seo-wordpress\/ -->\n<title>How can I resign my union membership? (Federal Government Employee)\u00bfC\u00f3mo puedo renunciar a mi membres\u00eda en el sindicato?  - National Right to Work Foundation<\/title>\n<meta name=\"robots\" content=\"index, follow, max-snippet:-1, max-image-preview:large, max-video-preview:-1\" \/>\n<link rel=\"canonical\" href=\"https:\/\/www.nrtw.org\/how-resign-federal\/\" \/>\n<meta property=\"og:locale\" content=\"es_ES\" \/>\n<meta property=\"og:type\" content=\"article\" \/>\n<meta property=\"og:title\" content=\"How can I resign my union membership? (Federal Government Employee)\u00bfC\u00f3mo puedo renunciar a mi membres\u00eda en el sindicato?  - National Right to Work Foundation\" \/>\n<meta property=\"og:description\" content=\"Employees of the federal government by law are guaranteed the right to refrain from joining or assisting a union. See 5 U.S.C. &sect; 7102 (federal employees generally); 39 U.S.C. &sect; 1209(c) (postal employees). (U.S.C. stands for &quot;United States Code.&quot;) This means that you have the right to resign from union membership, and stop paying dues.   Employees of the federal government by law are guaranteed the right to refrain from joining or assisting a union. See 5 U.S.C. &sect; 7102 (federal employees generally); 39 U.S.C. &sect; 1209(c) (postal employees). (U.S.C. stands for &quot;United States Code.&quot;) This means that you have the right to resign from union membership, and stop paying dues.\" \/>\n<meta property=\"og:url\" content=\"https:\/\/www.nrtw.org\/how-resign-federal\/\" \/>\n<meta property=\"og:site_name\" content=\"National Right to Work Foundation\" \/>\n<meta property=\"article:modified_time\" content=\"2016-08-09T16:46:22+00:00\" \/>\n<meta name=\"twitter:card\" content=\"summary_large_image\" \/>\n<meta name=\"twitter:label1\" content=\"Tiempo de lectura\" \/>\n\t<meta name=\"twitter:data1\" content=\"4 minutos\" \/>\n<script type=\"application\/ld+json\" class=\"yoast-schema-graph\">{\"@context\":\"https:\\\/\\\/schema.org\",\"@graph\":[{\"@type\":\"WebPage\",\"@id\":\"https:\\\/\\\/www.nrtw.org\\\/how-resign-federal\\\/\",\"url\":\"https:\\\/\\\/www.nrtw.org\\\/how-resign-federal\\\/\",\"name\":\"How can I resign my union membership? (Federal Government Employee)\u00bfC\u00f3mo puedo renunciar a mi membres\u00eda en el sindicato? - National Right to Work Foundation\",\"isPartOf\":{\"@id\":\"https:\\\/\\\/www.nrtw.org\\\/#website\"},\"datePublished\":\"2008-02-07T19:05:44+00:00\",\"dateModified\":\"2016-08-09T16:46:22+00:00\",\"inLanguage\":\"es\",\"potentialAction\":[{\"@type\":\"ReadAction\",\"target\":[\"https:\\\/\\\/www.nrtw.org\\\/how-resign-federal\\\/\"]}]},{\"@type\":\"WebSite\",\"@id\":\"https:\\\/\\\/www.nrtw.org\\\/#website\",\"url\":\"https:\\\/\\\/www.nrtw.org\\\/\",\"name\":\"National Right to Work Foundation\",\"description\":\"\",\"potentialAction\":[{\"@type\":\"SearchAction\",\"target\":{\"@type\":\"EntryPoint\",\"urlTemplate\":\"https:\\\/\\\/www.nrtw.org\\\/?s={search_term_string}\"},\"query-input\":{\"@type\":\"PropertyValueSpecification\",\"valueRequired\":true,\"valueName\":\"search_term_string\"}}],\"inLanguage\":\"es\"}]}<\/script>\n<!-- \/ Yoast SEO plugin. -->","yoast_head_json":{"title":"How can I resign my union membership? (Federal Government Employee)\u00bfC\u00f3mo puedo renunciar a mi membres\u00eda en el sindicato?  - National Right to Work Foundation","robots":{"index":"index","follow":"follow","max-snippet":"max-snippet:-1","max-image-preview":"max-image-preview:large","max-video-preview":"max-video-preview:-1"},"canonical":"https:\/\/www.nrtw.org\/how-resign-federal\/","og_locale":"es_ES","og_type":"article","og_title":"How can I resign my union membership? (Federal Government Employee)\u00bfC\u00f3mo puedo renunciar a mi membres\u00eda en el sindicato?  - National Right to Work Foundation","og_description":"Employees of the federal government by law are guaranteed the right to refrain from joining or assisting a union. See 5 U.S.C. &sect; 7102 (federal employees generally); 39 U.S.C. &sect; 1209(c) (postal employees). (U.S.C. stands for &quot;United States Code.&quot;) This means that you have the right to resign from union membership, and stop paying dues.   Employees of the federal government by law are guaranteed the right to refrain from joining or assisting a union. See 5 U.S.C. &sect; 7102 (federal employees generally); 39 U.S.C. &sect; 1209(c) (postal employees). (U.S.C. stands for &quot;United States Code.&quot;) This means that you have the right to resign from union membership, and stop paying dues.","og_url":"https:\/\/www.nrtw.org\/how-resign-federal\/","og_site_name":"National Right to Work Foundation","article_modified_time":"2016-08-09T16:46:22+00:00","twitter_card":"summary_large_image","twitter_misc":{"Tiempo de lectura":"4 minutos"},"schema":{"@context":"https:\/\/schema.org","@graph":[{"@type":"WebPage","@id":"https:\/\/www.nrtw.org\/how-resign-federal\/","url":"https:\/\/www.nrtw.org\/how-resign-federal\/","name":"How can I resign my union membership? (Federal Government Employee)\u00bfC\u00f3mo puedo renunciar a mi membres\u00eda en el sindicato? - National Right to Work Foundation","isPartOf":{"@id":"https:\/\/www.nrtw.org\/#website"},"datePublished":"2008-02-07T19:05:44+00:00","dateModified":"2016-08-09T16:46:22+00:00","inLanguage":"es","potentialAction":[{"@type":"ReadAction","target":["https:\/\/www.nrtw.org\/how-resign-federal\/"]}]},{"@type":"WebSite","@id":"https:\/\/www.nrtw.org\/#website","url":"https:\/\/www.nrtw.org\/","name":"National Right to Work Foundation","description":"","potentialAction":[{"@type":"SearchAction","target":{"@type":"EntryPoint","urlTemplate":"https:\/\/www.nrtw.org\/?s={search_term_string}"},"query-input":{"@type":"PropertyValueSpecification","valueRequired":true,"valueName":"search_term_string"}}],"inLanguage":"es"}]}},"_links":{"self":[{"href":"https:\/\/www.nrtw.org\/es\/wp-json\/wp\/v2\/pages\/1996","targetHints":{"allow":["GET"]}}],"collection":[{"href":"https:\/\/www.nrtw.org\/es\/wp-json\/wp\/v2\/pages"}],"about":[{"href":"https:\/\/www.nrtw.org\/es\/wp-json\/wp\/v2\/types\/page"}],"author":[{"embeddable":true,"href":"https:\/\/www.nrtw.org\/es\/wp-json\/wp\/v2\/users\/1"}],"replies":[{"embeddable":true,"href":"https:\/\/www.nrtw.org\/es\/wp-json\/wp\/v2\/comments?post=1996"}],"version-history":[{"count":9,"href":"https:\/\/www.nrtw.org\/es\/wp-json\/wp\/v2\/pages\/1996\/revisions"}],"predecessor-version":[{"id":5561,"href":"https:\/\/www.nrtw.org\/es\/wp-json\/wp\/v2\/pages\/1996\/revisions\/5561"}],"wp:attachment":[{"href":"https:\/\/www.nrtw.org\/es\/wp-json\/wp\/v2\/media?parent=1996"}],"curies":[{"name":"wp","href":"https:\/\/api.w.org\/{rel}","templated":true}]}}