{"id":1972,"date":"2008-02-06T00:00:00","date_gmt":"2008-02-06T00:00:00","guid":{"rendered":""},"modified":"2016-06-27T21:40:04","modified_gmt":"2016-06-27T21:40:04","slug":"if-i-work-in-a-right-to-work-state-can-i-resign-my-union-membership-and-cut-off-any-further-dues-collections-from-my-salary-4","status":"publish","type":"page","link":"https:\/\/www.nrtw.org\/es\/if-i-work-in-a-right-to-work-state-can-i-resign-my-union-membership-and-cut-off-any-further-dues-collections-from-my-salary-4\/","title":{"rendered":"Si trabajo en un estado con Derecho al Trabajo, \u00bfpuedo renunciar a mi membres\u00eda en el sindicato y evitar que se sigan cobrando c"},"content":{"rendered":"<p><b>Si trabajo en un estado con Derecho al Trabajo, \u00bfpuedo renunciar a mi membres\u00eda en el sindicato y evitar que se sigan cobrando cuotas de mi salario?<\/b><\/p>\n<p>Si trabaja para una agencia gubernamental local o estatal, o una escuela p\u00fablica, colegio o universidad en un estado con Derecho al Trabajo, tiene el derecho de renunciar a su sindicato y a no pagar cuotas sindicales. Tiene el derecho de renunciar a su membres\u00eda en el sindicato en <strong>cualquier<\/strong> momento, salvo que haya firmado voluntariamente un convenio o una solicitud de membres\u00eda que ponga restricciones sobre cu\u00e1ndo se puede renunciar. <\/p>\n<p>Por supuesto que la decisi\u00f3n de renunciar es completamente suya. Como un no miembro en un <a href=\"\/es\/estados-con-derecho-al-trabajo\">estado con Derecho al Trabajo<\/a>, tiene el derecho de descontinuar todos los pagos al sindicato, y no estar\u00e1 sujeto a las reglas del sindicato ni a la disciplina interna. Por ejemplo, los que no son miembros no est\u00e1n sujetos a las reglas del sindicato en contra de trabajar durante una huelga. <\/p>\n<p>Si es miembro del sindicato y trabaja durante una huelga, el sindicato podr\u00eda imponerle una multa y cobrar esa multa en un tribunal estatal. <\/p>\n<p>Si renuncia a su membres\u00eda en el sindicato y revoca su autorizaci\u00f3n de deducci\u00f3n de cuotas sindicales, y su empleador estatal o gubernamental tiene un convenio de negociaci\u00f3n colectiva, el sindicato tendr\u00eda que seguir represent\u00e1ndolo en forma justa y sin discriminaci\u00f3n respecto a todos los asuntos sujetos a la negociaci\u00f3n colectiva y no se le puede negar ninguna prestaci\u00f3n de acuerdo con el contrato laboral con su empleador a causa de no ser miembro. <\/p>\n<p>Por otro lado, como no miembro, no tendr\u00eda el derecho a votar sobre la ratificaci\u00f3n del contrato ni en la elecci\u00f3n de funcionarios del sindicato, y puede haber prestaciones otorgadas seg\u00fan el acta constitutiva del sindicato que no est\u00e9n disponibles a los que no son miembros. Esas prestaciones podr\u00edan incluir seguir participando en el plan de jubilaci\u00f3n para miembros solamente. (Su participaci\u00f3n en un plan de pensi\u00f3n financiado por su empleador o financiado conjuntamente con su empleador que se otorga como una prestaci\u00f3n al empleado no puede estar afectada negativamente por no ser miembro del sindicato.) <\/p>\n<p> En un <a href=\"\/es\/estados-con-derecho-al-trabajo\">estado con Derecho al Trabajo<\/a>, puede renunciar a su membres\u00eda en el sindicato simplemente envi\u00e1ndole una carta escrita a su sindicato declarando que est\u00e1 renunciando con efecto inmediato. Deber\u00eda de verificar el acta constitutiva y los estatutos de su sindicato para ver si contiene alguna disposici\u00f3n que especifique a qui\u00e9n se le debe de enviar la carta de renuncia.  Dichos requisitos pueden ser legales. <\/p>\n<p> Si ha autorizado un descuento de n\u00f3mina para las cuotas del sindicato y desea revocar esa autorizaci\u00f3n, tambi\u00e9n deber\u00eda notificarle al sindicato y a su empleador que desea revocar esa autorizaci\u00f3n. Es posible que el formulario para la autorizaci\u00f3n de deducci\u00f3n de cuotas sindicales que firm\u00f3 incluya una restricci\u00f3n en cuanto al periodo para revocarla. La validez de la restricci\u00f3n despu\u00e9s de su renuncia depende del lenguaje exacto que contenga el formulario. Aunque renuncie a su membres\u00eda en un <a href=\"\/es\/estados-con-derecho-al-trabajo\">estado con Derecho al Trabajo<\/a>, es posible que tenga que esperar hasta que pase un \u00abespacio de tiempo\u00bb designado para revocar la autorizaci\u00f3n de deducci\u00f3n de cuotas sindicales. Revise cuidadosamente el lenguaje de la autorizaci\u00f3n de deducci\u00f3n de cuotas sindicales especifica que firm\u00f3, y contacte a la Fundaci\u00f3n si tiene alguna pregunta sobre su significado o su posibilidad de revocarla inmediatamente en un <a href=\"\/es\/estados-con-derecho-al-trabajo\">estado con Derecho al Trabajo<\/a>. <\/p>\n<p> Si decide renunciar y revocar su autorizaci\u00f3n de deducci\u00f3n de cuotas sindicales, conserve copias de sus cartas para sus archivos. Deber\u00eda mandar dichas cartas por correo certificado con acuse de recibo para que el sindicato y su empleador no puedan decir que no las recibieron. Si su sindicato o empleador se reh\u00fasan a aceptar su renuncia o su revocaci\u00f3n de las cuotas, deber\u00eda comunicarse con la Fundaci\u00f3n inmediatamente si desea ayuda. Deber\u00eda ser consciente de que puede existir un l\u00edmite de tiempo para presentar los reclamos, y por eso es importante presentar los reclamos con prontitud. <\/p>\n<p> La intenci\u00f3n de esta informaci\u00f3n no es recomendarle a que renuncie a su sindicato, ni que revoque su autorizaci\u00f3n de deducci\u00f3n de cuotas sindicales. La intenci\u00f3n es simplemente explicarle sus derechos legales en este tipo de situaci\u00f3n. <\/p>\n<p> <a href=\"\/es\/sample-union-resignation-letter-for-public-sector-employees-in-right-to-work-states-2\" target=\"\">Haga clic aqu\u00ed<\/a> si desea ver una muestra de una carta para renunciar a su sindicato y revocar la autorizaci\u00f3n de deducci\u00f3n de cuotas sindicales.<br \/>\n<\/p>","protected":false},"excerpt":{"rendered":"<p>Si trabajo en un estado con Derecho al Trabajo, \u00bfpuedo renunciar a mi membres\u00eda en el sindicato y evitar que se sigan cobrando cuotas de mi salario? Si trabaja para una agencia gubernamental local o estatal, o una escuela p\u00fablica, colegio o universidad en un estado con Derecho al Trabajo, tiene el derecho de renunciar [&hellip;]<\/p>\n","protected":false},"author":2,"featured_media":0,"parent":0,"menu_order":0,"comment_status":"open","ping_status":"open","template":"","meta":{"_lmt_disableupdate":"","_lmt_disable":"","footnotes":""},"class_list":["post-1972","page","type-page","status-publish","hentry"],"yoast_head":"<!-- This site is optimized with the Yoast SEO plugin v27.6 - https:\/\/yoast.com\/product\/yoast-seo-wordpress\/ -->\n<title>If I work in a Right to Work state, can I resign my union membership and cut off any further dues collections from my salary?Si trabajo en un estado con Derecho al Trabajo, \u00bfpuedo renunciar a mi membres\u00eda en el sindicato y evitar que se sigan cobrando c  - National Right to Work Foundation<\/title>\n<meta name=\"robots\" content=\"index, follow, max-snippet:-1, max-image-preview:large, max-video-preview:-1\" \/>\n<link rel=\"canonical\" href=\"https:\/\/www.nrtw.org\/if-i-work-in-a-right-to-work-state-can-i-resign-my-union-membership-and-cut-off-any-further-dues-collections-from-my-salary-4\/\" \/>\n<meta property=\"og:locale\" content=\"es_ES\" \/>\n<meta property=\"og:type\" content=\"article\" \/>\n<meta property=\"og:title\" content=\"If I work in a Right to Work state, can I resign my union membership and cut off any further dues collections from my salary?Si trabajo en un estado con Derecho al Trabajo, \u00bfpuedo renunciar a mi membres\u00eda en el sindicato y evitar que se sigan cobrando c  - National Right to Work Foundation\" \/>\n<meta property=\"og:description\" content=\"Si trabajo en un estado con Derecho al Trabajo, \u00bfpuedo renunciar a mi membres\u00eda en el sindicato y evitar que se sigan cobrando cuotas de mi salario? Si trabaja para una agencia gubernamental local o estatal, o una escuela p\u00fablica, colegio o universidad en un estado con Derecho al Trabajo, tiene el derecho de renunciar [&hellip;]\" \/>\n<meta property=\"og:url\" content=\"https:\/\/www.nrtw.org\/if-i-work-in-a-right-to-work-state-can-i-resign-my-union-membership-and-cut-off-any-further-dues-collections-from-my-salary-4\/\" \/>\n<meta property=\"og:site_name\" content=\"National Right to Work Foundation\" \/>\n<meta property=\"article:modified_time\" content=\"2016-06-27T21:40:04+00:00\" \/>\n<meta name=\"twitter:card\" content=\"summary_large_image\" \/>\n<meta name=\"twitter:label1\" content=\"Tiempo de lectura\" \/>\n\t<meta name=\"twitter:data1\" content=\"7 minutos\" \/>\n<script type=\"application\/ld+json\" class=\"yoast-schema-graph\">{\"@context\":\"https:\\\/\\\/schema.org\",\"@graph\":[{\"@type\":\"WebPage\",\"@id\":\"https:\\\/\\\/www.nrtw.org\\\/if-i-work-in-a-right-to-work-state-can-i-resign-my-union-membership-and-cut-off-any-further-dues-collections-from-my-salary-4\\\/\",\"url\":\"https:\\\/\\\/www.nrtw.org\\\/if-i-work-in-a-right-to-work-state-can-i-resign-my-union-membership-and-cut-off-any-further-dues-collections-from-my-salary-4\\\/\",\"name\":\"If I work in a Right to Work state, can I resign my union membership and cut off any further dues collections from my salary?Si trabajo en un estado con Derecho al Trabajo, \u00bfpuedo renunciar a mi membres\u00eda en el sindicato y evitar que se sigan cobrando c - National Right to Work Foundation\",\"isPartOf\":{\"@id\":\"https:\\\/\\\/www.nrtw.org\\\/#website\"},\"datePublished\":\"2008-02-06T00:00:00+00:00\",\"dateModified\":\"2016-06-27T21:40:04+00:00\",\"inLanguage\":\"es\",\"potentialAction\":[{\"@type\":\"ReadAction\",\"target\":[\"https:\\\/\\\/www.nrtw.org\\\/if-i-work-in-a-right-to-work-state-can-i-resign-my-union-membership-and-cut-off-any-further-dues-collections-from-my-salary-4\\\/\"]}]},{\"@type\":\"WebSite\",\"@id\":\"https:\\\/\\\/www.nrtw.org\\\/#website\",\"url\":\"https:\\\/\\\/www.nrtw.org\\\/\",\"name\":\"National Right to Work Foundation\",\"description\":\"\",\"potentialAction\":[{\"@type\":\"SearchAction\",\"target\":{\"@type\":\"EntryPoint\",\"urlTemplate\":\"https:\\\/\\\/www.nrtw.org\\\/?s={search_term_string}\"},\"query-input\":{\"@type\":\"PropertyValueSpecification\",\"valueRequired\":true,\"valueName\":\"search_term_string\"}}],\"inLanguage\":\"es\"}]}<\/script>\n<!-- \/ Yoast SEO plugin. -->","yoast_head_json":{"title":"If I work in a Right to Work state, can I resign my union membership and cut off any further dues collections from my salary?Si trabajo en un estado con Derecho al Trabajo, \u00bfpuedo renunciar a mi membres\u00eda en el sindicato y evitar que se sigan cobrando c  - National Right to Work Foundation","robots":{"index":"index","follow":"follow","max-snippet":"max-snippet:-1","max-image-preview":"max-image-preview:large","max-video-preview":"max-video-preview:-1"},"canonical":"https:\/\/www.nrtw.org\/if-i-work-in-a-right-to-work-state-can-i-resign-my-union-membership-and-cut-off-any-further-dues-collections-from-my-salary-4\/","og_locale":"es_ES","og_type":"article","og_title":"If I work in a Right to Work state, can I resign my union membership and cut off any further dues collections from my salary?Si trabajo en un estado con Derecho al Trabajo, \u00bfpuedo renunciar a mi membres\u00eda en el sindicato y evitar que se sigan cobrando c  - National Right to Work Foundation","og_description":"Si trabajo en un estado con Derecho al Trabajo, \u00bfpuedo renunciar a mi membres\u00eda en el sindicato y evitar que se sigan cobrando cuotas de mi salario? Si trabaja para una agencia gubernamental local o estatal, o una escuela p\u00fablica, colegio o universidad en un estado con Derecho al Trabajo, tiene el derecho de renunciar [&hellip;]","og_url":"https:\/\/www.nrtw.org\/if-i-work-in-a-right-to-work-state-can-i-resign-my-union-membership-and-cut-off-any-further-dues-collections-from-my-salary-4\/","og_site_name":"National Right to Work Foundation","article_modified_time":"2016-06-27T21:40:04+00:00","twitter_card":"summary_large_image","twitter_misc":{"Tiempo de lectura":"7 minutos"},"schema":{"@context":"https:\/\/schema.org","@graph":[{"@type":"WebPage","@id":"https:\/\/www.nrtw.org\/if-i-work-in-a-right-to-work-state-can-i-resign-my-union-membership-and-cut-off-any-further-dues-collections-from-my-salary-4\/","url":"https:\/\/www.nrtw.org\/if-i-work-in-a-right-to-work-state-can-i-resign-my-union-membership-and-cut-off-any-further-dues-collections-from-my-salary-4\/","name":"If I work in a Right to Work state, can I resign my union membership and cut off any further dues collections from my salary?Si trabajo en un estado con Derecho al Trabajo, \u00bfpuedo renunciar a mi membres\u00eda en el sindicato y evitar que se sigan cobrando c - National Right to Work Foundation","isPartOf":{"@id":"https:\/\/www.nrtw.org\/#website"},"datePublished":"2008-02-06T00:00:00+00:00","dateModified":"2016-06-27T21:40:04+00:00","inLanguage":"es","potentialAction":[{"@type":"ReadAction","target":["https:\/\/www.nrtw.org\/if-i-work-in-a-right-to-work-state-can-i-resign-my-union-membership-and-cut-off-any-further-dues-collections-from-my-salary-4\/"]}]},{"@type":"WebSite","@id":"https:\/\/www.nrtw.org\/#website","url":"https:\/\/www.nrtw.org\/","name":"National Right to Work Foundation","description":"","potentialAction":[{"@type":"SearchAction","target":{"@type":"EntryPoint","urlTemplate":"https:\/\/www.nrtw.org\/?s={search_term_string}"},"query-input":{"@type":"PropertyValueSpecification","valueRequired":true,"valueName":"search_term_string"}}],"inLanguage":"es"}]}},"_links":{"self":[{"href":"https:\/\/www.nrtw.org\/es\/wp-json\/wp\/v2\/pages\/1972","targetHints":{"allow":["GET"]}}],"collection":[{"href":"https:\/\/www.nrtw.org\/es\/wp-json\/wp\/v2\/pages"}],"about":[{"href":"https:\/\/www.nrtw.org\/es\/wp-json\/wp\/v2\/types\/page"}],"author":[{"embeddable":true,"href":"https:\/\/www.nrtw.org\/es\/wp-json\/wp\/v2\/users\/2"}],"replies":[{"embeddable":true,"href":"https:\/\/www.nrtw.org\/es\/wp-json\/wp\/v2\/comments?post=1972"}],"version-history":[{"count":2,"href":"https:\/\/www.nrtw.org\/es\/wp-json\/wp\/v2\/pages\/1972\/revisions"}],"predecessor-version":[{"id":4094,"href":"https:\/\/www.nrtw.org\/es\/wp-json\/wp\/v2\/pages\/1972\/revisions\/4094"}],"wp:attachment":[{"href":"https:\/\/www.nrtw.org\/es\/wp-json\/wp\/v2\/media?parent=1972"}],"curies":[{"name":"wp","href":"https:\/\/api.w.org\/{rel}","templated":true}]}}