{"id":1946,"date":"2008-02-06T00:00:00","date_gmt":"2008-02-06T00:00:00","guid":{"rendered":""},"modified":"2016-06-13T19:17:27","modified_gmt":"2016-06-13T19:17:27","slug":"what-if-i-am-a-victim-of-union-violence-2","status":"publish","type":"page","link":"https:\/\/www.nrtw.org\/es\/what-if-i-am-a-victim-of-union-violence-2\/","title":{"rendered":"\u00bfQu\u00e9 hago si soy v\u00edctima de la violencia sindical?"},"content":{"rendered":"<p>Si usted o alguien en su familia ha sido v\u00edctima de la violencia sindical en los \u00faltimos tres a\u00f1os, le recomendamos que llame a la Fundaci\u00f3n al tel\u00e9fono sin cobrar 1-800-336-3600 y pida hablar con un abogado.<\/p>","protected":false},"excerpt":{"rendered":"<p>Si usted o alguien en su familia ha sido v\u00edctima de la violencia sindical en los \u00faltimos tres a\u00f1os, le recomendamos que llame a la Fundaci\u00f3n al tel\u00e9fono sin cobrar 1-800-336-3600 y pida hablar con un abogado.<\/p>\n","protected":false},"author":2,"featured_media":0,"parent":0,"menu_order":0,"comment_status":"open","ping_status":"open","template":"","meta":{"_lmt_disableupdate":"","_lmt_disable":"","footnotes":""},"class_list":["post-1946","page","type-page","status-publish","hentry"],"yoast_head":"<!-- This site is optimized with the Yoast SEO plugin v27.6 - https:\/\/yoast.com\/product\/yoast-seo-wordpress\/ -->\n<title>What if I am a victim of union violence?\u00bfQu\u00e9 hago si soy v\u00edctima de la violencia sindical?  - National Right to Work Foundation<\/title>\n<meta name=\"robots\" content=\"index, follow, max-snippet:-1, max-image-preview:large, max-video-preview:-1\" \/>\n<link rel=\"canonical\" href=\"https:\/\/www.nrtw.org\/what-if-i-am-a-victim-of-union-violence-2\/\" \/>\n<meta property=\"og:locale\" content=\"es_ES\" \/>\n<meta property=\"og:type\" content=\"article\" \/>\n<meta property=\"og:title\" content=\"What if I am a victim of union violence?\u00bfQu\u00e9 hago si soy v\u00edctima de la violencia sindical?  - National Right to Work Foundation\" \/>\n<meta property=\"og:description\" content=\"Si usted o alguien en su familia ha sido v\u00edctima de la violencia sindical en los \u00faltimos tres a\u00f1os, le recomendamos que llame a la Fundaci\u00f3n al tel\u00e9fono sin cobrar 1-800-336-3600 y pida hablar con un abogado.\" \/>\n<meta property=\"og:url\" content=\"https:\/\/www.nrtw.org\/what-if-i-am-a-victim-of-union-violence-2\/\" \/>\n<meta property=\"og:site_name\" content=\"National Right to Work Foundation\" \/>\n<meta property=\"article:modified_time\" content=\"2016-06-13T19:17:27+00:00\" \/>\n<meta name=\"twitter:card\" content=\"summary_large_image\" \/>\n<script type=\"application\/ld+json\" class=\"yoast-schema-graph\">{\"@context\":\"https:\\\/\\\/schema.org\",\"@graph\":[{\"@type\":\"WebPage\",\"@id\":\"https:\\\/\\\/www.nrtw.org\\\/what-if-i-am-a-victim-of-union-violence-2\\\/\",\"url\":\"https:\\\/\\\/www.nrtw.org\\\/what-if-i-am-a-victim-of-union-violence-2\\\/\",\"name\":\"What if I am a victim of union violence?\u00bfQu\u00e9 hago si soy v\u00edctima de la violencia sindical? - National Right to Work Foundation\",\"isPartOf\":{\"@id\":\"https:\\\/\\\/www.nrtw.org\\\/#website\"},\"datePublished\":\"2008-02-06T00:00:00+00:00\",\"dateModified\":\"2016-06-13T19:17:27+00:00\",\"inLanguage\":\"es\",\"potentialAction\":[{\"@type\":\"ReadAction\",\"target\":[\"https:\\\/\\\/www.nrtw.org\\\/what-if-i-am-a-victim-of-union-violence-2\\\/\"]}]},{\"@type\":\"WebSite\",\"@id\":\"https:\\\/\\\/www.nrtw.org\\\/#website\",\"url\":\"https:\\\/\\\/www.nrtw.org\\\/\",\"name\":\"National Right to Work Foundation\",\"description\":\"\",\"potentialAction\":[{\"@type\":\"SearchAction\",\"target\":{\"@type\":\"EntryPoint\",\"urlTemplate\":\"https:\\\/\\\/www.nrtw.org\\\/?s={search_term_string}\"},\"query-input\":{\"@type\":\"PropertyValueSpecification\",\"valueRequired\":true,\"valueName\":\"search_term_string\"}}],\"inLanguage\":\"es\"}]}<\/script>\n<!-- \/ Yoast SEO plugin. -->","yoast_head_json":{"title":"What if I am a victim of union violence?\u00bfQu\u00e9 hago si soy v\u00edctima de la violencia sindical?  - National Right to Work Foundation","robots":{"index":"index","follow":"follow","max-snippet":"max-snippet:-1","max-image-preview":"max-image-preview:large","max-video-preview":"max-video-preview:-1"},"canonical":"https:\/\/www.nrtw.org\/what-if-i-am-a-victim-of-union-violence-2\/","og_locale":"es_ES","og_type":"article","og_title":"What if I am a victim of union violence?\u00bfQu\u00e9 hago si soy v\u00edctima de la violencia sindical?  - National Right to Work Foundation","og_description":"Si usted o alguien en su familia ha sido v\u00edctima de la violencia sindical en los \u00faltimos tres a\u00f1os, le recomendamos que llame a la Fundaci\u00f3n al tel\u00e9fono sin cobrar 1-800-336-3600 y pida hablar con un abogado.","og_url":"https:\/\/www.nrtw.org\/what-if-i-am-a-victim-of-union-violence-2\/","og_site_name":"National Right to Work Foundation","article_modified_time":"2016-06-13T19:17:27+00:00","twitter_card":"summary_large_image","schema":{"@context":"https:\/\/schema.org","@graph":[{"@type":"WebPage","@id":"https:\/\/www.nrtw.org\/what-if-i-am-a-victim-of-union-violence-2\/","url":"https:\/\/www.nrtw.org\/what-if-i-am-a-victim-of-union-violence-2\/","name":"What if I am a victim of union violence?\u00bfQu\u00e9 hago si soy v\u00edctima de la violencia sindical? - National Right to Work Foundation","isPartOf":{"@id":"https:\/\/www.nrtw.org\/#website"},"datePublished":"2008-02-06T00:00:00+00:00","dateModified":"2016-06-13T19:17:27+00:00","inLanguage":"es","potentialAction":[{"@type":"ReadAction","target":["https:\/\/www.nrtw.org\/what-if-i-am-a-victim-of-union-violence-2\/"]}]},{"@type":"WebSite","@id":"https:\/\/www.nrtw.org\/#website","url":"https:\/\/www.nrtw.org\/","name":"National Right to Work Foundation","description":"","potentialAction":[{"@type":"SearchAction","target":{"@type":"EntryPoint","urlTemplate":"https:\/\/www.nrtw.org\/?s={search_term_string}"},"query-input":{"@type":"PropertyValueSpecification","valueRequired":true,"valueName":"search_term_string"}}],"inLanguage":"es"}]}},"_links":{"self":[{"href":"https:\/\/www.nrtw.org\/es\/wp-json\/wp\/v2\/pages\/1946","targetHints":{"allow":["GET"]}}],"collection":[{"href":"https:\/\/www.nrtw.org\/es\/wp-json\/wp\/v2\/pages"}],"about":[{"href":"https:\/\/www.nrtw.org\/es\/wp-json\/wp\/v2\/types\/page"}],"author":[{"embeddable":true,"href":"https:\/\/www.nrtw.org\/es\/wp-json\/wp\/v2\/users\/2"}],"replies":[{"embeddable":true,"href":"https:\/\/www.nrtw.org\/es\/wp-json\/wp\/v2\/comments?post=1946"}],"version-history":[{"count":1,"href":"https:\/\/www.nrtw.org\/es\/wp-json\/wp\/v2\/pages\/1946\/revisions"}],"predecessor-version":[{"id":3807,"href":"https:\/\/www.nrtw.org\/es\/wp-json\/wp\/v2\/pages\/1946\/revisions\/3807"}],"wp:attachment":[{"href":"https:\/\/www.nrtw.org\/es\/wp-json\/wp\/v2\/media?parent=1946"}],"curies":[{"name":"wp","href":"https:\/\/api.w.org\/{rel}","templated":true}]}}