{"id":1937,"date":"2008-02-06T00:00:00","date_gmt":"2008-02-06T00:00:00","guid":{"rendered":""},"modified":"2019-05-01T10:15:18","modified_gmt":"2019-05-01T15:15:18","slug":"object-nonbargaining-public","status":"publish","type":"page","link":"https:\/\/www.nrtw.org\/es\/object-nonbargaining-public\/","title":{"rendered":"\u00bfC\u00f3mo puedo detener el uso de mis cuotas sindicales para fines politicos y otros fines ajenos a las actividades de negociaci\u00f3n colectiva?  (Empleado p\u00fablico)"},"content":{"rendered":"<p><a href=\"\/object-nonbargaining-public\">[In English]<\/a><\/p>\n<p>Debe usted renunciar a la membres\u00eda en la uni\u00f3n para as\u00ed detener el uso de sus cuotas sindicales para fines politicos y otros fines ajenos a la negociaci\u00f3n colectiva.  Se puede legalmente requerirles, y casi siempre es el caso, a los miembros de una uni\u00f3n a pagar cuotas sindicales, incluyendo la porci\u00f3n dirigida a fines pol\u00edticos y otros fines ajenos a la negociaci\u00f3n colectiva.<\/p>\n<p>La manera en la cual usted puede renunciar a su membres\u00eda en una uni\u00f3n si as\u00ed lo desea es explicado aqu\u00ed: <a href=\"https:\/\/www.nrtw.org\/es\/how-resign-public\/\">\u00bfC\u00f3mo puedo renunciar a mi membres\u00eda en una uni\u00f3n y dejar de pagar cuotas sindicales?<\/a>.<\/p>\n<hr size=\"2\" width=\"100%\" \/>\n<p class=\"MsoNormal\">\nSi desea <b>enterarse m\u00e1s acerca de sus derechos legales<\/b> como empleado del gobierno estatal o local, haga clic en la pregunta adecuada de las siguientes:\n<\/p>\n<ul>\n<li><a href=\"\/es\/required-join-pay-public\">\u00bfMe pueden obligar a hacerme miembro del sindicato o a pagarle cuotas?<\/a><\/li>\n<li><a href=\"\/es\/how-resign-public\">\u00bfC\u00f3mo puedo renunciar a mi membres\u00eda en una uni\u00f3n y dejar de pagar cuotas sindicales? (Empleado p\u00fablico)<\/a><\/li>\n<li>\u00bfC\u00f3mo puedo evitar que se usen mis cuotas para actividades pol\u00edticas y otras no relacionadas con la negociaci\u00f3n?<\/li>\n<li><a href=\"\/es\/nonmember-stop-fees-deductions-public\">No soy miembro de la uni\u00f3n pero autoric\u00e9 el descuento de cuotas sindicales. \u00bfC\u00f3mo puedo detener las deducciones?<\/a><\/li>\n<li><a href=\"\/es\/religious-objection\">\u00bfQu\u00e9 pasa si tengo objeciones religiosas para unirme al sindicato o<br \/>\n\t\tpara apoyarlo econ\u00f3micamente?<\/a> <\/li>\n<li><a href=\"\/es\/victim-union-violence\">\u00bfQu\u00e9 hago si soy v\u00edctima de la violencia sindical?<\/a> <\/li>\n<li><a href=\"\/es\/work-during-strike-public\">\u00bfQu\u00e9 pasa si quiero trabajar mientras hay una huelga?<\/a>\n\t\t<\/li>\n<\/ul>\n<p> <\/p>","protected":false},"excerpt":{"rendered":"<p>\n[<b>NOTE<\/b>: You must be a non-member to avail yourself  of the rights discussed on this page. If you are currently a member of the union, you must first become a non-member and then object in order to receive your dues rebate or reduction.  To learn how to  become a non-member, <a href=\"\/a\/a_3_s.htm\">click here<\/a>.]\n<\/p>\n<p>\nIf you work in a Right to Work state, you not only have the right to refrain from becoming a union member, you cannot be required to pay dues or an agency fee to the union unless you choose to join the union.\n<\/p>\n<p>\nIf you wish to see a list of the 25 Right to Work States, <a href=\"\/rtws.htm\">click here<\/a>.<\/p>\n","protected":false},"author":1,"featured_media":0,"parent":0,"menu_order":0,"comment_status":"open","ping_status":"open","template":"","meta":{"footnotes":""},"class_list":["post-1937","page","type-page","status-publish","hentry"],"yoast_head":"<!-- This site is optimized with the Yoast SEO plugin v27.4 - https:\/\/yoast.com\/product\/yoast-seo-wordpress\/ -->\n<title>How do I cut off the use of my dues for politics and other nonbargaining activities? (Public Employee)\u00bfC\u00f3mo puedo detener el uso de mis cuotas sindicales para fines politicos y otros fines ajenos a las actividades de negociaci\u00f3n colectiva? (Empleado p\u00fablico) - National Right to Work Foundation<\/title>\n<meta name=\"robots\" content=\"index, follow, max-snippet:-1, max-image-preview:large, max-video-preview:-1\" \/>\n<link rel=\"canonical\" href=\"https:\/\/www.nrtw.org\/object-nonbargaining-public\/\" \/>\n<meta property=\"og:locale\" content=\"es_ES\" \/>\n<meta property=\"og:type\" content=\"article\" \/>\n<meta property=\"og:title\" content=\"How do I cut off the use of my dues for politics and other nonbargaining activities? (Public Employee)\u00bfC\u00f3mo puedo detener el uso de mis cuotas sindicales para fines politicos y otros fines ajenos a las actividades de negociaci\u00f3n colectiva? (Empleado p\u00fablico) - National Right to Work Foundation\" \/>\n<meta property=\"og:description\" content=\"[NOTE: You must be a non-member to avail yourself of the rights discussed on this page. If you are currently a member of the union, you must first become a non-member and then object in order to receive your dues rebate or reduction. To learn how to become a non-member, click here.]   If you work in a Right to Work state, you not only have the right to refrain from becoming a union member, you cannot be required to pay dues or an agency fee to the union unless you choose to join the union.   If you wish to see a list of the 25 Right to Work States, click here.  [NOTE: You must be a non-member to avail yourself of the rights discussed on this page. If you are currently a member of the union, you must first become a non-member and then object in order to receive your dues rebate or reduction. To learn how to become a non-member, click here.]   If you work in a Right to Work state, you not only have the right to refrain from becoming a union member, you cannot be required to pay dues or an agency fee to the union unless you choose to join the union.   If you wish to see a list of the 25 Right to Work States, click here.\" \/>\n<meta property=\"og:url\" content=\"https:\/\/www.nrtw.org\/object-nonbargaining-public\/\" \/>\n<meta property=\"og:site_name\" content=\"National Right to Work Foundation\" \/>\n<meta property=\"article:modified_time\" content=\"2019-05-01T15:15:18+00:00\" \/>\n<meta name=\"twitter:card\" content=\"summary_large_image\" \/>\n<meta name=\"twitter:label1\" content=\"Tiempo de lectura\" \/>\n\t<meta name=\"twitter:data1\" content=\"2 minutos\" \/>\n<script type=\"application\/ld+json\" class=\"yoast-schema-graph\">{\"@context\":\"https:\\\/\\\/schema.org\",\"@graph\":[{\"@type\":\"WebPage\",\"@id\":\"https:\\\/\\\/www.nrtw.org\\\/object-nonbargaining-public\\\/\",\"url\":\"https:\\\/\\\/www.nrtw.org\\\/object-nonbargaining-public\\\/\",\"name\":\"How do I cut off the use of my dues for politics and other nonbargaining activities? (Public Employee)\u00bfC\u00f3mo puedo detener el uso de mis cuotas sindicales para fines politicos y otros fines ajenos a las actividades de negociaci\u00f3n colectiva? (Empleado p\u00fablico) - National Right to Work Foundation\",\"isPartOf\":{\"@id\":\"https:\\\/\\\/www.nrtw.org\\\/#website\"},\"datePublished\":\"2008-02-06T00:00:00+00:00\",\"dateModified\":\"2019-05-01T15:15:18+00:00\",\"inLanguage\":\"es\",\"potentialAction\":[{\"@type\":\"ReadAction\",\"target\":[\"https:\\\/\\\/www.nrtw.org\\\/object-nonbargaining-public\\\/\"]}]},{\"@type\":\"WebSite\",\"@id\":\"https:\\\/\\\/www.nrtw.org\\\/#website\",\"url\":\"https:\\\/\\\/www.nrtw.org\\\/\",\"name\":\"National Right to Work Foundation\",\"description\":\"\",\"potentialAction\":[{\"@type\":\"SearchAction\",\"target\":{\"@type\":\"EntryPoint\",\"urlTemplate\":\"https:\\\/\\\/www.nrtw.org\\\/?s={search_term_string}\"},\"query-input\":{\"@type\":\"PropertyValueSpecification\",\"valueRequired\":true,\"valueName\":\"search_term_string\"}}],\"inLanguage\":\"es\"}]}<\/script>\n<!-- \/ Yoast SEO plugin. -->","yoast_head_json":{"title":"How do I cut off the use of my dues for politics and other nonbargaining activities? (Public Employee)\u00bfC\u00f3mo puedo detener el uso de mis cuotas sindicales para fines politicos y otros fines ajenos a las actividades de negociaci\u00f3n colectiva? (Empleado p\u00fablico) - National Right to Work Foundation","robots":{"index":"index","follow":"follow","max-snippet":"max-snippet:-1","max-image-preview":"max-image-preview:large","max-video-preview":"max-video-preview:-1"},"canonical":"https:\/\/www.nrtw.org\/object-nonbargaining-public\/","og_locale":"es_ES","og_type":"article","og_title":"How do I cut off the use of my dues for politics and other nonbargaining activities? (Public Employee)\u00bfC\u00f3mo puedo detener el uso de mis cuotas sindicales para fines politicos y otros fines ajenos a las actividades de negociaci\u00f3n colectiva? (Empleado p\u00fablico) - National Right to Work Foundation","og_description":"[NOTE: You must be a non-member to avail yourself of the rights discussed on this page. If you are currently a member of the union, you must first become a non-member and then object in order to receive your dues rebate or reduction. To learn how to become a non-member, click here.]   If you work in a Right to Work state, you not only have the right to refrain from becoming a union member, you cannot be required to pay dues or an agency fee to the union unless you choose to join the union.   If you wish to see a list of the 25 Right to Work States, click here.  [NOTE: You must be a non-member to avail yourself of the rights discussed on this page. If you are currently a member of the union, you must first become a non-member and then object in order to receive your dues rebate or reduction. To learn how to become a non-member, click here.]   If you work in a Right to Work state, you not only have the right to refrain from becoming a union member, you cannot be required to pay dues or an agency fee to the union unless you choose to join the union.   If you wish to see a list of the 25 Right to Work States, click here.","og_url":"https:\/\/www.nrtw.org\/object-nonbargaining-public\/","og_site_name":"National Right to Work Foundation","article_modified_time":"2019-05-01T15:15:18+00:00","twitter_card":"summary_large_image","twitter_misc":{"Tiempo de lectura":"2 minutos"},"schema":{"@context":"https:\/\/schema.org","@graph":[{"@type":"WebPage","@id":"https:\/\/www.nrtw.org\/object-nonbargaining-public\/","url":"https:\/\/www.nrtw.org\/object-nonbargaining-public\/","name":"How do I cut off the use of my dues for politics and other nonbargaining activities? (Public Employee)\u00bfC\u00f3mo puedo detener el uso de mis cuotas sindicales para fines politicos y otros fines ajenos a las actividades de negociaci\u00f3n colectiva? (Empleado p\u00fablico) - National Right to Work Foundation","isPartOf":{"@id":"https:\/\/www.nrtw.org\/#website"},"datePublished":"2008-02-06T00:00:00+00:00","dateModified":"2019-05-01T15:15:18+00:00","inLanguage":"es","potentialAction":[{"@type":"ReadAction","target":["https:\/\/www.nrtw.org\/object-nonbargaining-public\/"]}]},{"@type":"WebSite","@id":"https:\/\/www.nrtw.org\/#website","url":"https:\/\/www.nrtw.org\/","name":"National Right to Work Foundation","description":"","potentialAction":[{"@type":"SearchAction","target":{"@type":"EntryPoint","urlTemplate":"https:\/\/www.nrtw.org\/?s={search_term_string}"},"query-input":{"@type":"PropertyValueSpecification","valueRequired":true,"valueName":"search_term_string"}}],"inLanguage":"es"}]}},"_links":{"self":[{"href":"https:\/\/www.nrtw.org\/es\/wp-json\/wp\/v2\/pages\/1937","targetHints":{"allow":["GET"]}}],"collection":[{"href":"https:\/\/www.nrtw.org\/es\/wp-json\/wp\/v2\/pages"}],"about":[{"href":"https:\/\/www.nrtw.org\/es\/wp-json\/wp\/v2\/types\/page"}],"author":[{"embeddable":true,"href":"https:\/\/www.nrtw.org\/es\/wp-json\/wp\/v2\/users\/1"}],"replies":[{"embeddable":true,"href":"https:\/\/www.nrtw.org\/es\/wp-json\/wp\/v2\/comments?post=1937"}],"version-history":[{"count":34,"href":"https:\/\/www.nrtw.org\/es\/wp-json\/wp\/v2\/pages\/1937\/revisions"}],"predecessor-version":[{"id":10996,"href":"https:\/\/www.nrtw.org\/es\/wp-json\/wp\/v2\/pages\/1937\/revisions\/10996"}],"wp:attachment":[{"href":"https:\/\/www.nrtw.org\/es\/wp-json\/wp\/v2\/media?parent=1937"}],"curies":[{"name":"wp","href":"https:\/\/api.w.org\/{rel}","templated":true}]}}