{"id":1917,"date":"2008-01-11T12:44:40","date_gmt":"2008-01-11T12:44:40","guid":{"rendered":""},"modified":"2016-06-24T16:15:39","modified_gmt":"2016-06-24T16:15:39","slug":"union-objection-policies","status":"publish","type":"page","link":"https:\/\/www.nrtw.org\/es\/union-objection-policies\/","title":{"rendered":"Pol\u00edticas de objeci\u00f3n al sindicato"},"content":{"rendered":"<p><\/p>\n<p><strong>ATENCI\u00d3N:<\/strong> Es posible que las pol\u00edticas del sindicato puedan subestimar el alcance de sus derechos.<\/p>\n<p>Para ejercer sus derechos por completo, deber\u00eda usar las muestras de cartas de objeci\u00f3n de la Fundaci\u00f3n, teniendo en cuenta lo que est\u00e9 diciendo el sindicato.<\/p>\n<ul class=\"logobullet\">\n<li><a href=\"http:\/\/www.cwa-union.org\/news\/cwa-news\/notice-regarding-union-security-agreements-and-agency-fee-objections.html\">Communications Workers of America (CWA)<\/a><\/li>\n<li><a href=\"http:\/\/www.uaw.org\/solidarity\/01\/0901\/union09.html\">United Auto Workers (UAW)<\/a><\/li>\n<\/ul>\n<h3>Ent\u00e9rese m\u00e1s acerca de sus derechos y descargue las cartas de muestra<\/h3>\n<ul class=\"logobullet\">\n<li><a href=\"\/es\/node\/3444\">Empleados del sector privado<\/a><\/li>\n<li><a href=\"\/es\/c-mo-puede-prevenir-el-uso-de-mis-cuotas-para-la-p\">Empleados del gobierno federal<\/a><\/li>\n<li><a href=\"\/es\/node\/3446\">Empleados de los gobiernos estatales y locales<\/a><\/li>\n<li><a href=\"\/es\/c-mo-puede-prevenir-el-uso-de-mis-cuotas-para-la-0\">Maestros de escuelas p\u00fablicas y profesores de universidades p\u00fablicas<\/a><\/li>\n<li><a href=\"\/es\/c-mo-puedo-evitar-que-se-usen-mis-cuotas-para-ac-0\">Empleados de aerol\u00edneas y de ferrocarriles<\/a><\/li>\n<\/ul>\n<p><i>Si tiene conocimiento de otras pol\u00edticas de objeci\u00f3n al sindicato publicadas en la Internet, por favor <a href=\"\/es\/solicite-ayuda-legal-gratuita\">comun\u00edquese con nosotros<\/a><\/i>.<\/p>\n<p><\/p>","protected":false},"excerpt":{"rendered":"<p><strong>NOTE:<\/strong> Union policies may understate the scope of your rights.<\/p>\n<p>To fully exercise your rights, you should use the Foundation&#8217;s sample objection<br \/>\nletters, while keeping in mind what the union is saying.<\/p>\n","protected":false},"author":2,"featured_media":0,"parent":0,"menu_order":0,"comment_status":"open","ping_status":"open","template":"","meta":{"_lmt_disableupdate":"","_lmt_disable":"","footnotes":""},"class_list":["post-1917","page","type-page","status-publish","hentry"],"yoast_head":"<!-- This site is optimized with the Yoast SEO plugin v27.6 - https:\/\/yoast.com\/product\/yoast-seo-wordpress\/ -->\n<title>Union Objection PoliciesPol\u00edticas de objeci\u00f3n al sindicato - National Right to Work Foundation<\/title>\n<meta name=\"robots\" content=\"index, follow, max-snippet:-1, max-image-preview:large, max-video-preview:-1\" \/>\n<link rel=\"canonical\" href=\"https:\/\/www.nrtw.org\/es\/union-objection-policies\/\" \/>\n<meta property=\"og:locale\" content=\"es_ES\" \/>\n<meta property=\"og:type\" content=\"article\" \/>\n<meta property=\"og:title\" content=\"Union Objection PoliciesPol\u00edticas de objeci\u00f3n al sindicato - National Right to Work Foundation\" \/>\n<meta property=\"og:description\" content=\"NOTE: Union policies may understate the scope of your rights.To fully exercise your rights, you should use the Foundation&#039;s sample objection letters, while keeping in mind what the union is saying.NOTE: Union policies may understate the scope of your rights.To fully exercise your rights, you should use the Foundation&#039;s sample objection letters, while keeping in mind what the union is saying.\" \/>\n<meta property=\"og:url\" content=\"https:\/\/www.nrtw.org\/es\/union-objection-policies\/\" \/>\n<meta property=\"og:site_name\" content=\"National Right to Work Foundation\" \/>\n<meta property=\"article:modified_time\" content=\"2016-06-24T16:15:39+00:00\" \/>\n<meta name=\"twitter:card\" content=\"summary_large_image\" \/>\n<meta name=\"twitter:label1\" content=\"Tiempo de lectura\" \/>\n\t<meta name=\"twitter:data1\" content=\"1 minuto\" \/>\n<script type=\"application\/ld+json\" class=\"yoast-schema-graph\">{\"@context\":\"https:\\\/\\\/schema.org\",\"@graph\":[{\"@type\":\"WebPage\",\"@id\":\"https:\\\/\\\/www.nrtw.org\\\/es\\\/union-objection-policies\\\/\",\"url\":\"https:\\\/\\\/www.nrtw.org\\\/es\\\/union-objection-policies\\\/\",\"name\":\"Union Objection PoliciesPol\u00edticas de objeci\u00f3n al sindicato - National Right to Work Foundation\",\"isPartOf\":{\"@id\":\"https:\\\/\\\/www.nrtw.org\\\/#website\"},\"datePublished\":\"2008-01-11T12:44:40+00:00\",\"dateModified\":\"2016-06-24T16:15:39+00:00\",\"inLanguage\":\"es\",\"potentialAction\":[{\"@type\":\"ReadAction\",\"target\":[\"https:\\\/\\\/www.nrtw.org\\\/es\\\/union-objection-policies\\\/\"]}]},{\"@type\":\"WebSite\",\"@id\":\"https:\\\/\\\/www.nrtw.org\\\/#website\",\"url\":\"https:\\\/\\\/www.nrtw.org\\\/\",\"name\":\"National Right to Work Foundation\",\"description\":\"\",\"potentialAction\":[{\"@type\":\"SearchAction\",\"target\":{\"@type\":\"EntryPoint\",\"urlTemplate\":\"https:\\\/\\\/www.nrtw.org\\\/?s={search_term_string}\"},\"query-input\":{\"@type\":\"PropertyValueSpecification\",\"valueRequired\":true,\"valueName\":\"search_term_string\"}}],\"inLanguage\":\"es\"}]}<\/script>\n<!-- \/ Yoast SEO plugin. -->","yoast_head_json":{"title":"Union Objection PoliciesPol\u00edticas de objeci\u00f3n al sindicato - National Right to Work Foundation","robots":{"index":"index","follow":"follow","max-snippet":"max-snippet:-1","max-image-preview":"max-image-preview:large","max-video-preview":"max-video-preview:-1"},"canonical":"https:\/\/www.nrtw.org\/es\/union-objection-policies\/","og_locale":"es_ES","og_type":"article","og_title":"Union Objection PoliciesPol\u00edticas de objeci\u00f3n al sindicato - National Right to Work Foundation","og_description":"NOTE: Union policies may understate the scope of your rights.To fully exercise your rights, you should use the Foundation's sample objection letters, while keeping in mind what the union is saying.NOTE: Union policies may understate the scope of your rights.To fully exercise your rights, you should use the Foundation's sample objection letters, while keeping in mind what the union is saying.","og_url":"https:\/\/www.nrtw.org\/es\/union-objection-policies\/","og_site_name":"National Right to Work Foundation","article_modified_time":"2016-06-24T16:15:39+00:00","twitter_card":"summary_large_image","twitter_misc":{"Tiempo de lectura":"1 minuto"},"schema":{"@context":"https:\/\/schema.org","@graph":[{"@type":"WebPage","@id":"https:\/\/www.nrtw.org\/es\/union-objection-policies\/","url":"https:\/\/www.nrtw.org\/es\/union-objection-policies\/","name":"Union Objection PoliciesPol\u00edticas de objeci\u00f3n al sindicato - National Right to Work Foundation","isPartOf":{"@id":"https:\/\/www.nrtw.org\/#website"},"datePublished":"2008-01-11T12:44:40+00:00","dateModified":"2016-06-24T16:15:39+00:00","inLanguage":"es","potentialAction":[{"@type":"ReadAction","target":["https:\/\/www.nrtw.org\/es\/union-objection-policies\/"]}]},{"@type":"WebSite","@id":"https:\/\/www.nrtw.org\/#website","url":"https:\/\/www.nrtw.org\/","name":"National Right to Work Foundation","description":"","potentialAction":[{"@type":"SearchAction","target":{"@type":"EntryPoint","urlTemplate":"https:\/\/www.nrtw.org\/?s={search_term_string}"},"query-input":{"@type":"PropertyValueSpecification","valueRequired":true,"valueName":"search_term_string"}}],"inLanguage":"es"}]}},"_links":{"self":[{"href":"https:\/\/www.nrtw.org\/es\/wp-json\/wp\/v2\/pages\/1917","targetHints":{"allow":["GET"]}}],"collection":[{"href":"https:\/\/www.nrtw.org\/es\/wp-json\/wp\/v2\/pages"}],"about":[{"href":"https:\/\/www.nrtw.org\/es\/wp-json\/wp\/v2\/types\/page"}],"author":[{"embeddable":true,"href":"https:\/\/www.nrtw.org\/es\/wp-json\/wp\/v2\/users\/2"}],"replies":[{"embeddable":true,"href":"https:\/\/www.nrtw.org\/es\/wp-json\/wp\/v2\/comments?post=1917"}],"version-history":[{"count":1,"href":"https:\/\/www.nrtw.org\/es\/wp-json\/wp\/v2\/pages\/1917\/revisions"}],"predecessor-version":[{"id":4109,"href":"https:\/\/www.nrtw.org\/es\/wp-json\/wp\/v2\/pages\/1917\/revisions\/4109"}],"wp:attachment":[{"href":"https:\/\/www.nrtw.org\/es\/wp-json\/wp\/v2\/media?parent=1917"}],"curies":[{"name":"wp","href":"https:\/\/api.w.org\/{rel}","templated":true}]}}