{"id":1903,"date":"2008-01-09T18:29:36","date_gmt":"2008-01-09T18:29:36","guid":{"rendered":""},"modified":"2016-08-10T20:45:48","modified_gmt":"2016-08-10T20:45:48","slug":"juan-vielma-i-work-to-get-paid-i-don-t-pay-to-work","status":"publish","type":"page","link":"https:\/\/www.nrtw.org\/es\/juan-vielma-i-work-to-get-paid-i-don-t-pay-to-work\/","title":{"rendered":"Juan Vielma \u2013 \u201cYo trabajo por la paga. No pago por el trabajo.\u201d"},"content":{"rendered":"<p><a href=\"\/juan-vielma-i-work-to-get-paid-i-don-t-pay-to-work\">[In English]<\/a><\/p>\n<p><script language=\"javascript\">\n <!--\nvar layer_ref;\nvar state;\nfunction hide(layer_ref) {\nshowhide(layer_ref, 'none', 'block');\n}\nfunction show(layer_ref) {\nshowhide(layer_ref, 'block', 'none');\n}\nfunction showhide(layer_ref, state, state_blurb) {\n\/\/ states can be: 'block' OR 'none'\nlayer_ref_blurb = layer_ref + \"_blurb\";\nif (document.all) { \/\/IS IE 4 or 5 (or 6 beta)\neval( \"document.all.\" + layer_ref + \".style.display = state\");\neval( \"document.all.\" + layer_ref_blurb + \".style.display = state_blurb\");\n}\nif (document.layers) { \/\/IS NETSCAPE 4 or below\ndocument.layers[layer_ref].display = state;\ndocument.layers[layer_ref_blurb].display = state_blurb;\n}\nif (document.getElementById &&!document.all) {\ncbc = document.getElementById(layer_ref);\ncbc.style.display = state;\nblurb = document.getElementById(layer_ref_blurb);\nblurb.style.display = state_blurb;\n}\n}\n\/\/--> <\/script><br \/>\n<div class=\"videoContainer\"><embed src=\"\/slideshow\/monoslideshow.swf\" id=\"mssHolder\" flashvars=\"dataFile=\/profiles\/vielma\/vielma.xml&amp;showLogo=false\" base=\"\/profiles\/vielma\/\" quality=\"high\" bgcolor=\"#000000\" name=\"mssHolder\" type=\"application\/x-shockwave-flash\" height=\"330\" width=\"440\"><\/embed><\/div><\/p>\n<p style=\"margin-top: 10px\">\n<b>Leyenda para foto 1:<\/b> Juan sentado al lado de la \u00abSolicitud de despido\u00bb de los funcionarios del sindicato en contra de \u00e9l por no pagar cuotas.<br \/>\n<b>Leyenda para foto 2:<\/b> Juan Vielma, retratado aqu\u00ed con su familia, pag\u00f3 un precio alto por ejercer su Derecho al Trabajo.<\/p>\n<p>\nJuan Vielma, de 58 a\u00f1os, fue guardia de seguridad durante 17 a\u00f1os en El Paso, Texas. Esto es hasta que se atrevi\u00f3 a oponerse a un sindicato. Cuando los funcionarios del sindicato convencieron a su empleador para que lo suspendieran sin paga por ejercer sus derechos legales, batall\u00f3 para salir adelante econ\u00f3micamente.\n<\/p>\n<div id=\"profile_intro\">\n<p>\nSu empleador, AKAL Security, es una empresa mixta de Deco Security Services, localizada en Minnesota, y AKAL Security, localizada en Nuevo M\u00e9xico.\n<\/p>\n<p>\nPor orden de los funcionarios de la International Union of Security, Police and Fire Professionals of America o SPFPA (Sindicato internacional de guardias de seguridad, polic\u00edas, y bomberos profesionales de los EE.UU.). AKAL suspendi\u00f3 a Juan sin paga por m\u00e1s de un a\u00f1o por ejercer su derecho de rehusarse a pagar cuotas sindicales de acuerdo con la ley de Texas de Derecho al Trabajo. Texas es uno de los 25 estados con Derecho al Trabajo que proh\u00edben las cuotas forzosas.\n<\/p>\n<p>\nJuan solicit\u00f3 ayuda jur\u00eddica gratuita de los abogados de la Fundaci\u00f3n Nacional para el Derecho al Trabajo. En los cargos federales presentados ante la Junta Nacional de Relaciones del Trabajo (NLRB por sus siglas en ingl\u00e9s), los abogados de la Fundaci\u00f3n trataban de que se reintegrara a Juan y de que le dieran sus sueldos atrasados, adem\u00e1s de un aviso a todos los empleados de AKAL Security acerca de sus derechos legales a abstenerse de la membres\u00eda sindical y el pago de cuotas forzosos. Finalmente, la NLRB emiti\u00f3 una demanda formal y llev\u00f3 a cabo una audiencia para llevar a juicio el sindicato a finados de marzo del 2007.\n<\/p>\n<p>\nDespu\u00e9s de la audiencia, un juez federal de derecho administrativo sentenci\u00f3 que Juan deber\u00eda ser reintegrado y que se le deb\u00edan pagar por completo los sueldos atrasados y las prestaciones perdidas. No obstante, la oficina de la Procuradur\u00eda General de Texas de Greg Abbott, inexplicablemente no tom\u00f3 medidas legales formales para enjuiciar al sindicato SPFPA por violar la ley de Derecho al Trabajo. Los abogados de la Fundaci\u00f3n tambi\u00e9n han descubierto un aparente fraude del sindicato por todo el estado para timar a posiblemente miles de tejanos a pagar cuotas sindicales forzosas.\n<\/p>\n<\/div>\n<h3>Juan en sus propias palabras<\/h3>\n<p>\n&quot;No puedo recibir desempleo porque estoy suspendido hasta que pague las cuotas del sindicato. Tengo todas mis cuentas. Estoy atrasado dos pagos en mi casa (hipoteca).&quot; &#8211;<i>Juan Vielma, hablando con un reportero de El Paso Times <\/i>\n<\/p>\n<div id=\"profile_quotes\">\n<p>\n&quot;\u00bbPara m\u00ed que no necesitamos un sindicato.&quot; &#8211;<i>Juan Vielma, haciendo comentarios acerca de la membres\u00eda del sindicato a El Paso Times <\/i>\n<\/p>\n<p>\n&quot;Yo trabajo por la paga.  No pago por el trabajo.&quot; &#8211;<i>Juan Vielma, reafirmando sus derechos bajo la ley muy popular de Texas de Derecho al Trabajo<\/i>\n<\/p>\n<\/div>\n<p> <\/p>","protected":false},"excerpt":{"rendered":"<p><script language=\"javascript\">\n <!--\nvar layer_ref;\nvar state;\nfunction hide(layer_ref) {\nshowhide(layer_ref, 'none', 'block');\n}\nfunction show(layer_ref) {\nshowhide(layer_ref, 'block', 'none');\n}\nfunction showhide(layer_ref, state, state_blurb) {\n\/\/ states can be: 'block' OR 'none'\nlayer_ref_blurb = layer_ref + \"_blurb\";\nif (document.all) { \/\/IS IE 4 or 5 (or 6 beta)\neval( \"document.all.\" + layer_ref + \".style.display = state\");\neval( \"document.all.\" + layer_ref_blurb + \".style.display = state_blurb\");\n}\nif (document.layers) { \/\/IS NETSCAPE 4 or below\ndocument.layers[layer_ref].display = state;\ndocument.layers[layer_ref_blurb].display = state_blurb;\n}\nif (document.getElementById &#038;&!document.all) {\ncbc = document.getElementById(layer_ref);\ncbc.style.display = state;\nblurb = document.getElementById(layer_ref_blurb);\nblurb.style.display = state_blurb;\n}\n}\n\/\/--> <\/script><\/p>\n","protected":false},"author":1,"featured_media":0,"parent":0,"menu_order":0,"comment_status":"open","ping_status":"open","template":"","meta":{"footnotes":""},"class_list":["post-1903","page","type-page","status-publish","hentry"],"yoast_head":"<!-- This site is optimized with the Yoast SEO plugin v27.4 - https:\/\/yoast.com\/product\/yoast-seo-wordpress\/ -->\n<title>Juan Vielma - &quot;I work to get paid; I don&#039;t pay to work.&quot;Juan Vielma \u2013 \u201cYo trabajo por la paga. No pago por el trabajo.\u201d - National Right to Work Foundation<\/title>\n<meta name=\"robots\" content=\"index, follow, max-snippet:-1, max-image-preview:large, max-video-preview:-1\" \/>\n<link rel=\"canonical\" href=\"https:\/\/www.nrtw.org\/juan-vielma-i-work-to-get-paid-i-don-t-pay-to-work\/\" \/>\n<meta property=\"og:locale\" content=\"es_ES\" \/>\n<meta property=\"og:type\" content=\"article\" \/>\n<meta property=\"og:title\" content=\"Juan Vielma - &quot;I work to get paid; I don&#039;t pay to work.&quot;Juan Vielma \u2013 \u201cYo trabajo por la paga. No pago por el trabajo.\u201d - National Right to Work Foundation\" \/>\n<meta property=\"og:url\" content=\"https:\/\/www.nrtw.org\/juan-vielma-i-work-to-get-paid-i-don-t-pay-to-work\/\" \/>\n<meta property=\"og:site_name\" content=\"National Right to Work Foundation\" \/>\n<meta property=\"article:modified_time\" content=\"2016-08-10T20:45:48+00:00\" \/>\n<meta name=\"twitter:card\" content=\"summary_large_image\" \/>\n<meta name=\"twitter:label1\" content=\"Tiempo de lectura\" \/>\n\t<meta name=\"twitter:data1\" content=\"6 minutos\" \/>\n<script type=\"application\/ld+json\" class=\"yoast-schema-graph\">{\"@context\":\"https:\\\/\\\/schema.org\",\"@graph\":[{\"@type\":\"WebPage\",\"@id\":\"https:\\\/\\\/www.nrtw.org\\\/juan-vielma-i-work-to-get-paid-i-don-t-pay-to-work\\\/\",\"url\":\"https:\\\/\\\/www.nrtw.org\\\/juan-vielma-i-work-to-get-paid-i-don-t-pay-to-work\\\/\",\"name\":\"Juan Vielma - \\\"I work to get paid; I don't pay to work.\\\"Juan Vielma \u2013 \u201cYo trabajo por la paga. No pago por el trabajo.\u201d - National Right to Work Foundation\",\"isPartOf\":{\"@id\":\"https:\\\/\\\/www.nrtw.org\\\/#website\"},\"datePublished\":\"2008-01-09T18:29:36+00:00\",\"dateModified\":\"2016-08-10T20:45:48+00:00\",\"inLanguage\":\"es\",\"potentialAction\":[{\"@type\":\"ReadAction\",\"target\":[\"https:\\\/\\\/www.nrtw.org\\\/juan-vielma-i-work-to-get-paid-i-don-t-pay-to-work\\\/\"]}]},{\"@type\":\"WebSite\",\"@id\":\"https:\\\/\\\/www.nrtw.org\\\/#website\",\"url\":\"https:\\\/\\\/www.nrtw.org\\\/\",\"name\":\"National Right to Work Foundation\",\"description\":\"\",\"potentialAction\":[{\"@type\":\"SearchAction\",\"target\":{\"@type\":\"EntryPoint\",\"urlTemplate\":\"https:\\\/\\\/www.nrtw.org\\\/?s={search_term_string}\"},\"query-input\":{\"@type\":\"PropertyValueSpecification\",\"valueRequired\":true,\"valueName\":\"search_term_string\"}}],\"inLanguage\":\"es\"}]}<\/script>\n<!-- \/ Yoast SEO plugin. -->","yoast_head_json":{"title":"Juan Vielma - \"I work to get paid; I don't pay to work.\"Juan Vielma \u2013 \u201cYo trabajo por la paga. No pago por el trabajo.\u201d - National Right to Work Foundation","robots":{"index":"index","follow":"follow","max-snippet":"max-snippet:-1","max-image-preview":"max-image-preview:large","max-video-preview":"max-video-preview:-1"},"canonical":"https:\/\/www.nrtw.org\/juan-vielma-i-work-to-get-paid-i-don-t-pay-to-work\/","og_locale":"es_ES","og_type":"article","og_title":"Juan Vielma - \"I work to get paid; I don't pay to work.\"Juan Vielma \u2013 \u201cYo trabajo por la paga. No pago por el trabajo.\u201d - National Right to Work Foundation","og_url":"https:\/\/www.nrtw.org\/juan-vielma-i-work-to-get-paid-i-don-t-pay-to-work\/","og_site_name":"National Right to Work Foundation","article_modified_time":"2016-08-10T20:45:48+00:00","twitter_card":"summary_large_image","twitter_misc":{"Tiempo de lectura":"6 minutos"},"schema":{"@context":"https:\/\/schema.org","@graph":[{"@type":"WebPage","@id":"https:\/\/www.nrtw.org\/juan-vielma-i-work-to-get-paid-i-don-t-pay-to-work\/","url":"https:\/\/www.nrtw.org\/juan-vielma-i-work-to-get-paid-i-don-t-pay-to-work\/","name":"Juan Vielma - \"I work to get paid; I don't pay to work.\"Juan Vielma \u2013 \u201cYo trabajo por la paga. No pago por el trabajo.\u201d - National Right to Work Foundation","isPartOf":{"@id":"https:\/\/www.nrtw.org\/#website"},"datePublished":"2008-01-09T18:29:36+00:00","dateModified":"2016-08-10T20:45:48+00:00","inLanguage":"es","potentialAction":[{"@type":"ReadAction","target":["https:\/\/www.nrtw.org\/juan-vielma-i-work-to-get-paid-i-don-t-pay-to-work\/"]}]},{"@type":"WebSite","@id":"https:\/\/www.nrtw.org\/#website","url":"https:\/\/www.nrtw.org\/","name":"National Right to Work Foundation","description":"","potentialAction":[{"@type":"SearchAction","target":{"@type":"EntryPoint","urlTemplate":"https:\/\/www.nrtw.org\/?s={search_term_string}"},"query-input":{"@type":"PropertyValueSpecification","valueRequired":true,"valueName":"search_term_string"}}],"inLanguage":"es"}]}},"_links":{"self":[{"href":"https:\/\/www.nrtw.org\/es\/wp-json\/wp\/v2\/pages\/1903","targetHints":{"allow":["GET"]}}],"collection":[{"href":"https:\/\/www.nrtw.org\/es\/wp-json\/wp\/v2\/pages"}],"about":[{"href":"https:\/\/www.nrtw.org\/es\/wp-json\/wp\/v2\/types\/page"}],"author":[{"embeddable":true,"href":"https:\/\/www.nrtw.org\/es\/wp-json\/wp\/v2\/users\/1"}],"replies":[{"embeddable":true,"href":"https:\/\/www.nrtw.org\/es\/wp-json\/wp\/v2\/comments?post=1903"}],"version-history":[{"count":3,"href":"https:\/\/www.nrtw.org\/es\/wp-json\/wp\/v2\/pages\/1903\/revisions"}],"predecessor-version":[{"id":7202,"href":"https:\/\/www.nrtw.org\/es\/wp-json\/wp\/v2\/pages\/1903\/revisions\/7202"}],"wp:attachment":[{"href":"https:\/\/www.nrtw.org\/es\/wp-json\/wp\/v2\/media?parent=1903"}],"curies":[{"name":"wp","href":"https:\/\/api.w.org\/{rel}","templated":true}]}}