{"id":1841,"date":"2008-01-02T20:13:58","date_gmt":"2008-01-02T20:13:58","guid":{"rendered":""},"modified":"2015-10-14T17:38:50","modified_gmt":"2015-10-14T17:38:50","slug":"request-free-legal-aid","status":"publish","type":"page","link":"https:\/\/www.nrtw.org\/es\/request-free-legal-aid\/","title":{"rendered":"Solicite ayuda jur\u00eddica gratuita"},"content":{"rendered":"<p><\/p>\n<p>Si siente que sus derechos han sido violados por el sindicalismo forzoso o tiene alguna pregunta acerca de sus derechos bajo un convenio de sindicalismo forzoso, lo invitamos a llenar el formulario siguiente.<\/p>\n<p>Su solicitud de informaci\u00f3n tiene que estar relacionada con asuntos tales como la membres\u00eda sindical forzosa o el pago forzoso de cuotas, con la violencia sindical en contra de los empleados, con las cuotas sindicales forzosas usadas para la pol\u00edtica, con las elecciones de decertificaci\u00f3n o desautorizaci\u00f3n y con los abusos de c\u00e1maras de contrataci\u00f3n exclusivas. No les proporcionamos ayuda jur\u00eddica a los empleados para cualquier otro asunto relacionado con el empleo, como las cl\u00e1usulas de no competencia, empleo a voluntad, la discriminaci\u00f3n general en el empleo (tal como la discriminaci\u00f3n en el empleo basada en la edad, raza o discapacidad) o preguntas en general acerca de los asuntos internos sindicales para los miembros voluntarios del sindicato.<\/p>\n<p><em>Si su solicitud est\u00e1 potencialmente dentro del marco de nuestro programa de litigaci\u00f3n, un abogado de planta de la Fundaci\u00f3n o asistente jur\u00eddico se comunicar\u00e1 con usted lo m\u00e1s pronto posible. <strong>No hay ning\u00fan cargo<\/strong> por este servicio y cualquier informaci\u00f3n que usted nos mande mientras solicitando ayuda jur\u00eddica se mantendr\u00e1 <strong>estrictamente confidencial<\/strong>. Si su solicitud es <strong>urgente<\/strong>, puede llamarnos a nuestra l\u00ednea sin cargo (800-336-3600).<\/em><\/p>\n<p><sup><b>\u2020<\/b><\/sup>Usted debe usar solo su direcci\u00f3n de correo electr\u00f3nico <i>personal<\/i>. Al usar la direcci\u00f3n de correo electr\u00f3nico de alguna otra persona o la direcci\u00f3n proporcionada por su empleador puede considerarse como una renuncia a la confidencialidad. <\/p>\n<form name=\"legal\" method=\"POST\" action=\"https:\/\/www.nrtw.org\/f_legal.php3\">\n<table border=\"0\">\n<tbody>\n<tr>\n<td width=\"170\">* Nombre: <\/td>\n<td width=\"280\"> <input type=\"TEXT\" name=\"FName\" size=\"25\" style=\"background-image: url(data:image\/png;base64,iVBORw0KGgoAAAANSUhEUgAAABAAAAAQCAYAAAAf8\/9hAAABHklEQVQ4EaVTO26DQBD1ohQWaS2lg9JybZ+AK7hNwx2oIoVf4UPQ0Lj1FdKktevIpel8AKNUkDcWMxpgSaIEaTVv3sx7uztiTdu2s\/98DywOw3Dued4Who\/M2aIx5lZV1aEsy0+qiwHELyi+Ytl0PQ69SxAxkWIA4RMRTdNsKE59juMcuZd6xIAFeZ6fGCdJ8kY4y7KAuTRNGd7jyEBXsdOPE3a0QGPsniOnnYMO67LgSQN9T41F2QGrQRRFCwyzoIF2qyBuKKbcOgPXdVeY9rMWgNsjf9ccYesJhk3f5dYT1HX9gR0LLQR30TnjkUEcx2uIuS4RnI+aj6sJR0AM8AaumPaM\/rRehyWhXqbFAA9kh3\/8\/NvHxAYGAsZ\/il8IalkCLBfNVAAAAABJRU5ErkJggg==); background-attachment: scroll; background-position: 100% 50%; background-repeat: no-repeat;\"> <\/td>\n<\/tr>\n<tr>\n<td>* Apellido<\/td>\n<td> <input type=\"TEXT\" name=\"LName\" size=\"25\"> <\/td>\n<\/tr>\n<tr>\n<td>* Direcci\u00f3n: <\/td>\n<td> <input type=\"text\" name=\"Address\" size=\"25\" value=\"\"> <\/td>\n<\/tr>\n<tr>\n<td> * Ciudad, estado, c\u00f3digo postal<\/td>\n<td> <input type=\"text\" name=\"City\" size=\"10\"> <input type=\"text\" name=\"State\" size=\"2\"> <input type=\"text\" name=\"Zip\" size=\"5\"> <\/td>\n<\/tr>\n<tr>\n<td>* Correo electr\u00f3nico:<sup><b>\u2020<\/b><\/sup> <\/td>\n<td> <input type=\"TEXT\" name=\"Email\" size=\"25\"> <\/td>\n<\/tr>\n<tr>\n<td>* Tel\u00e9fono (casa): <\/td>\n<td> <input type=\"TEXT\" name=\"Home_phone\" size=\"25\"> <\/td>\n<\/tr>\n<tr>\n<td>* Tel\u00e9fono (trabajo): <\/td>\n<td> <input type=\"TEXT\" name=\"Work_phone\" size=\"25\"> <\/td>\n<\/tr>\n<tr>\n<td>* Empleador: <\/td>\n<td> <input type=\"TEXT\" name=\"Employer\" size=\"25\"> <\/td>\n<\/tr>\n<tr>\n<td>* Clase de trabajo: <\/td>\n<td> <input type=\"TEXT\" name=\"Work_type\" size=\"25\"> <\/td>\n<\/tr>\n<tr>\n<td>* Nombre del sindicato involucrado: <\/td>\n<td> <input type=\"TEXT\" name=\"Union_Involved\" size=\"25\"> <\/td>\n<\/tr>\n<tr>\n<td>* N\u00famero del sindicato local: <\/td>\n<td> <input type=\"TEXT\" name=\"Local_Number\" size=\"25\"> <\/td>\n<\/tr>\n<tr>\n<td>* \u00bfEs miembro del sindicato?:<\/td>\n<td> <input type=\"RADIO\" name=\"Union_Member\" value=\"yes\"> S\u00ed <input type=\"RADIO\" name=\"Union_Member\" value=\"no\"> No<\/td>\n<\/tr>\n<tr>\n<td>* Cantidad de las cuotas mensuales: <\/td>\n<td> <input type=\"TEXT\" name=\"Monthly_Dues\" size=\"25\"> <\/td>\n<\/tr>\n<tr>\n<td><b> \u00bfC\u00f3mo se enter\u00f3 de la Fundaci\u00f3n?<\/b><\/td>\n<td> <input type=\"TEXT\" value=\" \" name=\"How_heard\" size=\"25\"> <\/td>\n<\/tr>\n<tr>\n<td><b>* \u00bfHa hablado con nosotros antes?<\/b><\/td>\n<td> <input type=\"RADIO\" name=\"Contacted_Before\" value=\"yes\"> S\u00ed <input type=\"RADIO\" name=\"Contacted_Before\" value=\"no\">No<\/td>\n<\/tr>\n<tr>\n<td>Si la respuesta es <b>s\u00ed<\/b>, \u00bfcon qui\u00e9n?<\/td>\n<td> <input type=\"TEXT\" name=\"Contacted_Before_Who\" value=\" \" size=\"25\"> <\/td>\n<\/tr>\n<tr>\n<td>Si la respuesta es <b>si<\/b>, \u00bfcu\u00e1ndo?<\/td>\n<td> <input type=\"TEXT\" name=\"Contacted_Before_When\" value=\" \" size=\"25\"> <\/td>\n<\/tr>\n<\/tbody>\n<\/table>\n<p>* Por favor expl\u00edquenos brevemente su pregunta o problema:<br \/><textarea wrap=\"VIRTUAL\" name=\"Explanation:\" rows=\"6\" style=\"width: 450px;\"><\/textarea><\/p>\n<p>Aseg\u00farese de proporcionar toda la informaci\u00f3n solicitada tan completamente como pueda (* informaci\u00f3n requerida). Tenga en cuenta que debido al alto volumen de mensajes por correo electr\u00f3nico que recibimos, es posible que no reciba una respuesta a su mensaje el mismo d\u00eda que lo env\u00ede. Haremos todo lo posible para contestar su mensaje dentro de tres d\u00edas laborables.  Lo que le preocupa es muy importante para nosotros. El prop\u00f3sito de la Fundaci\u00f3n Nacional de Defensa Legal para el Derecho al Trabajo es defender a los trabajadores que sufren abusos del sindicalismo forzoso. El hacer clic en el bot\u00f3n siguiente es el primer paso hacia hacer valer sus derechos. Recuerde que no hay ning\u00fan cargo por la ayuda jur\u00eddica de los abogados de planta de la Fundaci\u00f3n, y que su nombre y direcci\u00f3n se mantendr\u00e1n confidenciales.<\/p>\n<p>Si usted usa un filtro de \u201cspam\u201d para su correo electr\u00f3nico, agregue \u00abnrtw.org\u00bb a la lista de mensajes permitidos o en el directorio. Esto asegurar\u00e1 que nuestros mensajes no ser\u00e1n bloqueados por el software de su correo electr\u00f3nico.<\/p>\n<p>AVISO Y RECONOCIMIENTO. Al hacer clic en el bot\u00f3n \u201cSolicito ayuda\u201d, usted reconoce que haya le\u00eddo y entendido este aviso: No se proporcionar\u00e1 representaci\u00f3n en ning\u00fan asunto a menos que y hasta que una Autorizaci\u00f3n de Retenci\u00f3n y un Acuerdo para Revelar Informaci\u00f3n suministrados por nosotros hayan sido firmados y regresados a nosotros.  Proporcionamos esos documentos solamente despu\u00e9s de que hayamos decidido proporcionar ayuda jur\u00eddica en un asunto espec\u00edfico.<\/p>\n<\/p>\n<p><center> <input type=\"submit\" value=\"Solicito ayuda\" name=\"button\"> <input type=\"reset\" value=\"Despejar el formulario\"><input type=\"hidden\" name=\"next-url\" value=\"https:\/\/www.nrtw.org\/legal_tku.htm\"><\/center><\/p>\n<\/form>\n<p><\/p>","protected":false},"excerpt":{"rendered":"<p>If you feel that your rights have been violated by compulsory unionism, or have a question about your rights under a compulsory unionism arrangement, you are welcome to fill out the form below.<\/p>\n<p>Your inquiry must be related to issues such as compulsory union membership or compulsory dues payments, union violence against workers, forced union dues used for politics, decertification or deauthorization elections, and abuses of exclusive hiring halls. We do not provide legal assistance to employees on any other employment-related matters, such as non-compete clauses, employment at will, general employment discrimination (such as employment discrimination based upon age, race or disabilities) or general questions about internal union affairs for voluntary union members.<\/p>\n","protected":false},"author":2,"featured_media":0,"parent":0,"menu_order":0,"comment_status":"open","ping_status":"open","template":"","meta":{"_lmt_disableupdate":"","_lmt_disable":"","footnotes":""},"class_list":["post-1841","page","type-page","status-publish","hentry"],"yoast_head":"<!-- This site is optimized with the Yoast SEO plugin v27.6 - https:\/\/yoast.com\/product\/yoast-seo-wordpress\/ -->\n<title>Request Free Legal AidSolicite ayuda jur\u00eddica gratuita - National Right to Work Foundation<\/title>\n<meta name=\"robots\" content=\"index, follow, max-snippet:-1, max-image-preview:large, max-video-preview:-1\" \/>\n<link rel=\"canonical\" href=\"https:\/\/www.nrtw.org\/es\/request-free-legal-aid\/\" \/>\n<meta property=\"og:locale\" content=\"es_ES\" \/>\n<meta property=\"og:type\" content=\"article\" \/>\n<meta property=\"og:title\" content=\"Request Free Legal AidSolicite ayuda jur\u00eddica gratuita - National Right to Work Foundation\" \/>\n<meta property=\"og:description\" content=\"If you feel that your rights have been violated by compulsory unionism, or have a question about your rights under a compulsory unionism arrangement, you are welcome to fill out the form below.Your inquiry must be related to issues such as compulsory union membership or compulsory dues payments, union violence against workers, forced union dues used for politics, decertification or deauthorization elections, and abuses of exclusive hiring halls. We do not provide legal assistance to employees on any other employment-related matters, such as non-compete clauses, employment at will, general employment discrimination (such as employment discrimination based upon age, race or disabilities) or general questions about internal union affairs for voluntary union members.If you feel that your rights have been violated by compulsory unionism, or have a question about your rights under a compulsory unionism arrangement, you are welcome to fill out the form below.Your inquiry must be related to issues such as compulsory union membership or compulsory dues payments, union violence against workers, forced union dues used for politics, decertification or deauthorization elections, and abuses of exclusive hiring halls. We do not provide legal assistance to employees on any other employment-related matters, such as non-compete clauses, employment at will, general employment discrimination (such as employment discrimination based upon age, race or disabilities) or general questions about internal union affairs for voluntary union members.\" \/>\n<meta property=\"og:url\" content=\"https:\/\/www.nrtw.org\/es\/request-free-legal-aid\/\" \/>\n<meta property=\"og:site_name\" content=\"National Right to Work Foundation\" \/>\n<meta property=\"article:modified_time\" content=\"2015-10-14T17:38:50+00:00\" \/>\n<meta name=\"twitter:card\" content=\"summary_large_image\" \/>\n<meta name=\"twitter:label1\" content=\"Tiempo de lectura\" \/>\n\t<meta name=\"twitter:data1\" content=\"6 minutos\" \/>\n<script type=\"application\/ld+json\" class=\"yoast-schema-graph\">{\"@context\":\"https:\\\/\\\/schema.org\",\"@graph\":[{\"@type\":\"WebPage\",\"@id\":\"https:\\\/\\\/www.nrtw.org\\\/es\\\/request-free-legal-aid\\\/\",\"url\":\"https:\\\/\\\/www.nrtw.org\\\/es\\\/request-free-legal-aid\\\/\",\"name\":\"Request Free Legal AidSolicite ayuda jur\u00eddica gratuita - National Right to Work Foundation\",\"isPartOf\":{\"@id\":\"https:\\\/\\\/www.nrtw.org\\\/#website\"},\"datePublished\":\"2008-01-02T20:13:58+00:00\",\"dateModified\":\"2015-10-14T17:38:50+00:00\",\"inLanguage\":\"es\",\"potentialAction\":[{\"@type\":\"ReadAction\",\"target\":[\"https:\\\/\\\/www.nrtw.org\\\/es\\\/request-free-legal-aid\\\/\"]}]},{\"@type\":\"WebSite\",\"@id\":\"https:\\\/\\\/www.nrtw.org\\\/#website\",\"url\":\"https:\\\/\\\/www.nrtw.org\\\/\",\"name\":\"National Right to Work Foundation\",\"description\":\"\",\"potentialAction\":[{\"@type\":\"SearchAction\",\"target\":{\"@type\":\"EntryPoint\",\"urlTemplate\":\"https:\\\/\\\/www.nrtw.org\\\/?s={search_term_string}\"},\"query-input\":{\"@type\":\"PropertyValueSpecification\",\"valueRequired\":true,\"valueName\":\"search_term_string\"}}],\"inLanguage\":\"es\"}]}<\/script>\n<!-- \/ Yoast SEO plugin. -->","yoast_head_json":{"title":"Request Free Legal AidSolicite ayuda jur\u00eddica gratuita - National Right to Work Foundation","robots":{"index":"index","follow":"follow","max-snippet":"max-snippet:-1","max-image-preview":"max-image-preview:large","max-video-preview":"max-video-preview:-1"},"canonical":"https:\/\/www.nrtw.org\/es\/request-free-legal-aid\/","og_locale":"es_ES","og_type":"article","og_title":"Request Free Legal AidSolicite ayuda jur\u00eddica gratuita - National Right to Work Foundation","og_description":"If you feel that your rights have been violated by compulsory unionism, or have a question about your rights under a compulsory unionism arrangement, you are welcome to fill out the form below.Your inquiry must be related to issues such as compulsory union membership or compulsory dues payments, union violence against workers, forced union dues used for politics, decertification or deauthorization elections, and abuses of exclusive hiring halls. We do not provide legal assistance to employees on any other employment-related matters, such as non-compete clauses, employment at will, general employment discrimination (such as employment discrimination based upon age, race or disabilities) or general questions about internal union affairs for voluntary union members.If you feel that your rights have been violated by compulsory unionism, or have a question about your rights under a compulsory unionism arrangement, you are welcome to fill out the form below.Your inquiry must be related to issues such as compulsory union membership or compulsory dues payments, union violence against workers, forced union dues used for politics, decertification or deauthorization elections, and abuses of exclusive hiring halls. We do not provide legal assistance to employees on any other employment-related matters, such as non-compete clauses, employment at will, general employment discrimination (such as employment discrimination based upon age, race or disabilities) or general questions about internal union affairs for voluntary union members.","og_url":"https:\/\/www.nrtw.org\/es\/request-free-legal-aid\/","og_site_name":"National Right to Work Foundation","article_modified_time":"2015-10-14T17:38:50+00:00","twitter_card":"summary_large_image","twitter_misc":{"Tiempo de lectura":"6 minutos"},"schema":{"@context":"https:\/\/schema.org","@graph":[{"@type":"WebPage","@id":"https:\/\/www.nrtw.org\/es\/request-free-legal-aid\/","url":"https:\/\/www.nrtw.org\/es\/request-free-legal-aid\/","name":"Request Free Legal AidSolicite ayuda jur\u00eddica gratuita - National Right to Work Foundation","isPartOf":{"@id":"https:\/\/www.nrtw.org\/#website"},"datePublished":"2008-01-02T20:13:58+00:00","dateModified":"2015-10-14T17:38:50+00:00","inLanguage":"es","potentialAction":[{"@type":"ReadAction","target":["https:\/\/www.nrtw.org\/es\/request-free-legal-aid\/"]}]},{"@type":"WebSite","@id":"https:\/\/www.nrtw.org\/#website","url":"https:\/\/www.nrtw.org\/","name":"National Right to Work Foundation","description":"","potentialAction":[{"@type":"SearchAction","target":{"@type":"EntryPoint","urlTemplate":"https:\/\/www.nrtw.org\/?s={search_term_string}"},"query-input":{"@type":"PropertyValueSpecification","valueRequired":true,"valueName":"search_term_string"}}],"inLanguage":"es"}]}},"_links":{"self":[{"href":"https:\/\/www.nrtw.org\/es\/wp-json\/wp\/v2\/pages\/1841","targetHints":{"allow":["GET"]}}],"collection":[{"href":"https:\/\/www.nrtw.org\/es\/wp-json\/wp\/v2\/pages"}],"about":[{"href":"https:\/\/www.nrtw.org\/es\/wp-json\/wp\/v2\/types\/page"}],"author":[{"embeddable":true,"href":"https:\/\/www.nrtw.org\/es\/wp-json\/wp\/v2\/users\/2"}],"replies":[{"embeddable":true,"href":"https:\/\/www.nrtw.org\/es\/wp-json\/wp\/v2\/comments?post=1841"}],"version-history":[{"count":1,"href":"https:\/\/www.nrtw.org\/es\/wp-json\/wp\/v2\/pages\/1841\/revisions"}],"predecessor-version":[{"id":3501,"href":"https:\/\/www.nrtw.org\/es\/wp-json\/wp\/v2\/pages\/1841\/revisions\/3501"}],"wp:attachment":[{"href":"https:\/\/www.nrtw.org\/es\/wp-json\/wp\/v2\/media?parent=1841"}],"curies":[{"name":"wp","href":"https:\/\/api.w.org\/{rel}","templated":true}]}}