{"id":1835,"date":"2008-01-02T19:35:09","date_gmt":"2008-01-02T19:35:09","guid":{"rendered":""},"modified":"2024-08-13T13:57:46","modified_gmt":"2024-08-13T17:57:46","slug":"can-resign-rtw-private","status":"publish","type":"page","link":"https:\/\/www.nrtw.org\/es\/can-resign-rtw-private\/","title":{"rendered":"Si trabajo en un estado con Derecho al Trabajo \u00bfpuedo renunciar a mi membres\u00eda en el sindicato y evitar que se sigan cobrando cuotas de mi salario?"},"content":{"rendered":"<p><a href=\"\/can-resign-rtw-private\">[In English]<\/a><\/p>\n<p><b>Pregunta:<\/b> <i>Si trabajo en <a href=\"\/es\/right-to-work-states\">un estado con Derecho al Trabajo<\/a>, \u00bfpuedo renunciar a mi membres\u00eda en el sindicato y evitar que se sigan cobrando cuotas de mi salario?<\/i><\/p>\n<p>\n<b>Respuesta:<\/b> <i>Si principalmente trabaja en un estado con Derecho al Trabajo, excepto en propiedad federal o para un ferrocarril o una aerol\u00ednea, tiene el derecho de renunciar a su membres\u00eda en el sindicato y a no pagar cuotas o tarifas sindicales.<\/i>\n<\/p>\n<p>\nLos empleados que trabajan en propiedad federal pueden o no estar protegidos por la ley de Derecho al Trabajo de sus estados, de acuerdo a circunstancias espec\u00edficas. Los empleados que trabajan para un ferrocarril o una aerol\u00ednea no est\u00e1n protegidos por las leyes de Derecho al Trabajo.\n<\/p>\n<p>\nEn <a href=\"https:\/\/supreme.justia.com\/cases\/federal\/us\/473\/95\/\"><i>Pattern Makers  v. NLRB<\/i>, 473 U.S. 95 (1985)<\/a>, el Tribunal Supremo de los Estados Unidos decidi\u00f3 que los miembros del sindicato tienen el derecho de renunciar a su membres\u00eda en el sindicato en <b>cualquier<\/b> momento.\n<\/p>\n<p>\nPor supuesto que la decisi\u00f3n de renunciar es completamente suya. Como un no miembro en un <a href=\"\/es\/right-to-work-states\">estado con Derecho al Trabajo<\/a>, usted tiene el derecho de descontinuar todos los pagos al sindicato, y no estar\u00e1 sujeto a las reglas del sindicato ni a la disciplina interna. Por ejemplo, los que no son miembros no est\u00e1n sujetos a las reglas sindicales en contra de trabajar durante una huelga.  Si es miembro del sindicato y trabaja durante una huelga, el sindicato podr\u00eda imponerle una multa y cobrar esa multa en un tribunal estatal.\n<\/p>\n<p>\nSi renuncia a su membres\u00eda en el sindicato y revoca su autorizaci\u00f3n de deducci\u00f3n de cuotas sindicales, el sindicato tiene que seguir represent\u00e1ndolo en forma justa y sin discriminaci\u00f3n respecto a todos los asuntos sujetos a la negociaci\u00f3n colectiva, y no se le puede negar ninguna prestaci\u00f3n de acuerdo con el contrato laboral con su empleador debido a no ser miembro.\n<\/p>\n<p>\nPor otro lado, como no miembro, usted no tendr\u00eda el derecho a votar en la ratificaci\u00f3n del contrato ni en la elecci\u00f3n de funcionarios del sindicato, y puede haber prestaciones otorgadas bajo el acta constitutiva del sindicato que no est\u00e9n disponibles a los que no son miembros. Esas prestaciones pueden incluir seguir participando en el plan de jubilaci\u00f3n para miembros solamente. (Su participaci\u00f3n en un plan de pensi\u00f3n financiado por su empleador o financiado conjuntamente con su empleador, que se otorga como una prestaci\u00f3n al empleado, no puede ser afectada negativamente por no ser miembro del sindicato.)\n<\/p>\n<p>\nEn un <a href=\"\/es\/right-to-work-states\">estado con Derecho al Trabajo<\/a>, puede renunciar a su membres\u00eda en el sindicato simplemente envi\u00e1ndole una carta escrita a su sindicato declarando que est\u00e1 renunciando con efecto inmediato. Deber\u00eda verificar en el acta constitutiva y los estatutos para ver si tienen disposiciones que especifican a qui\u00e9n se le debe presentar la renuncia.  Dichos requerimientos se han sostenido en los tribunales y en la Junta Nacional de Relaciones del Trabajo (NLRB por sus siglas en ingl\u00e9s).\n<\/p>\n<p>\nSi ha autorizado un descuento de n\u00f3mina para las cuotas sindicales y desea revocar esa autorizaci\u00f3n, tambi\u00e9n deber\u00eda notificarle al sindicato y a su empleador que desea revocar esa autorizaci\u00f3n. Es posible que el formulario para la autorizaci\u00f3n de deducci\u00f3n de cuotas sindicales que firm\u00f3 tenga una restricci\u00f3n en cuanto al periodo para revocarla. La validez de la restricci\u00f3n despu\u00e9s de su renuncia depende del lenguaje exacto que contenga el formulario. Aunque renuncie a su membres\u00eda en un <a href=\"\/es\/right-to-work-states\">estado con Derecho al Trabajo<\/a>, es posible que tenga que esperar hasta que pase un &quot;espacio de tiempo&#038;quot designado para poder revocar la autorizaci\u00f3n de deducci\u00f3n de cuotas sindicales. Revise cuidadosamente el lenguaje de la autorizaci\u00f3n de deducci\u00f3n de cuotas sindicales especifica que firm\u00f3 y contacte a la Fundaci\u00f3n si tiene alguna pregunta sobre su significado o su posibilidad de revocarla inmediatamente en un <a href=\"\/es\/right-to-work-states\">estado con Derecho al Trabajo<\/a>.\n<\/p>\n<p>\nSi decide renunciar y revocar su autorizaci\u00f3n de deducci\u00f3n de cuotas sindicales, conserve copias de sus cartas para sus archivos. Deber\u00eda mandar dichas cartas por medio de correo certificado con acuse de recibo para que el sindicato y su empleador no puedan decir que no las recibieron. Si su sindicato o empleador se reh\u00fasan a aceptar su renuncia o su revocaci\u00f3n de las cuotas, deber\u00eda comunicarse con la Fundaci\u00f3n inmediatamente si desea ayuda.\n<\/p>\n<p>\nSi su sindicato o empleador no le permiten renunciar, tendr\u00eda el derecho a presentar un cargo de pr\u00e1cticas injustas del trabajo en contra de la(s) parte(s) rehusante(s) ante la oficina regional m\u00e1s cercana de la NLRB. Sin embargo, debe ser consciente de que los reclamos concernientes a la conducta que ocurri\u00f3 m\u00e1s de seis meses antes de la presentaci\u00f3n de cargos pueden haber prescrito, as\u00ed que es importante presentar los reclamos con prontitud.\n<\/p>\n<p>\nLa intenci\u00f3n de esta informaci\u00f3n no es recomendarle que renuncie a su sindicato, ni que revoque su autorizaci\u00f3n de deducci\u00f3n de cuotas sindicales. La intenci\u00f3n es simplemente explicarle sus derechos legales en este tipo de situaci\u00f3n.\n<\/p>\n<p>\n<a href=\"\/es\/sample-resignation-rtw-private\">Haga clic aqu\u00ed<\/a> si desea ver una muestra de una carta para renunciar a su sindicato y revocar la autorizaci\u00f3n de deducci\u00f3n de cuotas sindicales.\n<\/p>\n<hr \/>\n<p> Si desea <b>enterarse m\u00e1s acerca de sus derechos legales<\/b> como empleado en el sector privado, haga clic en la pregunta apropiada de las siguientes: <\/p>\n<ul>\n<li>Si trabajo en un estado con Derecho al Trabajo, \u00bfpuedo renunciar a mi membres\u00eda en el sindicato y evitar que se sigan cobrando cuotas de mi salario?<\/li>\n<li><a href=\"\/es\/required-join-pay-private\">\u00bfMe pueden obligar a hacerme miembro del sindicato o a pagarle cuotas? <\/a><\/li>\n<li><a href=\"\/es\/how-resign-private\">\u00bfC\u00f3mo puedo renunciar a mi membres\u00eda en el sindicato?<\/a><\/li>\n<li><a href=\"\/es\/object-nonbargaining-private\">\u00bfC\u00f3mo puedo evitar que se usen mis cuotas para actividades pol\u00edticas y otras actividades no relacionadas con la negociaci\u00f3n?<\/a> <\/li>\n<li><a href=\"\/es\/religious-objection\">\u00bfQu\u00e9 pasa si tengo objeciones religiosas para unirme al sindicato o para apoyarlo econ\u00f3micamente?<\/a> <\/li>\n<li><a href=\"\/es\/victim-union-violence\">\u00bfQu\u00e9 hago si soy v\u00edctima de la violencia sindical?<\/a> <\/li>\n<li><a href=\"\/es\/work-during-strike-private\">\u00bfQu\u00e9 pasa si quiero trabajar mientras hay una huelga?<\/a><\/li>\n<li><a href=\"\/es\/file-charges-private\">Si creo que mis derechos han sido violados por abusos del sindicalismo forzoso, \u00bfpuedo presentar mis propios cargos de pr\u00e1cticas il\u00edcitas del trabajo en contra del sindicato o empleador ante la Junta Nacional de Relaciones del Trabajo?<\/a>\n\t<\/li>\n<\/ul>\n<p><\/p>","protected":false},"excerpt":{"rendered":"<p><b>Question:<\/b> <i>If I work in a <a href=\"\/rtws.htm\">Right to Work state<\/a>, can I resign my union membership and cut off any further dues collections from my salary?<\/i><\/p>\n<p>\n<b>Answer:<\/b> <i>If you work primarily in a Right to Work state, except on federal property or for a railway or airline,  you have a right to resign from union membership and not pay union dues or  fees.<\/i>\n<\/p>\n<p>\nEmployees who work on federal property may or may not be protected by  their state&#8217;s Right to Work law, depending on specific circumstances. Employees who work for a railway or airline are not protected by Right to Work laws.\n<\/p>\n<p>\nIn <a href=\"http:\/\/supreme.justia.com\/cases\/federal\/us\/473\/95\/\"><i>Pattern Makers  v. NLRB<\/i>, 473 U.S. 95 (1985)<\/a>, the United States Supreme Court held  that union members have the right to resign their union membership at <b>any<\/b>  time.<\/p>\n","protected":false},"author":1,"featured_media":0,"parent":0,"menu_order":0,"comment_status":"open","ping_status":"open","template":"","meta":{"_lmt_disableupdate":"","_lmt_disable":"","footnotes":""},"class_list":["post-1835","page","type-page","status-publish","hentry"],"yoast_head":"<!-- This site is optimized with the Yoast SEO plugin v27.4 - https:\/\/yoast.com\/product\/yoast-seo-wordpress\/ -->\n<title>Si trabajo en un estado con Derecho al Trabajo \u00bfpuedo renunciar a mi membres\u00eda en el sindicato y evitar que se sigan cobrando cuotas de mi salario? - National Right to Work Foundation<\/title>\n<meta name=\"robots\" content=\"index, follow, max-snippet:-1, max-image-preview:large, max-video-preview:-1\" \/>\n<link rel=\"canonical\" href=\"https:\/\/www.nrtw.org\/can-resign-rtw-private\/\" \/>\n<meta property=\"og:locale\" content=\"es_ES\" \/>\n<meta property=\"og:type\" content=\"article\" \/>\n<meta property=\"og:title\" content=\"[:en]If I work in a Right to Work state can I resign my union membership and cut off any further dues collections from my salary? (Private Sector Employee)[:es]Si trabajo en un estado con Derecho al Trabajo \u00bfpuedo renunciar a mi membres\u00eda en el sindicato y evitar que se sigan cobrando cuotas de mi salario?[:] - National Right to Work Foundation\" \/>\n<meta property=\"og:description\" content=\"Question: If I work in a Right to Work state, can I resign my union membership and cut off any further dues collections from my salary?  Answer: If you work primarily in a Right to Work state, except on federal property or for a railway or airline, you have a right to resign from union membership and not pay union dues or fees.    Employees who work on federal property may or may not be protected by their state&#039;s Right to Work law, depending on specific circumstances. Employees who work for a railway or airline are not protected by Right to Work laws.     In Pattern Makers v. NLRB, 473 U.S. 95 (1985), the United States Supreme Court held that union members have the right to resign their union membership at any time.\" \/>\n<meta property=\"og:url\" content=\"https:\/\/www.nrtw.org\/can-resign-rtw-private\/\" \/>\n<meta property=\"og:site_name\" content=\"National Right to Work Foundation\" \/>\n<meta property=\"article:modified_time\" content=\"2024-08-13T17:57:46+00:00\" \/>\n<meta name=\"twitter:card\" content=\"summary_large_image\" \/>\n<meta name=\"twitter:label1\" content=\"Tiempo de lectura\" \/>\n\t<meta name=\"twitter:data1\" content=\"4 minutos\" \/>\n<script type=\"application\/ld+json\" class=\"yoast-schema-graph\">{\"@context\":\"https:\\\/\\\/schema.org\",\"@graph\":[{\"@type\":\"WebPage\",\"@id\":\"https:\\\/\\\/www.nrtw.org\\\/can-resign-rtw-private\\\/\",\"url\":\"https:\\\/\\\/www.nrtw.org\\\/can-resign-rtw-private\\\/\",\"name\":\"[:en]If I work in a Right to Work state can I resign my union membership and cut off any further dues collections from my salary? (Private Sector Employee)[:es]Si trabajo en un estado con Derecho al Trabajo \u00bfpuedo renunciar a mi membres\u00eda en el sindicato y evitar que se sigan cobrando cuotas de mi salario?[:] - National Right to Work Foundation\",\"isPartOf\":{\"@id\":\"https:\\\/\\\/www.nrtw.org\\\/#website\"},\"datePublished\":\"2008-01-02T19:35:09+00:00\",\"dateModified\":\"2024-08-13T17:57:46+00:00\",\"inLanguage\":\"es\",\"potentialAction\":[{\"@type\":\"ReadAction\",\"target\":[\"https:\\\/\\\/www.nrtw.org\\\/can-resign-rtw-private\\\/\"]}]},{\"@type\":\"WebSite\",\"@id\":\"https:\\\/\\\/www.nrtw.org\\\/#website\",\"url\":\"https:\\\/\\\/www.nrtw.org\\\/\",\"name\":\"National Right to Work Foundation\",\"description\":\"\",\"potentialAction\":[{\"@type\":\"SearchAction\",\"target\":{\"@type\":\"EntryPoint\",\"urlTemplate\":\"https:\\\/\\\/www.nrtw.org\\\/?s={search_term_string}\"},\"query-input\":{\"@type\":\"PropertyValueSpecification\",\"valueRequired\":true,\"valueName\":\"search_term_string\"}}],\"inLanguage\":\"es\"}]}<\/script>\n<!-- \/ Yoast SEO plugin. -->","yoast_head_json":{"title":"[:en]If I work in a Right to Work state can I resign my union membership and cut off any further dues collections from my salary? (Private Sector Employee)[:es]Si trabajo en un estado con Derecho al Trabajo \u00bfpuedo renunciar a mi membres\u00eda en el sindicato y evitar que se sigan cobrando cuotas de mi salario?[:] - National Right to Work Foundation","robots":{"index":"index","follow":"follow","max-snippet":"max-snippet:-1","max-image-preview":"max-image-preview:large","max-video-preview":"max-video-preview:-1"},"canonical":"https:\/\/www.nrtw.org\/can-resign-rtw-private\/","og_locale":"es_ES","og_type":"article","og_title":"[:en]If I work in a Right to Work state can I resign my union membership and cut off any further dues collections from my salary? (Private Sector Employee)[:es]Si trabajo en un estado con Derecho al Trabajo \u00bfpuedo renunciar a mi membres\u00eda en el sindicato y evitar que se sigan cobrando cuotas de mi salario?[:] - National Right to Work Foundation","og_description":"Question: If I work in a Right to Work state, can I resign my union membership and cut off any further dues collections from my salary?  Answer: If you work primarily in a Right to Work state, except on federal property or for a railway or airline, you have a right to resign from union membership and not pay union dues or fees.    Employees who work on federal property may or may not be protected by their state's Right to Work law, depending on specific circumstances. Employees who work for a railway or airline are not protected by Right to Work laws.     In Pattern Makers v. NLRB, 473 U.S. 95 (1985), the United States Supreme Court held that union members have the right to resign their union membership at any time.","og_url":"https:\/\/www.nrtw.org\/can-resign-rtw-private\/","og_site_name":"National Right to Work Foundation","article_modified_time":"2024-08-13T17:57:46+00:00","twitter_card":"summary_large_image","twitter_misc":{"Tiempo de lectura":"4 minutos"},"schema":{"@context":"https:\/\/schema.org","@graph":[{"@type":"WebPage","@id":"https:\/\/www.nrtw.org\/can-resign-rtw-private\/","url":"https:\/\/www.nrtw.org\/can-resign-rtw-private\/","name":"[:en]If I work in a Right to Work state can I resign my union membership and cut off any further dues collections from my salary? (Private Sector Employee)[:es]Si trabajo en un estado con Derecho al Trabajo \u00bfpuedo renunciar a mi membres\u00eda en el sindicato y evitar que se sigan cobrando cuotas de mi salario?[:] - National Right to Work Foundation","isPartOf":{"@id":"https:\/\/www.nrtw.org\/#website"},"datePublished":"2008-01-02T19:35:09+00:00","dateModified":"2024-08-13T17:57:46+00:00","inLanguage":"es","potentialAction":[{"@type":"ReadAction","target":["https:\/\/www.nrtw.org\/can-resign-rtw-private\/"]}]},{"@type":"WebSite","@id":"https:\/\/www.nrtw.org\/#website","url":"https:\/\/www.nrtw.org\/","name":"National Right to Work Foundation","description":"","potentialAction":[{"@type":"SearchAction","target":{"@type":"EntryPoint","urlTemplate":"https:\/\/www.nrtw.org\/?s={search_term_string}"},"query-input":{"@type":"PropertyValueSpecification","valueRequired":true,"valueName":"search_term_string"}}],"inLanguage":"es"}]}},"_links":{"self":[{"href":"https:\/\/www.nrtw.org\/es\/wp-json\/wp\/v2\/pages\/1835","targetHints":{"allow":["GET"]}}],"collection":[{"href":"https:\/\/www.nrtw.org\/es\/wp-json\/wp\/v2\/pages"}],"about":[{"href":"https:\/\/www.nrtw.org\/es\/wp-json\/wp\/v2\/types\/page"}],"author":[{"embeddable":true,"href":"https:\/\/www.nrtw.org\/es\/wp-json\/wp\/v2\/users\/1"}],"replies":[{"embeddable":true,"href":"https:\/\/www.nrtw.org\/es\/wp-json\/wp\/v2\/comments?post=1835"}],"version-history":[{"count":19,"href":"https:\/\/www.nrtw.org\/es\/wp-json\/wp\/v2\/pages\/1835\/revisions"}],"predecessor-version":[{"id":17493,"href":"https:\/\/www.nrtw.org\/es\/wp-json\/wp\/v2\/pages\/1835\/revisions\/17493"}],"wp:attachment":[{"href":"https:\/\/www.nrtw.org\/es\/wp-json\/wp\/v2\/media?parent=1835"}],"curies":[{"name":"wp","href":"https:\/\/api.w.org\/{rel}","templated":true}]}}