{"id":1769,"date":"2007-12-31T19:00:00","date_gmt":"2007-12-31T19:00:00","guid":{"rendered":""},"modified":"2024-09-20T12:13:44","modified_gmt":"2024-09-20T16:13:44","slug":"work-during-strike-private","status":"publish","type":"page","link":"https:\/\/www.nrtw.org\/es\/work-during-strike-private\/","title":{"rendered":"\u00bfQu\u00e9 pasa si quiero trabajar mientras hay una huelga?"},"content":{"rendered":"<p><a href=\"\/work-during-strike-private\">[In English]<\/a><\/p>\n<p>\n<b>Pregunta:<\/b> <i> \u00bfQu\u00e9 pasa si quiero trabajar mientras hay una huelga?<\/i>\n<\/p>\n<p>\n<b>Respuesta:<\/b> <i>Si quiere trabajar durante una huelga tiene que estar seguro de que no es miembro del sindicato si quiere evitar medidas disciplinarias del sindicato<\/i>\n<\/p>\n<p>\nMuchos tribunales han sostenido que los sindicatos tienen el poder de disciplinar a sus miembros. Esta disciplina puede incluir el imponerle una multa importante y luego demandarlo en los tribunales para exigir el pago de la multa. Si desea evitar consecuencias como esas, no puede seguir siendo miembro del sindicato y cruzar la l\u00ednea de piquete.\n<\/p>\n<p>\nA continuaci\u00f3n puede encontrar una serie de preguntas y respuestas acerca de las huelgas que aplican a casi todo empleado amparado por la <a href=\"http:\/\/www4.law.cornell.edu\/uscode\/29\/151.shtml\">Ley Nacional de Relaciones del Trabajo<\/a>.\n<\/p>\n<p>\n<b>\u00bfDeber\u00eda trabajar durante una huelga? <\/b>Esa es una decisi\u00f3n personal y no le incumbe a la Fundaci\u00f3n. Seg\u00fan la <a href=\"http:\/\/www4.law.cornell.edu\/uscode\/29\/151.shtml\">Ley de Notificaci\u00f3n y Divulgaci\u00f3n Obrero-Patronal <\/a> usted tiene el derecho de hacer huelga y de no hacer huelga. Si un empleador contin\u00faa operando durante la huelga, necesita decidir qu\u00e9 es lo que quiere hacer bas\u00e1ndose en sus propias necesidades. No deje que nadie lo fuerce hacia un lado o el otro.\n<\/p>\n<p>\n<b>\u00bfEl sindicato le puede imponer una multa si trabaja durante la huelga?<\/b> Probablemente, si no renuncia a su membres\u00eda antes de regresar al trabajo. Como un miembro del sindicato, est\u00e1 sujeto al acta constitutiva y a los estatutos del sindicato, en los cuales la mayor\u00eda de los sindicatos declaran que se les puede multar a los miembros que trabajen durante una huelga convocada legalmente. Dichas multas pueden ser caras y se pueden cobrar en el tribunal estatal.\n<\/p>\n<p>\n<b> \u00bfDeber\u00eda renunciar a mi membres\u00eda si trabajo durante una huelga?<\/b> S\u00ed. Los no miembros no est\u00e1n sujetos al acta constitutiva y los estatutos del sindicato y no pueden ser multados o de alguna otra manera disciplinados por trabajar durante una huelga. Si a\u00fan no cruza la l\u00ednea de piquete y desea evitar todas las multas, no la cruce hasta que el sindicato reciba su renuncia o hasta el d\u00eda despu\u00e9s de la fecha en el matasellos postal de su renuncia si la env\u00eda por correo (use correo certificado para que pueda comprobar la fecha en el matasellos). Una vez que el sindicato tenga conocimiento de su renuncia, no puede imponerle legalmente ninguna multa ni forma de disciplina por cualquier cosa que haga despu\u00e9s de su renuncia. Esto no significa que alguien no tratar\u00eda de presentarle cargos internos sindicales por su conducta despu\u00e9s de su renuncia.  Significa que si el sindicato trata de multarlo, no tendr\u00e1 \u00e9xito.\n<\/p>\n<p>\n<b> \u00bfPuede el acta constitutiva del sindicato prohibir mi renuncia durante la huelga?<\/b> No. Los tribunales federales han sido un\u00e1nimes en sostener que las restricciones del sindicato sobre el derecho a renunciar son ilegales y no exigibles bajo la <a href=\"http:\/\/www4.law.cornell.edu\/uscode\/29\/151.shtml\">Ley Nacional de Relaciones del Trabajo<\/a>.\n<\/p>\n<p>\n<b> \u00bfQu\u00e9 tal el convenio de taller sindicalizado? \u00bfQu\u00e9 acaso no se me requiere ser miembro del sindicato para conservar mi trabajo?<\/b> No. Seg\u00fan la <a href=\"http:\/\/www4.law.cornell.edu\/uscode\/29\/151.shtml\">Ley Nacional de Relaciones del Trabajo<\/a>, no tiene que ser realmente un miembro para conservar su empleo. \u00danicamente tiene que pagarle al sindicato la cantidad de las cuotas sindicales o, si le notifica al sindicato que objeta el uso de su dinero para otros prop\u00f3sitos, la porci\u00f3n de las cuotas que se usen para la negociaci\u00f3n colectiva y la administraci\u00f3n<br \/>\ndel contrato.\n<\/p>\n<p>\nM\u00e1s a\u00fan, si est\u00e1 empleado en un <a href=\"\/es\/right-to-work-states\">estado con Derecho al Trabajo<\/a>, un convenio de taller sindicalizado no se puede hacer cumplir y no se le puede obligar a pagarle nada al sindicato si no es un miembro (a menos que sea marinero o trabaje en ciertas instalaciones federales). <a href=\"\/es\/right-to-work-states\">Haga clic aqu\u00ed<\/a> para ver una lista de los <a href=\"\/es\/right-to-work-states\">estados con Derecho al Trabajo<\/a>.\n<\/p>\n<p>\n<b><span style=\"color: #ff0000\">Para una explicaci\u00f3n acerca de sus derechos como un empleado en un estado con Derecho al Trabajo, <\/span><\/b><a href=\"\/es\/can-resign-rtw-private\"><b>haga clic aqu\u00ed<\/b><\/a>.\n<\/p>\n<p>\n<b>Si trabaj\u00f3 durante la huelga <i>antes de <\/i>renunciar, \u00bflo protege la renuncia de todas las multas?<\/b> No. El sindicato puede multar a un no miembro por conducta anterior a su renuncia, por no por nada hecho despu\u00e9s de que reciba la renuncia. Por lo general, las multas est\u00e1n basadas en el n\u00famero de d\u00edas que el miembro trabaja durante la huelga. Generalmente, los tribunales sostienen que las multas no pueden ser excesivas. Lo que se considera excesivo est\u00e1 abierto a la interpretaci\u00f3n, pero tendr\u00eda un buen argumento de que las multas son excesivas si exceden la cantidad ganada durante el periodo anterior a haber renunciado.<b><\/b>\n<\/p>\n<p>\n<b> \u00bfQu\u00e9 derechos perder\u00eda si renuncia?<\/b> No perder\u00e1 ning\u00fan derecho seg\u00fan el convenio de negociaci\u00f3n colectiva, como por ejemplo, su antig\u00fcedad. El sindicato tiene que representarlo en forma justa en los tr\u00e1mites de negociaci\u00f3n y agravio, sea miembro o no. Perder\u00e1 cualquier derecho seg\u00fan el acta constitutiva del sindicato que est\u00e9 \u00fanicamente disponible a los miembros, tal como el de votar en elecciones y en la ratificaci\u00f3n del convenio de negociaci\u00f3n colectiva. Tambi\u00e9n podr\u00eda perder el derecho de continuar en cualquier plan de pensi\u00f3n del sindicato, pero no en los planes de pensi\u00f3n financiados en parte o completamente por su empleador seg\u00fan el convenio de negociaci\u00f3n colectiva.\n<\/p>\n<p>\n<b> Si renuncia, \u00bfpuede volver a unirse al sindicato despu\u00e9s de que se termine la huelga?<\/b> Esto depende del sindicato y su acta constitutiva y estatutos. La ley no le exige al sindicato que le permita hacerse miembro otra vez. Muchas veces los sindicatos se reh\u00fasan a permitirle a los llamados rompehuelgas que se hagan miembros otra vez. Sabemos de situaciones en donde los sindicatos les han requerido a los rompehuelgas que paguen multas altas para volver a ser miembros. Deber\u00eda suponer que si renuncia y cruza la l\u00ednea de piquete, no se le permitir\u00e1 volver a hacerse miembro del sindicato. Sin embargo, si no se vuelve a hacer miembro, el sindicato a\u00fan tiene que seguir represent\u00e1ndolo en forma justa en la negociaci\u00f3n colectiva y en la administraci\u00f3n del contrato y tendr\u00e1 los mismos derechos que los miembros bajo el convenio de negociaci\u00f3n colectiva.\n<\/p>\n<p>\n<b> \u00bfC\u00f3mo se renuncia?<\/b> <a href=\"\/es\/sample-resignation-private\" title=\"Muestra de una carta de renuncia\">Haga clic aqu\u00ed<\/a> si quiere ver una <a href=\"\/es\/sample-resignation-private\" title=\"Muestra de una Carta de Renuncia\">muestra de una carta de renuncia<\/a>. Es posible que en un futuro tenga que comprobar que se recibi\u00f3 la carta de renuncia.  Por eso deber\u00eda enviarla por fax y conservar el recibo de confirmaci\u00f3n de la m\u00e1quina de fax, o por correo certificado con acuse de recibo, o bien entregarlo al funcionario sindical se\u00f1alado en el acta constitutiva del sindicato para recibir las renuncias (por ejemplo, el acta constitutiva de los Teamsters se\u00f1ala al Tesorero-Secretario del sindicato local), en persona con un testigo amigable presente.\n<\/p>\n<p>\n<b> \u00bfQu\u00e9 reglas aplican si el sindicato trata de multarlo?<\/b> Seg\u00fan la Ley de Notificaci\u00f3n y Divulgaci\u00f3n Obrero-Patronal (&quot;LMRDA&quot; por sus siglas en ingl\u00e9s), la cual contiene una Declaraci\u00f3n de Derechos para los miembros del sindicato, no se le puede multar o de alguna otra manera disciplinar salvo que se le hayan presentado cargos espec\u00edficos por escrito y se le haya dado el tiempo adecuado para preparar su defensa, y que se le haya concedido una audiencia justa y completa. Dentro de estas limitaciones, las reglas relacionadas con las medidas disciplinarias las determinan el acta constitutiva y los estatutos de cada sindicato.\n<\/p>\n<p>\n<b> \u00bfQu\u00e9 debe hacer si el sindicato le ha presentado cargos espec\u00edficos, si hab\u00eda renunciado antes de regresar al trabajo?<\/b> Si tiene pruebas claras de que renunci\u00f3 antes de regresar al trabajo, Ponga inmediatamente esta prueba a disposici\u00f3n del sindicato y p\u00eddale que retire los cargos antes de la audiencia. Si el sindicato insiste bajo esas circunstancias, violar\u00e1 la ley y usted deber\u00eda notificar a la Fundaci\u00f3n inmediatamente para que el abogado de la Fundaci\u00f3n le aconseje c\u00f3mo proceder.\n<\/p>\n<p>\n<b> \u00bfQu\u00e9 debe hacer si el sindicato le ha presentado cargos, y usted <i>no <\/i>renunci\u00f3 antes de regresar al trabajo?<\/b> Si regres\u00f3 al trabajo durante la huelga antes de renunciar, o trabaj\u00f3 y nunca renunci\u00f3, deber\u00eda asistir y presentar cualquier defensa que pueda tener en la audiencia programada por el sindicato. Deber\u00eda agotar todas las apelaciones que podr\u00edan estar disponibles bajo el acta constitutiva y los estatutos del sindicato. Las posibles defensas son que las multas propuestas son excesivas o que a usted se le dijo que no pod\u00eda renunciar durante la multa. Deber\u00eda consultar a un abogado con experiencia para determinar cu\u00e1les defensas podr\u00eda tener.\n<\/p>\n<p>\n<b> \u00bfC\u00f3mo puede el sindicato cobrar las multas si lo encuentra culpable de trabajar durante la huelga mientras a\u00fan era miembro?<\/b> El sindicato no puede hacer que lo despidan si se reh\u00fasa a pagar las multas. La <a href=\"http:\/\/www4.law.cornell.edu\/uscode\/29\/151.shtml\">Ley Nacional de Relaciones del Trabajo<\/a> proh\u00edbe el despido debido a no pagar multas y sanciones. El sindicato \u00fanicamente puede recurrir al tribunal estatal y entablar una demanda por la cantidad de la multa, cosa que puede hacer legalmente.  Usted tendr\u00eda el derecho de presentar cualquier defensa que present\u00f3 durante los procedimientos internos del sindicato durante esta demanda, siempre y cuando haya agotado las apelaciones internas del sindicato.\n<\/p>\n<p>\n<b> \u00bfQu\u00e9 deber\u00eda hacer para protegerse del hostigamiento y la violencia?<\/b> No importa lo que decida en cuanto a renunciar y trabajar durante la huelga, deber\u00eda tratar de pasar desapercibido lo m\u00e1s que pueda y tratar de mantener las relaciones cordiales existentes con sus compa\u00f1eros en los dos lados de la l\u00ednea de piquete. \u00a1Evite a los fan\u00e1ticos! Si regresa a trabajar, mant\u00e9ngase en comunicaci\u00f3n con los dem\u00e1s empleados que est\u00e1n trabajando durante la huelga, ap\u00f3yense mutuamente y compartan informaci\u00f3n. Tambi\u00e9n, si trabaja durante una huelga, deber\u00eda obtener un n\u00famero telef\u00f3nico no publicado, mantener un diario con todas las amenazas e incidentes de acoso y violencia relacionados con la huelga (qui\u00e9n, d\u00f3nde, qu\u00e9, cu\u00e1ndo, nombres de los testigos, etc.) y tomar fotos de su propiedad privada, como su casa y carro, para que pueda documentar cualquier da\u00f1o en caso de que se convierta en victima de la violencia sindical. Si lo empiezan a acosar por tel\u00e9fono, deber\u00eda considerar instalar un identificador de llamadas en su tel\u00e9fono y aprender c\u00f3mo usar cualquier servicio de localizaci\u00f3n de llamadas de su compa\u00f1\u00eda local de tel\u00e9fono. Deber\u00eda informar a su empleador acerca todas las amenazas e incidencias de acoso o violencia, y si hay amenazas o violencia, informe a la polic\u00eda. Si es victima de amenazas de violencia o de la violencia en s\u00ed, por favor notifique a la Fundaci\u00f3n si desea obtener ayuda.\n<\/p>\n<p>\nSi es victima de la violencia sindical y quisiera solicitar ayuda de los abogados de la Fundaci\u00f3n, <a href=\"\/es\/free-legal-aid\">llene este formulario<\/a>.\n<\/p>\n<hr \/>\n<p>Si desea <b>enterarse m\u00e1s acerca de sus derechos legales<\/b> como empleado en el sector privado, haga clic en la pregunta apropiada de las siguientes:<\/p>\n<ul>\n<li>\n\t<a href=\"\/es\/can-resign-rtw-private\">Si trabajo en un estado con Derecho al Trabajo, \u00bfpuedo renunciar a mi membres\u00eda en el sindicato y suspender que sigan cobr\u00e1ndose cuotas de mi salario?<\/a><\/li>\n<li>\n\t<a href=\"\/es\/required-join-pay-private\">\u00bfMe pueden obligar a hacerme miembro del sindicato o a pagarle cuotas?<\/a><\/li>\n<li>\n\t<a href=\"\/es\/how-resign-private\">\u00bfC\u00f3mo puedo renunciar a mi membres\u00eda en el sindicato?<\/a><\/li>\n<li>\n\t<a href=\"\/es\/object-nonbargaining-private\">\u00bfC\u00f3mo puedo evitar que mis cuotas se usen para actividades pol\u00edticas y otras no relacionadas con la negociaci\u00f3n?<\/a><\/li>\n<li>\n\t<a href=\"\/es\/religious-objection\">\u00bfQu\u00e9 pasa si tengo objeciones religiosas para unirme al sindicato o para apoyarlo econ\u00f3micamente?<\/a> <\/li>\n<li>\n\t<a href=\"\/es\/victim-union-violence\">\u00bfQu\u00e9 hago si soy v\u00edctima de la violencia sindical?<\/a><\/li>\n<li>\n\t\u00bfQu\u00e9 pasa si quiero trabajar mientras hay una huelga?<\/li>\n<li>\n\t<a href=\"\/es\/file-charges-private\">Si creo que mis derechos han sido violados por abusos del sindicalismo forzoso, \u00bfpuedo presentar mis propios cargos de pr\u00e1cticas laborales injustas en contra del sindicato o empleador ante la Junta Nacional de Relaciones del Trabajo?<\/a>\n\t<\/li>\n<\/ul>\n<p><\/p>","protected":false},"excerpt":{"rendered":"<p>\n<b>Question:<\/b> <i>What if I want to work during a strike?<\/i>\n<\/p>\n<p>\n<b>Answer:<\/b> <i>If you want to work during a strike you must be certain that you are not a union member if you wish to avoid union discipline.<\/i>\n<\/p>\n<p>\nMany courts have held that unions have the power to discipline their members. This discipline can include imposing a significant fine upon and then suing you to enforce the payment of the fine. If you wish to avoid consequences like that, you cannot remain a member of the union and cross the picket line.\n<\/p>\n<p>\nA series of questions and answers about a strike that apply to almost every private sector employee covered by the <a href=\"http:\/\/www4.law.cornell.edu\/uscode\/29\/151.shtml\">National Labor Relations Act<\/a> follow.<\/p>\n","protected":false},"author":1,"featured_media":16569,"parent":0,"menu_order":0,"comment_status":"open","ping_status":"open","template":"","meta":{"_lmt_disableupdate":"","_lmt_disable":"","footnotes":""},"class_list":["post-1769","page","type-page","status-publish","has-post-thumbnail","hentry"],"yoast_head":"<!-- This site is optimized with the Yoast SEO plugin v27.4 - https:\/\/yoast.com\/product\/yoast-seo-wordpress\/ -->\n<title>\u00bfQu\u00e9 pasa si quiero trabajar mientras hay una huelga? - National Right to Work Foundation<\/title>\n<meta name=\"robots\" content=\"index, follow, max-snippet:-1, max-image-preview:large, max-video-preview:-1\" \/>\n<link rel=\"canonical\" href=\"https:\/\/www.nrtw.org\/work-during-strike-private\/\" \/>\n<meta property=\"og:locale\" content=\"es_ES\" \/>\n<meta property=\"og:type\" content=\"article\" \/>\n<meta property=\"og:title\" content=\"What if I want to work during a strike? (Private Sector Employee)\" \/>\n<meta property=\"og:description\" content=\"Question: What if I want to work during a strike?   Answer: If you want to work during a strike you must be certain that you are not a union member if you wish to avoid union discipline.   Many courts have held that unions have the power to discipline their members. This discipline can include imposing a significant fine upon and then suing you to enforce the payment of the fine. If you wish to avoid consequences like that, you cannot remain a member of the union and cross the picket line.   A series of questions and answers about a strike that apply to almost every private sector employee covered by the National Labor Relations Act follow.\" \/>\n<meta property=\"og:url\" content=\"https:\/\/www.nrtw.org\/work-during-strike-private\/\" \/>\n<meta property=\"og:site_name\" content=\"National Right to Work Foundation\" \/>\n<meta property=\"article:modified_time\" content=\"2024-09-20T16:13:44+00:00\" \/>\n<meta property=\"og:image\" content=\"https:\/\/www.nrtw.org\/wp-content\/uploads\/2023\/11\/qtq80-2yOFFc.jpeg\" \/>\n\t<meta property=\"og:image:width\" content=\"2164\" \/>\n\t<meta property=\"og:image:height\" content=\"1440\" \/>\n\t<meta property=\"og:image:type\" content=\"image\/jpeg\" \/>\n<meta name=\"twitter:card\" content=\"summary_large_image\" \/>\n<meta name=\"twitter:title\" content=\"What if I want to work during a strike? (Private Sector Employee)\" \/>\n<meta name=\"twitter:image\" content=\"https:\/\/www.nrtw.org\/wp-content\/uploads\/2023\/11\/qtq80-2yOFFc.jpeg\" \/>\n<meta name=\"twitter:label1\" content=\"Tiempo de lectura\" \/>\n\t<meta name=\"twitter:data1\" content=\"8 minutos\" \/>\n<script type=\"application\/ld+json\" class=\"yoast-schema-graph\">{\"@context\":\"https:\\\/\\\/schema.org\",\"@graph\":[{\"@type\":\"WebPage\",\"@id\":\"https:\\\/\\\/www.nrtw.org\\\/work-during-strike-private\\\/\",\"url\":\"https:\\\/\\\/www.nrtw.org\\\/work-during-strike-private\\\/\",\"name\":\"[:en]What if I want to work during a strike? (Private Sector Employee)[:es]\u00bfQu\u00e9 pasa si quiero trabajar mientras hay una huelga?[:] - National Right to Work Foundation\",\"isPartOf\":{\"@id\":\"https:\\\/\\\/www.nrtw.org\\\/#website\"},\"primaryImageOfPage\":{\"@id\":\"https:\\\/\\\/www.nrtw.org\\\/work-during-strike-private\\\/#primaryimage\"},\"image\":{\"@id\":\"https:\\\/\\\/www.nrtw.org\\\/work-during-strike-private\\\/#primaryimage\"},\"thumbnailUrl\":\"https:\\\/\\\/www.nrtw.org\\\/wp-content\\\/uploads\\\/2023\\\/11\\\/qtq80-2yOFFc.jpeg\",\"datePublished\":\"2007-12-31T19:00:00+00:00\",\"dateModified\":\"2024-09-20T16:13:44+00:00\",\"inLanguage\":\"es\",\"potentialAction\":[{\"@type\":\"ReadAction\",\"target\":[\"https:\\\/\\\/www.nrtw.org\\\/work-during-strike-private\\\/\"]}]},{\"@type\":\"ImageObject\",\"inLanguage\":\"es\",\"@id\":\"https:\\\/\\\/www.nrtw.org\\\/work-during-strike-private\\\/#primaryimage\",\"url\":\"https:\\\/\\\/www.nrtw.org\\\/wp-content\\\/uploads\\\/2023\\\/11\\\/qtq80-2yOFFc.jpeg\",\"contentUrl\":\"https:\\\/\\\/www.nrtw.org\\\/wp-content\\\/uploads\\\/2023\\\/11\\\/qtq80-2yOFFc.jpeg\",\"width\":2164,\"height\":1440,\"caption\":\"National Right to Work Legal Defense Foundation\"},{\"@type\":\"WebSite\",\"@id\":\"https:\\\/\\\/www.nrtw.org\\\/#website\",\"url\":\"https:\\\/\\\/www.nrtw.org\\\/\",\"name\":\"National Right to Work Foundation\",\"description\":\"\",\"potentialAction\":[{\"@type\":\"SearchAction\",\"target\":{\"@type\":\"EntryPoint\",\"urlTemplate\":\"https:\\\/\\\/www.nrtw.org\\\/?s={search_term_string}\"},\"query-input\":{\"@type\":\"PropertyValueSpecification\",\"valueRequired\":true,\"valueName\":\"search_term_string\"}}],\"inLanguage\":\"es\"}]}<\/script>\n<!-- \/ Yoast SEO plugin. -->","yoast_head_json":{"title":"[:en]What if I want to work during a strike? (Private Sector Employee)[:es]\u00bfQu\u00e9 pasa si quiero trabajar mientras hay una huelga?[:] - National Right to Work Foundation","robots":{"index":"index","follow":"follow","max-snippet":"max-snippet:-1","max-image-preview":"max-image-preview:large","max-video-preview":"max-video-preview:-1"},"canonical":"https:\/\/www.nrtw.org\/work-during-strike-private\/","og_locale":"es_ES","og_type":"article","og_title":"What if I want to work during a strike? (Private Sector Employee)","og_description":"Question: What if I want to work during a strike?   Answer: If you want to work during a strike you must be certain that you are not a union member if you wish to avoid union discipline.   Many courts have held that unions have the power to discipline their members. This discipline can include imposing a significant fine upon and then suing you to enforce the payment of the fine. If you wish to avoid consequences like that, you cannot remain a member of the union and cross the picket line.   A series of questions and answers about a strike that apply to almost every private sector employee covered by the National Labor Relations Act follow.","og_url":"https:\/\/www.nrtw.org\/work-during-strike-private\/","og_site_name":"National Right to Work Foundation","article_modified_time":"2024-09-20T16:13:44+00:00","og_image":[{"width":2164,"height":1440,"url":"https:\/\/www.nrtw.org\/wp-content\/uploads\/2023\/11\/qtq80-2yOFFc.jpeg","type":"image\/jpeg"}],"twitter_card":"summary_large_image","twitter_title":"What if I want to work during a strike? (Private Sector Employee)","twitter_image":"https:\/\/www.nrtw.org\/wp-content\/uploads\/2023\/11\/qtq80-2yOFFc.jpeg","twitter_misc":{"Tiempo de lectura":"8 minutos"},"schema":{"@context":"https:\/\/schema.org","@graph":[{"@type":"WebPage","@id":"https:\/\/www.nrtw.org\/work-during-strike-private\/","url":"https:\/\/www.nrtw.org\/work-during-strike-private\/","name":"[:en]What if I want to work during a strike? (Private Sector Employee)[:es]\u00bfQu\u00e9 pasa si quiero trabajar mientras hay una huelga?[:] - National Right to Work Foundation","isPartOf":{"@id":"https:\/\/www.nrtw.org\/#website"},"primaryImageOfPage":{"@id":"https:\/\/www.nrtw.org\/work-during-strike-private\/#primaryimage"},"image":{"@id":"https:\/\/www.nrtw.org\/work-during-strike-private\/#primaryimage"},"thumbnailUrl":"https:\/\/www.nrtw.org\/wp-content\/uploads\/2023\/11\/qtq80-2yOFFc.jpeg","datePublished":"2007-12-31T19:00:00+00:00","dateModified":"2024-09-20T16:13:44+00:00","inLanguage":"es","potentialAction":[{"@type":"ReadAction","target":["https:\/\/www.nrtw.org\/work-during-strike-private\/"]}]},{"@type":"ImageObject","inLanguage":"es","@id":"https:\/\/www.nrtw.org\/work-during-strike-private\/#primaryimage","url":"https:\/\/www.nrtw.org\/wp-content\/uploads\/2023\/11\/qtq80-2yOFFc.jpeg","contentUrl":"https:\/\/www.nrtw.org\/wp-content\/uploads\/2023\/11\/qtq80-2yOFFc.jpeg","width":2164,"height":1440,"caption":"National Right to Work Legal Defense Foundation"},{"@type":"WebSite","@id":"https:\/\/www.nrtw.org\/#website","url":"https:\/\/www.nrtw.org\/","name":"National Right to Work Foundation","description":"","potentialAction":[{"@type":"SearchAction","target":{"@type":"EntryPoint","urlTemplate":"https:\/\/www.nrtw.org\/?s={search_term_string}"},"query-input":{"@type":"PropertyValueSpecification","valueRequired":true,"valueName":"search_term_string"}}],"inLanguage":"es"}]}},"_links":{"self":[{"href":"https:\/\/www.nrtw.org\/es\/wp-json\/wp\/v2\/pages\/1769","targetHints":{"allow":["GET"]}}],"collection":[{"href":"https:\/\/www.nrtw.org\/es\/wp-json\/wp\/v2\/pages"}],"about":[{"href":"https:\/\/www.nrtw.org\/es\/wp-json\/wp\/v2\/types\/page"}],"author":[{"embeddable":true,"href":"https:\/\/www.nrtw.org\/es\/wp-json\/wp\/v2\/users\/1"}],"replies":[{"embeddable":true,"href":"https:\/\/www.nrtw.org\/es\/wp-json\/wp\/v2\/comments?post=1769"}],"version-history":[{"count":15,"href":"https:\/\/www.nrtw.org\/es\/wp-json\/wp\/v2\/pages\/1769\/revisions"}],"predecessor-version":[{"id":17628,"href":"https:\/\/www.nrtw.org\/es\/wp-json\/wp\/v2\/pages\/1769\/revisions\/17628"}],"wp:featuredmedia":[{"embeddable":true,"href":"https:\/\/www.nrtw.org\/es\/wp-json\/wp\/v2\/media\/16569"}],"wp:attachment":[{"href":"https:\/\/www.nrtw.org\/es\/wp-json\/wp\/v2\/media?parent=1769"}],"curies":[{"name":"wp","href":"https:\/\/api.w.org\/{rel}","templated":true}]}}