{"id":1765,"date":"2008-02-01T13:40:06","date_gmt":"2008-02-01T13:40:06","guid":{"rendered":""},"modified":"2016-08-09T16:44:14","modified_gmt":"2016-08-09T16:44:14","slug":"religious-objection-federal","status":"publish","type":"page","link":"https:\/\/www.nrtw.org\/es\/religious-objection-federal\/","title":{"rendered":"\u00bfQu\u00e9 pasa si tengo objeciones religiosas para unirme al sindicato o apoyarlo econ\u00f3micamente?"},"content":{"rendered":"<p><a href=\"\/religious-objection-federal\">[In English]<\/a><\/p>\n<p>\nA los empleados del gobierno federal se les garantiza por ley el derecho a abstenerse de ayudar a un sindicato. <i>V\u00e9ase<\/i> <a href=\"http:\/\/www4.law.cornell.edu\/uscode\/5\/7102.shtml\">5 U.S.C. \u00a7 7102<\/a> (generalmente empleados federales); <a href=\"http:\/\/www4.law.cornell.edu\/uscode\/39\/1209.shtml\">39 U.S.C. \u00a7 1209(c)<\/a> (empleados postales). (U.S.C. son las siglas para United States Code (C\u00f3digo de los Estados Unidos&quot; Para obtener el C\u00f3digo de los Estados Unidos, <a href=\"http:\/\/www4.law.cornell.edu\/uscode\/\">haga clic aqu\u00ed<\/a>.)\n<\/p>\n<p>\nEsto significa que no se le puede obligar a pagar ninguna cuota o cargo sindical en violaci\u00f3n de sus creencias religiosas.\n<\/p>\n<hr size=\"2\" width=\"100%\" \/>\n<p>\nSi quisiera<b>enterarse m\u00e1s acerca de sus derechos<\/b> como empleado federal, haga clic en la pregunta apropiada de las siguientes:\n<\/p>\n<ul>\n<li>\n\t<a href=\"\/es\/required-join-pay-federal\">\u00bfMe pueden obligar a hacerme miembro del sindicato o a pagarle cuotas a un sindicato?<\/a><\/li>\n<li><a href=\"\/es\/how-resign-federal\">\u00bfC\u00f3mo puedo renunciar a mi membres\u00eda en el sindicato?<\/a><\/li>\n<li><a href=\"\/es\/object-nonbargaining-federal\">\u00bfC\u00f3mo puedo evitar que se usen mis cuotas para actividades pol\u00edticas y otras no relacionadas con la negociaci\u00f3n?<\/a><\/li>\n<li>\u00bfQu\u00e9 pasa si tengo objeciones religiosas para unirme al sindicato o para apoyarlo econ\u00f3micamente?<\/li>\n<li><a href=\"\/es\/victim-union-violence\">\u00bfQu\u00e9 hago si soy v\u00edctima de la violencia sindical?<\/a><\/li>\n<li><a href=\"\/es\/work-during-strike-federal\">\u00bfQu\u00e9 pasa si quiero trabajar mientras hay una huelga?<\/a>\n\t<\/li>\n<\/ul>\n<p><\/p>","protected":false},"excerpt":{"rendered":"<p>\nEmployees of the federal government by law are guaranteed the right to refrain from assisting a union. <i>See<\/i> <a href=\"http:\/\/www4.law.cornell.edu\/uscode\/5\/7102.shtml\">5 U.S.C. \u00a7 7102<\/a> (federal employees generally); <a href=\"http:\/\/www4.law.cornell.edu\/uscode\/39\/1209.shtml\">39 U.S.C. \u00a7 1209(c)<\/a> (postal employees). (U.S.C. stands for &quot;United States Code.&quot; To access the United States Code, <a href=\"http:\/\/www4.law.cornell.edu\/uscode\/\">click here<\/a>.)\n<\/p>\n<p>\nThis means that you cannot be required to pay any dues or fees to the union in violation of your religious beliefs.<\/p>\n","protected":false},"author":1,"featured_media":0,"parent":0,"menu_order":0,"comment_status":"open","ping_status":"open","template":"","meta":{"_lmt_disableupdate":"","_lmt_disable":"","footnotes":""},"class_list":["post-1765","page","type-page","status-publish","hentry"],"yoast_head":"<!-- This site is optimized with the Yoast SEO plugin v27.4 - https:\/\/yoast.com\/product\/yoast-seo-wordpress\/ -->\n<title>What if I have religious objections to joining or financially supporting a union? (Federal Government Employee)\u00bfQu\u00e9 pasa si tengo objeciones religiosas para unirme al sindicato o apoyarlo econ\u00f3micamente?  - National Right to Work Foundation<\/title>\n<meta name=\"robots\" content=\"index, follow, max-snippet:-1, max-image-preview:large, max-video-preview:-1\" \/>\n<link rel=\"canonical\" href=\"https:\/\/www.nrtw.org\/es\/religious-objection-federal\/\" \/>\n<meta property=\"og:locale\" content=\"es_ES\" \/>\n<meta property=\"og:type\" content=\"article\" \/>\n<meta property=\"og:title\" content=\"What if I have religious objections to joining or financially supporting a union? (Federal Government Employee)\u00bfQu\u00e9 pasa si tengo objeciones religiosas para unirme al sindicato o apoyarlo econ\u00f3micamente?  - National Right to Work Foundation\" \/>\n<meta property=\"og:description\" content=\"Employees of the federal government by law are guaranteed the right to refrain from assisting a union. See 5 U.S.C. \u00a7 7102 (federal employees generally); 39 U.S.C. \u00a7 1209(c) (postal employees). (U.S.C. stands for &quot;United States Code.&quot; To access the United States Code, click here.)    This means that you cannot be required to pay any dues or fees to the union in violation of your religious beliefs.   Employees of the federal government by law are guaranteed the right to refrain from assisting a union. See 5 U.S.C. \u00a7 7102 (federal employees generally); 39 U.S.C. \u00a7 1209(c) (postal employees). (U.S.C. stands for &quot;United States Code.&quot; To access the United States Code, click here.)    This means that you cannot be required to pay any dues or fees to the union in violation of your religious beliefs.\" \/>\n<meta property=\"og:url\" content=\"https:\/\/www.nrtw.org\/es\/religious-objection-federal\/\" \/>\n<meta property=\"og:site_name\" content=\"National Right to Work Foundation\" \/>\n<meta property=\"article:modified_time\" content=\"2016-08-09T16:44:14+00:00\" \/>\n<meta name=\"twitter:card\" content=\"summary_large_image\" \/>\n<meta name=\"twitter:label1\" content=\"Tiempo de lectura\" \/>\n\t<meta name=\"twitter:data1\" content=\"2 minutos\" \/>\n<script type=\"application\/ld+json\" class=\"yoast-schema-graph\">{\"@context\":\"https:\\\/\\\/schema.org\",\"@graph\":[{\"@type\":\"WebPage\",\"@id\":\"https:\\\/\\\/www.nrtw.org\\\/es\\\/religious-objection-federal\\\/\",\"url\":\"https:\\\/\\\/www.nrtw.org\\\/es\\\/religious-objection-federal\\\/\",\"name\":\"What if I have religious objections to joining or financially supporting a union? (Federal Government Employee)\u00bfQu\u00e9 pasa si tengo objeciones religiosas para unirme al sindicato o apoyarlo econ\u00f3micamente? - National Right to Work Foundation\",\"isPartOf\":{\"@id\":\"https:\\\/\\\/www.nrtw.org\\\/#website\"},\"datePublished\":\"2008-02-01T13:40:06+00:00\",\"dateModified\":\"2016-08-09T16:44:14+00:00\",\"inLanguage\":\"es\",\"potentialAction\":[{\"@type\":\"ReadAction\",\"target\":[\"https:\\\/\\\/www.nrtw.org\\\/es\\\/religious-objection-federal\\\/\"]}]},{\"@type\":\"WebSite\",\"@id\":\"https:\\\/\\\/www.nrtw.org\\\/#website\",\"url\":\"https:\\\/\\\/www.nrtw.org\\\/\",\"name\":\"National Right to Work Foundation\",\"description\":\"\",\"potentialAction\":[{\"@type\":\"SearchAction\",\"target\":{\"@type\":\"EntryPoint\",\"urlTemplate\":\"https:\\\/\\\/www.nrtw.org\\\/?s={search_term_string}\"},\"query-input\":{\"@type\":\"PropertyValueSpecification\",\"valueRequired\":true,\"valueName\":\"search_term_string\"}}],\"inLanguage\":\"es\"}]}<\/script>\n<!-- \/ Yoast SEO plugin. -->","yoast_head_json":{"title":"What if I have religious objections to joining or financially supporting a union? (Federal Government Employee)\u00bfQu\u00e9 pasa si tengo objeciones religiosas para unirme al sindicato o apoyarlo econ\u00f3micamente?  - National Right to Work Foundation","robots":{"index":"index","follow":"follow","max-snippet":"max-snippet:-1","max-image-preview":"max-image-preview:large","max-video-preview":"max-video-preview:-1"},"canonical":"https:\/\/www.nrtw.org\/es\/religious-objection-federal\/","og_locale":"es_ES","og_type":"article","og_title":"What if I have religious objections to joining or financially supporting a union? (Federal Government Employee)\u00bfQu\u00e9 pasa si tengo objeciones religiosas para unirme al sindicato o apoyarlo econ\u00f3micamente?  - National Right to Work Foundation","og_description":"Employees of the federal government by law are guaranteed the right to refrain from assisting a union. See 5 U.S.C. \u00a7 7102 (federal employees generally); 39 U.S.C. \u00a7 1209(c) (postal employees). (U.S.C. stands for &quot;United States Code.&quot; To access the United States Code, click here.)    This means that you cannot be required to pay any dues or fees to the union in violation of your religious beliefs.   Employees of the federal government by law are guaranteed the right to refrain from assisting a union. See 5 U.S.C. \u00a7 7102 (federal employees generally); 39 U.S.C. \u00a7 1209(c) (postal employees). (U.S.C. stands for &quot;United States Code.&quot; To access the United States Code, click here.)    This means that you cannot be required to pay any dues or fees to the union in violation of your religious beliefs.","og_url":"https:\/\/www.nrtw.org\/es\/religious-objection-federal\/","og_site_name":"National Right to Work Foundation","article_modified_time":"2016-08-09T16:44:14+00:00","twitter_card":"summary_large_image","twitter_misc":{"Tiempo de lectura":"2 minutos"},"schema":{"@context":"https:\/\/schema.org","@graph":[{"@type":"WebPage","@id":"https:\/\/www.nrtw.org\/es\/religious-objection-federal\/","url":"https:\/\/www.nrtw.org\/es\/religious-objection-federal\/","name":"What if I have religious objections to joining or financially supporting a union? (Federal Government Employee)\u00bfQu\u00e9 pasa si tengo objeciones religiosas para unirme al sindicato o apoyarlo econ\u00f3micamente? - National Right to Work Foundation","isPartOf":{"@id":"https:\/\/www.nrtw.org\/#website"},"datePublished":"2008-02-01T13:40:06+00:00","dateModified":"2016-08-09T16:44:14+00:00","inLanguage":"es","potentialAction":[{"@type":"ReadAction","target":["https:\/\/www.nrtw.org\/es\/religious-objection-federal\/"]}]},{"@type":"WebSite","@id":"https:\/\/www.nrtw.org\/#website","url":"https:\/\/www.nrtw.org\/","name":"National Right to Work Foundation","description":"","potentialAction":[{"@type":"SearchAction","target":{"@type":"EntryPoint","urlTemplate":"https:\/\/www.nrtw.org\/?s={search_term_string}"},"query-input":{"@type":"PropertyValueSpecification","valueRequired":true,"valueName":"search_term_string"}}],"inLanguage":"es"}]}},"_links":{"self":[{"href":"https:\/\/www.nrtw.org\/es\/wp-json\/wp\/v2\/pages\/1765","targetHints":{"allow":["GET"]}}],"collection":[{"href":"https:\/\/www.nrtw.org\/es\/wp-json\/wp\/v2\/pages"}],"about":[{"href":"https:\/\/www.nrtw.org\/es\/wp-json\/wp\/v2\/types\/page"}],"author":[{"embeddable":true,"href":"https:\/\/www.nrtw.org\/es\/wp-json\/wp\/v2\/users\/1"}],"replies":[{"embeddable":true,"href":"https:\/\/www.nrtw.org\/es\/wp-json\/wp\/v2\/comments?post=1765"}],"version-history":[{"count":5,"href":"https:\/\/www.nrtw.org\/es\/wp-json\/wp\/v2\/pages\/1765\/revisions"}],"predecessor-version":[{"id":5559,"href":"https:\/\/www.nrtw.org\/es\/wp-json\/wp\/v2\/pages\/1765\/revisions\/5559"}],"wp:attachment":[{"href":"https:\/\/www.nrtw.org\/es\/wp-json\/wp\/v2\/media?parent=1765"}],"curies":[{"name":"wp","href":"https:\/\/api.w.org\/{rel}","templated":true}]}}