{"id":1760,"date":"2007-12-31T19:00:00","date_gmt":"2007-12-31T19:00:00","guid":{"rendered":""},"modified":"2026-01-12T08:50:10","modified_gmt":"2026-01-12T13:50:10","slug":"object-nonbargaining-private","status":"publish","type":"page","link":"https:\/\/www.nrtw.org\/es\/object-nonbargaining-private\/","title":{"rendered":"\u00bfC\u00f3mo puedo evitar que se usen mis cuotas para actividades pol\u00edticas y otras no relacionadas con la negociaci\u00f3n?"},"content":{"rendered":"<p><a href=\"\/object-nonbargaining-private\">[In English]<\/a><\/p>\n<p>\n<b>Pregunta<\/b> <i>\u00bfC\u00f3mo puede evitar que se usen mis cuotas para actividades pol\u00edticas y otras no relacionadas con la negociaci\u00f3n?<\/i>\n<\/p>\n<p>\n[<b>ATENCI\u00d3N<\/b>: Usted tiene que ser un no miembro para aprovechar los derechos detallados en esta p\u00e1gina. Si actualmente es miembro del sindicato, primero tiene que dejar de ser miembro y luego objetar para poder recibir un descuento o una reducci\u00f3n a sus cuotas.  Para saber c\u00f3mo dejar de ser miembro, <a href=\"\/es\/how-resign-private\">haga clic aqu\u00ed<\/a>.]\n<\/p>\n<p>\n<b>Respuesta:<\/b> <i>Si vive en un <a href=\"\/es\/right-to-work-states\">estado con Derecho al Trabajo<\/a>, con pocas excepciones, no solamente tiene el derecho de abstenerse de unirse al sindicato, sino que no se le puede obligar a pagar cuotas ni comisiones de agencia al sindicato salvo que decida unirse al sindicato. Dependiendo de circunstancias espec\u00edficas, es posible que los empleados que trabajan en una propiedad federal, as\u00ed como los marineros, no est\u00e9n protegidos por las ley de Derecho al Trabajo de su estado.<\/i>\n<\/p>\n<p>\n<a href=\"\/es\/right-to-work-states\">Haga clic aqu\u00ed<\/a> para ver una lista de los 28 estados con Derecho al Trabajo.\n<\/p>\n<p>\nSi no trabaja en un <a href=\"\/es\/right-to-work-states\">estado con Derecho al Trabajo<\/a>, tiene el derecho de pagarle una cuota reducida al sindicato si usted no es miembro del sindicato y le ha mandado una carta al sindicato oponi\u00e9ndose a pagar m\u00e1s que los gastos para la negociaci\u00f3n colectiva.\n<\/p>\n<p>\nEn <a href=\"http:\/\/caselaw.findlaw.com\/cgi-bin\/getcase.pl?court=US&amp;vol=487&amp;invol=735\"><i>Communications Workers v. Beck<\/i>, 487 U.S. 735 (1988)<\/a>, una demanda apoyada por la Fundaci\u00f3n, el Tribunal Supremo decidi\u00f3 que de acuerdo con la <a href=\"http:\/\/www4.law.cornell.edu\/uscode\/29\/151.shtml\">Ley Nacional de Relaciones del Trabajo<\/a> lo m\u00e1s que se les puede obligar a pagar a quienes no son miembros es una comisi\u00f3n de agencia igual a su porci\u00f3n de lo que sindicato pueda probar que son los gastos para la negociaci\u00f3n colectiva, la administraci\u00f3n del contrato y el ajuste de agravios.\n<\/p>\n<p>\nExcepto en casos extraordinarios, los costos del sindicato para la negociaci\u00f3n colectiva, la administraci\u00f3n del contrato y el ajuste de agravios no equivalen a la cantidad de las cuotas.\n<\/p>\n<p>\nLas relaciones de trabajo para casi todos los empleados del sector privado (excepto los que est\u00e1n en la industria de ferrocarriles o aerol\u00edneas) quedan amparados por la <a href=\"http:\/\/www4.law.cornell.edu\/uscode\/29\/151.shtml\">Ley Nacional de Relaciones del Trabajo (NLRA)<\/a>.\n<\/p>\n<p>\n<i>Beck <\/i>aclara que los no miembros a quienes se les obliga a pagar cuotas sindicales como una condici\u00f3n de empleo tienen el derecho de objetar de acuerdo con la Ley Nacional de Relaciones del Trabajo, y a obtener una reducci\u00f3n en sus pagos forzosos para que no se incluyan los gastos del sindicato que son para prop\u00f3sitos distintos a la negociaci\u00f3n colectiva, la administraci\u00f3n del contrato y el ajuste de agravios.\n<\/p>\n<p>\nEn <a href=\"http:\/\/caselaw.lp.findlaw.com\/scripts\/getcase.pl?court=dc&amp;navby=case&amp;no=937171A\"><i>Abrams v. Communications Workers<\/i>, 59 F.3d 1373 (D.C. Cir. 1995)<\/a>, otra demanda apoyada por la Fundaci\u00f3n, el Tribunal de Apelaciones de los Estados Unidos para el Circuito del Distrito de Columbia adopt\u00f3 la postura, pensamos que correctamente, que los sindicatos del sector privado, seg\u00fan la NLRA, deben cumplir con los requisitos de procedimiento impuestos a los sindicatos de empleados p\u00fablicos por el Tribunal Supremo de los Estados Unidos en <a href=\"http:\/\/caselaw.findlaw.com\/cgi-bin\/getcase.pl?court=US&amp;vol=475&amp;invol=292\"><i>Chicago Teachers Union v. Hudson<\/i>, 475 U.S. 292 (1986)<\/a>. No obstante, la Junta Nacional de Relaciones del Trabajo (NLRB por sus siglas en ingl\u00e9s), la agencia que tiene la responsabilidad principal  de hacer cumplir la NLRA, en <i>California Saw and Knife Works<\/i>, 320 N.L.R.B. 224 (1995), enforced, 133 F.3d 1012 (7th Cir. 1998), decidi\u00f3 que solo algunos de los requerimientos de <i>Hudson<\/i> son aplicables seg\u00fan la NLRA. En este momento, \u00fanicamente la NLRB requiere que los sindicatos otorguen los siguientes procedimientos para salvaguardar su derecho de no pagar m\u00e1s que una comisi\u00f3n limitada de agencia:\n<\/p>\n<ul type=\"disc\">\n<li>\n\tel sindicato le debe informar a usted que tiene el derecho de no ser miembro;<\/li>\n<li>\n\tel sindicato debe informarle que los no miembros tienen el derecho de objetar a pagar por las actividades sindicales no relacionadas con las responsabilidades del sindicato como agente de negociaci\u00f3n y a obtener una reducci\u00f3n en las cuotas por esas actividades;<\/li>\n<li>\n\tel sindicato le debe dar la informaci\u00f3n suficiente como para que usted pueda tomar una decisi\u00f3n inteligente para objetar;<\/li>\n<li>\n\tel sindicato le debe informar acerca de sus procedimientos para presentar objeciones; y,<\/li>\n<li>\n\tsi usted presenta una objeci\u00f3n, el sindicato le debe decir el porcentaje de la reducci\u00f3n en que se basa el c\u00e1lculo, y que tiene el derecho de cuestionar esas cifras.<\/li>\n<\/ul>\n<p>\nSi el sindicato no le proporciona estos procedimientos, o si quiere cuestionar la cantidad que el sindicato le pide como una comisi\u00f3n de agencia, puede entablar una demanda en un tribunal federal por incumplimiento por parte del sindicato del deber de representaci\u00f3n justa, o presentar un cargo de pr\u00e1ctica il\u00edcita de trabajo ante la oficina regional m\u00e1s cercana de la NLRB. Sin embargo, dicha demanda o cargo de pr\u00e1ctica il\u00edcita de trabajo se tiene que presentar dentro de los primeros seis (6) meses de que ocurra la conducta de la cual se est\u00e1 quejando. Si entabla una demanda de deber de representaci\u00f3n justa, necesitar\u00e1 un abogado. Si presenta un cargo de  pr\u00e1ctica il\u00edcita de trabajo ante la NLRB, y el Abogado General presenta una demanda por su cargo, la NLRB proporcionar\u00e1 un abogado para pelear el cargo.\n<\/p>\n<p>\nSin embargo, el abogado puesto por la NLRB representa lo que la NLRB y su Abogado General consideran que son importantes &quot;el intereses p\u00fablicos.&quot;  Usted puede tener a su propio abogado representando sus intereses, pero el Abogado General de la NLRB decide cu\u00e1les temas se van a pelear, y usted no puede obligar al Abogado  General a pelear por un tema que quiere omitir.\n<\/p>\n<p>\nSi no es miembro y quisiera ver una <a href=\"\/es\/sample-objection-private\" title=\"Muestra de una Carta de Objeci\u00f3n para Empleados en el Sector Privado\">muestra de una carta de objeci\u00f3n<\/a> que le permita pagar una cuota del sindicato reducida y conservar parte del dinero que le ha estado mandando al sindicato, <a href=\"\/es\/sample-objection-private\" title=\"Muestra de una Carta de Objeci\u00f3n para Empleados en el Sector Privado\">haga clic aqu\u00ed<\/a>.\n<\/p>\n<p>\nSi quisiera darse una idea del tipo de gastos que no son imputables a los no miembros, <a href=\"\/es\/examples-of-non-chargeable-expenses\">haga clic aqu\u00ed<\/a>.\n<\/p>\n<p>\nDeber\u00eda verificar con su sindicato para ver si tiene una pol\u00edtica concerniente a cu\u00e1ndo y a qui\u00e9n se le deben presentar las objeciones <i>Beck<\/i>.  Para obtener enlaces a pol\u00edticas de objeci\u00f3n del sindicato en Internet, <a href=\"\/es\/objection-policies\">haga clic aqu\u00ed<\/a>.\n<\/p>\n<p>\nAdem\u00e1s de los derechos detallados arriba (en cuanto a las maneras de limitar su afiliaci\u00f3n con el sindicato), tambi\u00e9n deber\u00eda recordar que los empleados del sector privado amparados por la NLRA tienen el derecho de pedir una elecci\u00f3n de &quot; desautorizaci\u00f3n&quot;, la cual completamente nulifica la cl\u00e1usula de sindicalismo forzoso en el convenio colectivo laboral y elimina TODOS los requerimientos de cuotas. Para tener m\u00e1s informaci\u00f3n acerca de esta opci\u00f3n, haga clic <a href=\"\/es\/deauthorization-election\">aqu\u00ed<\/a>.\n<\/p>\n<hr \/>\n<p>Si desea <b>enterarse m\u00e1s acerca de sus derechos legales<\/b> como empleado en el sector privado, haga clic en la pregunta apropiada de las siguientes:<\/p>\n<ul>\n<li>\n\t<a href=\"\/es\/can-resign-rtw-private\">Si trabajo en un estado con Derecho al Trabajo, \u00bfpuedo renunciar a mi membres\u00eda en el sindicato y suspender que sigan cobr\u00e1ndose cuotas de mi salario?<\/a><\/li>\n<li>\n\t<a href=\"\/es\/required-join-pay-private\">\u00bfMe pueden obligar a hacerme miembro del sindicato o a pagarle cuotas?<\/a><\/li>\n<li>\n\t<a href=\"\/es\/how-resign-private\">\u00bfC\u00f3mo puedo renunciar a mi membres\u00eda en el sindicato?<\/a><\/li>\n<li>\n\t\u00bfC\u00f3mo puedo evitar que mis cuotas se usen para actividades pol\u00edticas y otras no relacionadas con la negociaci\u00f3n?<\/li>\n<li>\n\t<a href=\"\/es\/religious-objection\">\u00bfQu\u00e9 pasa si tengo objeciones religiosas para unirme al sindicato o para apoyarlo econ\u00f3micamente?<\/a> <\/li>\n<li>\n\t<a href=\"\/es\/victim-union-violence\">\u00bfQu\u00e9 hago si soy v\u00edctima de la violencia sindical?<\/a><\/li>\n<li>\n\t<a href=\"\/es\/work-during-strike-private\">\u00bfQu\u00e9 pasa si quiero trabajar mientras hay una huelga?<\/a><\/li>\n<li>\n\t<a href=\"\/es\/file-charges-private\">Si creo que mis derechos han sido violados por abusos del sindicalismo forzoso, \u00bfpuedo presentar mis propios cargos de pr\u00e1cticas laborales injustas en contra del sindicato o empleador ante la Junta Nacional de Relaciones del Trabajo?<\/a>\n\t<\/li>\n<\/ul>\n<p><\/p>","protected":false},"excerpt":{"rendered":"<p>\nTo download a free quad-fold brochure about your right to opt out of certain union dues or fees, <a href=\"\/files\/nrtw\/Private_Sector_Employees_Brochure.pdf\">click here<\/a> (pdf).\n<\/p>\n<p>\n<b>Question:<\/b> <i>How do I cut off the use of my dues for politics and other nonbargaining activities?<\/i>\n<\/p>\n<p>\n[<b>NOTE<\/b>: You must be a non-member to avail yourself of the rights discussed on this page. If you are currently a member of the union, you must first become a non-member and then object in order to receive your dues rebate or reduction.  To learn how to become a non-member, <a href=\"\/a\/a_3_p.htm\">click here<\/a>.]<\/p>\n","protected":false},"author":1,"featured_media":19039,"parent":0,"menu_order":0,"comment_status":"open","ping_status":"open","template":"","meta":{"_lmt_disableupdate":"","_lmt_disable":"","footnotes":""},"class_list":["post-1760","page","type-page","status-publish","has-post-thumbnail","hentry"],"yoast_head":"<!-- This site is optimized with the Yoast SEO plugin v27.4 - https:\/\/yoast.com\/product\/yoast-seo-wordpress\/ -->\n<title>How do I cut off the use of my dues for politics and other nonbargaining activities? (Private Sector Employee)<\/title>\n<meta name=\"description\" content=\"Question: How do I cut off the use of my union dues for political activism and other nonbargaining activities?\" \/>\n<meta name=\"robots\" content=\"index, follow, max-snippet:-1, max-image-preview:large, max-video-preview:-1\" \/>\n<link rel=\"canonical\" href=\"https:\/\/www.nrtw.org\/object-nonbargaining-private\/\" \/>\n<meta property=\"og:locale\" content=\"es_ES\" \/>\n<meta property=\"og:type\" content=\"article\" \/>\n<meta property=\"og:title\" content=\"How do I cut off the use of my dues for politics?\" \/>\n<meta property=\"og:description\" content=\"How do I cut off the use of my union dues for political activism and other nonbargaining activities?\" \/>\n<meta property=\"og:url\" content=\"https:\/\/www.nrtw.org\/object-nonbargaining-private\/\" \/>\n<meta property=\"og:site_name\" content=\"National Right to Work Foundation\" \/>\n<meta property=\"article:modified_time\" content=\"2026-01-12T13:50:10+00:00\" \/>\n<meta property=\"og:image\" content=\"https:\/\/www.nrtw.org\/wp-content\/uploads\/2026\/01\/qtq80-ryGDdt.jpeg\" \/>\n\t<meta property=\"og:image:width\" content=\"2161\" \/>\n\t<meta property=\"og:image:height\" content=\"1440\" \/>\n\t<meta property=\"og:image:type\" content=\"image\/jpeg\" \/>\n<meta name=\"twitter:card\" content=\"summary_large_image\" \/>\n<meta name=\"twitter:title\" content=\"How do I cut off the use of my dues for politics?\" \/>\n<meta name=\"twitter:description\" content=\"How do I cut off the use of my union dues for political activism and other nonbargaining activities?\" \/>\n<meta name=\"twitter:image\" content=\"https:\/\/www.nrtw.org\/wp-content\/uploads\/2026\/01\/qtq80-ryGDdt.jpeg\" \/>\n<meta name=\"twitter:label1\" content=\"Tiempo de lectura\" \/>\n\t<meta name=\"twitter:data1\" content=\"6 minutos\" \/>\n<script type=\"application\/ld+json\" class=\"yoast-schema-graph\">{\"@context\":\"https:\\\/\\\/schema.org\",\"@graph\":[{\"@type\":\"WebPage\",\"@id\":\"https:\\\/\\\/www.nrtw.org\\\/object-nonbargaining-private\\\/\",\"url\":\"https:\\\/\\\/www.nrtw.org\\\/object-nonbargaining-private\\\/\",\"name\":\"How do I cut off the use of my dues for politics and other nonbargaining activities? (Private Sector Employee)\",\"isPartOf\":{\"@id\":\"https:\\\/\\\/www.nrtw.org\\\/#website\"},\"primaryImageOfPage\":{\"@id\":\"https:\\\/\\\/www.nrtw.org\\\/object-nonbargaining-private\\\/#primaryimage\"},\"image\":{\"@id\":\"https:\\\/\\\/www.nrtw.org\\\/object-nonbargaining-private\\\/#primaryimage\"},\"thumbnailUrl\":\"https:\\\/\\\/www.nrtw.org\\\/wp-content\\\/uploads\\\/2026\\\/01\\\/qtq80-ryGDdt.jpeg\",\"datePublished\":\"2007-12-31T19:00:00+00:00\",\"dateModified\":\"2026-01-12T13:50:10+00:00\",\"description\":\"Question: How do I cut off the use of my union dues for political activism and other nonbargaining activities?\",\"inLanguage\":\"es\",\"potentialAction\":[{\"@type\":\"ReadAction\",\"target\":[\"https:\\\/\\\/www.nrtw.org\\\/object-nonbargaining-private\\\/\"]}]},{\"@type\":\"ImageObject\",\"inLanguage\":\"es\",\"@id\":\"https:\\\/\\\/www.nrtw.org\\\/object-nonbargaining-private\\\/#primaryimage\",\"url\":\"https:\\\/\\\/www.nrtw.org\\\/wp-content\\\/uploads\\\/2026\\\/01\\\/qtq80-ryGDdt.jpeg\",\"contentUrl\":\"https:\\\/\\\/www.nrtw.org\\\/wp-content\\\/uploads\\\/2026\\\/01\\\/qtq80-ryGDdt.jpeg\",\"width\":2161,\"height\":1440,\"caption\":\"cut off union dues for politics and other nonbargaining activities\"},{\"@type\":\"WebSite\",\"@id\":\"https:\\\/\\\/www.nrtw.org\\\/#website\",\"url\":\"https:\\\/\\\/www.nrtw.org\\\/\",\"name\":\"National Right to Work Foundation\",\"description\":\"\",\"potentialAction\":[{\"@type\":\"SearchAction\",\"target\":{\"@type\":\"EntryPoint\",\"urlTemplate\":\"https:\\\/\\\/www.nrtw.org\\\/?s={search_term_string}\"},\"query-input\":{\"@type\":\"PropertyValueSpecification\",\"valueRequired\":true,\"valueName\":\"search_term_string\"}}],\"inLanguage\":\"es\"}]}<\/script>\n<!-- \/ Yoast SEO plugin. -->","yoast_head_json":{"title":"How do I cut off the use of my dues for politics and other nonbargaining activities? (Private Sector Employee)","description":"Question: How do I cut off the use of my union dues for political activism and other nonbargaining activities?","robots":{"index":"index","follow":"follow","max-snippet":"max-snippet:-1","max-image-preview":"max-image-preview:large","max-video-preview":"max-video-preview:-1"},"canonical":"https:\/\/www.nrtw.org\/object-nonbargaining-private\/","og_locale":"es_ES","og_type":"article","og_title":"How do I cut off the use of my dues for politics?","og_description":"How do I cut off the use of my union dues for political activism and other nonbargaining activities?","og_url":"https:\/\/www.nrtw.org\/object-nonbargaining-private\/","og_site_name":"National Right to Work Foundation","article_modified_time":"2026-01-12T13:50:10+00:00","og_image":[{"width":2161,"height":1440,"url":"https:\/\/www.nrtw.org\/wp-content\/uploads\/2026\/01\/qtq80-ryGDdt.jpeg","type":"image\/jpeg"}],"twitter_card":"summary_large_image","twitter_title":"How do I cut off the use of my dues for politics?","twitter_description":"How do I cut off the use of my union dues for political activism and other nonbargaining activities?","twitter_image":"https:\/\/www.nrtw.org\/wp-content\/uploads\/2026\/01\/qtq80-ryGDdt.jpeg","twitter_misc":{"Tiempo de lectura":"6 minutos"},"schema":{"@context":"https:\/\/schema.org","@graph":[{"@type":"WebPage","@id":"https:\/\/www.nrtw.org\/object-nonbargaining-private\/","url":"https:\/\/www.nrtw.org\/object-nonbargaining-private\/","name":"How do I cut off the use of my dues for politics and other nonbargaining activities? (Private Sector Employee)","isPartOf":{"@id":"https:\/\/www.nrtw.org\/#website"},"primaryImageOfPage":{"@id":"https:\/\/www.nrtw.org\/object-nonbargaining-private\/#primaryimage"},"image":{"@id":"https:\/\/www.nrtw.org\/object-nonbargaining-private\/#primaryimage"},"thumbnailUrl":"https:\/\/www.nrtw.org\/wp-content\/uploads\/2026\/01\/qtq80-ryGDdt.jpeg","datePublished":"2007-12-31T19:00:00+00:00","dateModified":"2026-01-12T13:50:10+00:00","description":"Question: How do I cut off the use of my union dues for political activism and other nonbargaining activities?","inLanguage":"es","potentialAction":[{"@type":"ReadAction","target":["https:\/\/www.nrtw.org\/object-nonbargaining-private\/"]}]},{"@type":"ImageObject","inLanguage":"es","@id":"https:\/\/www.nrtw.org\/object-nonbargaining-private\/#primaryimage","url":"https:\/\/www.nrtw.org\/wp-content\/uploads\/2026\/01\/qtq80-ryGDdt.jpeg","contentUrl":"https:\/\/www.nrtw.org\/wp-content\/uploads\/2026\/01\/qtq80-ryGDdt.jpeg","width":2161,"height":1440,"caption":"cut off union dues for politics and other nonbargaining activities"},{"@type":"WebSite","@id":"https:\/\/www.nrtw.org\/#website","url":"https:\/\/www.nrtw.org\/","name":"National Right to Work Foundation","description":"","potentialAction":[{"@type":"SearchAction","target":{"@type":"EntryPoint","urlTemplate":"https:\/\/www.nrtw.org\/?s={search_term_string}"},"query-input":{"@type":"PropertyValueSpecification","valueRequired":true,"valueName":"search_term_string"}}],"inLanguage":"es"}]}},"_links":{"self":[{"href":"https:\/\/www.nrtw.org\/es\/wp-json\/wp\/v2\/pages\/1760","targetHints":{"allow":["GET"]}}],"collection":[{"href":"https:\/\/www.nrtw.org\/es\/wp-json\/wp\/v2\/pages"}],"about":[{"href":"https:\/\/www.nrtw.org\/es\/wp-json\/wp\/v2\/types\/page"}],"author":[{"embeddable":true,"href":"https:\/\/www.nrtw.org\/es\/wp-json\/wp\/v2\/users\/1"}],"replies":[{"embeddable":true,"href":"https:\/\/www.nrtw.org\/es\/wp-json\/wp\/v2\/comments?post=1760"}],"version-history":[{"count":20,"href":"https:\/\/www.nrtw.org\/es\/wp-json\/wp\/v2\/pages\/1760\/revisions"}],"predecessor-version":[{"id":17492,"href":"https:\/\/www.nrtw.org\/es\/wp-json\/wp\/v2\/pages\/1760\/revisions\/17492"}],"wp:featuredmedia":[{"embeddable":true,"href":"https:\/\/www.nrtw.org\/es\/wp-json\/wp\/v2\/media\/19039"}],"wp:attachment":[{"href":"https:\/\/www.nrtw.org\/es\/wp-json\/wp\/v2\/media?parent=1760"}],"curies":[{"name":"wp","href":"https:\/\/api.w.org\/{rel}","templated":true}]}}