{"id":1759,"date":"2007-12-31T19:00:00","date_gmt":"2007-12-31T19:00:00","guid":{"rendered":""},"modified":"2016-08-09T16:45:22","modified_gmt":"2016-08-09T16:45:22","slug":"object-nonbargaining-federal","status":"publish","type":"page","link":"https:\/\/www.nrtw.org\/es\/object-nonbargaining-federal\/","title":{"rendered":"\u00bfC\u00f3mo puedo evitar que se usen mis cuotas para actividades pol\u00edticas y otras no relacionadas con la negociaci\u00f3n?"},"content":{"rendered":"<p><a href=\"\/object-nonbargaining-federal\">[In English]<\/a><\/p>\n<p>\n<b>Pregunta<\/b> <i>\u00bfC\u00f3mo puedo evitar que se usen mis cuotas para actividades pol\u00edticas y otras no relacionadas con la negociaci\u00f3n?<\/i>\n<\/p>\n<p>\n[<b>ATENCI\u00d3N<\/b>: Usted tiene que ser un no miembro para aprovechar los derechos detallados en esta p\u00e1gina. Si actualmente es miembro del sindicato, primero tiene que dejar de ser miembro y luego objetar para poder recibir un descuento o una reducci\u00f3n a sus cuotas.  Para saber c\u00f3mo dejar de ser miembro, <a href=\"\/es\/how-resign-federal\">haga clic aqu\u00ed<\/a>.]\n<\/p>\n<p>\n<b>Respuesta:<\/b> <i>A los empleados del gobierno federal se les garantiza por ley el derecho a abstenerse de apoyar a un sindicato. <i>V\u00e9ase<\/i> <a href=\"http:\/\/www4.law.cornell.edu\/uscode\/5\/7102.shtml\">5 U.S.C. \u00a7 7102<\/a> (generalmente empleados federales); <a href=\"http:\/\/www4.law.cornell.edu\/uscode\/39\/1209.shtml\">39 U.S.C. \u00a7 1209(c)<\/a> (empleados postales). (U.S.C. son las siglas para United States Code (C\u00f3digo de los Estados Unidos)&quot; Para obtener el C\u00f3digo de Los Estados Unidos, <a href=\"http:\/\/www4.law.cornell.edu\/uscode\/\">haga clic aqu\u00ed<\/a>.) Esto significa que no se le puede obligar a pagarle cuotas o gastos al sindicato a menos que se haya hecho miembro del sindicato voluntariamente.<\/i>\n<\/p>\n<p>\nSi es miembro del sindicato, no tiene ning\u00fan derecho a impedir que se usen sus cuotas para actividades pol\u00edticas, salvo que su sindicato sea uno de los pocos que hayan adoptado voluntariamente un plan de &quot;descuento pol\u00edtico&quot; para miembros. Si es miembro del sindicato y quiere saber c\u00f3mo renunciar y dejar de pagar cuotas <a href=\"\/es\/sample-resignation-federal\" title=\"Una Muestra de una Carta de Objeci\u00f3n para Empleados Federales\">haga clic aqu\u00ed.<\/a>\n<\/p>\n<hr size=\"2\" width=\"100%\" \/>\n<p>\nSi quisiera<b>enterarse m\u00e1s acerca de sus derechos<\/b> como empleado federal, haga clic en la pregunta apropiada de las siguientes:\n<\/p>\n<ul>\n<li>\n\t<a href=\"\/es\/required-join-pay-federal\">\u00bfMe pueden obligar a hacerme miembro del sindicato o a pagarle cuotas a un sindicato?<\/a><\/li>\n<li><a href=\"\/es\/how-resign-federal\">\u00bfC\u00f3mo puedo renunciar a mi membres\u00eda en el sindicato?<\/a><\/li>\n<li>\u00bfC\u00f3mo puedo evitar que se usen mis cuotas para actividades pol\u00edticas y otras no relacionadas con la negociaci\u00f3n?<\/li>\n<li><a href=\"\/es\/religious-objection-federal\">\u00bfQu\u00e9 pasa si tengo objeciones religiosas para unirme al sindicato o para apoyarlo econ\u00f3micamente?<\/a> <\/li>\n<li><a href=\"\/es\/victim-union-violence\">\u00bfQu\u00e9 hago si soy v\u00edctima de la violencia sindical?<\/a><\/li>\n<li><a href=\"\/es\/work-during-strike-federal\">\u00bfQu\u00e9 pasa si quiero trabajar mientras hay una huelga?<\/a>\n\t<\/li>\n<\/ul>\n<p><\/p>","protected":false},"excerpt":{"rendered":"<p>\n<b>Question:<\/b> <i>How do I cut off the use of my dues for politics and other nonbargaining activities?<\/i>\n<\/p>\n<p>\n[<b>NOTE<\/b>: You must be a non-member to avail yourself of the rights discussed on this page. If you are currently a member of the union, you must resign and become a non-member to stop paying dues.  To learn how to resign, <a href=\"\/a\/a_3_f.htm\">click here<\/a>.]<\/p>\n","protected":false},"author":1,"featured_media":0,"parent":0,"menu_order":0,"comment_status":"open","ping_status":"open","template":"","meta":{"_lmt_disableupdate":"","_lmt_disable":"","footnotes":""},"class_list":["post-1759","page","type-page","status-publish","hentry"],"yoast_head":"<!-- This site is optimized with the Yoast SEO plugin v27.4 - https:\/\/yoast.com\/product\/yoast-seo-wordpress\/ -->\n<title>How do I cut off the use of my dues for politics and other nonbargaining activities? (Federal Government Employee)\u00bfC\u00f3mo puedo evitar que se usen mis cuotas para actividades pol\u00edticas y otras no relacionadas con la negociaci\u00f3n?  - National Right to Work Foundation<\/title>\n<meta name=\"robots\" content=\"index, follow, max-snippet:-1, max-image-preview:large, max-video-preview:-1\" \/>\n<link rel=\"canonical\" href=\"https:\/\/www.nrtw.org\/es\/object-nonbargaining-federal\/\" \/>\n<meta property=\"og:locale\" content=\"es_ES\" \/>\n<meta property=\"og:type\" content=\"article\" \/>\n<meta property=\"og:title\" content=\"How do I cut off the use of my dues for politics and other nonbargaining activities? (Federal Government Employee)\u00bfC\u00f3mo puedo evitar que se usen mis cuotas para actividades pol\u00edticas y otras no relacionadas con la negociaci\u00f3n?  - National Right to Work Foundation\" \/>\n<meta property=\"og:description\" content=\"Question: How do I cut off the use of my dues for politics and other nonbargaining activities?   [NOTE: You must be a non-member to avail yourself of the rights discussed on this page. If you are currently a member of the union, you must resign and become a non-member to stop paying dues. To learn how to resign, click here.]  Question: How do I cut off the use of my dues for politics and other nonbargaining activities?   [NOTE: You must be a non-member to avail yourself of the rights discussed on this page. If you are currently a member of the union, you must resign and become a non-member to stop paying dues. To learn how to resign, click here.]\" \/>\n<meta property=\"og:url\" content=\"https:\/\/www.nrtw.org\/es\/object-nonbargaining-federal\/\" \/>\n<meta property=\"og:site_name\" content=\"National Right to Work Foundation\" \/>\n<meta property=\"article:modified_time\" content=\"2016-08-09T16:45:22+00:00\" \/>\n<meta name=\"twitter:card\" content=\"summary_large_image\" \/>\n<meta name=\"twitter:label1\" content=\"Tiempo de lectura\" \/>\n\t<meta name=\"twitter:data1\" content=\"3 minutos\" \/>\n<script type=\"application\/ld+json\" class=\"yoast-schema-graph\">{\"@context\":\"https:\\\/\\\/schema.org\",\"@graph\":[{\"@type\":\"WebPage\",\"@id\":\"https:\\\/\\\/www.nrtw.org\\\/es\\\/object-nonbargaining-federal\\\/\",\"url\":\"https:\\\/\\\/www.nrtw.org\\\/es\\\/object-nonbargaining-federal\\\/\",\"name\":\"How do I cut off the use of my dues for politics and other nonbargaining activities? (Federal Government Employee)\u00bfC\u00f3mo puedo evitar que se usen mis cuotas para actividades pol\u00edticas y otras no relacionadas con la negociaci\u00f3n? - National Right to Work Foundation\",\"isPartOf\":{\"@id\":\"https:\\\/\\\/www.nrtw.org\\\/#website\"},\"datePublished\":\"2007-12-31T19:00:00+00:00\",\"dateModified\":\"2016-08-09T16:45:22+00:00\",\"inLanguage\":\"es\",\"potentialAction\":[{\"@type\":\"ReadAction\",\"target\":[\"https:\\\/\\\/www.nrtw.org\\\/es\\\/object-nonbargaining-federal\\\/\"]}]},{\"@type\":\"WebSite\",\"@id\":\"https:\\\/\\\/www.nrtw.org\\\/#website\",\"url\":\"https:\\\/\\\/www.nrtw.org\\\/\",\"name\":\"National Right to Work Foundation\",\"description\":\"\",\"potentialAction\":[{\"@type\":\"SearchAction\",\"target\":{\"@type\":\"EntryPoint\",\"urlTemplate\":\"https:\\\/\\\/www.nrtw.org\\\/?s={search_term_string}\"},\"query-input\":{\"@type\":\"PropertyValueSpecification\",\"valueRequired\":true,\"valueName\":\"search_term_string\"}}],\"inLanguage\":\"es\"}]}<\/script>\n<!-- \/ Yoast SEO plugin. -->","yoast_head_json":{"title":"How do I cut off the use of my dues for politics and other nonbargaining activities? (Federal Government Employee)\u00bfC\u00f3mo puedo evitar que se usen mis cuotas para actividades pol\u00edticas y otras no relacionadas con la negociaci\u00f3n?  - National Right to Work Foundation","robots":{"index":"index","follow":"follow","max-snippet":"max-snippet:-1","max-image-preview":"max-image-preview:large","max-video-preview":"max-video-preview:-1"},"canonical":"https:\/\/www.nrtw.org\/es\/object-nonbargaining-federal\/","og_locale":"es_ES","og_type":"article","og_title":"How do I cut off the use of my dues for politics and other nonbargaining activities? (Federal Government Employee)\u00bfC\u00f3mo puedo evitar que se usen mis cuotas para actividades pol\u00edticas y otras no relacionadas con la negociaci\u00f3n?  - National Right to Work Foundation","og_description":"Question: How do I cut off the use of my dues for politics and other nonbargaining activities?   [NOTE: You must be a non-member to avail yourself of the rights discussed on this page. If you are currently a member of the union, you must resign and become a non-member to stop paying dues. To learn how to resign, click here.]  Question: How do I cut off the use of my dues for politics and other nonbargaining activities?   [NOTE: You must be a non-member to avail yourself of the rights discussed on this page. If you are currently a member of the union, you must resign and become a non-member to stop paying dues. To learn how to resign, click here.]","og_url":"https:\/\/www.nrtw.org\/es\/object-nonbargaining-federal\/","og_site_name":"National Right to Work Foundation","article_modified_time":"2016-08-09T16:45:22+00:00","twitter_card":"summary_large_image","twitter_misc":{"Tiempo de lectura":"3 minutos"},"schema":{"@context":"https:\/\/schema.org","@graph":[{"@type":"WebPage","@id":"https:\/\/www.nrtw.org\/es\/object-nonbargaining-federal\/","url":"https:\/\/www.nrtw.org\/es\/object-nonbargaining-federal\/","name":"How do I cut off the use of my dues for politics and other nonbargaining activities? (Federal Government Employee)\u00bfC\u00f3mo puedo evitar que se usen mis cuotas para actividades pol\u00edticas y otras no relacionadas con la negociaci\u00f3n? - National Right to Work Foundation","isPartOf":{"@id":"https:\/\/www.nrtw.org\/#website"},"datePublished":"2007-12-31T19:00:00+00:00","dateModified":"2016-08-09T16:45:22+00:00","inLanguage":"es","potentialAction":[{"@type":"ReadAction","target":["https:\/\/www.nrtw.org\/es\/object-nonbargaining-federal\/"]}]},{"@type":"WebSite","@id":"https:\/\/www.nrtw.org\/#website","url":"https:\/\/www.nrtw.org\/","name":"National Right to Work Foundation","description":"","potentialAction":[{"@type":"SearchAction","target":{"@type":"EntryPoint","urlTemplate":"https:\/\/www.nrtw.org\/?s={search_term_string}"},"query-input":{"@type":"PropertyValueSpecification","valueRequired":true,"valueName":"search_term_string"}}],"inLanguage":"es"}]}},"_links":{"self":[{"href":"https:\/\/www.nrtw.org\/es\/wp-json\/wp\/v2\/pages\/1759","targetHints":{"allow":["GET"]}}],"collection":[{"href":"https:\/\/www.nrtw.org\/es\/wp-json\/wp\/v2\/pages"}],"about":[{"href":"https:\/\/www.nrtw.org\/es\/wp-json\/wp\/v2\/types\/page"}],"author":[{"embeddable":true,"href":"https:\/\/www.nrtw.org\/es\/wp-json\/wp\/v2\/users\/1"}],"replies":[{"embeddable":true,"href":"https:\/\/www.nrtw.org\/es\/wp-json\/wp\/v2\/comments?post=1759"}],"version-history":[{"count":15,"href":"https:\/\/www.nrtw.org\/es\/wp-json\/wp\/v2\/pages\/1759\/revisions"}],"predecessor-version":[{"id":5560,"href":"https:\/\/www.nrtw.org\/es\/wp-json\/wp\/v2\/pages\/1759\/revisions\/5560"}],"wp:attachment":[{"href":"https:\/\/www.nrtw.org\/es\/wp-json\/wp\/v2\/media?parent=1759"}],"curies":[{"name":"wp","href":"https:\/\/api.w.org\/{rel}","templated":true}]}}