{"id":1757,"date":"2007-12-31T19:00:00","date_gmt":"2007-12-31T19:00:00","guid":{"rendered":""},"modified":"2024-08-13T14:01:56","modified_gmt":"2024-08-13T18:01:56","slug":"how-resign-public","status":"publish","type":"page","link":"https:\/\/www.nrtw.org\/es\/how-resign-public\/","title":{"rendered":"\u00bfC\u00f3mo puedo renunciar a mi membres\u00eda en una uni\u00f3n y dejar de pagar cuotas sindicales? (Empleado p\u00fablico)"},"content":{"rendered":"<p><a href=\"\/how-resign-public\">[In English]<\/a><\/p>\n<p>Las uniones en ocasiones tratan de imponer l\u00edmites a los derechos que tiene un miembro para renunciar su membres\u00eda.  Varios tribunales federales han dictaminado que la primera enmienda salvaguarda el derecho de un empleado de renunciar a su membres\u00eda en cualquier momento. Algunos estados, aunque no todos, tambi\u00e9n tienen leyes que le garantizan a los empleados p\u00fablicos el derecho a renunciar.<\/p>\n<p>Como desafiliado, usted tendr\u00eda un derecho de primera enmienda de no tener que pagarle a un sindicato, a menos que haya consentido afirmativamente a pagar y haya renunciado de manera clara e inteligente a sus derechos constitucional bajo la primera enmienda a no apoyar econ\u00f3micamente a un sindicato.<\/p>\n<p>La decisi\u00f3n de renunciar es suya y solamente suya.  Adem\u00e1s de no tener ninguna obligaci\u00f3n financiera hacia la uni\u00f3n, como desafiliado usted no estar\u00eda sujeto a las reglas de la uni\u00f3n ni a su disciplina.<\/p>\n<p>Si usted renuncia a la membres\u00eda en una uni\u00f3n y deja de pagar cuotas pero su patrono tiene un convenio colectivo, la uni\u00f3n como quiera estar\u00eda requerida a representarlo justamente y sin discrimen en cualquier asunto que est\u00e9 sujeto al contrato de negociaci\u00f3n colectiva y no se le podr\u00eda denegar beneficio alguno en su contrato de empleo por raz\u00f3n de su desafiliaci\u00f3n de la uni\u00f3n.<\/p>\n<p>Por otro lado, como desafiliado, usted probablemente no pueda votar en torno a la ratificaci\u00f3n del contrato de convenio colectivo o en las elecciones de los oficiales de la uni\u00f3n.  Podr\u00edan tambi\u00e9n haber otros beneficios exclusivamente reservados para los afiliados a la uni\u00f3n al amparo de la constituci\u00f3n de la uni\u00f3n o sus reglamentos, los cuales no est\u00e1n disponibles para los no afiliados.<\/p>\n<p>Debido a que usted trabaja para un patron p\u00fablico, como resultado de Janus v. AFSCME, usted no tendr\u00eda obligaci\u00f3n alguna hacia la uni\u00f3n luego de haber renunciado porque la ley estatal o la disposici\u00f3n contractual de cuotas compulsorias son inconstitucionales.  Esto es el caso aunque una ley estatal o el contrato entre su patrono y la uni\u00f3n contenga una disposici\u00f3n oblig\u00e1ndolo a pertenecer a la uni\u00f3n o a pagar cuotas sindicales.<\/p>\n<p>No obstante, si usted como miembro de la uni\u00f3n firm\u00f3 un permiso para que le descuenten cuotas sindicales, dicha autorizaci\u00f3n podr\u00eda contener una limitaci\u00f3n en torno a cu\u00e1ndo puede ser revocada.  En tal escenario, usted debe solicitar [enlace] la asesor\u00eda de un abogado de la Fundaci\u00f3n en cuanto a si la limitaci\u00f3n puede ser sostenida.<\/p>\n<p>Si usted desea ver una muestra de una carta solicitando la renuncia de membres\u00eda y revocando la autorizaci\u00f3n para el descuento de cuotas sindicales, oprima aqu\u00ed.  Debe verificar si la constituci\u00f3n o reglamentos de su uni\u00f3n especifican a qui\u00e9n la carta debe ser dirigida.  Si usted decide renunciar y revocar la autorizaci\u00f3n para el descuento de cuotas sindicales, mantenga copias de las cartas.  Debe usted enviar dichas cartas por correo certificado con acuse de recibo, para que as\u00ed la uni\u00f3n y el patrono no puedan alegar que nunca las recibieron. <\/p>\n<p>Si la uni\u00f3n y\/o el patrono no honran su pedido de renuncia y desautorizaci\u00f3n del descuento de cuotas sindicales, debe usted contactar la Fundaci\u00f3n inmediatamente si desea obtener asistencia.  Puede que haya un l\u00edmite de tiempo en torno a cu\u00e1ndo se podr\u00edan radicar reclamaciones por sus derechos.  Por lo tanto, es importante ejercer las reclamaciones prontamente.<\/p>\n<p>Esta informaci\u00f3n no tiene como objetivo el abogar a favor de que usted renuncie de su uni\u00f3n o que revoque su autorizaci\u00f3n para el descuento de cuotas sindicales.  Esto simplemente tiene como fin explicarle sus derechos.<\/p>\n<hr size=\"2\" width=\"100%\" \/>\n<p class=\"MsoNormal\">\nSi desea <b>enterarse m\u00e1s acerca de sus derechos legales<\/b> como empleado del gobierno estatal o local, haga clic en la pregunta adecuada de las siguientes:\n<\/p>\n<ul>\n<li><a href=\"\/es\/required-join-pay-public\">\u00bfMe pueden obligar a hacerme miembro del sindicato o a pagarle cuotas?<\/a><\/li>\n<li>\u00bfC\u00f3mo puedo renunciar a mi membres\u00eda en una uni\u00f3n y dejar de pagar cuotas sindicales? (Empleado p\u00fablico)<\/li>\n<li><a href=\"\/es\/object-nonbargaining-public\">\u00bfC\u00f3mo puedo evitar que se usen mis cuotas para actividades pol\u00edticas y otras no relacionadas con la negociaci\u00f3n?<\/a> <\/li>\n<li><a href=\"\/es\/nonmember-stop-fees-deductions-public\">No soy miembro de la uni\u00f3n pero autoric\u00e9 el descuento de cuotas sindicales. \u00bfC\u00f3mo puedo detener las deducciones?<\/a><\/li>\n<li><a href=\"\/es\/religious-objection\">\u00bfQu\u00e9 pasa si tengo objeciones religiosas para unirme al sindicato o<br \/>\n\t\tpara apoyarlo econ\u00f3micamente?<\/a> <\/li>\n<li><a href=\"\/es\/victim-union-violence\">\u00bfQu\u00e9 hago si soy v\u00edctima de la violencia sindical?<\/a> <\/li>\n<li><a href=\"\/es\/work-during-strike-public\">\u00bfQu\u00e9 pasa si quiero trabajar mientras hay una huelga?<\/a>\n\t\t<\/li>\n<\/ul>\n<p><\/p>","protected":false},"excerpt":{"rendered":"<p>Unions sometimes attempt to impose limitations upon the right of a member to resign.  However, a decision of the Supreme Court in <A HREF=\"http:\/\/supreme.justia.com\/cases\/federal\/us\/431\/209\/\"><I>Abood v. Detroit Board of Education<\/I>, 431 U.S. 209 (1977)<\/A>, a Foundation-supported lawsuit, makes clear that you cannot constitutionally be prevented from resigning from your union at any time. Some states, but not all, also have statutes that guarantee public employees the right to resign.\n<\/p>\n<p>\nAs a nonmember, you would have a right to object to the amount of the agency fees and obtain a reduction of your compulsory payments so that they do not include the part of dues that is used for purposes other than collective bargaining, contract administration, and grievance adjustment.<\/p>\n","protected":false},"author":1,"featured_media":16569,"parent":0,"menu_order":0,"comment_status":"open","ping_status":"open","template":"","meta":{"footnotes":""},"class_list":["post-1757","page","type-page","status-publish","has-post-thumbnail","hentry"],"yoast_head":"<!-- This site is optimized with the Yoast SEO plugin v27.4 - https:\/\/yoast.com\/product\/yoast-seo-wordpress\/ -->\n<title>\u00bfC\u00f3mo puedo renunciar a mi membres\u00eda en una uni\u00f3n y dejar de pagar cuotas sindicales? (Empleado p\u00fablico) - National Right to Work Foundation<\/title>\n<meta name=\"description\" content=\"How can I resign my union membership and stop paying union dues? (Public Employee)\" \/>\n<meta name=\"robots\" content=\"index, follow, max-snippet:-1, max-image-preview:large, max-video-preview:-1\" \/>\n<link rel=\"canonical\" href=\"https:\/\/www.nrtw.org\/how-resign-public\/\" \/>\n<meta property=\"og:locale\" content=\"es_ES\" \/>\n<meta property=\"og:type\" content=\"article\" \/>\n<meta property=\"og:title\" content=\"How can I resign my union membership and stop paying union dues? (Public Employee)\" \/>\n<meta property=\"og:description\" content=\"How can I resign my union membership and stop paying union dues? (Public Employee)\" \/>\n<meta property=\"og:url\" content=\"https:\/\/www.nrtw.org\/how-resign-public\/\" \/>\n<meta property=\"og:site_name\" content=\"National Right to Work Foundation\" \/>\n<meta property=\"article:modified_time\" content=\"2024-08-13T18:01:56+00:00\" \/>\n<meta property=\"og:image\" content=\"https:\/\/www.nrtw.org\/wp-content\/uploads\/2023\/11\/qtq80-2yOFFc.jpeg\" \/>\n\t<meta property=\"og:image:width\" content=\"2164\" \/>\n\t<meta property=\"og:image:height\" content=\"1440\" \/>\n\t<meta property=\"og:image:type\" content=\"image\/jpeg\" \/>\n<meta name=\"twitter:card\" content=\"summary_large_image\" \/>\n<meta name=\"twitter:title\" content=\"How can I resign my union membership and stop paying union dues? (Public Employee)\" \/>\n<meta name=\"twitter:image\" content=\"https:\/\/www.nrtw.org\/wp-content\/uploads\/2023\/11\/qtq80-2yOFFc.jpeg\" \/>\n<meta name=\"twitter:label1\" content=\"Tiempo de lectura\" \/>\n\t<meta name=\"twitter:data1\" content=\"3 minutos\" \/>\n<script type=\"application\/ld+json\" class=\"yoast-schema-graph\">{\"@context\":\"https:\\\/\\\/schema.org\",\"@graph\":[{\"@type\":\"WebPage\",\"@id\":\"https:\\\/\\\/www.nrtw.org\\\/how-resign-public\\\/\",\"url\":\"https:\\\/\\\/www.nrtw.org\\\/how-resign-public\\\/\",\"name\":\"[:en]How can I resign my union membership and stop paying union dues? (Public Employee)[:es]\u00bfC\u00f3mo puedo renunciar a mi membres\u00eda en una uni\u00f3n y dejar de pagar cuotas sindicales? (Empleado p\u00fablico)[:] - National Right to Work Foundation\",\"isPartOf\":{\"@id\":\"https:\\\/\\\/www.nrtw.org\\\/#website\"},\"primaryImageOfPage\":{\"@id\":\"https:\\\/\\\/www.nrtw.org\\\/how-resign-public\\\/#primaryimage\"},\"image\":{\"@id\":\"https:\\\/\\\/www.nrtw.org\\\/how-resign-public\\\/#primaryimage\"},\"thumbnailUrl\":\"https:\\\/\\\/www.nrtw.org\\\/wp-content\\\/uploads\\\/2023\\\/11\\\/qtq80-2yOFFc.jpeg\",\"datePublished\":\"2007-12-31T19:00:00+00:00\",\"dateModified\":\"2024-08-13T18:01:56+00:00\",\"description\":\"How can I resign my union membership and stop paying union dues? (Public Employee)\",\"inLanguage\":\"es\",\"potentialAction\":[{\"@type\":\"ReadAction\",\"target\":[\"https:\\\/\\\/www.nrtw.org\\\/how-resign-public\\\/\"]}]},{\"@type\":\"ImageObject\",\"inLanguage\":\"es\",\"@id\":\"https:\\\/\\\/www.nrtw.org\\\/how-resign-public\\\/#primaryimage\",\"url\":\"https:\\\/\\\/www.nrtw.org\\\/wp-content\\\/uploads\\\/2023\\\/11\\\/qtq80-2yOFFc.jpeg\",\"contentUrl\":\"https:\\\/\\\/www.nrtw.org\\\/wp-content\\\/uploads\\\/2023\\\/11\\\/qtq80-2yOFFc.jpeg\",\"width\":2164,\"height\":1440,\"caption\":\"National Right to Work Legal Defense Foundation\"},{\"@type\":\"WebSite\",\"@id\":\"https:\\\/\\\/www.nrtw.org\\\/#website\",\"url\":\"https:\\\/\\\/www.nrtw.org\\\/\",\"name\":\"National Right to Work Foundation\",\"description\":\"\",\"potentialAction\":[{\"@type\":\"SearchAction\",\"target\":{\"@type\":\"EntryPoint\",\"urlTemplate\":\"https:\\\/\\\/www.nrtw.org\\\/?s={search_term_string}\"},\"query-input\":{\"@type\":\"PropertyValueSpecification\",\"valueRequired\":true,\"valueName\":\"search_term_string\"}}],\"inLanguage\":\"es\"}]}<\/script>\n<!-- \/ Yoast SEO plugin. -->","yoast_head_json":{"title":"[:en]How can I resign my union membership and stop paying union dues? (Public Employee)[:es]\u00bfC\u00f3mo puedo renunciar a mi membres\u00eda en una uni\u00f3n y dejar de pagar cuotas sindicales? (Empleado p\u00fablico)[:] - National Right to Work Foundation","description":"How can I resign my union membership and stop paying union dues? (Public Employee)","robots":{"index":"index","follow":"follow","max-snippet":"max-snippet:-1","max-image-preview":"max-image-preview:large","max-video-preview":"max-video-preview:-1"},"canonical":"https:\/\/www.nrtw.org\/how-resign-public\/","og_locale":"es_ES","og_type":"article","og_title":"How can I resign my union membership and stop paying union dues? (Public Employee)","og_description":"How can I resign my union membership and stop paying union dues? (Public Employee)","og_url":"https:\/\/www.nrtw.org\/how-resign-public\/","og_site_name":"National Right to Work Foundation","article_modified_time":"2024-08-13T18:01:56+00:00","og_image":[{"width":2164,"height":1440,"url":"https:\/\/www.nrtw.org\/wp-content\/uploads\/2023\/11\/qtq80-2yOFFc.jpeg","type":"image\/jpeg"}],"twitter_card":"summary_large_image","twitter_title":"How can I resign my union membership and stop paying union dues? (Public Employee)","twitter_image":"https:\/\/www.nrtw.org\/wp-content\/uploads\/2023\/11\/qtq80-2yOFFc.jpeg","twitter_misc":{"Tiempo de lectura":"3 minutos"},"schema":{"@context":"https:\/\/schema.org","@graph":[{"@type":"WebPage","@id":"https:\/\/www.nrtw.org\/how-resign-public\/","url":"https:\/\/www.nrtw.org\/how-resign-public\/","name":"[:en]How can I resign my union membership and stop paying union dues? (Public Employee)[:es]\u00bfC\u00f3mo puedo renunciar a mi membres\u00eda en una uni\u00f3n y dejar de pagar cuotas sindicales? (Empleado p\u00fablico)[:] - National Right to Work Foundation","isPartOf":{"@id":"https:\/\/www.nrtw.org\/#website"},"primaryImageOfPage":{"@id":"https:\/\/www.nrtw.org\/how-resign-public\/#primaryimage"},"image":{"@id":"https:\/\/www.nrtw.org\/how-resign-public\/#primaryimage"},"thumbnailUrl":"https:\/\/www.nrtw.org\/wp-content\/uploads\/2023\/11\/qtq80-2yOFFc.jpeg","datePublished":"2007-12-31T19:00:00+00:00","dateModified":"2024-08-13T18:01:56+00:00","description":"How can I resign my union membership and stop paying union dues? (Public Employee)","inLanguage":"es","potentialAction":[{"@type":"ReadAction","target":["https:\/\/www.nrtw.org\/how-resign-public\/"]}]},{"@type":"ImageObject","inLanguage":"es","@id":"https:\/\/www.nrtw.org\/how-resign-public\/#primaryimage","url":"https:\/\/www.nrtw.org\/wp-content\/uploads\/2023\/11\/qtq80-2yOFFc.jpeg","contentUrl":"https:\/\/www.nrtw.org\/wp-content\/uploads\/2023\/11\/qtq80-2yOFFc.jpeg","width":2164,"height":1440,"caption":"National Right to Work Legal Defense Foundation"},{"@type":"WebSite","@id":"https:\/\/www.nrtw.org\/#website","url":"https:\/\/www.nrtw.org\/","name":"National Right to Work Foundation","description":"","potentialAction":[{"@type":"SearchAction","target":{"@type":"EntryPoint","urlTemplate":"https:\/\/www.nrtw.org\/?s={search_term_string}"},"query-input":{"@type":"PropertyValueSpecification","valueRequired":true,"valueName":"search_term_string"}}],"inLanguage":"es"}]}},"_links":{"self":[{"href":"https:\/\/www.nrtw.org\/es\/wp-json\/wp\/v2\/pages\/1757","targetHints":{"allow":["GET"]}}],"collection":[{"href":"https:\/\/www.nrtw.org\/es\/wp-json\/wp\/v2\/pages"}],"about":[{"href":"https:\/\/www.nrtw.org\/es\/wp-json\/wp\/v2\/types\/page"}],"author":[{"embeddable":true,"href":"https:\/\/www.nrtw.org\/es\/wp-json\/wp\/v2\/users\/1"}],"replies":[{"embeddable":true,"href":"https:\/\/www.nrtw.org\/es\/wp-json\/wp\/v2\/comments?post=1757"}],"version-history":[{"count":32,"href":"https:\/\/www.nrtw.org\/es\/wp-json\/wp\/v2\/pages\/1757\/revisions"}],"predecessor-version":[{"id":17497,"href":"https:\/\/www.nrtw.org\/es\/wp-json\/wp\/v2\/pages\/1757\/revisions\/17497"}],"wp:featuredmedia":[{"embeddable":true,"href":"https:\/\/www.nrtw.org\/es\/wp-json\/wp\/v2\/media\/16569"}],"wp:attachment":[{"href":"https:\/\/www.nrtw.org\/es\/wp-json\/wp\/v2\/media?parent=1757"}],"curies":[{"name":"wp","href":"https:\/\/api.w.org\/{rel}","templated":true}]}}