{"id":1750,"date":"2008-02-06T10:15:14","date_gmt":"2008-02-06T10:15:14","guid":{"rendered":""},"modified":"2016-08-10T15:26:22","modified_gmt":"2016-08-10T15:26:22","slug":"sample-resignation-federal","status":"publish","type":"page","link":"https:\/\/www.nrtw.org\/es\/sample-resignation-federal\/","title":{"rendered":"Muestra de una carta de renuncia para empleados federales"},"content":{"rendered":"<p><a href=\"\/sample-resignation-federal\">[In English]<\/a><br \/>\n[ENV\u00cdE POR CORREO CERTIFICADO,<br \/>\nCON ACUSE DE RECIBO]<\/p>\n<p>[Nombre del funcionario del sindicato]<br \/>\n[Nombre del sindicato]<br \/>\n[Direcci\u00f3n]<br \/>\n[Ciudad, Estado, C\u00f3digo Postal]<\/p>\n<p><span style=\"text-align: center\">[La fecha hoy]<\/span><\/p>\n<p>Estimado [nombre del funcionario del sindicato]:<\/p>\n<p>Por medio de la presente y con efecto inmediato, renuncio como miembro a todos los niveles del [nombre del sindicato].  [Si usted paga sus cuotas por medio de un descuento por n\u00f3mina, incluya esta oraci\u00f3n: Por consiguiente,  tambi\u00e9n revoco por este medio mi autorizaci\u00f3n para el descuento de las cuotas de membres\u00eda.  Si incluye esta oraci\u00f3n revocando la autorizaci\u00f3n para el descuento de n\u00f3mina, tambi\u00e9n deber\u00eda mandarle una copia de esta carta a su departamento de n\u00f3mina.]<\/p>\n<p>Atentamente,<\/p>\n<p>[Su Firma,]<br \/>\n[Su nombre (en letra de molde)]<br \/>\n[Su direcci\u00f3n de casa]<br \/>\n[El nombre de su empleador]<br \/>\n[Su lugar de empleo]<\/p>\n<p>*Los objetores religiosos no deber\u00edan usar esta carta para renunciar a su membres\u00eda en el sindicato.*<br \/>\n<\/p>","protected":false},"excerpt":{"rendered":"<p>[SEND BY CERTIFIED MAIL,<br \/>\nRETURN RECEIPT REQUESTED]<\/p>\n<p>[Union Officer&#8217;s Name]<br \/>\n[Union&#8217;s Name]<br \/>\n[Address]<br \/>\n[City, State, ZIP]<\/p>\n<p><span style=\"text-align: center\">[Today&#8217;s Date]<\/span><\/p>\n<p>Dear [Union Officer&#8217;s Name]:<\/p>\n<p>Effective immediately, I hereby resign as a member at all levels of the [union&#8217;s name].  [If you pay dues by payroll deduction, include this sentence:  Accordingly, I also hereby revoke my authorization for the deduction of membership dues.  If you include the sentence revoking your payroll deduction authorization, you should also send a copy of this letter to your payroll department.]<\/p>\n<p>Sincerely,<\/p>\n<p>[Your Signature,]<br \/>\n[Your name (printed)]<br \/>\n[Your home address]<br \/>\n[Your employer&#8217;s name]<br \/>\n[Your work location]<\/p>\n<p>*Religious Objectors should not use this letter to resign their union membership.*<\/p>\n","protected":false},"author":1,"featured_media":0,"parent":0,"menu_order":0,"comment_status":"open","ping_status":"open","template":"","meta":{"_lmt_disableupdate":"","_lmt_disable":"","footnotes":""},"class_list":["post-1750","page","type-page","status-publish","hentry"],"yoast_head":"<!-- This site is optimized with the Yoast SEO plugin v27.4 - https:\/\/yoast.com\/product\/yoast-seo-wordpress\/ -->\n<title>Sample Union Resignation Letter for Federal EmployeesMuestra de una carta de renuncia para empleados federales - National Right to Work Foundation<\/title>\n<meta name=\"robots\" content=\"index, follow, max-snippet:-1, max-image-preview:large, max-video-preview:-1\" \/>\n<link rel=\"canonical\" href=\"https:\/\/www.nrtw.org\/sample-resignation-federal\/\" \/>\n<meta property=\"og:locale\" content=\"es_ES\" \/>\n<meta property=\"og:type\" content=\"article\" \/>\n<meta property=\"og:title\" content=\"Sample Union Resignation Letter for Federal EmployeesMuestra de una carta de renuncia para empleados federales - National Right to Work Foundation\" \/>\n<meta property=\"og:description\" content=\"[SEND BY CERTIFIED MAIL, RETURN RECEIPT REQUESTED]  [Union Officer&#039;s Name] [Union&#039;s Name] [Address] [City, State, ZIP]  [Today&#039;s Date]  Dear [Union Officer&#039;s Name]:  Effective immediately, I hereby resign as a member at all levels of the [union&#039;s name]. [If you pay dues by payroll deduction, include this sentence: Accordingly, I also hereby revoke my authorization for the deduction of membership dues. If you include the sentence revoking your payroll deduction authorization, you should also send a copy of this letter to your payroll department.]  Sincerely,  [Your Signature,] [Your name (printed)] [Your home address] [Your employer&#039;s name] [Your work location]  *Religious Objectors should not use this letter to resign their union membership.*[SEND BY CERTIFIED MAIL, RETURN RECEIPT REQUESTED]  [Union Officer&#039;s Name] [Union&#039;s Name] [Address] [City, State, ZIP]  [Today&#039;s Date]  Dear [Union Officer&#039;s Name]:  Effective immediately, I hereby resign as a member at all levels of the [union&#039;s name]. [If you pay dues by payroll deduction, include this sentence: Accordingly, I also hereby revoke my authorization for the deduction of membership dues. If you include the sentence revoking your payroll deduction authorization, you should also send a copy of this letter to your payroll department.]  Sincerely,  [Your Signature,] [Your name (printed)] [Your home address] [Your employer&#039;s name] [Your work location]  *Religious Objectors should not use this letter to resign their union membership.*\" \/>\n<meta property=\"og:url\" content=\"https:\/\/www.nrtw.org\/sample-resignation-federal\/\" \/>\n<meta property=\"og:site_name\" content=\"National Right to Work Foundation\" \/>\n<meta property=\"article:modified_time\" content=\"2016-08-10T15:26:22+00:00\" \/>\n<meta name=\"twitter:card\" content=\"summary_large_image\" \/>\n<meta name=\"twitter:label1\" content=\"Tiempo de lectura\" \/>\n\t<meta name=\"twitter:data1\" content=\"1 minuto\" \/>\n<script type=\"application\/ld+json\" class=\"yoast-schema-graph\">{\"@context\":\"https:\\\/\\\/schema.org\",\"@graph\":[{\"@type\":\"WebPage\",\"@id\":\"https:\\\/\\\/www.nrtw.org\\\/sample-resignation-federal\\\/\",\"url\":\"https:\\\/\\\/www.nrtw.org\\\/sample-resignation-federal\\\/\",\"name\":\"Sample Union Resignation Letter for Federal EmployeesMuestra de una carta de renuncia para empleados federales - National Right to Work Foundation\",\"isPartOf\":{\"@id\":\"https:\\\/\\\/www.nrtw.org\\\/#website\"},\"datePublished\":\"2008-02-06T10:15:14+00:00\",\"dateModified\":\"2016-08-10T15:26:22+00:00\",\"inLanguage\":\"es\",\"potentialAction\":[{\"@type\":\"ReadAction\",\"target\":[\"https:\\\/\\\/www.nrtw.org\\\/sample-resignation-federal\\\/\"]}]},{\"@type\":\"WebSite\",\"@id\":\"https:\\\/\\\/www.nrtw.org\\\/#website\",\"url\":\"https:\\\/\\\/www.nrtw.org\\\/\",\"name\":\"National Right to Work Foundation\",\"description\":\"\",\"potentialAction\":[{\"@type\":\"SearchAction\",\"target\":{\"@type\":\"EntryPoint\",\"urlTemplate\":\"https:\\\/\\\/www.nrtw.org\\\/?s={search_term_string}\"},\"query-input\":{\"@type\":\"PropertyValueSpecification\",\"valueRequired\":true,\"valueName\":\"search_term_string\"}}],\"inLanguage\":\"es\"}]}<\/script>\n<!-- \/ Yoast SEO plugin. -->","yoast_head_json":{"title":"Sample Union Resignation Letter for Federal EmployeesMuestra de una carta de renuncia para empleados federales - National Right to Work Foundation","robots":{"index":"index","follow":"follow","max-snippet":"max-snippet:-1","max-image-preview":"max-image-preview:large","max-video-preview":"max-video-preview:-1"},"canonical":"https:\/\/www.nrtw.org\/sample-resignation-federal\/","og_locale":"es_ES","og_type":"article","og_title":"Sample Union Resignation Letter for Federal EmployeesMuestra de una carta de renuncia para empleados federales - National Right to Work Foundation","og_description":"[SEND BY CERTIFIED MAIL, RETURN RECEIPT REQUESTED]  [Union Officer's Name] [Union's Name] [Address] [City, State, ZIP]  [Today's Date]  Dear [Union Officer's Name]:  Effective immediately, I hereby resign as a member at all levels of the [union's name]. [If you pay dues by payroll deduction, include this sentence: Accordingly, I also hereby revoke my authorization for the deduction of membership dues. If you include the sentence revoking your payroll deduction authorization, you should also send a copy of this letter to your payroll department.]  Sincerely,  [Your Signature,] [Your name (printed)] [Your home address] [Your employer's name] [Your work location]  *Religious Objectors should not use this letter to resign their union membership.*[SEND BY CERTIFIED MAIL, RETURN RECEIPT REQUESTED]  [Union Officer's Name] [Union's Name] [Address] [City, State, ZIP]  [Today's Date]  Dear [Union Officer's Name]:  Effective immediately, I hereby resign as a member at all levels of the [union's name]. [If you pay dues by payroll deduction, include this sentence: Accordingly, I also hereby revoke my authorization for the deduction of membership dues. If you include the sentence revoking your payroll deduction authorization, you should also send a copy of this letter to your payroll department.]  Sincerely,  [Your Signature,] [Your name (printed)] [Your home address] [Your employer's name] [Your work location]  *Religious Objectors should not use this letter to resign their union membership.*","og_url":"https:\/\/www.nrtw.org\/sample-resignation-federal\/","og_site_name":"National Right to Work Foundation","article_modified_time":"2016-08-10T15:26:22+00:00","twitter_card":"summary_large_image","twitter_misc":{"Tiempo de lectura":"1 minuto"},"schema":{"@context":"https:\/\/schema.org","@graph":[{"@type":"WebPage","@id":"https:\/\/www.nrtw.org\/sample-resignation-federal\/","url":"https:\/\/www.nrtw.org\/sample-resignation-federal\/","name":"Sample Union Resignation Letter for Federal EmployeesMuestra de una carta de renuncia para empleados federales - National Right to Work Foundation","isPartOf":{"@id":"https:\/\/www.nrtw.org\/#website"},"datePublished":"2008-02-06T10:15:14+00:00","dateModified":"2016-08-10T15:26:22+00:00","inLanguage":"es","potentialAction":[{"@type":"ReadAction","target":["https:\/\/www.nrtw.org\/sample-resignation-federal\/"]}]},{"@type":"WebSite","@id":"https:\/\/www.nrtw.org\/#website","url":"https:\/\/www.nrtw.org\/","name":"National Right to Work Foundation","description":"","potentialAction":[{"@type":"SearchAction","target":{"@type":"EntryPoint","urlTemplate":"https:\/\/www.nrtw.org\/?s={search_term_string}"},"query-input":{"@type":"PropertyValueSpecification","valueRequired":true,"valueName":"search_term_string"}}],"inLanguage":"es"}]}},"_links":{"self":[{"href":"https:\/\/www.nrtw.org\/es\/wp-json\/wp\/v2\/pages\/1750","targetHints":{"allow":["GET"]}}],"collection":[{"href":"https:\/\/www.nrtw.org\/es\/wp-json\/wp\/v2\/pages"}],"about":[{"href":"https:\/\/www.nrtw.org\/es\/wp-json\/wp\/v2\/types\/page"}],"author":[{"embeddable":true,"href":"https:\/\/www.nrtw.org\/es\/wp-json\/wp\/v2\/users\/1"}],"replies":[{"embeddable":true,"href":"https:\/\/www.nrtw.org\/es\/wp-json\/wp\/v2\/comments?post=1750"}],"version-history":[{"count":3,"href":"https:\/\/www.nrtw.org\/es\/wp-json\/wp\/v2\/pages\/1750\/revisions"}],"predecessor-version":[{"id":7069,"href":"https:\/\/www.nrtw.org\/es\/wp-json\/wp\/v2\/pages\/1750\/revisions\/7069"}],"wp:attachment":[{"href":"https:\/\/www.nrtw.org\/es\/wp-json\/wp\/v2\/media?parent=1750"}],"curies":[{"name":"wp","href":"https:\/\/api.w.org\/{rel}","templated":true}]}}