{"id":1747,"date":"2007-12-31T19:00:00","date_gmt":"2007-12-31T19:00:00","guid":{"rendered":""},"modified":"2024-09-20T12:08:50","modified_gmt":"2024-09-20T16:08:50","slug":"required-join-pay-railway","status":"publish","type":"page","link":"https:\/\/www.nrtw.org\/es\/required-join-pay-railway\/","title":{"rendered":"\u00bfMe pueden obligar a hacerme miembro del sindicato o a pagarle cuotas?"},"content":{"rendered":"<p><\/p>\n<p>\n<a href=\"\/required-join-pay-railway\/\">[In English]<\/a>\n<\/p>\n<p>\n<b>Pregunta:<\/b> <i> \u00bfMe pueden obligar a hacerme miembro del sindicato o a pagarle cuotas?<\/i>\n<\/p>\n<p>\n<b>Respuesta:<\/b> <i>No se le puede obligar a hacerse miembro del sindicato, pero si se le puede obligar a pagarle cuotas.<\/i>\n<\/p>\n<p>\nLas relaciones de empleo para los empleados en las industrias de los ferrocarriles y de las aerol\u00edneas est\u00e1n amparadas por la <a href=\"http:\/\/www4.law.cornell.edu\/uscode\/45\/151.shtml\"> Ley de Trabajo en Ferrocarriles (RLA por sus siglas en ingl\u00e9s)<\/a>. Los empleados de ferrocarriles y de aerol\u00edneas no est\u00e1n protegidos por las leyes de Derecho al Trabajo.\n<\/p>\n<p>\nSeg\u00fan la RLA, no se le puede requerir que sea miembro del sindicato o que le pague alg\u00fan dinero como una condici\u00f3n de empleo, a menos que el convenio de negociaci\u00f3n colectiva entre su empleador y su sindicato contenga una disposici\u00f3n que le requiera a todos los empleados hacerse miembros del sindicato o pagar cuotas sindicales.\n<\/p>\n<p>\nAunque tal disposici\u00f3n existiera dentro del convenio, lo m\u00e1s que se le puede exigir es que pague cuotas sindicales (generalmente llamadas &quot;comisi\u00f3n de agencia&quot;\n<\/p>\n<p>\nSi usted no es miembro, a\u00fan est\u00e1 completamente amparado por el convenio de negociaci\u00f3n colectiva que se ha acordado entre su empleador, y el sindicato y el sindicato est\u00e1 obligado a representarlo.  Cualquier prestaci\u00f3n que su empleador le otorgue en conformidad con el convenio de negociaci\u00f3n colectiva (por ejemplo, salario, antig\u00fcedad, vacaciones, pensiones, seguro m\u00e9dico) no est\u00e1 afectada por el hecho de que usted no sea miembro del sindicato. (Si el sindicato ofrece algunas prestaciones &quot;\u00fanicamente para miembros&quot;, es posible que se le excluya de recibir las mismas.)\n<\/p>\n<p>\nSi no es miembro, es posible que no pueda participar en las elecciones ni en las juntas del sindicato, votar en elecciones para la ratificaci\u00f3n de la negociaci\u00f3n colectiva o participar en otras actividades &quot;internas&quot;del sindicato.  Sin embargo, el sindicato no lo puede disciplinar por cualquier cosa que haga mientras no es miembro del sindicato.\n<\/p>\n<p>\nEl Tribunal Supremo, en <a href=\"http:\/\/caselaw.findlaw.com\/us-supreme-court\/466\/435.html\"><i>Ellis      v. BRAC,<\/i> 466 U.S. 435 (1984)<\/a>, una demanda que fue apoyada por la Fundaci\u00f3n, decret\u00f3 que no se les puede obligar a los no miembros a pagar cuotas sindicales. Lo m\u00e1s que se les puede requerir a los no miembros es pagar una comisi\u00f3n de agencia igual a lo que sea su parte de lo que el sindicato pueda comprobar que son los gastos para la negociaci\u00f3n colectiva, la administraci\u00f3n del contrato y el ajuste de agravios con su empleador.\n<\/p>\n<p>\nExcepto en casos extraordinarios, los costos del sindicato para la negociaci\u00f3n colectiva, la administraci\u00f3n del contrato y el ajuste de agravios no equivalen la cantidad de las cuotas.\n<\/p>\n<p>\n<i>Ellis <\/i>aclara que los no miembros a quienes se les requiera pagar cuotas sindicales como una condici\u00f3n de empleo tienen el derecho de objetar seg\u00fan la RLA y a obtener una reducci\u00f3n en sus pagos forzosos para que no incluyan los gastos del sindicato que son para prop\u00f3sitos distintos a la negociaci\u00f3n colectiva, a la administraci\u00f3n del contrato y al ajuste de agravios.\n<\/p>\n<p>\nEl sindicato debe de establecer ciertos procedimientos para salvaguardar su derecho a pagar una cuota limitada a la uni\u00f3n solamente. Estas salvaguardas incluyen darle:\n<\/p>\n<ul type=\"disc\">\n<li>informaci\u00f3n financiera auditada acerca de c\u00f3mo se calcul\u00f3 la cantidad de la comisi\u00f3n de agencia;<\/li>\n<li>la oportunidad de cuestionar la cantidad de la comisi\u00f3n de agencia ante una persona responsable de tomar decisiones imparcial; y,<\/li>\n<li>el derecho a poner la cantidad cuestionada de la comisi\u00f3n de agencia en una cuenta de reserva para que el sindicato no puede usar su dinero de manera il\u00edcita mientras que la decisi\u00f3n sobre la cantidad adecuada de la comisi\u00f3n de agencia est\u00e9 pendiente. <\/li>\n<\/ul>\n<p>\nSu derecho a salvaguardas adecuadas esta fundada en <a href=\"http:\/\/caselaw.findlaw.com\/us-supreme-court\/475\/292.html\"><i>Chicago Teachers Union v. Hudson, <\/i>475 U.S. 292 (1986)<\/a>, otra demanda apoyada por la Fundaci\u00f3n. Los tribunales inferiores est\u00e1n de acuerdo en que <i>Hudson<\/i>, el cual involucr\u00f3 a empleados p\u00fablicos, es aplicable seg\u00fan la RLA.\n<\/p>\n<p>\nSi quisiera darse una idea del tipo de gastos que no son imputables a los no miembros, <a href=\"\/es\/examples-of-non-chargeable-expenses\">haga clic aqui<\/a>.\n<\/p>\n<hr size=\"2\" width=\"100%\" \/>\n<p>\nSi desea <b>enterarse m\u00e1s acerca de sus derechos legales<\/b> como empleado de las aerol\u00edneas o de los ferrocarriles, haga clic en la pregunta apropiada de las siguientes:\n<\/p>\n<ul>\n<li>\u00bfMe pueden obligar a hacerme miembro del sindicato o a pagarle cuotas?<\/li>\n<li><a href=\"\/es\/how-resign-railway\">\u00bfC\u00f3mo puedo renunciar a mi membres\u00eda en el sindicato?<\/a><\/li>\n<li><a href=\"\/es\/object-nonbargaining-railway\">\u00bfC\u00f3mo puedo evitar que se usen mis cuotas para actividades pol\u00edticas y otras actividades no relacionadas con la negociaci\u00f3n?<\/a> <\/li>\n<li><a href=\"\/es\/religious-objection\"> \u00bfQu\u00e9 pasa si tengo objeciones religiosas para unirme al sindicato o para apoyarlo econ\u00f3micamente? <\/a> <\/li>\n<li><a href=\"\/es\/victim-union-violence\">\u00bfQu\u00e9 hago si soy v\u00edctima de la violencia sindical?<\/a> <\/li>\n<li><a href=\"\/es\/work-during-strike-railway\">\u00bfQu\u00e9 pasa si quiero trabajar mientras hay una huelga?<\/a><\/li>\n<\/ul>\n<p><\/p>","protected":false},"excerpt":{"rendered":"<p>\n<b>Question:<\/b> <i>Can I be required to be a union member or pay dues to a union?<\/i>\n<\/p>\n<p>\n<b>Answer:<\/b> <i>You cannot be required to be a union member, but you may be required to pay union fees.<\/i>\n<\/p>\n<p>\nEmployment relations for employees in the railway and airline industries are covered by the <a href=\"http:\/\/www4.law.cornell.edu\/uscode\/45\/151.shtml\">Railway      Labor Act (RLA)<\/a>. Railway and airline employees are not protected by state Right to Work laws.\n<\/p>\n<p>\nUnder the RLA, you cannot be required to be a member of a union or pay it any monies as a condition of employment unless the collective bargaining agreement between your employer and your union contains a provision requiring all employees to either join the union or pay union fees.\n<\/p>\n<p>\nEven if there is such a provision in the agreement, the most that can be required of you is to pay the union fees (generally called an &quot;agency fee&quot;).<\/p>\n","protected":false},"author":1,"featured_media":0,"parent":0,"menu_order":0,"comment_status":"closed","ping_status":"open","template":"","meta":{"_lmt_disableupdate":"","_lmt_disable":"","footnotes":""},"class_list":["post-1747","page","type-page","status-publish","hentry"],"yoast_head":"<!-- This site is optimized with the Yoast SEO plugin v27.4 - https:\/\/yoast.com\/product\/yoast-seo-wordpress\/ -->\n<title>\u00bfMe pueden obligar a hacerme miembro del sindicato o a pagarle cuotas? - National Right to Work Foundation<\/title>\n<meta name=\"robots\" content=\"index, follow, max-snippet:-1, max-image-preview:large, max-video-preview:-1\" \/>\n<link rel=\"canonical\" href=\"https:\/\/www.nrtw.org\/required-join-pay-railway\/\" \/>\n<meta property=\"og:locale\" content=\"es_ES\" \/>\n<meta property=\"og:type\" content=\"article\" \/>\n<meta property=\"og:title\" content=\"[:en]Can I be required to be a union member or pay dues to a union? (Railway or Airline Employee)[:es]\u00bfMe pueden obligar a hacerme miembro del sindicato o a pagarle cuotas?[:] - National Right to Work Foundation\" \/>\n<meta property=\"og:description\" content=\"Question: Can I be required to be a union member or pay dues to a union?    Answer: You cannot be required to be a union member, but you may be required to pay union fees.    Employment relations for employees in the railway and airline industries are covered by the Railway   Labor Act (RLA). Railway and airline employees are not protected by state Right to Work laws.    Under the RLA, you cannot be required to be a member of a union or pay it any monies as a condition of employment unless the collective bargaining agreement between your employer and your union contains a provision requiring all employees to either join the union or pay union fees.   Even if there is such a provision in the agreement, the most that can be required of you is to pay the union fees (generally called an &quot;agency fee&quot;).\" \/>\n<meta property=\"og:url\" content=\"https:\/\/www.nrtw.org\/required-join-pay-railway\/\" \/>\n<meta property=\"og:site_name\" content=\"National Right to Work Foundation\" \/>\n<meta property=\"article:modified_time\" content=\"2024-09-20T16:08:50+00:00\" \/>\n<meta name=\"twitter:card\" content=\"summary_large_image\" \/>\n<meta name=\"twitter:label1\" content=\"Tiempo de lectura\" \/>\n\t<meta name=\"twitter:data1\" content=\"3 minutos\" \/>\n<script type=\"application\/ld+json\" class=\"yoast-schema-graph\">{\"@context\":\"https:\\\/\\\/schema.org\",\"@graph\":[{\"@type\":\"WebPage\",\"@id\":\"https:\\\/\\\/www.nrtw.org\\\/required-join-pay-railway\\\/\",\"url\":\"https:\\\/\\\/www.nrtw.org\\\/required-join-pay-railway\\\/\",\"name\":\"[:en]Can I be required to be a union member or pay dues to a union? (Railway or Airline Employee)[:es]\u00bfMe pueden obligar a hacerme miembro del sindicato o a pagarle cuotas?[:] - National Right to Work Foundation\",\"isPartOf\":{\"@id\":\"https:\\\/\\\/www.nrtw.org\\\/#website\"},\"datePublished\":\"2007-12-31T19:00:00+00:00\",\"dateModified\":\"2024-09-20T16:08:50+00:00\",\"inLanguage\":\"es\",\"potentialAction\":[{\"@type\":\"ReadAction\",\"target\":[\"https:\\\/\\\/www.nrtw.org\\\/required-join-pay-railway\\\/\"]}]},{\"@type\":\"WebSite\",\"@id\":\"https:\\\/\\\/www.nrtw.org\\\/#website\",\"url\":\"https:\\\/\\\/www.nrtw.org\\\/\",\"name\":\"National Right to Work Foundation\",\"description\":\"\",\"potentialAction\":[{\"@type\":\"SearchAction\",\"target\":{\"@type\":\"EntryPoint\",\"urlTemplate\":\"https:\\\/\\\/www.nrtw.org\\\/?s={search_term_string}\"},\"query-input\":{\"@type\":\"PropertyValueSpecification\",\"valueRequired\":true,\"valueName\":\"search_term_string\"}}],\"inLanguage\":\"es\"}]}<\/script>\n<!-- \/ Yoast SEO plugin. -->","yoast_head_json":{"title":"[:en]Can I be required to be a union member or pay dues to a union? (Railway or Airline Employee)[:es]\u00bfMe pueden obligar a hacerme miembro del sindicato o a pagarle cuotas?[:] - National Right to Work Foundation","robots":{"index":"index","follow":"follow","max-snippet":"max-snippet:-1","max-image-preview":"max-image-preview:large","max-video-preview":"max-video-preview:-1"},"canonical":"https:\/\/www.nrtw.org\/required-join-pay-railway\/","og_locale":"es_ES","og_type":"article","og_title":"[:en]Can I be required to be a union member or pay dues to a union? (Railway or Airline Employee)[:es]\u00bfMe pueden obligar a hacerme miembro del sindicato o a pagarle cuotas?[:] - National Right to Work Foundation","og_description":"Question: Can I be required to be a union member or pay dues to a union?    Answer: You cannot be required to be a union member, but you may be required to pay union fees.    Employment relations for employees in the railway and airline industries are covered by the Railway   Labor Act (RLA). Railway and airline employees are not protected by state Right to Work laws.    Under the RLA, you cannot be required to be a member of a union or pay it any monies as a condition of employment unless the collective bargaining agreement between your employer and your union contains a provision requiring all employees to either join the union or pay union fees.   Even if there is such a provision in the agreement, the most that can be required of you is to pay the union fees (generally called an &quot;agency fee&quot;).","og_url":"https:\/\/www.nrtw.org\/required-join-pay-railway\/","og_site_name":"National Right to Work Foundation","article_modified_time":"2024-09-20T16:08:50+00:00","twitter_card":"summary_large_image","twitter_misc":{"Tiempo de lectura":"3 minutos"},"schema":{"@context":"https:\/\/schema.org","@graph":[{"@type":"WebPage","@id":"https:\/\/www.nrtw.org\/required-join-pay-railway\/","url":"https:\/\/www.nrtw.org\/required-join-pay-railway\/","name":"[:en]Can I be required to be a union member or pay dues to a union? (Railway or Airline Employee)[:es]\u00bfMe pueden obligar a hacerme miembro del sindicato o a pagarle cuotas?[:] - National Right to Work Foundation","isPartOf":{"@id":"https:\/\/www.nrtw.org\/#website"},"datePublished":"2007-12-31T19:00:00+00:00","dateModified":"2024-09-20T16:08:50+00:00","inLanguage":"es","potentialAction":[{"@type":"ReadAction","target":["https:\/\/www.nrtw.org\/required-join-pay-railway\/"]}]},{"@type":"WebSite","@id":"https:\/\/www.nrtw.org\/#website","url":"https:\/\/www.nrtw.org\/","name":"National Right to Work Foundation","description":"","potentialAction":[{"@type":"SearchAction","target":{"@type":"EntryPoint","urlTemplate":"https:\/\/www.nrtw.org\/?s={search_term_string}"},"query-input":{"@type":"PropertyValueSpecification","valueRequired":true,"valueName":"search_term_string"}}],"inLanguage":"es"}]}},"_links":{"self":[{"href":"https:\/\/www.nrtw.org\/es\/wp-json\/wp\/v2\/pages\/1747","targetHints":{"allow":["GET"]}}],"collection":[{"href":"https:\/\/www.nrtw.org\/es\/wp-json\/wp\/v2\/pages"}],"about":[{"href":"https:\/\/www.nrtw.org\/es\/wp-json\/wp\/v2\/types\/page"}],"author":[{"embeddable":true,"href":"https:\/\/www.nrtw.org\/es\/wp-json\/wp\/v2\/users\/1"}],"replies":[{"embeddable":true,"href":"https:\/\/www.nrtw.org\/es\/wp-json\/wp\/v2\/comments?post=1747"}],"version-history":[{"count":18,"href":"https:\/\/www.nrtw.org\/es\/wp-json\/wp\/v2\/pages\/1747\/revisions"}],"predecessor-version":[{"id":17624,"href":"https:\/\/www.nrtw.org\/es\/wp-json\/wp\/v2\/pages\/1747\/revisions\/17624"}],"wp:attachment":[{"href":"https:\/\/www.nrtw.org\/es\/wp-json\/wp\/v2\/media?parent=1747"}],"curies":[{"name":"wp","href":"https:\/\/api.w.org\/{rel}","templated":true}]}}