{"id":1746,"date":"2007-12-31T10:20:57","date_gmt":"2007-12-31T10:20:57","guid":{"rendered":""},"modified":"2024-08-13T13:50:58","modified_gmt":"2024-08-13T17:50:58","slug":"required-join-pay-private","status":"publish","type":"page","link":"https:\/\/www.nrtw.org\/es\/required-join-pay-private\/","title":{"rendered":"\u00bfMe pueden obligar a hacerme miembro del sindicato o a pagarle cuotas?"},"content":{"rendered":"<p><a href=\"\/required-join-pay-private\/\">[In English]<\/a><\/p>\n<p><b>Pregunta:<\/b> <i> \u00bfMe pueden obligar a hacerme miembro del sindicato o a pagarle cuotas?<\/i><\/p>\n<p><b>Respuesta:<\/b> <i><b>No<\/b> se le puede obligar a hacerse miembro del sindicato. Pero si no trabaja en un estado con Derecho al Trabajo, es posible que se le obligue a pagar cuotas sindicales.<\/i><\/p>\n<p>Las relaciones de empleo para casi todos los empleados del sector privado (aparte de los que est\u00e1n en las industrias de ferrocarriles o aerol\u00edneas) est\u00e1n amparadas por la <a href=\"http:\/\/www4.law.cornell.edu\/uscode\/29\/151.shtml\">Ley Nacional de Relaciones del Trabajo (NLRA)<\/a>.<\/p>\n<p>Seg\u00fan la NLRA, no se le puede requerir que sea miembro del sindicato o que le pague alg\u00fan dinero como una condici\u00f3n de empleo, a menos que el convenio de negociaci\u00f3n colectiva entre su empleador y su sindicato contenga una disposici\u00f3n que le requiera a todos los empleados hacerse miembros del sindicato o pagar cuotas sindicales.<\/p>\n<p>Aunque tal disposici\u00f3n existiera dentro del convenio, lo m\u00e1s que se le puede exigir es que pague cuotas sindicales (generalmente llamadas \u00abcomisi\u00f3n de agencia\u00bb). A la mayor\u00eda de los empleados no les informan ni sus empleadores ni el sindicato acerca de que <b> legalmente no se les puede exigir la membres\u00eda completa en el sindicato <\/b>. En <a href=\"http:\/\/caselaw.findlaw.com\/cgi-bin\/getcase.pl?court=US&amp;vol=473&amp;invol=95\"><i>Pattern Makers v. NLRB<\/i>, 473 U.S. 95 (1985)<\/a>, el Tribunal Supremo de los Estados Unidos decidi\u00f3 que los miembros del sindicato tienen el derecho a renunciar a su membres\u00eda en el sindicato en cualquier momento.<\/p>\n<p>Si usted no es miembro, a\u00fan est\u00e1 amparado por el convenio de negociaci\u00f3n colectiva que se ha acordado entre su empleador y el sindicato, y el sindicato est\u00e1 obligado a representarlo. Cualquier prestaci\u00f3n que su empleador le otorga en conformidad con el convenio de negociaci\u00f3n colectiva (por ejemplo, salario, antig\u00fcedad, vacaciones, pensiones, seguro m\u00e9dico) no est\u00e1 afectada por el hecho de que usted no sea miembro del sindicato. (Si el sindicato ofrece algunas prestaciones \u00ab\u00fanicamente para miembros\u00bb, es posible que se le excluya de recibir las mismas.)<br \/>\nSi no es miembro, es posible que no pueda participar en las elecciones ni en las juntas del sindicato, votar en elecciones para la ratificaci\u00f3n de la negociaci\u00f3n colectiva o participar en otras actividades \u00abinternas\u00bbdel sindicato. Sin embargo, el sindicato no lo puede disciplinar por cualquier cosa que haga mientras no es miembro del sindicato.<\/p>\n<p>El Tribunal Supremo, en <a href=\"http:\/\/caselaw.findlaw.com\/cgi-bin\/getcase.pl?court=US&amp;vol=487&amp;invol=735\"><i>Communication Workers v. Beck<\/i>, 487 U.S. 735 (1988)<\/a>, una demanda que fue apoyada por la Fundaci\u00f3n, decret\u00f3 que no se les puede obligar a los no miembros a pagar cuotas sindicales. Lo m\u00e1s que se les puede requerir a los no miembros es pagar una comisi\u00f3n de agencia igual a la que sea su parte de lo que el sindicato pueda comprobar que son gastos para la negociaci\u00f3n colectiva, la administraci\u00f3n del contrato y el ajuste de agravios con su empleador.<\/p>\n<p>Excepto en casos extraordinarios, los costos del sindicato para la negociaci\u00f3n colectiva, la administraci\u00f3n del contrato y el ajuste de quejas no equivalen la cantidad de las cuotas.<\/p>\n<p><i>Beck <\/i>aclara que los no miembros a quienes se les requiera pagar cuotas sindicales como una condici\u00f3n de empleo tienen el derecho de objetar seg\u00fan la NLRA y a obtener una reducci\u00f3n en sus pagos forzosos para que no incluyan los gastos del sindicato que son para prop\u00f3sitos distintos a la negociaci\u00f3n colectiva, a la administraci\u00f3n del contrato y al ajuste de agravios.<\/p>\n<p>Si quisiera darse una idea del tipo de gastos que no son imputables a los no miembros, <a href=\"\/es\/examples-of-non-chargeable-expenses\">haga clic aqu\u00ed<\/a>.<\/p>\n<p>En <a href=\"http:\/\/caselaw.findlaw.com\/us-dc-circuit\/1320873.html\"><i>Abrams v. Communications Workers<\/i>, 59 F.3d 1373 (D.C. Cir. 1995)<\/a>, otra demanda apoyada por la Fundaci\u00f3n, el Tribunal de Apelaciones de Estados Unidos para el Circuito del Distrito de Columbia tom\u00f3 la posici\u00f3n, pensamos que correctamente, de que los sindicatos del sector privado, seg\u00fan la NLRA, deben cumplir con los requisitos de procedimiento impuestos a los sindicatos por el Tribunal Supremo de los Estados Unidos en <a href=\"http:\/\/caselaw.findlaw.com\/us-supreme-court\/475\/292.html\"><i>Chicago Teachers Union v. Hudson<\/i>, 475 U.S. 292 (1986)<\/a>. Sin embargo, la Junta Nacional de Relaciones del Trabajo (NLRB por sus siglas en ingl\u00e9s), la agencia que principalmente tiene la responsabilidad de hacer cumplir la NLRA, en <i>California Saw and Knife Works<\/i>, 320 N.L.R.B. 224 (1995), enforced, 133 F.3d 1012 (7th Cir. 1998), dictamin\u00f3 que solo algunos de los requerimientos de <i>Hudson<\/i> son aplicables seg\u00fan la NLRA. En este momento, \u00fanicamente la NLRB requiere que los sindicatos proporcionen los siguientes procedimientos para salvaguardar su derecho de no pagar m\u00e1s que una comisi\u00f3n limitada de agencia:<\/p>\n<ul type=\"disc\">\n<li>el sindicato le debe informar que tiene el derecho de ser un no miembro;<\/li>\n<li>el sindicato debe informarle que los no miembros tienen el derecho de oponerse a pagar por las actividades sindicales no relacionadas con las responsabilidades del sindicato como un agente de negociaci\u00f3n y para obtener una reducci\u00f3n en las cuotas por esas actividades;<\/li>\n<li>el sindicato le debe dar la informaci\u00f3n suficiente para que pueda tomar una decisi\u00f3n inteligente para objetar;<\/li>\n<li>el sindicato le debe informar acerca de sus procedimientos para presentar objeciones; y,<\/li>\n<li>si usted presenta una objeci\u00f3n, el sindicato le debe decir el porcentaje de la reducci\u00f3n, en qu\u00e9 se basa el c\u00e1lculo y que tiene el derecho de cuestionar esas cifras.<\/li>\n<\/ul>\n<p>Si el sindicato no le proporciona estos procedimientos, o si usted quiere cuestionar la cantidad que el sindicato le pide como una comisi\u00f3n de agencia, puede presentar una demanda en un tribunal federal por incumplimiento del deber de representaci\u00f3n justa o presentar un cargo de pr\u00e1ctica injusta del trabajo ante la oficina regional m\u00e1s cercana de la NLRB. Sin embargo, tal demanda o cargo de pr\u00e1ctica injusta del trabajo se tiene que presentar dentro de los primeros seis (6) meses de que ocurra la conducta de la cual se est\u00e1 quejando. Si presenta una demanda de deber de representaci\u00f3n justa, necesitar\u00e1 un abogado. Si presenta un cargo de pr\u00e1ctica injusta del trabajo ante la NLRB, y el Abogado General emite una queja en su cargo, la NLRB pondr\u00e1 un abogado para pelear el cargo.<\/p>\n<p>Sin embargo, el abogado puesto por la NLRB representa lo que la NLRB y su Abogado General consideran que son asuntos importantes de \u00bb inter\u00e9s publico.\u00bb Usted puede tener su propio abogado que represente sus intereses, pero el Abogado General de la NLRB decide qu\u00e9 temas se van a pelear y usted no puede obligar al Abogado General a pelear por un tema que \u00e9l quiera omitir.<\/p>\n<p>Si usted principalmente trabaja en un <a href=\"\/es\/right-to-work-states\">estado con Derecho al Trabajo<\/a>, salvo que trabaje en propiedades federales espec\u00edficas, no solamente tiene el derecho de abstenerse de unirse al sindicato, sino que no se le puede obligar a pagar cuotas ni comisiones de agencia al sindicato a menos que decida unirse al sindicato. Los empleados que trabajan en propiedad federal pueden o no estar protegidos por la ley de Derecho al Trabajo de sus estados, dependiendo de circunstancias espec\u00edficas.<\/p>\n<p><a href=\"\/es\/right-to-work-states\">Haga clic aqu\u00ed<\/a> si desea ver una lista de los 27 estados con Derecho al Trabajo.<\/p>\n<p>Adem\u00e1s de los derechos detallados anteriormente (en cuanto a las maneras de limitar su afiliaci\u00f3n con el sindicato), tambi\u00e9n deber\u00eda recordar que los empleados del sector privado amparados por la NLRA tienen el derecho de pedir una elecci\u00f3n de \u00bb desautorizaci\u00f3n\u00bb, la cual completamente nulifica la cl\u00e1usula de sindicalismo forzoso en el convenio de negociaci\u00f3n colectiva y elimina TODOS los requerimientos de cuotas. Para mas informaci\u00f3n acerca de esta opci\u00f3n, haga clic <a href=\"\/es\/elecci-n-de-desautorizaci-n\">aqu\u00ed<\/a>.<\/p>\n<hr \/>\n<p>Si desea <b>enterarse m\u00e1s acerca de sus derechos legales<\/b> como empleado en el sector privado, haga clic en la pregunta apropiada de las siguientes:<\/p>\n<ul>\n<li><a href=\"\/es\/can-resign-rtw-private\">Si trabajo en un estado con Derecho al Trabajo, \u00bfpuedo renunciar a mi membres\u00eda en el sindicato y evitar que sigan cobr\u00e1ndose cuotas de mi salario?<\/a><\/li>\n<li>\u00bfMe pueden obligar a hacerme miembro del sindicato o a pagarle cuotas?<\/li>\n<li><a href=\"\/es\/how-resign-private\">\u00bfC\u00f3mo puedo renunciar a mi membres\u00eda en el sindicato?<\/a><\/li>\n<li><a href=\"\/es\/object-nonbargaining-private\">\u00bfC\u00f3mo puedo evitar que se usen mis cuotas para actividades pol\u00edticas y otras actividades no relacionadas con la negociaci\u00f3n?<\/a><\/li>\n<li><a href=\"\/es\/religious-objection\">\u00bfQu\u00e9 pasa si tengo objeciones religiosas para unirme al sindicato o para apoyarlo econ\u00f3micamente?<\/a><\/li>\n<li><a href=\"\/es\/victim-union-violence\">\u00bfQu\u00e9 hago si soy v\u00edctima de la violencia sindical?<\/a><\/li>\n<li><a href=\"\/es\/work-during-strike-private\">\u00bfQu\u00e9 pasa si quiero trabajar mientras hay una huelga?<\/a><\/li>\n<\/ul>\n<p><\/p>","protected":false},"excerpt":{"rendered":"<p>\n<b>Question:<\/b> <i>Can I be required to be a union member or pay dues to a union?<\/i>\n<\/p>\n<p>\n<b>Answer:<\/b> <i>You may <b>not<\/b> be required to be a union member. But, if you do not work in a Right to Work state, you may be required to pay union fees.<\/i>\n<\/p>\n<p>\nEmployment relations for almost all private sector employees (other than those in the airline and railroad industries) are covered by the <a href=\"http:\/\/www4.law.cornell.edu\/uscode\/29\/151.shtml\">National Labor Relations Act (NLRA)<\/a>.\n<\/p>\n<p>\nUnder the NLRA, you cannot be required to be a member of a union or pay it any monies as a condition of employment unless the collective bargaining agreement between your employer and your union contains a provision requiring all employees to either join the union or pay union fees.<\/p>\n","protected":false},"author":1,"featured_media":16569,"parent":0,"menu_order":0,"comment_status":"closed","ping_status":"open","template":"","meta":{"_lmt_disableupdate":"","_lmt_disable":"","footnotes":""},"class_list":["post-1746","page","type-page","status-publish","has-post-thumbnail","hentry"],"yoast_head":"<!-- This site is optimized with the Yoast SEO plugin v27.4 - https:\/\/yoast.com\/product\/yoast-seo-wordpress\/ -->\n<title>\u00bfMe pueden obligar a hacerme miembro del sindicato o a pagarle cuotas?  - National Right to Work Foundation<\/title>\n<meta name=\"robots\" content=\"index, follow, max-snippet:-1, max-image-preview:large, max-video-preview:-1\" \/>\n<link rel=\"canonical\" href=\"https:\/\/www.nrtw.org\/required-join-pay-private\/\" \/>\n<meta property=\"og:locale\" content=\"es_ES\" \/>\n<meta property=\"og:type\" content=\"article\" \/>\n<meta property=\"og:title\" content=\"Can I be required to be a union member or pay dues to a union? (Private Sector Employee)\" \/>\n<meta property=\"og:description\" content=\"Question: Can I be required to be a union member or pay dues to a union?   Answer: You may not be required to be a union member. But, if you do not work in a Right to Work state, you may be required to pay union fees.    Employment relations for almost all private sector employees (other than those in the airline and railroad industries) are covered by the National Labor Relations Act (NLRA).    Under the NLRA, you cannot be required to be a member of a union or pay it any monies as a condition of employment unless the collective bargaining agreement between your employer and your union contains a provision requiring all employees to either join the union or pay union fees.\" \/>\n<meta property=\"og:url\" content=\"https:\/\/www.nrtw.org\/required-join-pay-private\/\" \/>\n<meta property=\"og:site_name\" content=\"National Right to Work Foundation\" \/>\n<meta property=\"article:modified_time\" content=\"2024-08-13T17:50:58+00:00\" \/>\n<meta property=\"og:image\" content=\"https:\/\/www.nrtw.org\/wp-content\/uploads\/2023\/11\/qtq80-2yOFFc.jpeg\" \/>\n\t<meta property=\"og:image:width\" content=\"2164\" \/>\n\t<meta property=\"og:image:height\" content=\"1440\" \/>\n\t<meta property=\"og:image:type\" content=\"image\/jpeg\" \/>\n<meta name=\"twitter:card\" content=\"summary_large_image\" \/>\n<meta name=\"twitter:title\" content=\"Can I be required to be a union member or pay dues to a union? (Private Sector Employee)\" \/>\n<meta name=\"twitter:image\" content=\"https:\/\/www.nrtw.org\/wp-content\/uploads\/2023\/11\/qtq80-2yOFFc.jpeg\" \/>\n<meta name=\"twitter:label1\" content=\"Tiempo de lectura\" \/>\n\t<meta name=\"twitter:data1\" content=\"6 minutos\" \/>\n<script type=\"application\/ld+json\" class=\"yoast-schema-graph\">{\"@context\":\"https:\\\/\\\/schema.org\",\"@graph\":[{\"@type\":\"WebPage\",\"@id\":\"https:\\\/\\\/www.nrtw.org\\\/required-join-pay-private\\\/\",\"url\":\"https:\\\/\\\/www.nrtw.org\\\/required-join-pay-private\\\/\",\"name\":\"[:en]Can I be required to be a union member or pay dues to a union? (Private Sector Employee)[:es]\u00bfMe pueden obligar a hacerme miembro del sindicato o a pagarle cuotas? [:] - National Right to Work Foundation\",\"isPartOf\":{\"@id\":\"https:\\\/\\\/www.nrtw.org\\\/#website\"},\"primaryImageOfPage\":{\"@id\":\"https:\\\/\\\/www.nrtw.org\\\/required-join-pay-private\\\/#primaryimage\"},\"image\":{\"@id\":\"https:\\\/\\\/www.nrtw.org\\\/required-join-pay-private\\\/#primaryimage\"},\"thumbnailUrl\":\"https:\\\/\\\/www.nrtw.org\\\/wp-content\\\/uploads\\\/2023\\\/11\\\/qtq80-2yOFFc.jpeg\",\"datePublished\":\"2007-12-31T10:20:57+00:00\",\"dateModified\":\"2024-08-13T17:50:58+00:00\",\"inLanguage\":\"es\",\"potentialAction\":[{\"@type\":\"ReadAction\",\"target\":[\"https:\\\/\\\/www.nrtw.org\\\/required-join-pay-private\\\/\"]}]},{\"@type\":\"ImageObject\",\"inLanguage\":\"es\",\"@id\":\"https:\\\/\\\/www.nrtw.org\\\/required-join-pay-private\\\/#primaryimage\",\"url\":\"https:\\\/\\\/www.nrtw.org\\\/wp-content\\\/uploads\\\/2023\\\/11\\\/qtq80-2yOFFc.jpeg\",\"contentUrl\":\"https:\\\/\\\/www.nrtw.org\\\/wp-content\\\/uploads\\\/2023\\\/11\\\/qtq80-2yOFFc.jpeg\",\"width\":2164,\"height\":1440,\"caption\":\"National Right to Work Legal Defense Foundation\"},{\"@type\":\"WebSite\",\"@id\":\"https:\\\/\\\/www.nrtw.org\\\/#website\",\"url\":\"https:\\\/\\\/www.nrtw.org\\\/\",\"name\":\"National Right to Work Foundation\",\"description\":\"\",\"potentialAction\":[{\"@type\":\"SearchAction\",\"target\":{\"@type\":\"EntryPoint\",\"urlTemplate\":\"https:\\\/\\\/www.nrtw.org\\\/?s={search_term_string}\"},\"query-input\":{\"@type\":\"PropertyValueSpecification\",\"valueRequired\":true,\"valueName\":\"search_term_string\"}}],\"inLanguage\":\"es\"}]}<\/script>\n<!-- \/ Yoast SEO plugin. -->","yoast_head_json":{"title":"[:en]Can I be required to be a union member or pay dues to a union? (Private Sector Employee)[:es]\u00bfMe pueden obligar a hacerme miembro del sindicato o a pagarle cuotas? [:] - National Right to Work Foundation","robots":{"index":"index","follow":"follow","max-snippet":"max-snippet:-1","max-image-preview":"max-image-preview:large","max-video-preview":"max-video-preview:-1"},"canonical":"https:\/\/www.nrtw.org\/required-join-pay-private\/","og_locale":"es_ES","og_type":"article","og_title":"Can I be required to be a union member or pay dues to a union? (Private Sector Employee)","og_description":"Question: Can I be required to be a union member or pay dues to a union?   Answer: You may not be required to be a union member. But, if you do not work in a Right to Work state, you may be required to pay union fees.    Employment relations for almost all private sector employees (other than those in the airline and railroad industries) are covered by the National Labor Relations Act (NLRA).    Under the NLRA, you cannot be required to be a member of a union or pay it any monies as a condition of employment unless the collective bargaining agreement between your employer and your union contains a provision requiring all employees to either join the union or pay union fees.","og_url":"https:\/\/www.nrtw.org\/required-join-pay-private\/","og_site_name":"National Right to Work Foundation","article_modified_time":"2024-08-13T17:50:58+00:00","og_image":[{"width":2164,"height":1440,"url":"https:\/\/www.nrtw.org\/wp-content\/uploads\/2023\/11\/qtq80-2yOFFc.jpeg","type":"image\/jpeg"}],"twitter_card":"summary_large_image","twitter_title":"Can I be required to be a union member or pay dues to a union? (Private Sector Employee)","twitter_image":"https:\/\/www.nrtw.org\/wp-content\/uploads\/2023\/11\/qtq80-2yOFFc.jpeg","twitter_misc":{"Tiempo de lectura":"6 minutos"},"schema":{"@context":"https:\/\/schema.org","@graph":[{"@type":"WebPage","@id":"https:\/\/www.nrtw.org\/required-join-pay-private\/","url":"https:\/\/www.nrtw.org\/required-join-pay-private\/","name":"[:en]Can I be required to be a union member or pay dues to a union? (Private Sector Employee)[:es]\u00bfMe pueden obligar a hacerme miembro del sindicato o a pagarle cuotas? [:] - National Right to Work Foundation","isPartOf":{"@id":"https:\/\/www.nrtw.org\/#website"},"primaryImageOfPage":{"@id":"https:\/\/www.nrtw.org\/required-join-pay-private\/#primaryimage"},"image":{"@id":"https:\/\/www.nrtw.org\/required-join-pay-private\/#primaryimage"},"thumbnailUrl":"https:\/\/www.nrtw.org\/wp-content\/uploads\/2023\/11\/qtq80-2yOFFc.jpeg","datePublished":"2007-12-31T10:20:57+00:00","dateModified":"2024-08-13T17:50:58+00:00","inLanguage":"es","potentialAction":[{"@type":"ReadAction","target":["https:\/\/www.nrtw.org\/required-join-pay-private\/"]}]},{"@type":"ImageObject","inLanguage":"es","@id":"https:\/\/www.nrtw.org\/required-join-pay-private\/#primaryimage","url":"https:\/\/www.nrtw.org\/wp-content\/uploads\/2023\/11\/qtq80-2yOFFc.jpeg","contentUrl":"https:\/\/www.nrtw.org\/wp-content\/uploads\/2023\/11\/qtq80-2yOFFc.jpeg","width":2164,"height":1440,"caption":"National Right to Work Legal Defense Foundation"},{"@type":"WebSite","@id":"https:\/\/www.nrtw.org\/#website","url":"https:\/\/www.nrtw.org\/","name":"National Right to Work Foundation","description":"","potentialAction":[{"@type":"SearchAction","target":{"@type":"EntryPoint","urlTemplate":"https:\/\/www.nrtw.org\/?s={search_term_string}"},"query-input":{"@type":"PropertyValueSpecification","valueRequired":true,"valueName":"search_term_string"}}],"inLanguage":"es"}]}},"_links":{"self":[{"href":"https:\/\/www.nrtw.org\/es\/wp-json\/wp\/v2\/pages\/1746","targetHints":{"allow":["GET"]}}],"collection":[{"href":"https:\/\/www.nrtw.org\/es\/wp-json\/wp\/v2\/pages"}],"about":[{"href":"https:\/\/www.nrtw.org\/es\/wp-json\/wp\/v2\/types\/page"}],"author":[{"embeddable":true,"href":"https:\/\/www.nrtw.org\/es\/wp-json\/wp\/v2\/users\/1"}],"replies":[{"embeddable":true,"href":"https:\/\/www.nrtw.org\/es\/wp-json\/wp\/v2\/comments?post=1746"}],"version-history":[{"count":36,"href":"https:\/\/www.nrtw.org\/es\/wp-json\/wp\/v2\/pages\/1746\/revisions"}],"predecessor-version":[{"id":17490,"href":"https:\/\/www.nrtw.org\/es\/wp-json\/wp\/v2\/pages\/1746\/revisions\/17490"}],"wp:featuredmedia":[{"embeddable":true,"href":"https:\/\/www.nrtw.org\/es\/wp-json\/wp\/v2\/media\/16569"}],"wp:attachment":[{"href":"https:\/\/www.nrtw.org\/es\/wp-json\/wp\/v2\/media?parent=1746"}],"curies":[{"name":"wp","href":"https:\/\/api.w.org\/{rel}","templated":true}]}}