{"id":1690,"date":"1969-12-31T19:00:00","date_gmt":"1969-12-31T19:00:00","guid":{"rendered":""},"modified":"2023-12-03T18:20:40","modified_gmt":"2023-12-03T23:20:40","slug":"can-i-be-required-to-be-a-union-member-or-pay-dues-to-a-union-0","status":"publish","type":"page","link":"https:\/\/www.nrtw.org\/es\/can-i-be-required-to-be-a-union-member-or-pay-dues-to-a-union-0\/","title":{"rendered":"\u00bfMe pueden obligar a hacerme miembro del sindicato o a pagarle cuotas?"},"content":{"rendered":"<p>A todos los empleados del Gobierno Federal, incluyendo a los empleados del Servicio Postal, se les garantiza por ley el derecho de abstenerse de la membres\u00eda en un sindicato. <I>V\u00e9ase<\/I> <A HREF=\"http:\/\/www4.law.cornell.edu\/uscode\/5\/7102.shtml\"> 5 U.S.C. &sect; 7102<\/A> (generalmente empleados federales); <A HREF=\"http:\/\/www4.law.cornell.edu\/uscode\/39\/1209.shtml\"> 39 U.S.C. &sect; 1209(c)<\/A> (empleados postales). (U.S.C. son las siglas para United States Code (&quot;C\u00f3digo de los Estados Unidos&quot;) Eso significa que <strong>no se le puede obligar a que siga siendo miembro del sindicato o a seguir pagando cuotas sindicales, sin importar d\u00f3nde est\u00e9 trabajando.<\/strong><\/p>\n<p>A los empleados del Gobierno Federal tambi\u00e9n se les garantiza por ley el derecho a abstenerse de ayudar a un sindicato. <I>V\u00e9ase<\/I> <A HREF=\"http:\/\/www4.law.cornell.edu\/uscode\/5\/7102.shtml\"> 5 U.S.C. &sect; 7102<\/A> (generalmente empleados federales); <A HREF=\"http:\/\/www4.law.cornell.edu\/uscode\/39\/1209.shtml\"> 39 U.S.C. &sect; 1209(c)<\/A> (empleados postales). Esto significa que no se le puede obligar a pagarle cuotas al sindicato a menos que se haya hecho miembro del sindicato por cuenta propia.<\/p>\n<p>Si usted no es miembro, a\u00fan queda amparado por el convenio colectivo laboral que se ha acordado entre su empleador y el sindicato, y el sindicato est\u00e1 obligado a representarlo.   Cualquier prestaci\u00f3n que su empleador le otorgue en conformidad con el convenio colectivo laboral (por ejemplo, salario, antig\u00fcedad, vacaciones, pensiones, seguro m\u00e9dico) no es afectada por el hecho de que no sea miembro del sindicato. (Si el sindicato ofrece algunas prestaciones \u00absolo para miembros\u00bb, es posible que se le excluya de recibir estos.)<\/p>\n<p>Si no es miembro, es posible que no pueda participar en las elecciones ni en las juntas del sindicato, votar en elecciones para la ratificaci\u00f3n de negociaci\u00f3n colectiva o participar en otras actividades \u00abinternas\u00bb del sindicato.  Sin embargo, el sindicato no le puede aplicar medidas disciplinarias por cualquier cosa que haga mientras no es miembro del sindicato.<\/p>\n<p>Si es miembro del sindicato actualmente, tiene el derecho a renunciar. Si ha autorizado una deducci\u00f3n de su sueldo para las cuotas, tambi\u00e9n tiene que notificarle a su empleador que desea retirar esa autorizaci\u00f3n. Si firm\u00f3 la autorizaci\u00f3n hace menos de un a\u00f1o o si se renueva autom\u00e1ticamente cada a\u00f1o, es posible que la suspensi\u00f3n no surta efecto hasta el final del a\u00f1o actual de autorizaci\u00f3n. Es recomendable obtener una copia de su autorizaci\u00f3n de n\u00f3mina y revisarla.<br \/>\n<\/p>","protected":false},"excerpt":{"rendered":"<p>A todos los empleados del Gobierno Federal, incluyendo a los empleados del Servicio Postal, se les garantiza por ley el derecho de abstenerse de la membres\u00eda en un sindicato. V\u00e9ase 5 U.S.C. &sect; 7102 (generalmente empleados federales); 39 U.S.C. &sect; 1209(c) (empleados postales). (U.S.C. son las siglas para United States Code (&quot;C\u00f3digo de los Estados [&hellip;]<\/p>\n","protected":false},"author":2,"featured_media":16569,"parent":0,"menu_order":0,"comment_status":"closed","ping_status":"open","template":"","meta":{"_lmt_disableupdate":"","_lmt_disable":"","footnotes":""},"class_list":["post-1690","page","type-page","status-publish","has-post-thumbnail","hentry"],"yoast_head":"<!-- This site is optimized with the Yoast SEO plugin v27.6 - https:\/\/yoast.com\/product\/yoast-seo-wordpress\/ -->\n<title>\u00bfMe pueden obligar a hacerme miembro del sindicato o a pagarle cuotas? - National Right to Work Foundation<\/title>\n<meta name=\"robots\" content=\"index, follow, max-snippet:-1, max-image-preview:large, max-video-preview:-1\" \/>\n<link rel=\"canonical\" href=\"https:\/\/www.nrtw.org\/can-i-be-required-to-be-a-union-member-or-pay-dues-to-a-union-0\/\" \/>\n<meta property=\"og:locale\" content=\"es_ES\" \/>\n<meta property=\"og:type\" content=\"article\" \/>\n<meta property=\"og:title\" content=\"Can I be required to be a union member or pay dues to a union?\" \/>\n<meta property=\"og:description\" content=\"A todos los empleados del Gobierno Federal, incluyendo a los empleados del Servicio Postal, se les garantiza por ley el derecho de abstenerse de la membres\u00eda en un sindicato. V\u00e9ase 5 U.S.C. &sect; 7102 (generalmente empleados federales); 39 U.S.C. &sect; 1209(c) (empleados postales). (U.S.C. son las siglas para United States Code (&quot;C\u00f3digo de los Estados [&hellip;]\" \/>\n<meta property=\"og:url\" content=\"https:\/\/www.nrtw.org\/can-i-be-required-to-be-a-union-member-or-pay-dues-to-a-union-0\/\" \/>\n<meta property=\"og:site_name\" content=\"National Right to Work Foundation\" \/>\n<meta property=\"article:modified_time\" content=\"2023-12-03T23:20:40+00:00\" \/>\n<meta property=\"og:image\" content=\"https:\/\/www.nrtw.org\/wp-content\/uploads\/2023\/11\/qtq80-2yOFFc.jpeg\" \/>\n\t<meta property=\"og:image:width\" content=\"2164\" \/>\n\t<meta property=\"og:image:height\" content=\"1440\" \/>\n\t<meta property=\"og:image:type\" content=\"image\/jpeg\" \/>\n<meta name=\"twitter:card\" content=\"summary_large_image\" \/>\n<meta name=\"twitter:title\" content=\"Can I be required to be a union member or pay dues to a union?\" \/>\n<meta name=\"twitter:image\" content=\"https:\/\/www.nrtw.org\/wp-content\/uploads\/2023\/11\/qtq80-2yOFFc.jpeg\" \/>\n<meta name=\"twitter:label1\" content=\"Tiempo de lectura\" \/>\n\t<meta name=\"twitter:data1\" content=\"5 minutos\" \/>\n<script type=\"application\/ld+json\" class=\"yoast-schema-graph\">{\"@context\":\"https:\\\/\\\/schema.org\",\"@graph\":[{\"@type\":\"WebPage\",\"@id\":\"https:\\\/\\\/www.nrtw.org\\\/can-i-be-required-to-be-a-union-member-or-pay-dues-to-a-union-0\\\/\",\"url\":\"https:\\\/\\\/www.nrtw.org\\\/can-i-be-required-to-be-a-union-member-or-pay-dues-to-a-union-0\\\/\",\"name\":\"[:en]Can I be required to be a union member or pay dues to a union?[:es]\u00bfMe pueden obligar a hacerme miembro del sindicato o a pagarle cuotas?[:] - National Right to Work Foundation\",\"isPartOf\":{\"@id\":\"https:\\\/\\\/www.nrtw.org\\\/#website\"},\"primaryImageOfPage\":{\"@id\":\"https:\\\/\\\/www.nrtw.org\\\/can-i-be-required-to-be-a-union-member-or-pay-dues-to-a-union-0\\\/#primaryimage\"},\"image\":{\"@id\":\"https:\\\/\\\/www.nrtw.org\\\/can-i-be-required-to-be-a-union-member-or-pay-dues-to-a-union-0\\\/#primaryimage\"},\"thumbnailUrl\":\"https:\\\/\\\/www.nrtw.org\\\/wp-content\\\/uploads\\\/2023\\\/11\\\/qtq80-2yOFFc.jpeg\",\"datePublished\":\"1969-12-31T19:00:00+00:00\",\"dateModified\":\"2023-12-03T23:20:40+00:00\",\"inLanguage\":\"es\",\"potentialAction\":[{\"@type\":\"ReadAction\",\"target\":[\"https:\\\/\\\/www.nrtw.org\\\/can-i-be-required-to-be-a-union-member-or-pay-dues-to-a-union-0\\\/\"]}]},{\"@type\":\"ImageObject\",\"inLanguage\":\"es\",\"@id\":\"https:\\\/\\\/www.nrtw.org\\\/can-i-be-required-to-be-a-union-member-or-pay-dues-to-a-union-0\\\/#primaryimage\",\"url\":\"https:\\\/\\\/www.nrtw.org\\\/wp-content\\\/uploads\\\/2023\\\/11\\\/qtq80-2yOFFc.jpeg\",\"contentUrl\":\"https:\\\/\\\/www.nrtw.org\\\/wp-content\\\/uploads\\\/2023\\\/11\\\/qtq80-2yOFFc.jpeg\",\"width\":2164,\"height\":1440,\"caption\":\"National Right to Work Legal Defense Foundation\"},{\"@type\":\"WebSite\",\"@id\":\"https:\\\/\\\/www.nrtw.org\\\/#website\",\"url\":\"https:\\\/\\\/www.nrtw.org\\\/\",\"name\":\"National Right to Work Foundation\",\"description\":\"\",\"potentialAction\":[{\"@type\":\"SearchAction\",\"target\":{\"@type\":\"EntryPoint\",\"urlTemplate\":\"https:\\\/\\\/www.nrtw.org\\\/?s={search_term_string}\"},\"query-input\":{\"@type\":\"PropertyValueSpecification\",\"valueRequired\":true,\"valueName\":\"search_term_string\"}}],\"inLanguage\":\"es\"}]}<\/script>\n<!-- \/ Yoast SEO plugin. -->","yoast_head_json":{"title":"[:en]Can I be required to be a union member or pay dues to a union?[:es]\u00bfMe pueden obligar a hacerme miembro del sindicato o a pagarle cuotas?[:] - National Right to Work Foundation","robots":{"index":"index","follow":"follow","max-snippet":"max-snippet:-1","max-image-preview":"max-image-preview:large","max-video-preview":"max-video-preview:-1"},"canonical":"https:\/\/www.nrtw.org\/can-i-be-required-to-be-a-union-member-or-pay-dues-to-a-union-0\/","og_locale":"es_ES","og_type":"article","og_title":"Can I be required to be a union member or pay dues to a union?","og_description":"A todos los empleados del Gobierno Federal, incluyendo a los empleados del Servicio Postal, se les garantiza por ley el derecho de abstenerse de la membres\u00eda en un sindicato. V\u00e9ase 5 U.S.C. &sect; 7102 (generalmente empleados federales); 39 U.S.C. &sect; 1209(c) (empleados postales). (U.S.C. son las siglas para United States Code (&quot;C\u00f3digo de los Estados [&hellip;]","og_url":"https:\/\/www.nrtw.org\/can-i-be-required-to-be-a-union-member-or-pay-dues-to-a-union-0\/","og_site_name":"National Right to Work Foundation","article_modified_time":"2023-12-03T23:20:40+00:00","og_image":[{"width":2164,"height":1440,"url":"https:\/\/www.nrtw.org\/wp-content\/uploads\/2023\/11\/qtq80-2yOFFc.jpeg","type":"image\/jpeg"}],"twitter_card":"summary_large_image","twitter_title":"Can I be required to be a union member or pay dues to a union?","twitter_image":"https:\/\/www.nrtw.org\/wp-content\/uploads\/2023\/11\/qtq80-2yOFFc.jpeg","twitter_misc":{"Tiempo de lectura":"5 minutos"},"schema":{"@context":"https:\/\/schema.org","@graph":[{"@type":"WebPage","@id":"https:\/\/www.nrtw.org\/can-i-be-required-to-be-a-union-member-or-pay-dues-to-a-union-0\/","url":"https:\/\/www.nrtw.org\/can-i-be-required-to-be-a-union-member-or-pay-dues-to-a-union-0\/","name":"[:en]Can I be required to be a union member or pay dues to a union?[:es]\u00bfMe pueden obligar a hacerme miembro del sindicato o a pagarle cuotas?[:] - National Right to Work Foundation","isPartOf":{"@id":"https:\/\/www.nrtw.org\/#website"},"primaryImageOfPage":{"@id":"https:\/\/www.nrtw.org\/can-i-be-required-to-be-a-union-member-or-pay-dues-to-a-union-0\/#primaryimage"},"image":{"@id":"https:\/\/www.nrtw.org\/can-i-be-required-to-be-a-union-member-or-pay-dues-to-a-union-0\/#primaryimage"},"thumbnailUrl":"https:\/\/www.nrtw.org\/wp-content\/uploads\/2023\/11\/qtq80-2yOFFc.jpeg","datePublished":"1969-12-31T19:00:00+00:00","dateModified":"2023-12-03T23:20:40+00:00","inLanguage":"es","potentialAction":[{"@type":"ReadAction","target":["https:\/\/www.nrtw.org\/can-i-be-required-to-be-a-union-member-or-pay-dues-to-a-union-0\/"]}]},{"@type":"ImageObject","inLanguage":"es","@id":"https:\/\/www.nrtw.org\/can-i-be-required-to-be-a-union-member-or-pay-dues-to-a-union-0\/#primaryimage","url":"https:\/\/www.nrtw.org\/wp-content\/uploads\/2023\/11\/qtq80-2yOFFc.jpeg","contentUrl":"https:\/\/www.nrtw.org\/wp-content\/uploads\/2023\/11\/qtq80-2yOFFc.jpeg","width":2164,"height":1440,"caption":"National Right to Work Legal Defense Foundation"},{"@type":"WebSite","@id":"https:\/\/www.nrtw.org\/#website","url":"https:\/\/www.nrtw.org\/","name":"National Right to Work Foundation","description":"","potentialAction":[{"@type":"SearchAction","target":{"@type":"EntryPoint","urlTemplate":"https:\/\/www.nrtw.org\/?s={search_term_string}"},"query-input":{"@type":"PropertyValueSpecification","valueRequired":true,"valueName":"search_term_string"}}],"inLanguage":"es"}]}},"_links":{"self":[{"href":"https:\/\/www.nrtw.org\/es\/wp-json\/wp\/v2\/pages\/1690","targetHints":{"allow":["GET"]}}],"collection":[{"href":"https:\/\/www.nrtw.org\/es\/wp-json\/wp\/v2\/pages"}],"about":[{"href":"https:\/\/www.nrtw.org\/es\/wp-json\/wp\/v2\/types\/page"}],"author":[{"embeddable":true,"href":"https:\/\/www.nrtw.org\/es\/wp-json\/wp\/v2\/users\/2"}],"replies":[{"embeddable":true,"href":"https:\/\/www.nrtw.org\/es\/wp-json\/wp\/v2\/comments?post=1690"}],"version-history":[{"count":2,"href":"https:\/\/www.nrtw.org\/es\/wp-json\/wp\/v2\/pages\/1690\/revisions"}],"predecessor-version":[{"id":16624,"href":"https:\/\/www.nrtw.org\/es\/wp-json\/wp\/v2\/pages\/1690\/revisions\/16624"}],"wp:featuredmedia":[{"embeddable":true,"href":"https:\/\/www.nrtw.org\/es\/wp-json\/wp\/v2\/media\/16569"}],"wp:attachment":[{"href":"https:\/\/www.nrtw.org\/es\/wp-json\/wp\/v2\/media?parent=1690"}],"curies":[{"name":"wp","href":"https:\/\/api.w.org\/{rel}","templated":true}]}}