{"id":1176,"date":"2016-11-08T11:20:24","date_gmt":"2016-11-08T11:20:24","guid":{"rendered":""},"modified":"2023-12-03T17:45:46","modified_gmt":"2023-12-03T22:45:46","slug":"your-rights-federal","status":"publish","type":"page","link":"https:\/\/www.nrtw.org\/es\/your-rights-federal\/","title":{"rendered":"Acera de sus derechos legales : Empleado de Gobierno Federal"},"content":{"rendered":"<p><a href=\"\/your-rights-federal\/\">[In English]<\/a><\/p>\n<p>\nLa Fundaci\u00f3n Nacional de Defensa Legal para el Derecho al Trabajo defiende a los trabajadores de los Estados Unidos de los abusos del sindicalismo forzoso. Para aprender acerca de sus derechos como empleado del gobierno federal, haga clic en cualquiera de las siguientes preguntas:\n<\/p>\n<h3>Preguntas y Respuestas<\/h3>\n<ul>\n<li><a href=\"\/es\/required-join-pay-federal\">\u00bfMe pueden obligar a hacerme miembro de un sindicato o a pagarle cuotas?<\/a><\/li>\n<li><a href=\"\/es\/how-resign-federal\">\u00bfC\u00f3mo puedo renunciar a mi membres\u00eda en un sindicato?<\/a><\/li>\n<li><a href=\"\/es\/object-nonbargaining-federal\n\">\u00bfC\u00f3mo puedo evitar que se usen mis cuotas para actividades pol\u00edticas u otras no relacionadas con la negociaci\u00f3n?<\/a><\/li>\n<li><a href=\"\/es\/religious-objection-federal\n\">\u00bfQu\u00e9 pasa si tengo objeciones religiosas para unirme a un sindicato o para apoyarlo econ\u00f3micamente?<\/a><\/li>\n<li><a href=\"\/es\/victim-union-violence\">\u00bfQu\u00e9 hago si soy victima de violencia sindical?<\/a><\/li>\n<li><a href=\"\/es\/work-during-strike-federal\">\u00bfQu\u00e9 pasa si quiero trabajar mientras hay una huelga?<\/a><\/li>\n<\/ul>\n<p><\/p>\n<h3>Documentos informativos acerca de los temas<\/h3>\n<ul>\n<li><a href=\"\/es\/religious-objection-guide-1\">Gu\u00eda para empleados sobre cuotas sindicales y lo que no se debe hacer en cuanto a las creencias religiosas<\/a><\/li>\n<li><a href=\"\/es\/union-discipline-and-employee-rights\">\u00bfPueden los dirigentes sindicales castigarlo? &#8211; La disciplina sindical y los derechos del empleado<\/a><\/li>\n<li><a href=\"\/es\/top-ten\">Los diez privilegios principales de los sindicatos m\u00e1s grandes (&quot;Big Labor&quot; en ingles)<\/a><\/li>\n<li><a href=\"\/es\/illegal-pac-funding\">\u00bfEst\u00e1 usted financiando al comit\u00e9 de acci\u00f3n pol\u00edtica (PAC por sus siglas en ingl\u00e9s) federal de su sindicato sin saberlo o en contra de su voluntad?<\/a><\/li>\n<li><a href=\"\/es\/employees-in-right-to-work-states\">Empleados en Estados con Derecho al Trabajo<\/a><\/li>\n<\/ul>\n<p><\/p>","protected":false},"excerpt":{"rendered":"<p>\nThe National Right to Work Legal Defense Foundation defends America&#8217;s workers against the abuses of compulsory unionism. To learn your rights as a federal government employee, click on any of the following questions:<\/p>\n","protected":false},"author":1,"featured_media":16569,"parent":0,"menu_order":0,"comment_status":"closed","ping_status":"open","template":"","meta":{"_lmt_disableupdate":"","_lmt_disable":"","footnotes":""},"class_list":["post-1176","page","type-page","status-publish","has-post-thumbnail","hentry"],"yoast_head":"<!-- This site is optimized with the Yoast SEO plugin v27.4 - https:\/\/yoast.com\/product\/yoast-seo-wordpress\/ -->\n<title>Acera de sus derechos legales : Empleado de Gobierno Federal  - National Right to Work Foundation<\/title>\n<meta name=\"robots\" content=\"index, follow, max-snippet:-1, max-image-preview:large, max-video-preview:-1\" \/>\n<link rel=\"canonical\" href=\"https:\/\/www.nrtw.org\/your-rights-federal\/\" \/>\n<meta property=\"og:locale\" content=\"es_ES\" \/>\n<meta property=\"og:type\" content=\"article\" \/>\n<meta property=\"og:title\" content=\"About Your Legal Rights: Federal Government Employee\" \/>\n<meta property=\"og:description\" content=\"The National Right to Work Legal Defense Foundation defends America&#039;s workers against the abuses of compulsory unionism. To learn your rights as a federal government employee, click on any of the following questions:\" \/>\n<meta property=\"og:url\" content=\"https:\/\/www.nrtw.org\/your-rights-federal\/\" \/>\n<meta property=\"og:site_name\" content=\"National Right to Work Foundation\" \/>\n<meta property=\"article:modified_time\" content=\"2023-12-03T22:45:46+00:00\" \/>\n<meta property=\"og:image\" content=\"https:\/\/www.nrtw.org\/wp-content\/uploads\/2023\/11\/qtq80-2yOFFc.jpeg\" \/>\n\t<meta property=\"og:image:width\" content=\"2164\" \/>\n\t<meta property=\"og:image:height\" content=\"1440\" \/>\n\t<meta property=\"og:image:type\" content=\"image\/jpeg\" \/>\n<meta name=\"twitter:card\" content=\"summary_large_image\" \/>\n<meta name=\"twitter:title\" content=\"About Your Legal Rights: Federal Government Employee\" \/>\n<meta name=\"twitter:image\" content=\"https:\/\/www.nrtw.org\/wp-content\/uploads\/2023\/11\/qtq80-2yOFFc.jpeg\" \/>\n<meta name=\"twitter:label1\" content=\"Tiempo de lectura\" \/>\n\t<meta name=\"twitter:data1\" content=\"1 minuto\" \/>\n<script type=\"application\/ld+json\" class=\"yoast-schema-graph\">{\"@context\":\"https:\\\/\\\/schema.org\",\"@graph\":[{\"@type\":\"WebPage\",\"@id\":\"https:\\\/\\\/www.nrtw.org\\\/your-rights-federal\\\/\",\"url\":\"https:\\\/\\\/www.nrtw.org\\\/your-rights-federal\\\/\",\"name\":\"[:en]About Your Legal Rights: Federal Government Employee[:es]Acera de sus derechos legales : Empleado de Gobierno Federal [:] - National Right to Work Foundation\",\"isPartOf\":{\"@id\":\"https:\\\/\\\/www.nrtw.org\\\/#website\"},\"primaryImageOfPage\":{\"@id\":\"https:\\\/\\\/www.nrtw.org\\\/your-rights-federal\\\/#primaryimage\"},\"image\":{\"@id\":\"https:\\\/\\\/www.nrtw.org\\\/your-rights-federal\\\/#primaryimage\"},\"thumbnailUrl\":\"https:\\\/\\\/www.nrtw.org\\\/wp-content\\\/uploads\\\/2023\\\/11\\\/qtq80-2yOFFc.jpeg\",\"datePublished\":\"2016-11-08T11:20:24+00:00\",\"dateModified\":\"2023-12-03T22:45:46+00:00\",\"inLanguage\":\"es\",\"potentialAction\":[{\"@type\":\"ReadAction\",\"target\":[\"https:\\\/\\\/www.nrtw.org\\\/your-rights-federal\\\/\"]}]},{\"@type\":\"ImageObject\",\"inLanguage\":\"es\",\"@id\":\"https:\\\/\\\/www.nrtw.org\\\/your-rights-federal\\\/#primaryimage\",\"url\":\"https:\\\/\\\/www.nrtw.org\\\/wp-content\\\/uploads\\\/2023\\\/11\\\/qtq80-2yOFFc.jpeg\",\"contentUrl\":\"https:\\\/\\\/www.nrtw.org\\\/wp-content\\\/uploads\\\/2023\\\/11\\\/qtq80-2yOFFc.jpeg\",\"width\":2164,\"height\":1440,\"caption\":\"National Right to Work Legal Defense Foundation\"},{\"@type\":\"WebSite\",\"@id\":\"https:\\\/\\\/www.nrtw.org\\\/#website\",\"url\":\"https:\\\/\\\/www.nrtw.org\\\/\",\"name\":\"National Right to Work Foundation\",\"description\":\"\",\"potentialAction\":[{\"@type\":\"SearchAction\",\"target\":{\"@type\":\"EntryPoint\",\"urlTemplate\":\"https:\\\/\\\/www.nrtw.org\\\/?s={search_term_string}\"},\"query-input\":{\"@type\":\"PropertyValueSpecification\",\"valueRequired\":true,\"valueName\":\"search_term_string\"}}],\"inLanguage\":\"es\"}]}<\/script>\n<!-- \/ Yoast SEO plugin. -->","yoast_head_json":{"title":"[:en]About Your Legal Rights: Federal Government Employee[:es]Acera de sus derechos legales : Empleado de Gobierno Federal [:] - National Right to Work Foundation","robots":{"index":"index","follow":"follow","max-snippet":"max-snippet:-1","max-image-preview":"max-image-preview:large","max-video-preview":"max-video-preview:-1"},"canonical":"https:\/\/www.nrtw.org\/your-rights-federal\/","og_locale":"es_ES","og_type":"article","og_title":"About Your Legal Rights: Federal Government Employee","og_description":"The National Right to Work Legal Defense Foundation defends America's workers against the abuses of compulsory unionism. To learn your rights as a federal government employee, click on any of the following questions:","og_url":"https:\/\/www.nrtw.org\/your-rights-federal\/","og_site_name":"National Right to Work Foundation","article_modified_time":"2023-12-03T22:45:46+00:00","og_image":[{"width":2164,"height":1440,"url":"https:\/\/www.nrtw.org\/wp-content\/uploads\/2023\/11\/qtq80-2yOFFc.jpeg","type":"image\/jpeg"}],"twitter_card":"summary_large_image","twitter_title":"About Your Legal Rights: Federal Government Employee","twitter_image":"https:\/\/www.nrtw.org\/wp-content\/uploads\/2023\/11\/qtq80-2yOFFc.jpeg","twitter_misc":{"Tiempo de lectura":"1 minuto"},"schema":{"@context":"https:\/\/schema.org","@graph":[{"@type":"WebPage","@id":"https:\/\/www.nrtw.org\/your-rights-federal\/","url":"https:\/\/www.nrtw.org\/your-rights-federal\/","name":"[:en]About Your Legal Rights: Federal Government Employee[:es]Acera de sus derechos legales : Empleado de Gobierno Federal [:] - National Right to Work Foundation","isPartOf":{"@id":"https:\/\/www.nrtw.org\/#website"},"primaryImageOfPage":{"@id":"https:\/\/www.nrtw.org\/your-rights-federal\/#primaryimage"},"image":{"@id":"https:\/\/www.nrtw.org\/your-rights-federal\/#primaryimage"},"thumbnailUrl":"https:\/\/www.nrtw.org\/wp-content\/uploads\/2023\/11\/qtq80-2yOFFc.jpeg","datePublished":"2016-11-08T11:20:24+00:00","dateModified":"2023-12-03T22:45:46+00:00","inLanguage":"es","potentialAction":[{"@type":"ReadAction","target":["https:\/\/www.nrtw.org\/your-rights-federal\/"]}]},{"@type":"ImageObject","inLanguage":"es","@id":"https:\/\/www.nrtw.org\/your-rights-federal\/#primaryimage","url":"https:\/\/www.nrtw.org\/wp-content\/uploads\/2023\/11\/qtq80-2yOFFc.jpeg","contentUrl":"https:\/\/www.nrtw.org\/wp-content\/uploads\/2023\/11\/qtq80-2yOFFc.jpeg","width":2164,"height":1440,"caption":"National Right to Work Legal Defense Foundation"},{"@type":"WebSite","@id":"https:\/\/www.nrtw.org\/#website","url":"https:\/\/www.nrtw.org\/","name":"National Right to Work Foundation","description":"","potentialAction":[{"@type":"SearchAction","target":{"@type":"EntryPoint","urlTemplate":"https:\/\/www.nrtw.org\/?s={search_term_string}"},"query-input":{"@type":"PropertyValueSpecification","valueRequired":true,"valueName":"search_term_string"}}],"inLanguage":"es"}]}},"_links":{"self":[{"href":"https:\/\/www.nrtw.org\/es\/wp-json\/wp\/v2\/pages\/1176","targetHints":{"allow":["GET"]}}],"collection":[{"href":"https:\/\/www.nrtw.org\/es\/wp-json\/wp\/v2\/pages"}],"about":[{"href":"https:\/\/www.nrtw.org\/es\/wp-json\/wp\/v2\/types\/page"}],"author":[{"embeddable":true,"href":"https:\/\/www.nrtw.org\/es\/wp-json\/wp\/v2\/users\/1"}],"replies":[{"embeddable":true,"href":"https:\/\/www.nrtw.org\/es\/wp-json\/wp\/v2\/comments?post=1176"}],"version-history":[{"count":35,"href":"https:\/\/www.nrtw.org\/es\/wp-json\/wp\/v2\/pages\/1176\/revisions"}],"predecessor-version":[{"id":14690,"href":"https:\/\/www.nrtw.org\/es\/wp-json\/wp\/v2\/pages\/1176\/revisions\/14690"}],"wp:featuredmedia":[{"embeddable":true,"href":"https:\/\/www.nrtw.org\/es\/wp-json\/wp\/v2\/media\/16569"}],"wp:attachment":[{"href":"https:\/\/www.nrtw.org\/es\/wp-json\/wp\/v2\/media?parent=1176"}],"curies":[{"name":"wp","href":"https:\/\/api.w.org\/{rel}","templated":true}]}}